{"id":6866,"date":"2025-01-03T21:25:50","date_gmt":"2025-01-03T21:25:50","guid":{"rendered":"https:\/\/as2025.as-schwabe.de\/?page_id=6866"},"modified":"2025-06-30T16:47:18","modified_gmt":"2025-06-30T16:47:18","slug":"mapa-strony","status":"publish","type":"page","link":"https:\/\/as-schwabe.de\/pl\/mapa-strony\/","title":{"rendered":"Mapa strony"},"content":{"rendered":"<div data-elementor-type=\"wp-page\" data-elementor-id=\"6866\" class=\"elementor elementor-6866\" data-elementor-post-type=\"page\">\n\t\t\t\t\t\t<div class=\"elementor-element elementor-element-87a6898 e-flex e-con-boxed e-con e-parent\" data-id=\"87a6898\" data-element_type=\"container\">\r\n\t\t\t\t\t<div class=\"e-con-inner\">\r\n\t\t\t\t\t<div class=\"elementor-element elementor-element-e01b2ed elementor-widget elementor-widget-sitemap\" data-id=\"e01b2ed\" data-element_type=\"widget\" data-widget_type=\"sitemap.default\">\n\t\t\t\t\t<div class=\"elementor-sitemap-wrap\"><div class=\"elementor-sitemap-section\"><h2 class=\"elementor-sitemap-title elementor-sitemap-page-title\">Mapa strony<\/h2><ul class=\"elementor-sitemap-list elementor-sitemap-page-list\"><li class=\"elementor-sitemap-item elementor-sitemap-item-page page_item page-item-2\"><a href=\"https:\/\/as-schwabe.de\/pl\/\">Strona g\u0142\u00f3wna<\/a><\/li><li class=\"elementor-sitemap-item elementor-sitemap-item-page page_item page-item-3598\"><a href=\"https:\/\/as-schwabe.de\/pl\/ochrona-danych\/\">Ochrona danych<\/a><\/li><li class=\"elementor-sitemap-item elementor-sitemap-item-page page_item page-item-17\"><a href=\"https:\/\/as-schwabe.de\/pl\/produkty\/\">Produkty<\/a><\/li><li class=\"elementor-sitemap-item elementor-sitemap-item-page page_item page-item-12064\"><a href=\"https:\/\/as-schwabe.de\/pl\/aktualnosci\/\">Aktualno\u015bci<\/a><\/li><li class=\"elementor-sitemap-item elementor-sitemap-item-page page_item page-item-13170\"><a href=\"https:\/\/as-schwabe.de\/pl\/produkty-2\/\">Produkty<\/a><\/li><li class=\"elementor-sitemap-item elementor-sitemap-item-page page_item page-item-36238\"><a href=\"https:\/\/as-schwabe.de\/pl\/heizkabel\/\">Heizkabel<\/a><\/li><li class=\"elementor-sitemap-item elementor-sitemap-item-page page_item page-item-3508\"><a href=\"https:\/\/as-schwabe.de\/pl\/o-firmie\/\">Firma<\/a><ul class='children'><li class=\"elementor-sitemap-item elementor-sitemap-item-page page_item page-item-6008\"><a href=\"https:\/\/as-schwabe.de\/pl\/o-firmie\/pobieranie\/\">Do pobrania<\/a><\/li><li class=\"elementor-sitemap-item elementor-sitemap-item-page page_item page-item-3492\"><a href=\"https:\/\/as-schwabe.de\/pl\/o-firmie\/informacje\/\">Informacje<\/a><ul class='children'><li class=\"elementor-sitemap-item elementor-sitemap-item-page page_item page-item-3586\"><a href=\"https:\/\/as-schwabe.de\/pl\/o-firmie\/informacje\/powerlight-sygnalizacja-napiecia\/\">Sygnalizacja napi\u0119cia Powerlight<\/a><\/li><li class=\"elementor-sitemap-item elementor-sitemap-item-page page_item page-item-3588\"><a href=\"https:\/\/as-schwabe.de\/pl\/o-firmie\/informacje\/plastikowy-przedluzacz-bebnowy-xperts\/\">Przed\u0142u\u017cacze b\u0119bnowe Xperts<\/a><\/li><li class=\"elementor-sitemap-item elementor-sitemap-item-page page_item page-item-3589\"><a href=\"https:\/\/as-schwabe.de\/pl\/o-firmie\/informacje\/metalowe-przedluzacze-bebnowe-ironcoat\/\">Metalowe przed\u0142u\u017cacze b\u0119bnowe IronCoat<\/a><\/li><li class=\"elementor-sitemap-item elementor-sitemap-item-page page_item page-item-3590\"><a href=\"https:\/\/as-schwabe.de\/pl\/o-firmie\/informacje\/rodzielnice-przenosne-cee-stecky\/\">Rozdzielnice STECKY CEE<\/a><\/li><li class=\"elementor-sitemap-item elementor-sitemap-item-page page_item page-item-3591\"><a href=\"https:\/\/as-schwabe.de\/pl\/o-firmie\/informacje\/prcd\/\">PRCD<\/a><\/li><li class=\"elementor-sitemap-item elementor-sitemap-item-page page_item page-item-3592\"><a href=\"https:\/\/as-schwabe.de\/pl\/o-firmie\/informacje\/kemping\/\">Kemping i karawaning<\/a><\/li><li class=\"elementor-sitemap-item elementor-sitemap-item-page page_item page-item-36444\"><a href=\"https:\/\/as-schwabe.de\/pl\/o-firmie\/informacje\/zlacza-duroconn\/\">Z\u0142\u0105cza DuroConn<\/a><\/li><\/ul><\/li><li class=\"elementor-sitemap-item elementor-sitemap-item-page page_item page-item-3495\"><a href=\"https:\/\/as-schwabe.de\/pl\/o-firmie\/newsletter\/\">Newsletter<\/a><\/li><li class=\"elementor-sitemap-item elementor-sitemap-item-page page_item page-item-3497\"><a href=\"https:\/\/as-schwabe.de\/pl\/o-firmie\/dla-prasy\/\">Dla prasy<\/a><\/li><li class=\"elementor-sitemap-item elementor-sitemap-item-page page_item page-item-3499\"><a href=\"https:\/\/as-schwabe.de\/pl\/o-firmie\/kariera\/\">Praca<\/a><\/li><li class=\"elementor-sitemap-item elementor-sitemap-item-page page_item page-item-3020\"><a href=\"https:\/\/as-schwabe.de\/pl\/o-firmie\/o-nas\/\">O nas<\/a><\/li><\/ul><\/li><li class=\"elementor-sitemap-item elementor-sitemap-item-page page_item page-item-3511\"><a href=\"https:\/\/as-schwabe.de\/pl\/usluga\/\">Serwis<\/a><ul class='children'><li class=\"elementor-sitemap-item elementor-sitemap-item-page page_item page-item-3513\"><a href=\"https:\/\/as-schwabe.de\/pl\/usluga\/innowacje\/\">Innowacje<\/a><ul class='children'><li class=\"elementor-sitemap-item elementor-sitemap-item-page page_item page-item-3865\"><a href=\"https:\/\/as-schwabe.de\/pl\/usluga\/innowacje\/metalowe-przedluzacze-bebnowe-ironcoat\/\">Metalowe przed\u0142u\u017cacze b\u0119bnowe IronCoat<\/a><\/li><li class=\"elementor-sitemap-item elementor-sitemap-item-page page_item page-item-6062\"><a href=\"https:\/\/as-schwabe.de\/pl\/usluga\/innowacje\/budowlany-przedluzacz-bebnowy-mammut\/\">Przed\u0142u\u017cacze b\u0119bnowe Mammut<\/a><\/li><li class=\"elementor-sitemap-item elementor-sitemap-item-page page_item page-item-6064\"><a href=\"https:\/\/as-schwabe.de\/pl\/usluga\/innowacje\/powerlight-sygnalizacja-napiecia\/\">Wska\u017anik napi\u0119cia Powerlight<\/a><\/li><\/ul><\/li><li class=\"elementor-sitemap-item elementor-sitemap-item-page page_item page-item-3515\"><a href=\"https:\/\/as-schwabe.de\/pl\/usluga\/usluga-znakowania-kabli\/\">Us\u0142uga znakowania kabli<\/a><\/li><li class=\"elementor-sitemap-item elementor-sitemap-item-page page_item page-item-3523\"><a href=\"https:\/\/as-schwabe.de\/pl\/usluga\/obszary-zastosowan\/\">Obszary zastosowa\u0144<\/a><\/li><li class=\"elementor-sitemap-item elementor-sitemap-item-page page_item page-item-3530\"><a href=\"https:\/\/as-schwabe.de\/pl\/usluga\/produkty-na-zamowienie\/\">Produkty na zam\u00f3wienie<\/a><\/li><li class=\"elementor-sitemap-item elementor-sitemap-item-page page_item page-item-3531\"><a href=\"https:\/\/as-schwabe.de\/pl\/usluga\/twoj-partner-sprzedazy\/\">Tw\u00f3j partner w sprzeda\u017cy<\/a><ul class='children'><li class=\"elementor-sitemap-item elementor-sitemap-item-page page_item page-item-5946\"><a href=\"https:\/\/as-schwabe.de\/pl\/usluga\/twoj-partner-sprzedazy\/zestawy-promocyjne\/\">Zestawy promocyjne<\/a><\/li><li class=\"elementor-sitemap-item elementor-sitemap-item-page page_item page-item-5979\"><a href=\"https:\/\/as-schwabe.de\/pl\/usluga\/twoj-partner-sprzedazy\/punkty-sprzedazy\/\">Punkty sprzeda\u017cy<\/a><\/li><li class=\"elementor-sitemap-item elementor-sitemap-item-page page_item page-item-5989\"><a href=\"https:\/\/as-schwabe.de\/pl\/usluga\/twoj-partner-sprzedazy\/zespol-w-terenie\/\">Obs\u0142uga w terenie<\/a><\/li><\/ul><\/li><li class=\"elementor-sitemap-item elementor-sitemap-item-page page_item page-item-3535\"><a href=\"https:\/\/as-schwabe.de\/pl\/usluga\/international\/\">International<\/a><ul class='children'><li class=\"elementor-sitemap-item elementor-sitemap-item-page page_item page-item-13162\"><a href=\"https:\/\/as-schwabe.de\/pl\/usluga\/international\/dania\/\">Dania<\/a><\/li><li class=\"elementor-sitemap-item elementor-sitemap-item-page page_item page-item-12939\"><a href=\"https:\/\/as-schwabe.de\/pl\/usluga\/international\/szwajcaria\/\">Szwajcaria<\/a><\/li><li class=\"elementor-sitemap-item elementor-sitemap-item-page page_item page-item-6054\"><a href=\"https:\/\/as-schwabe.de\/pl\/usluga\/international\/francja\/\">Francja<\/a><\/li><li class=\"elementor-sitemap-item elementor-sitemap-item-page page_item page-item-6056\"><a href=\"https:\/\/as-schwabe.de\/pl\/usluga\/international\/austria\/\">Austria<\/a><\/li><\/ul><\/li><\/ul><\/li><li class=\"elementor-sitemap-item elementor-sitemap-item-page page_item page-item-3017\"><a href=\"https:\/\/as-schwabe.de\/pl\/kontakt\/\">Kontakt<\/a><ul class='children'><li class=\"elementor-sitemap-item elementor-sitemap-item-page page_item page-item-4086\"><a href=\"https:\/\/as-schwabe.de\/pl\/kontakt\/formularz-kontaktowy\/\">Formularz kontaktowy<\/a><\/li><li class=\"elementor-sitemap-item elementor-sitemap-item-page page_item page-item-4088\"><a href=\"https:\/\/as-schwabe.de\/pl\/kontakt\/lokalizacja\/\">Lokalizacja<\/a><\/li><\/ul><\/li><li class=\"elementor-sitemap-item elementor-sitemap-item-page page_item page-item-36588\"><a href=\"https:\/\/as-schwabe.de\/pl\/warenkorb\/\">Warenkorb<\/a><\/li><li class=\"elementor-sitemap-item elementor-sitemap-item-page page_item page-item-36590\"><a href=\"https:\/\/as-schwabe.de\/pl\/kasse\/\">Kasse<\/a><\/li><li class=\"elementor-sitemap-item elementor-sitemap-item-page page_item page-item-36592\"><a href=\"https:\/\/as-schwabe.de\/pl\/mein-konto\/\">Mein Konto<\/a><\/li><li class=\"elementor-sitemap-item elementor-sitemap-item-page page_item page-item-6905\"><a href=\"https:\/\/as-schwabe.de\/pl\/impressum\/\">Impressum<\/a><\/li><li class=\"elementor-sitemap-item elementor-sitemap-item-page page_item page-item-6911\"><a href=\"https:\/\/as-schwabe.de\/pl\/owh\/\">OWH<\/a><\/li><\/ul><\/div><\/div>\t\t\t\t<\/div>\n\t\t\t\t\t<\/div>\n\t\t\t\t<\/div>\n\t\t\t\t<\/div>","protected":false},"excerpt":{"rendered":"","protected":false},"author":1,"featured_media":0,"parent":0,"menu_order":0,"comment_status":"closed","ping_status":"closed","template":"","meta":{"inline_featured_image":false,"footnotes":""},"class_list":["post-6866","page","type-page","status-publish","hentry"],"aioseo_notices":[],"_links":{"self":[{"href":"https:\/\/as-schwabe.de\/pl\/wp-json\/wp\/v2\/pages\/6866","targetHints":{"allow":["GET"]}}],"collection":[{"href":"https:\/\/as-schwabe.de\/pl\/wp-json\/wp\/v2\/pages"}],"about":[{"href":"https:\/\/as-schwabe.de\/pl\/wp-json\/wp\/v2\/types\/page"}],"author":[{"embeddable":true,"href":"https:\/\/as-schwabe.de\/pl\/wp-json\/wp\/v2\/users\/1"}],"replies":[{"embeddable":true,"href":"https:\/\/as-schwabe.de\/pl\/wp-json\/wp\/v2\/comments?post=6866"}],"version-history":[{"count":0,"href":"https:\/\/as-schwabe.de\/pl\/wp-json\/wp\/v2\/pages\/6866\/revisions"}],"wp:attachment":[{"href":"https:\/\/as-schwabe.de\/pl\/wp-json\/wp\/v2\/media?parent=6866"}],"curies":[{"name":"wp","href":"https:\/\/api.w.org\/{rel}","templated":true}]}}