{"id":6064,"date":"2024-12-22T23:59:05","date_gmt":"2024-12-22T23:59:05","guid":{"rendered":"https:\/\/as2025.as-schwabe.de\/?page_id=6064"},"modified":"2025-08-29T11:31:21","modified_gmt":"2025-08-29T11:31:21","slug":"powerlight-sygnalizacja-napiecia","status":"publish","type":"page","link":"https:\/\/as-schwabe.de\/pl\/usluga\/innowacje\/powerlight-sygnalizacja-napiecia\/","title":{"rendered":"Wska\u017anik napi\u0119cia Powerlight"},"content":{"rendered":"<div data-elementor-type=\"wp-page\" data-elementor-id=\"6064\" class=\"elementor elementor-6064\" data-elementor-post-type=\"page\">\n\t\t\t\t\t\t<div class=\"elementor-element elementor-element-b27d57b e-flex e-con-boxed e-con e-parent\" data-id=\"b27d57b\" data-element_type=\"container\">\r\n\t\t\t\t\t<div class=\"e-con-inner\">\r\n\t\t\t\t\t<div class=\"elementor-element elementor-element-e63f55d e-con-full e-flex e-con e-child\" data-id=\"e63f55d\" data-element_type=\"container\">\r\n\t\t\t\t<div class=\"elementor-element elementor-element-c4e1c6d e-con-full e-flex e-con e-child\" data-id=\"c4e1c6d\" data-element_type=\"container\">\r\n\t\t\t\t<div class=\"elementor-element elementor-element-7276c2a elementor-widget elementor-widget-text-editor\" data-id=\"7276c2a\" data-element_type=\"widget\" data-widget_type=\"text-editor.default\">\n\t\t\t\t\t\t\t\t\t<h1 class=\"translation-block\">Sygnalizacja napi\u0119cia Powerlight<\/h1>\t\t\t\t\t\t\t\t<\/div>\n\t\t\t\t<div class=\"elementor-element elementor-element-7fd0959 elementor-widget elementor-widget-image\" data-id=\"7fd0959\" data-element_type=\"widget\" data-widget_type=\"image.default\">\n\t\t\t\t\t\t\t\t\t\t\t\t\t\t\t<img fetchpriority=\"high\" decoding=\"async\" width=\"1200\" height=\"500\" src=\"\/wp-content\/uploads\/2025\/01\/Logo-Powerlight-NEW-czerwone-PL.jpg\" class=\"attachment-full size-full wp-image-3700\" alt=\"\" srcset=\"\" sizes=\"(max-width: 1200px) 100vw, 1200px\" data-srcset=\"\" \/>\t\t\t\t\t\t\t\t\t\t\t\t\t\t\t<\/div>\n\t\t\t\t<div class=\"elementor-element elementor-element-6f58b6c elementor-widget elementor-widget-spacer\" data-id=\"6f58b6c\" data-element_type=\"widget\" data-widget_type=\"spacer.default\">\n\t\t\t\t\t\t\t<div class=\"elementor-spacer\">\n\t\t\t<div class=\"elementor-spacer-inner\"><\/div>\n\t\t<\/div>\n\t\t\t\t\t\t<\/div>\n\t\t\t\t<div class=\"elementor-element elementor-element-2823127 elementor-widget elementor-widget-text-editor\" data-id=\"2823127\" data-element_type=\"widget\" data-widget_type=\"text-editor.default\">\n\t\t\t\t\t\t\t\t\t<p><strong>Nowo\u015b\u0107: Wtyczka i gniazdo CEE 230 V z funkcj\u0105 sygnalizacji napi\u0119cia \u2013 praktyczne rozwi\u0105zanie dla wymagaj\u0105cych!<\/strong><\/p><p class=\"translation-block\"><p>Wspaniale, podr\u00f3\u017c na kemping przebieg\u0142a bez problem\u00f3w. Teraz wystarczy tylko <strong>pod\u0142\u0105czy\u0107 przyczep\u0119 kempingow\u0105 do pr\u0105du<\/strong> i cieszy\u0107 si\u0119 wakacjami.<\/p><\/p><p class=\"translation-block\"><p>Ale co zrobi\u0107, je\u015bli po pod\u0142\u0105czeniu kampera do s\u0142upka energetycznego nadal <strong>nie ma pr\u0105du<\/strong>? Czy pr\u0105d na s\u0142upku jest wy\u0142\u0105czony? Czy gniazdko jest uszkodzone? A mo\u017ce przyczyna problemu jest zupe\u0142nie inna? Dzi\u0119ki nowym wtyczkom i gniazdom z <strong>innowacyjn\u0105 sygnalizacj\u0105 napi\u0119cia Powerlight<\/strong> oszcz\u0119dzisz sobie uci\u0105\u017cliwego szukania przyczyny \u2013 wystarczy jedno spojrzenie na wska\u017anik LED. Wiele naszych produkt\u00f3w kempingowych jest teraz dost\u0119pnych z innowacyjnymi wtyczkami i gniazdami Powerlight z sygnalizacj\u0105 napi\u0119cia.<\/p><\/p>\t\t\t\t\t\t\t\t<\/div>\n\t\t\t\t<div class=\"elementor-element elementor-element-ac4d7bd elementor-widget elementor-widget-spacer\" data-id=\"ac4d7bd\" data-element_type=\"widget\" data-widget_type=\"spacer.default\">\n\t\t\t\t\t\t\t<div class=\"elementor-spacer\">\n\t\t\t<div class=\"elementor-spacer-inner\"><\/div>\n\t\t<\/div>\n\t\t\t\t\t\t<\/div>\n\t\t\t\t<div class=\"elementor-element elementor-element-55422fa elementor-widget elementor-widget-video\" data-id=\"55422fa\" data-element_type=\"widget\" data-settings=\"{&quot;video_type&quot;:&quot;hosted&quot;,&quot;controls&quot;:&quot;yes&quot;}\" data-widget_type=\"video.default\">\n\t\t\t\t\t\t\t<div class=\"e-hosted-video elementor-wrapper elementor-open-inline\">\n\t\t\t\t\t<video class=\"elementor-video\" src=\"https:\/\/as-schwabe.de\/wp-content\/uploads\/2021\/05\/Campingplatz_Schilfblick_Langfassung_mit_Abspann_n.mp4\" controls=\"\" preload=\"metadata\" controlslist=\"nodownload\" poster=\"https:\/\/as-schwabe.de\/wp-content\/uploads\/2021\/05\/Thumbnail.jpg\"><\/video>\n\t\t\t\t<\/div>\n\t\t\t\t\t\t<\/div>\n\t\t\t\t<div class=\"elementor-element elementor-element-c8472c6 elementor-widget elementor-widget-spacer\" data-id=\"c8472c6\" data-element_type=\"widget\" data-widget_type=\"spacer.default\">\n\t\t\t\t\t\t\t<div class=\"elementor-spacer\">\n\t\t\t<div class=\"elementor-spacer-inner\"><\/div>\n\t\t<\/div>\n\t\t\t\t\t\t<\/div>\n\t\t\t\t<div class=\"elementor-element elementor-element-a27fb47 elementor-widget elementor-widget-text-editor\" data-id=\"a27fb47\" data-element_type=\"widget\" data-widget_type=\"text-editor.default\">\n\t\t\t\t\t\t\t\t\t<h2 class=\"\">Wszystkie szczeg\u00f3\u0142y w skr\u00f3cie<\/h2>\t\t\t\t\t\t\t\t<\/div>\n\t\t\t\t<div class=\"elementor-element elementor-element-69642c0 e-con-full e-flex e-con e-child\" data-id=\"69642c0\" data-element_type=\"container\">\r\n\t\t\t\t<div class=\"elementor-element elementor-element-11abfbb e-con-full e-flex e-con e-child\" data-id=\"11abfbb\" data-element_type=\"container\">\r\n\t\t\t\t<div class=\"elementor-element elementor-element-9936a7c elementor-widget elementor-widget-image\" data-id=\"9936a7c\" data-element_type=\"widget\" data-widget_type=\"image.default\">\n\t\t\t\t\t\t\t\t\t\t\t\t\t\t\t<img decoding=\"async\" width=\"300\" height=\"253\" src=\"https:\/\/as-schwabe.de\/wp-content\/uploads\/2024\/12\/powerlight_stecker_info_neu-300x253.jpg\" class=\"attachment-medium size-medium wp-image-3722\" alt=\"\" \/>\t\t\t\t\t\t\t\t\t\t\t\t\t\t\t<\/div>\n\t\t\t\t<\/div>\n\t\t\t\t<div class=\"elementor-element elementor-element-1572013 e-con-full e-flex e-con e-child\" data-id=\"1572013\" data-element_type=\"container\">\r\n\t\t\t\t<div class=\"elementor-element elementor-element-8b6d420 ml-lg-6 elementor-widget elementor-widget-heading\" data-id=\"8b6d420\" data-element_type=\"widget\" data-widget_type=\"heading.default\">\n\t\t\t\t\t<h2 class=\"elementor-heading-title elementor-size-default\">Dioda LED<\/h2>\t\t\t\t<\/div>\n\t\t\t\t<div class=\"elementor-element elementor-element-52f8599 ml-lg-6 elementor-widget elementor-widget-heading\" data-id=\"52f8599\" data-element_type=\"widget\" data-widget_type=\"heading.default\">\n\t\t\t\t\t<p class=\"elementor-heading-title elementor-size-default\">testd<\/p>\t\t\t\t<\/div>\n\t\t\t\t<\/div>\n\t\t\t\t<\/div>\n\t\t\t\t<div class=\"elementor-element elementor-element-b7b4aef elementor-widget elementor-widget-spacer\" data-id=\"b7b4aef\" data-element_type=\"widget\" data-widget_type=\"spacer.default\">\n\t\t\t\t\t\t\t<div class=\"elementor-spacer\">\n\t\t\t<div class=\"elementor-spacer-inner\"><\/div>\n\t\t<\/div>\n\t\t\t\t\t\t<\/div>\n\t\t\t\t<div class=\"elementor-element elementor-element-b2848ef e-con-full e-flex e-con e-child\" data-id=\"b2848ef\" data-element_type=\"container\">\r\n\t\t\t\t<div class=\"elementor-element elementor-element-c391918 e-con-full e-flex e-con e-child\" data-id=\"c391918\" data-element_type=\"container\">\r\n\t\t\t\t<div class=\"elementor-element elementor-element-0349c2e elementor-widget elementor-widget-image\" data-id=\"0349c2e\" data-element_type=\"widget\" data-widget_type=\"image.default\">\n\t\t\t\t\t\t\t\t\t\t\t\t\t\t\t<img decoding=\"async\" width=\"300\" height=\"300\" src=\"https:\/\/as-schwabe.de\/wp-content\/uploads\/2024\/12\/Klappe.Details.Informationen-300x300.jpg\" class=\"attachment-medium size-medium wp-image-3723\" alt=\"\" \/>\t\t\t\t\t\t\t\t\t\t\t\t\t\t\t<\/div>\n\t\t\t\t<\/div>\n\t\t\t\t<div class=\"elementor-element elementor-element-c57c1c0 e-con-full e-flex e-con e-child\" data-id=\"c57c1c0\" data-element_type=\"container\">\r\n\t\t\t\t<div class=\"elementor-element elementor-element-7b04457 ml-lg-6 elementor-widget elementor-widget-heading\" data-id=\"7b04457\" data-element_type=\"widget\" data-widget_type=\"heading.default\">\n\t\t\t\t\t<h2 class=\"elementor-heading-title elementor-size-default\">Pazur do blokowania po\u0142\u0105czenia wtykowego<\/h2>\t\t\t\t<\/div>\n\t\t\t\t<div class=\"elementor-element elementor-element-652d4db ml-lg-6 elementor-widget elementor-widget-heading\" data-id=\"652d4db\" data-element_type=\"widget\" data-widget_type=\"heading.default\">\n\t\t\t\t\t<p class=\"elementor-heading-title elementor-size-default\">Specjalna wypustka na obudowie z\u0142\u0105cza zapobiega przypadkowemu roz\u0142\u0105czeniu po\u0142\u0105czenia mi\u0119dzy wtyczk\u0105 a gniazdem. Wyst\u0119p klinuje si\u0119 w pokrywie z\u0142\u0105cza i w ten spos\u00f3b zabezpiecza po\u0142\u0105czenie wtykowe. Wtyczki i gniazda Powerlight s\u0105 chronione przed cia\u0142ami obcymi i bryzgami wody (IP44) i idealnie nadaj\u0105 si\u0119 do u\u017cytku na zewn\u0105trz.<\/p>\t\t\t\t<\/div>\n\t\t\t\t<\/div>\n\t\t\t\t<\/div>\n\t\t\t\t<div class=\"elementor-element elementor-element-a851ad6 elementor-widget elementor-widget-spacer\" data-id=\"a851ad6\" data-element_type=\"widget\" data-widget_type=\"spacer.default\">\n\t\t\t\t\t\t\t<div class=\"elementor-spacer\">\n\t\t\t<div class=\"elementor-spacer-inner\"><\/div>\n\t\t<\/div>\n\t\t\t\t\t\t<\/div>\n\t\t\t\t<div class=\"elementor-element elementor-element-597dc12 e-con-full e-flex e-con e-child\" data-id=\"597dc12\" data-element_type=\"container\">\r\n\t\t\t\t<div class=\"elementor-element elementor-element-f0d9300 e-con-full e-flex e-con e-child\" data-id=\"f0d9300\" data-element_type=\"container\">\r\n\t\t\t\t<div class=\"elementor-element elementor-element-2a70510 elementor-widget elementor-widget-image\" data-id=\"2a70510\" data-element_type=\"widget\" data-widget_type=\"image.default\">\n\t\t\t\t\t\t\t\t\t\t\t\t\t\t\t<img loading=\"lazy\" decoding=\"async\" width=\"300\" height=\"300\" src=\"https:\/\/as-schwabe.de\/wp-content\/uploads\/2024\/12\/KabelanschlussDetails.Informationen.Powerlight-300x300.jpg\" class=\"attachment-medium size-medium wp-image-3724\" alt=\"\" \/>\t\t\t\t\t\t\t\t\t\t\t\t\t\t\t<\/div>\n\t\t\t\t<\/div>\n\t\t\t\t<div class=\"elementor-element elementor-element-ae78c0e e-con-full e-flex e-con e-child\" data-id=\"ae78c0e\" data-element_type=\"container\">\r\n\t\t\t\t<div class=\"elementor-element elementor-element-6d37c3d ml-lg-6 elementor-widget elementor-widget-heading\" data-id=\"6d37c3d\" data-element_type=\"widget\" data-widget_type=\"heading.default\">\n\t\t\t\t\t<h2 class=\"elementor-heading-title elementor-size-default\">\u0141atwe mocowanie przewodu<\/h2>\t\t\t\t<\/div>\n\t\t\t\t<div class=\"elementor-element elementor-element-09e5a79 ml-lg-6 elementor-widget elementor-widget-heading\" data-id=\"09e5a79\" data-element_type=\"widget\" data-widget_type=\"heading.default\">\n\t\t\t\t\t<p class=\"elementor-heading-title elementor-size-default\"><p>Wtyczki i gniazda mog\u0105 by\u0107 pod\u0142\u0105czane do przewod\u00f3w o przekroju do <strong>3G2,5 mm\u00b2<\/strong>. Skr\u0119cana d\u0142awnica umo\u017cliwia \u0142atwy monta\u017c i chroni przew\u00f3d przed zaginaniem dzi\u0119ki zastosowaniu gumowych uszczelek.<\/p><\/p>\t\t\t\t<\/div>\n\t\t\t\t<\/div>\n\t\t\t\t<\/div>\n\t\t\t\t<div class=\"elementor-element elementor-element-047afcc elementor-widget elementor-widget-spacer\" data-id=\"047afcc\" data-element_type=\"widget\" data-widget_type=\"spacer.default\">\n\t\t\t\t\t\t\t<div class=\"elementor-spacer\">\n\t\t\t<div class=\"elementor-spacer-inner\"><\/div>\n\t\t<\/div>\n\t\t\t\t\t\t<\/div>\n\t\t\t\t<div class=\"elementor-element elementor-element-a5eb8b5 elementor-widget elementor-widget-spacer\" data-id=\"a5eb8b5\" data-element_type=\"widget\" data-widget_type=\"spacer.default\">\n\t\t\t\t\t\t\t<div class=\"elementor-spacer\">\n\t\t\t<div class=\"elementor-spacer-inner\"><\/div>\n\t\t<\/div>\n\t\t\t\t\t\t<\/div>\n\t\t\t\t<div class=\"elementor-element elementor-element-b539f62 elementor-widget elementor-widget-text-editor\" data-id=\"b539f62\" data-element_type=\"widget\" data-widget_type=\"text-editor.default\">\n\t\t\t\t\t\t\t\t\t<div id=\"c1406\" class=\"frame frame-default frame-type-themeasschwabe_fluidcols1 frame-layout-0\">\n<div class=\"row fluid-1-cols\">\n<div class=\"col-xs-12\">\n<div class=\"wow fadeIn\">\n<div id=\"c1443\"><header>\n<h3 class=\"\"><strong>Produkty wysokiej jako\u015bci z sygnalizacj\u0105 napi\u0119cia Powerlight<\/strong><\/h3>\n<\/header><p>Wiele produkt\u00f3w kempingowych jest teraz dost\u0119pnych z naszymi wtyczkami i gniazdami Powerlight z sygnalizacj\u0105 napi\u0119cia. Nasze produkty s\u0105 testowane i spe\u0142niaj\u0105 obowi\u0105zuj\u0105ce normy dotycz\u0105ce zastosowa\u0144 na zewn\u0105trz na kempingach.<\/p>\n<ul>\n \t<li>\u00a0 Z wytrzyma\u0142ym przewodem neoprenowym H07RN-F<\/li>\n \t<li>\u00a0 Przekr\u00f3j przewodu co najmniej 3G2,5<\/li>\n \t<li>\u00a0 D\u0142ugo\u015b\u0107 przewodu: od 1,5 m do 25 m<\/li>\n \t<li>\u00a0\u00a0IP44: chroniony przed cia\u0142ami obcymi i bryzgami wody, odpowiednie do u\u017cytku na zewn\u0105trz<\/li>\n<\/ul>\n<\/div>\n<\/div>\n<\/div>\n<\/div>\n<\/div>\n<div id=\"c1405\"><header>\n<h3 class=\"\">Produkty Powerlight na Twoim kempingu!<\/h3>\n<\/header><\/div>\t\t\t\t\t\t\t\t<\/div>\n\t\t\t\t<div class=\"elementor-element elementor-element-9c92031 elementor-widget elementor-widget-spacer\" data-id=\"9c92031\" data-element_type=\"widget\" data-widget_type=\"spacer.default\">\n\t\t\t\t\t\t\t<div class=\"elementor-spacer\">\n\t\t\t<div class=\"elementor-spacer-inner\"><\/div>\n\t\t<\/div>\n\t\t\t\t\t\t<\/div>\n\t\t\t\t<div class=\"elementor-element elementor-element-2722b61 elementor-widget elementor-widget-image\" data-id=\"2722b61\" data-element_type=\"widget\" data-widget_type=\"image.default\">\n\t\t\t\t\t\t\t\t\t\t\t\t\t\t\t<img loading=\"lazy\" decoding=\"async\" width=\"768\" height=\"212\" src=\"https:\/\/as-schwabe.de\/wp-content\/uploads\/2024\/12\/powerlight.siegel.Informationen-768x212.jpg\" class=\"attachment-medium_large size-medium_large wp-image-3725\" alt=\"\" srcset=\"https:\/\/as-schwabe.de\/wp-content\/uploads\/2024\/12\/powerlight.siegel.Informationen-768x212.jpg 768w, https:\/\/as-schwabe.de\/wp-content\/uploads\/2024\/12\/powerlight.siegel.Informationen-600x166.jpg 600w\" sizes=\"(max-width: 768px) 100vw, 768px\" \/>\t\t\t\t\t\t\t\t\t\t\t\t\t\t\t<\/div>\n\t\t\t\t<div class=\"elementor-element elementor-element-c80beae elementor-widget-divider--view-line elementor-widget elementor-widget-divider\" data-id=\"c80beae\" data-element_type=\"widget\" data-widget_type=\"divider.default\">\n\t\t\t\t\t\t\t<div class=\"elementor-divider\">\n\t\t\t<span class=\"elementor-divider-separator\">\n\t\t\t\t\t\t<\/span>\n\t\t<\/div>\n\t\t\t\t\t\t<\/div>\n\t\t\t\t<div class=\"elementor-element elementor-element-87ffd4d e-con-full e-flex e-con e-child\" data-id=\"87ffd4d\" data-element_type=\"container\">\r\n\t\t\t\t<div class=\"elementor-element elementor-element-8e66e58 e-con-full e-flex e-con e-child\" data-id=\"8e66e58\" data-element_type=\"container\">\r\n\t\t\t\t<div class=\"elementor-element elementor-element-cfab458 e-con-full e-flex e-con e-child\" data-id=\"cfab458\" data-element_type=\"container\">\r\n\t\t\t\t<div class=\"elementor-element elementor-element-16bbd2a e-con-full e-flex e-con e-child\" data-id=\"16bbd2a\" data-element_type=\"container\">\r\n\t\t\t\t<div class=\"elementor-element elementor-element-ed8b086 elementor-widget elementor-widget-image\" data-id=\"ed8b086\" data-element_type=\"widget\" data-widget_type=\"image.default\">\n\t\t\t\t\t\t\t\t\t\t\t\t\t\t\t<img loading=\"lazy\" decoding=\"async\" width=\"571\" height=\"808\" src=\"\/wp-content\/uploads\/2025\/01\/Mini-catalog-PL-Kemping-Caravaning_Strona_01.png\" class=\"attachment-full size-full wp-image-6034\" alt=\"\" \/>\t\t\t\t\t\t\t\t\t\t\t\t\t\t\t<\/div>\n\t\t\t\t<\/div>\n\t\t\t\t<div class=\"elementor-element elementor-element-8be57ee e-con-full e-flex e-con e-child\" data-id=\"8be57ee\" data-element_type=\"container\">\r\n\t\t\t\t<div class=\"elementor-element elementor-element-cfb9275 elementor-widget elementor-widget-heading\" data-id=\"cfb9275\" data-element_type=\"widget\" data-widget_type=\"heading.default\">\n\t\t\t\t\t<h3 class=\"elementor-heading-title elementor-size-default\">Kemping i karawaning <\/h3>\t\t\t\t<\/div>\n\t\t\t\t<div class=\"elementor-element elementor-element-b9848ff elementor-widget elementor-widget-text-editor\" data-id=\"b9848ff\" data-element_type=\"widget\" data-widget_type=\"text-editor.default\">\n\t\t\t\t\t\t\t\t\t<h4>PDF - 13 MB<br \/><a  class=\"_3d-flip-book fb3d-activate-thumbnail fb3d-link-lightbox-mode\" data-id=\"6738\" data-mode=\"link-lightbox\" data-title=\"false\" data-template=\"short-white-book-view\" data-lightbox=\"dark-shadow\" data-urlparam=\"fb3d-page\" data-page-n=\"0\" data-pdf=\"\" data-tax=\"null\" data-thumbnail=\"\" data-cols=\"3\" data-book-template=\"default\" data-trigger=\"camp\"><\/a><script type=\"text\/javascript\">window.FB3D_CLIENT_DATA = window.FB3D_CLIENT_DATA || [];FB3D_CLIENT_DATA.push('eyJwb3N0cyI6eyI2NzM4Ijp7IklEIjo2NzM4LCJ0aXRsZSI6IkNhbVx1MDBhZHBpbmcgdW5kIENhXHUwMGFkcmFcdTAwYWR2YW4gMjAyMlwvMjAyMyIsInR5cGUiOiJwZGYiLCJyZWFkeV9mdW5jdGlvbiI6IiIsImJvb2tfc3R5bGUiOiJmbGF0IiwiYm9va190ZW1wbGF0ZSI6Im5vbmUiLCJvdXRsaW5lIjpbXSwiZGF0YSI6eyJwb3N0X0lEIjoiLTEiLCJndWlkIjoiXC93cC1jb250ZW50XC91cGxvYWRzXC8yMDI0XC8xMlwvQnJvc2NodWVyZV9DYW1waW5nXzIwMjJfRF93ZWIucGRmIiwicGRmX3BhZ2VzIjoiNDQiLCJwYWdlc19jdXN0b21pemF0aW9uIjoibm9uZSJ9LCJ0aHVtYm5haWwiOnsiZGF0YSI6eyJwb3N0X0lEIjoiMCJ9LCJ0eXBlIjoiYXV0byJ9LCJwcm9wcyI6eyJiYWNrZ3JvdW5kQ29sb3IiOiJhdXRvIiwiYmFja2dyb3VuZEltYWdlIjoiYXV0byIsImJhY2tncm91bmRTdHlsZSI6ImF1dG8iLCJoaWdobGlnaHRMaW5rcyI6ImF1dG8iLCJsaWdodGluZyI6ImF1dG8iLCJzaW5nbGVQYWdlTW9kZSI6ImF1dG8iLCJjYWNoZWRQYWdlcyI6ImF1dG8iLCJyZW5kZXJJbmFjdGl2ZVBhZ2VzIjoiYXV0byIsInJlbmRlckluYWN0aXZlUGFnZXNPbk1vYmlsZSI6ImF1dG8iLCJyZW5kZXJXaGlsZUZsaXBwaW5nIjoiYXV0byIsInByZWxvYWRQYWdlcyI6ImF1dG8iLCJhdXRvUGxheUR1cmF0aW9uIjoiYXV0byIsInJ0bCI6ImF1dG8iLCJpbnRlcmFjdGl2ZUNvcm5lcnMiOiJhdXRvIiwibWF4RGVwdGgiOiJhdXRvIiwic2hlZXQiOnsic3RhcnRWZWxvY2l0eSI6ImF1dG8iLCJ3YXZlIjoiYXV0byIsInNoYXBlIjoiYXV0byIsIndpZHRoVGV4ZWxzIjoiYXV0byIsImNvbG9yIjoiYXV0byIsInNpZGUiOiJhdXRvIiwic3RyZXRjaEltYWdlcyI6ImF1dG8iLCJjb3JuZXJEZXZpYXRpb24iOiJhdXRvIiwiZmxleGliaWxpdHkiOiJhdXRvIiwiZmxleGlibGVDb3JuZXIiOiJhdXRvIiwiYmVuZGluZyI6ImF1dG8iLCJoZWlnaHRUZXhlbHMiOiJhdXRvIn0sImNvdmVyIjp7IndhdmUiOiJhdXRvIiwiY29sb3IiOiJhdXRvIiwic2lkZSI6ImF1dG8iLCJzdHJldGNoSW1hZ2VzIjoiYXV0byIsImJpbmRlclRleHR1cmUiOiJhdXRvIiwiZGVwdGgiOiJhdXRvIiwicGFkZGluZyI6ImF1dG8iLCJzdGFydFZlbG9jaXR5IjoiYXV0byIsImZsZXhpYmlsaXR5IjoiYXV0byIsImZsZXhpYmxlQ29ybmVyIjoiYXV0byIsImJlbmRpbmciOiJhdXRvIiwid2lkdGhUZXhlbHMiOiJhdXRvIiwiaGVpZ2h0VGV4ZWxzIjoiYXV0byIsIm1hc3MiOiJhdXRvIiwic2hhcGUiOiJhdXRvIn0sInBhZ2UiOnsid2F2ZSI6ImF1dG8iLCJjb2xvciI6ImF1dG8iLCJzaWRlIjoiYXV0byIsInN0cmV0Y2hJbWFnZXMiOiJhdXRvIiwiZGVwdGgiOiJhdXRvIiwic3RhcnRWZWxvY2l0eSI6ImF1dG8iLCJmbGV4aWJpbGl0eSI6ImF1dG8iLCJmbGV4aWJsZUNvcm5lciI6ImF1dG8iLCJiZW5kaW5nIjoiYXV0byIsIndpZHRoVGV4ZWxzIjoiYXV0byIsImhlaWdodFRleGVscyI6ImF1dG8iLCJtYXNzIjoiYXV0byIsInNoYXBlIjoiYXV0byJ9LCJoZWlnaHQiOiJhdXRvIiwid2lkdGgiOiJhdXRvIiwiZ3Jhdml0eSI6ImF1dG8iLCJwYWdlc0ZvclByZWRpY3RpbmciOiJhdXRvIn0sImNvbnRyb2xQcm9wcyI6eyJhY3Rpb25zIjp7ImNtZFRvYyI6eyJlbmFibGVkIjoiYXV0byIsImVuYWJsZWRJbk5hcnJvdyI6ImF1dG8iLCJhY3RpdmUiOiJhdXRvIiwiZGVmYXVsdFRhYiI6ImF1dG8ifSwiY21kQXV0b1BsYXkiOnsiZW5hYmxlZCI6ImF1dG8iLCJlbmFibGVkSW5OYXJyb3ciOiJhdXRvIiwiYWN0aXZlIjoiYXV0byJ9LCJjbWRTYXZlIjp7ImVuYWJsZWQiOiJhdXRvIiwiZW5hYmxlZEluTmFycm93IjoiYXV0byJ9LCJjbWRQcmludCI6eyJlbmFibGVkIjoiYXV0byIsImVuYWJsZWRJbk5hcnJvdyI6ImF1dG8ifSwiY21kU2luZ2xlUGFnZSI6eyJlbmFibGVkIjoiYXV0byIsImVuYWJsZWRJbk5hcnJvdyI6ImF1dG8iLCJhY3RpdmUiOiJhdXRvIiwiYWN0aXZlRm9yTW9iaWxlIjoiYXV0byJ9LCJ3aWRUb29sYmFyIjp7ImVuYWJsZWQiOiJhdXRvIiwiZW5hYmxlZEluTmFycm93IjoiYXV0byJ9fX0sImF1dG9UaHVtYm5haWwiOiJodHRwczpcL1wvYXMtc2Nod2FiZS5kZVwvd3AtY29udGVudFwvdXBsb2Fkc1wvM2QtZmxpcC1ib29rXC9hdXRvLXRodW1ibmFpbHNcLzY3MzgucG5nIiwicG9zdF9uYW1lIjoiY2FtcGluZy11bmQtY2FyYXZhbi0yMDIyLTIwMjMiLCJwb3N0X3R5cGUiOiIzZC1mbGlwLWJvb2sifX0sInBhZ2VzIjpbXSwiZmlyc3RQYWdlcyI6W119');window.FB3D_CLIENT_LOCALE && FB3D_CLIENT_LOCALE.render && FB3D_CLIENT_LOCALE.render();<\/script><\/h4>\t\t\t\t\t\t\t\t<\/div>\n\t\t\t\t<div class=\"elementor-element elementor-element-1e6232d e-con-full e-grid e-con e-child\" data-id=\"1e6232d\" data-element_type=\"container\">\r\n\t\t\t\t<div class=\"elementor-element elementor-element-97034a6 elementor-widget elementor-widget-wolmart_widget_button\" data-id=\"97034a6\" data-element_type=\"widget\" data-settings=\"{&quot;_animation&quot;:&quot;none&quot;,&quot;_animation_delay&quot;:800}\" data-widget_type=\"wolmart_widget_button.default\">\n\t\t\t\t<div class=\"elementor-widget-container\">\n\t\t\t\t\t<a class=\"btn btn-block btn-ellipse btn-white btn-icon-right\" href=\"https:\/\/as-schwabe.de\/wp-content\/uploads\/2025\/01\/Mini-catalog-PL-Camping-Caravan.pdf\" target=\"_blank\" >POBIERZ<i class=\"w-icon-download2\"><\/i><\/a>\t\t\t\t<\/div>\n\t\t\t\t<\/div>\n\t\t\t\t<div class=\"elementor-element elementor-element-4320d99 elementor-widget elementor-widget-wolmart_widget_button\" data-id=\"4320d99\" data-element_type=\"widget\" data-settings=\"{&quot;_animation&quot;:&quot;none&quot;,&quot;_animation_delay&quot;:800}\" data-widget_type=\"wolmart_widget_button.default\">\n\t\t\t\t<div class=\"elementor-widget-container\">\n\t\t\t\t\t<a class=\"btn btn-block btn-ellipse btn-white camp btn-icon-right\" href=\"#\" >PRZEGL\u0104DAJ<i class=\"fas fa-book-open\"><\/i><\/a>\t\t\t\t<\/div>\n\t\t\t\t<\/div>\n\t\t\t\t<\/div>\n\t\t\t\t<\/div>\n\t\t\t\t<\/div>\n\t\t\t\t<\/div>\n\t\t\t\t<\/div>\n\t\t\t\t<div class=\"elementor-element elementor-element-bf9d9ed elementor-widget-divider--view-line elementor-widget elementor-widget-divider\" data-id=\"bf9d9ed\" data-element_type=\"widget\" data-widget_type=\"divider.default\">\n\t\t\t\t\t\t\t<div class=\"elementor-divider\">\n\t\t\t<span class=\"elementor-divider-separator\">\n\t\t\t\t\t\t<\/span>\n\t\t<\/div>\n\t\t\t\t\t\t<\/div>\n\t\t\t\t<div class=\"elementor-element elementor-element-91c304d elementor-widget elementor-widget-text-editor\" data-id=\"91c304d\" data-element_type=\"widget\" data-widget_type=\"text-editor.default\">\n\t\t\t\t\t\t\t\t\t<h3 class=\"https:\/\/as-schwabe.de\/product-category\/camping-caravan\/\"><a href=\"https:\/\/as-schwabe.de\/pl\/?post_type=product&amp;product_cat=0&amp;s=spannungsanzeige\">Tu znajdziesz wi\u0119cej produkt\u00f3w<\/a><\/h3>\t\t\t\t\t\t\t\t<\/div>\n\t\t\t\t<div class=\"elementor-element elementor-element-53c8f6f elementor-widget elementor-widget-wolmart_widget_products\" data-id=\"53c8f6f\" data-element_type=\"widget\" data-widget_type=\"wolmart_widget_products.default\">\n\t\t\t\t<div class=\"elementor-widget-container\">\n\t\t\t\t\t<div class=\"woocommerce columns-3\"><\/div>\t\t\t\t<\/div>\n\t\t\t\t<\/div>\n\t\t\t\t<\/div>\n\t\t\t\t<\/div>\n\t\t\t\t\t<\/div>\n\t\t\t\t<\/div>\n\t\t\t\t<\/div>","protected":false},"excerpt":{"rendered":"<p>power\u00adlight\u00a0Span\u00adnungs\u00adan\u00adzei\u00adge NEUE Probleml\u00f6ser: CEE 230 V Stecker und Kupplung mit Spannungsanzeige. Herrlich, die Fahrt zum Campingplatz verlief ohne Umwege. Nur noch den\u00a0Campingwagen an den Strom anschlie\u00dfen\u00a0und den Urlaub genie\u00dfen. Aber was tun, wenn nach dem Anschluss des Wohnmobils an die Energies\u00e4ule immer noch\u00a0kein Strom zur Verf\u00fcgung\u00a0steht? Ist der Strom an der Energies\u00e4ule abgeschaltet? Ist die [&hellip;]<\/p>","protected":false},"author":1,"featured_media":0,"parent":3513,"menu_order":0,"comment_status":"closed","ping_status":"closed","template":"","meta":{"inline_featured_image":false,"footnotes":""},"class_list":["post-6064","page","type-page","status-publish","hentry"],"aioseo_notices":[],"_links":{"self":[{"href":"https:\/\/as-schwabe.de\/pl\/wp-json\/wp\/v2\/pages\/6064","targetHints":{"allow":["GET"]}}],"collection":[{"href":"https:\/\/as-schwabe.de\/pl\/wp-json\/wp\/v2\/pages"}],"about":[{"href":"https:\/\/as-schwabe.de\/pl\/wp-json\/wp\/v2\/types\/page"}],"author":[{"embeddable":true,"href":"https:\/\/as-schwabe.de\/pl\/wp-json\/wp\/v2\/users\/1"}],"replies":[{"embeddable":true,"href":"https:\/\/as-schwabe.de\/pl\/wp-json\/wp\/v2\/comments?post=6064"}],"version-history":[{"count":0,"href":"https:\/\/as-schwabe.de\/pl\/wp-json\/wp\/v2\/pages\/6064\/revisions"}],"up":[{"embeddable":true,"href":"https:\/\/as-schwabe.de\/pl\/wp-json\/wp\/v2\/pages\/3513"}],"wp:attachment":[{"href":"https:\/\/as-schwabe.de\/pl\/wp-json\/wp\/v2\/media?parent=6064"}],"curies":[{"name":"wp","href":"https:\/\/api.w.org\/{rel}","templated":true}]}}