{"id":6062,"date":"2024-12-22T23:58:07","date_gmt":"2024-12-22T23:58:07","guid":{"rendered":"https:\/\/as2025.as-schwabe.de\/?page_id=6062"},"modified":"2025-02-14T13:23:28","modified_gmt":"2025-02-14T13:23:28","slug":"budowlany-przedluzacz-bebnowy-mammut","status":"publish","type":"page","link":"https:\/\/as-schwabe.de\/pl\/usluga\/innowacje\/budowlany-przedluzacz-bebnowy-mammut\/","title":{"rendered":"Przed\u0142u\u017cacze b\u0119bnowe Mammut"},"content":{"rendered":"<div data-elementor-type=\"wp-page\" data-elementor-id=\"6062\" class=\"elementor elementor-6062\" data-elementor-post-type=\"page\">\n\t\t\t\t\t\t<div class=\"elementor-element elementor-element-4013d93 e-flex e-con-boxed e-con e-parent\" data-id=\"4013d93\" data-element_type=\"container\">\r\n\t\t\t\t\t<div class=\"e-con-inner\">\r\n\t\t\t\t\t<div class=\"elementor-element elementor-element-f61ccb2 elementor-widget elementor-widget-text-editor\" data-id=\"f61ccb2\" data-element_type=\"widget\" data-widget_type=\"text-editor.default\">\n\t\t\t\t\t\t\t\t\t<div id=\"c1836\" class=\"headline-section frame frame-default frame-type-header frame-layout-0\"><header><div id=\"c1842\" class=\"frame frame-default frame-type-textpic frame-layout-0\"><div class=\"ce-textpic ce-left ce-above\"><div class=\"ce-bodytext\"><h1>Przed\u0142u\u017cacze b\u0119bnowe Mammut<\/h1><h4>Stela\u017c \/ Korpus<img fetchpriority=\"high\" decoding=\"async\" class=\"alignright wp-image-4568\" src=\"https:\/\/as-schwabe.de\/wp-content\/uploads\/2025\/01\/Mini-catalog-PL-Mammut-scaled.jpg\" alt=\"\" width=\"400\" height=\"270\" \/><\/h4><ul><li>Wyj\u0105tkowo wytrzyma\u0142y korpus b\u0119bna wykonany z twardego tworzywa TARMA-Plast<\/li><li>Opatentowany, rozk\u0142adany i pokryty plastikiem w\u00f3zek ze stali hartowanej pomalowany jest czerwon\u0105 farb\u0105 zabezpieczaj\u0105c\u0105<\/li><li>2 du\u017ce, ergonomiczne uchwyty u\u0142atwiaj\u0105ce podnoszenie<\/li><li>Rozk\u0142adana rama uchwytu u\u0142atwia jazd\u0119 nawet po nier\u00f3wnych powierzchniach<\/li><li>Stabilne ko\u0142a: odpowiednie do ci\u0119\u017ckiego terenu budowy<\/li><li>\u0141atwe i bezpieczne zwijanie przewodu na b\u0119ben, poprzez spozycjonowanie szpuli zgodnie z kierunkiem jazdy<\/li><li>Oszcz\u0119dzaj\u0105ca miejsce konstrukcja, zapewniaj\u0105ca \u0142atwy transport w pojazdach.<\/li><li>Wyj\u0105tkowo du\u017ca sk\u0142adana r\u0105czka do zwijania<\/li><li>Solidny hamulec z mechanizmem blokuj\u0105cym dla bezpiecznego transportu<\/li><\/ul><h4>Zalety:<\/h4><ul><li>Wysokiej jako\u015bci osprz\u0119t sprawdzony przez VDE<\/li><li>Wbudowany panel z modu\u0142em sygnalizacji faz<\/li><li>Optyczna sygnalizacja przegrzania<\/li><li>Do u\u017cytku na zewn\u0105trz (w obiektach i na placach budowy) IP44<\/li><\/ul><p class=\"translation-block\">Rzu\u0107 okiem na nasze r\u00f3\u017cne modele Mammut lub zapoznaj si\u0119 z naszym mini katalogiem <span style=\"text-decoration: underline\"><strong><a href=\"\/wp-content\/uploads\/2025\/01\/Mini-catalog-PL-Mammut.pdf\" target=\"_blank\" rel=\"noopener\">Mammut<\/a><\/strong><\/span>.<\/p><\/div><\/div><\/div><\/header><\/div>\t\t\t\t\t\t\t\t<\/div>\n\t\t\t\t<div class=\"elementor-element elementor-element-a5beb4d e-con-full e-flex e-con e-child\" data-id=\"a5beb4d\" data-element_type=\"container\">\r\n\t\t\t\t<div class=\"elementor-element elementor-element-63fba6e elementor-widget elementor-widget-text-editor\" data-id=\"63fba6e\" data-element_type=\"widget\" data-widget_type=\"text-editor.default\">\n\t\t\t\t\t\t\t\t\t<h3><a href=\"\/pl\/kategoria-produktu\/przedluzacz-bebnowy\/bebny-kablowe-mammoth\/\">Tu znajdziesz wi\u0119cej produkt\u00f3w<\/a><\/h3>\t\t\t\t\t\t\t\t<\/div>\n\t\t\t\t<div class=\"elementor-element elementor-element-ec9b905 elementor-widget elementor-widget-wolmart_widget_products\" data-id=\"ec9b905\" data-element_type=\"widget\" data-widget_type=\"wolmart_widget_products.default\">\n\t\t\t\t<div class=\"elementor-widget-container\">\n\t\t\t\t\t<div class=\"woocommerce columns-3\"><\/div>\t\t\t\t<\/div>\n\t\t\t\t<\/div>\n\t\t\t\t<\/div>\n\t\t\t\t\t<\/div>\n\t\t\t\t<\/div>\n\t\t\t\t<\/div>","protected":false},"excerpt":{"rendered":"<p>Mam\u00admut-Trom\u00admeln Gestell \/ K\u00f6rper Extrem robuster, patentierter Trommelk\u00f6rper aus TARMA-PLAST Hartkunststoff. Patentiertes, ausklappbares und kunststoffbeschichtetes Fahrgestell in roter Sicherheitsfarbe aus geh\u00e4rtetem Stahl. 2 gro\u00dfe Transportgriffe f\u00fcr einfaches Transportieren mit 2 Personen. Durch den ergonomischen und ausklappbaren Griff l\u00e4sst sich die Trommel auch auf unebenem Untergrund sehr leicht bewegen. R\u00e4der f\u00fcr schweres Baustellengel\u00e4nde geeignet. Leichtes und [&hellip;]<\/p>","protected":false},"author":1,"featured_media":0,"parent":3513,"menu_order":0,"comment_status":"closed","ping_status":"closed","template":"","meta":{"inline_featured_image":false,"footnotes":""},"class_list":["post-6062","page","type-page","status-publish","hentry"],"aioseo_notices":[],"_links":{"self":[{"href":"https:\/\/as-schwabe.de\/pl\/wp-json\/wp\/v2\/pages\/6062","targetHints":{"allow":["GET"]}}],"collection":[{"href":"https:\/\/as-schwabe.de\/pl\/wp-json\/wp\/v2\/pages"}],"about":[{"href":"https:\/\/as-schwabe.de\/pl\/wp-json\/wp\/v2\/types\/page"}],"author":[{"embeddable":true,"href":"https:\/\/as-schwabe.de\/pl\/wp-json\/wp\/v2\/users\/1"}],"replies":[{"embeddable":true,"href":"https:\/\/as-schwabe.de\/pl\/wp-json\/wp\/v2\/comments?post=6062"}],"version-history":[{"count":0,"href":"https:\/\/as-schwabe.de\/pl\/wp-json\/wp\/v2\/pages\/6062\/revisions"}],"up":[{"embeddable":true,"href":"https:\/\/as-schwabe.de\/pl\/wp-json\/wp\/v2\/pages\/3513"}],"wp:attachment":[{"href":"https:\/\/as-schwabe.de\/pl\/wp-json\/wp\/v2\/media?parent=6062"}],"curies":[{"name":"wp","href":"https:\/\/api.w.org\/{rel}","templated":true}]}}