{"id":5979,"date":"2024-12-22T21:23:58","date_gmt":"2024-12-22T21:23:58","guid":{"rendered":"https:\/\/as2025.as-schwabe.de\/?page_id=5979"},"modified":"2025-02-05T09:28:47","modified_gmt":"2025-02-05T09:28:47","slug":"punkty-sprzedazy","status":"publish","type":"page","link":"https:\/\/as-schwabe.de\/pl\/usluga\/twoj-partner-sprzedazy\/punkty-sprzedazy\/","title":{"rendered":"Punkty sprzeda\u017cy"},"content":{"rendered":"<div data-elementor-type=\"wp-page\" data-elementor-id=\"5979\" class=\"elementor elementor-5979\" data-elementor-post-type=\"page\">\n\t\t\t\t\t\t<div class=\"elementor-element elementor-element-bb1049a e-flex e-con-boxed e-con e-parent\" data-id=\"bb1049a\" data-element_type=\"container\">\r\n\t\t\t\t\t<div class=\"e-con-inner\">\r\n\t\t\t\t\t<div class=\"elementor-element elementor-element-5e5feed elementor-widget elementor-widget-heading\" data-id=\"5e5feed\" data-element_type=\"widget\" data-widget_type=\"heading.default\">\n\t\t\t\t\t<h1 class=\"elementor-heading-title elementor-size-default\">Punkty sprzeda\u017cy<\/h1>\t\t\t\t<\/div>\n\t\t\t\t\t<\/div>\n\t\t\t\t<\/div>\n\t\t\t\t<div class=\"elementor-element elementor-element-00524c5 e-flex e-con-boxed e-con e-parent\" data-id=\"00524c5\" data-element_type=\"container\">\r\n\t\t\t\t\t<div class=\"e-con-inner\">\r\n\t\t\t\t\t<div class=\"elementor-element elementor-element-7860b09 elementor-widget elementor-widget-spacer\" data-id=\"7860b09\" data-element_type=\"widget\" data-widget_type=\"spacer.default\">\n\t\t\t\t\t\t\t<div class=\"elementor-spacer\">\n\t\t\t<div class=\"elementor-spacer-inner\"><\/div>\n\t\t<\/div>\n\t\t\t\t\t\t<\/div>\n\t\t\t\t\t<\/div>\n\t\t\t\t<\/div>\n\t\t\t\t<div class=\"elementor-element elementor-element-4068b14 e-flex e-con-boxed e-con e-parent\" data-id=\"4068b14\" data-element_type=\"container\">\r\n\t\t\t\t\t<div class=\"e-con-inner\">\r\n\t\t\t\t\t<div class=\"elementor-element elementor-element-6562a32 elementor-widget elementor-widget-heading\" data-id=\"6562a32\" data-element_type=\"widget\" data-widget_type=\"heading.default\">\n\t\t\t\t\t<h2 class=\"elementor-heading-title elementor-size-default\">Wsp\u00f3lnie wydobywamy to, co najlepsze z Twojego obszaru sprzeda\u017cy<\/h2>\t\t\t\t<\/div>\n\t\t\t\t\t<\/div>\n\t\t\t\t<\/div>\n\t\t\t\t<div class=\"elementor-element elementor-element-782ac20 e-flex e-con-boxed e-con e-parent\" data-id=\"782ac20\" data-element_type=\"container\">\r\n\t\t\t\t\t<div class=\"e-con-inner\">\r\n\t\t\t\t\t<div class=\"elementor-element elementor-element-50b71d5 elementor-widget elementor-widget-spacer\" data-id=\"50b71d5\" data-element_type=\"widget\" data-widget_type=\"spacer.default\">\n\t\t\t\t\t\t\t<div class=\"elementor-spacer\">\n\t\t\t<div class=\"elementor-spacer-inner\"><\/div>\n\t\t<\/div>\n\t\t\t\t\t\t<\/div>\n\t\t\t\t\t<\/div>\n\t\t\t\t<\/div>\n\t\t\t\t<div class=\"elementor-element elementor-element-9e354af e-flex e-con-boxed e-con e-parent\" data-id=\"9e354af\" data-element_type=\"container\">\r\n\t\t\t\t\t<div class=\"e-con-inner\">\r\n\t\t\t\t\t<div class=\"elementor-element elementor-element-d627dc6 elementor-widget elementor-widget-text-editor\" data-id=\"d627dc6\" data-element_type=\"widget\" data-widget_type=\"text-editor.default\">\n\t\t\t\t\t\t\t\t\t<p>Je\u015bli zdecydujesz si\u0119 na produkty as - Schwabe, b\u0119dziemy wsp\u00f3\u0142pracowa\u0107 z Tob\u0105, aby stworzy\u0107 gam\u0119 produkt\u00f3w dostosowan\u0105 do Twoich klient\u00f3w. Pomagamy r\u00f3wnie\u017c w planowaniu zatowarowania rega\u0142\u00f3w. Twoje\u00a0<strong>rega\u0142y ekspozycyjne\u00a0<\/strong>b\u0119d\u0105 dostosowane zar\u00f3wno do wyboru produkt\u00f3w, jak i\u00a0<strong>obszaru sprzeda\u017cy.<\/strong>\u00a0Nasz zesp\u00f3\u0142 ds. sprzeda\u017cy jest zawsze do Twojej dyspozycji i pomo\u017ce Ci we wprowadzeniu produktu na rynek.<\/p>\t\t\t\t\t\t\t\t<\/div>\n\t\t\t\t\t<\/div>\n\t\t\t\t<\/div>\n\t\t\t\t<div class=\"elementor-element elementor-element-73cfb37 e-flex e-con-boxed e-con e-parent\" data-id=\"73cfb37\" data-element_type=\"container\">\r\n\t\t\t\t\t<div class=\"e-con-inner\">\r\n\t\t\t\t\t<div class=\"elementor-element elementor-element-13eac6e elementor-widget elementor-widget-spacer\" data-id=\"13eac6e\" data-element_type=\"widget\" data-widget_type=\"spacer.default\">\n\t\t\t\t\t\t\t<div class=\"elementor-spacer\">\n\t\t\t<div class=\"elementor-spacer-inner\"><\/div>\n\t\t<\/div>\n\t\t\t\t\t\t<\/div>\n\t\t\t\t\t<\/div>\n\t\t\t\t<\/div>\n\t\t\t\t<div class=\"elementor-element elementor-element-74e1597 e-flex e-con-boxed e-con e-parent\" data-id=\"74e1597\" data-element_type=\"container\">\r\n\t\t\t\t\t<div class=\"e-con-inner\">\r\n\t\t\t\t\t<div class=\"elementor-element elementor-element-41939e5 elementor-widget elementor-widget-image\" data-id=\"41939e5\" data-element_type=\"widget\" data-widget_type=\"image.default\">\n\t\t\t\t\t\t\t\t\t\t\t\t\t\t\t<img fetchpriority=\"high\" decoding=\"async\" width=\"1024\" height=\"561\" src=\"https:\/\/as-schwabe.de\/wp-content\/uploads\/2024\/12\/csm_Showroom_point-of-sale-1024x561.jpg\" class=\"attachment-large size-large wp-image-5981\" alt=\"\" srcset=\"https:\/\/as-schwabe.de\/wp-content\/uploads\/2024\/12\/csm_Showroom_point-of-sale-1024x561.jpg 1024w, https:\/\/as-schwabe.de\/wp-content\/uploads\/2024\/12\/csm_Showroom_point-of-sale-600x329.jpg 600w, https:\/\/as-schwabe.de\/wp-content\/uploads\/2024\/12\/csm_Showroom_point-of-sale-768x421.jpg 768w\" sizes=\"(max-width: 1024px) 100vw, 1024px\" \/>\t\t\t\t\t\t\t\t\t\t\t\t\t\t\t<\/div>\n\t\t\t\t\t<\/div>\n\t\t\t\t<\/div>\n\t\t\t\t<div class=\"elementor-element elementor-element-f5fca2c e-flex e-con-boxed e-con e-parent\" data-id=\"f5fca2c\" data-element_type=\"container\">\r\n\t\t\t\t\t<div class=\"e-con-inner\">\r\n\t\t\t\t\t<div class=\"elementor-element elementor-element-406e47d elementor-widget elementor-widget-spacer\" data-id=\"406e47d\" data-element_type=\"widget\" data-widget_type=\"spacer.default\">\n\t\t\t\t\t\t\t<div class=\"elementor-spacer\">\n\t\t\t<div class=\"elementor-spacer-inner\"><\/div>\n\t\t<\/div>\n\t\t\t\t\t\t<\/div>\n\t\t\t\t\t<\/div>\n\t\t\t\t<\/div>\n\t\t\t\t<div class=\"elementor-element elementor-element-1bea968 e-flex e-con-boxed e-con e-parent\" data-id=\"1bea968\" data-element_type=\"container\">\r\n\t\t\t\t\t<div class=\"e-con-inner\">\r\n\t\t\t\t\t<div class=\"elementor-element elementor-element-c6a0217 elementor-widget elementor-widget-heading\" data-id=\"c6a0217\" data-element_type=\"widget\" data-widget_type=\"heading.default\">\n\t\t\t\t\t<h2 class=\"elementor-heading-title elementor-size-default\">Materia\u0142y informacyjne<\/h2>\t\t\t\t<\/div>\n\t\t\t\t\t<\/div>\n\t\t\t\t<\/div>\n\t\t\t\t<div class=\"elementor-element elementor-element-8023917 e-flex e-con-boxed e-con e-parent\" data-id=\"8023917\" data-element_type=\"container\">\r\n\t\t\t\t\t<div class=\"e-con-inner\">\r\n\t\t\t\t\t<div class=\"elementor-element elementor-element-1c1aedc elementor-widget elementor-widget-spacer\" data-id=\"1c1aedc\" data-element_type=\"widget\" data-widget_type=\"spacer.default\">\n\t\t\t\t\t\t\t<div class=\"elementor-spacer\">\n\t\t\t<div class=\"elementor-spacer-inner\"><\/div>\n\t\t<\/div>\n\t\t\t\t\t\t<\/div>\n\t\t\t\t\t<\/div>\n\t\t\t\t<\/div>\n\t\t\t\t<div class=\"elementor-element elementor-element-e062147 e-flex e-con-boxed e-con e-parent\" data-id=\"e062147\" data-element_type=\"container\">\r\n\t\t\t\t\t<div class=\"e-con-inner\">\r\n\t\t\t\t\t<div class=\"elementor-element elementor-element-6328653 elementor-widget elementor-widget-text-editor\" data-id=\"6328653\" data-element_type=\"widget\" data-widget_type=\"text-editor.default\">\n\t\t\t\t\t\t\t\t\t<p>Oferujemy szerok\u0105 gam\u0119 materia\u0142\u00f3w informacyjnych i \u015brodk\u00f3w promocji sprzeda\u017cy dla naszego asortymentu produkt\u00f3w, kt\u00f3re mo\u017cna wykorzysta\u0107 w handlu detalicznym. Indywidualne materia\u0142y reklamowe, ulotki i promocje uzupe\u0142niaj\u0105 nasz pakiet us\u0142ug. Czy chcia\u0142by\u015b stworzy\u0107 w\u0142asne \u015brodki reklamowe z produktami as - Schwabe? Ch\u0119tnie pomo\u017cemy w ich realizacji. Skontaktuj si\u0119 z nami.<\/p>\t\t\t\t\t\t\t\t<\/div>\n\t\t\t\t\t<\/div>\n\t\t\t\t<\/div>\n\t\t\t\t<div class=\"elementor-element elementor-element-b972eea e-flex e-con-boxed e-con e-parent\" data-id=\"b972eea\" data-element_type=\"container\">\r\n\t\t\t\t\t<div class=\"e-con-inner\">\r\n\t\t\t\t\t<div class=\"elementor-element elementor-element-17f7cec elementor-widget elementor-widget-spacer\" data-id=\"17f7cec\" data-element_type=\"widget\" data-widget_type=\"spacer.default\">\n\t\t\t\t\t\t\t<div class=\"elementor-spacer\">\n\t\t\t<div class=\"elementor-spacer-inner\"><\/div>\n\t\t<\/div>\n\t\t\t\t\t\t<\/div>\n\t\t\t\t\t<\/div>\n\t\t\t\t<\/div>\n\t\t\t\t<div class=\"elementor-element elementor-element-ef553b6 e-grid e-con-boxed e-con e-parent\" data-id=\"ef553b6\" data-element_type=\"container\">\r\n\t\t\t\t\t<div class=\"e-con-inner\">\r\n\t\t\t\t\t<div class=\"elementor-element elementor-element-4a0db7b elementor-widget elementor-widget-image\" data-id=\"4a0db7b\" data-element_type=\"widget\" data-widget_type=\"image.default\">\n\t\t\t\t\t\t\t\t\t\t\t\t\t\t\t\t<a href=\"\/wp-content\/uploads\/2025\/01\/Mini-catalog-PL-Energy-meters.pdf\">\n\t\t\t\t\t\t\t<img decoding=\"async\" width=\"595\" height=\"842\" src=\"\/wp-content\/uploads\/2025\/01\/Mini-catalog-PL-Liczniki-energii_Strona_1.png\" class=\"attachment-large size-large wp-image-5985\" alt=\"\" \/>\t\t\t\t\t\t\t\t<\/a>\n\t\t\t\t\t\t\t\t\t\t\t\t\t\t\t<\/div>\n\t\t\t\t<div class=\"elementor-element elementor-element-49804c7 elementor-widget elementor-widget-image\" data-id=\"49804c7\" data-element_type=\"widget\" data-widget_type=\"image.default\">\n\t\t\t\t\t\t\t\t\t\t\t\t\t\t\t\t<a href=\"\/wp-content\/uploads\/2025\/01\/Mini-catalog-PL-FIXO.pdf\">\n\t\t\t\t\t\t\t<img decoding=\"async\" width=\"424\" height=\"600\" src=\"\/wp-content\/uploads\/2025\/01\/Mini-catalog-PL-FIXO-rozdzielnice-stacjonarne_Strona_1.png\" class=\"attachment-large size-large wp-image-5876\" alt=\"\" \/>\t\t\t\t\t\t\t\t<\/a>\n\t\t\t\t\t\t\t\t\t\t\t\t\t\t\t<\/div>\n\t\t\t\t<div class=\"elementor-element elementor-element-09061ea elementor-widget elementor-widget-image\" data-id=\"09061ea\" data-element_type=\"widget\" data-widget_type=\"image.default\">\n\t\t\t\t\t\t\t\t\t\t\t\t\t\t\t\t<a href=\"\/wp-content\/uploads\/2025\/01\/Mini-catalog-PL-Xperts.pdf\">\n\t\t\t\t\t\t\t<img loading=\"lazy\" decoding=\"async\" width=\"424\" height=\"600\" src=\"\/wp-content\/uploads\/2025\/01\/Mini-catalog-PL-Xperts_Strona_01.png\" class=\"attachment-large size-large wp-image-5887\" alt=\"\" \/>\t\t\t\t\t\t\t\t<\/a>\n\t\t\t\t\t\t\t\t\t\t\t\t\t\t\t<\/div>\n\t\t\t\t<div class=\"elementor-element elementor-element-665b704 elementor-widget elementor-widget-image\" data-id=\"665b704\" data-element_type=\"widget\" data-widget_type=\"image.default\">\n\t\t\t\t\t\t\t\t\t\t\t\t\t\t\t\t<a href=\"\/wp-content\/uploads\/2025\/01\/Mini-catalog-PL-Lighting-2.pdf\">\n\t\t\t\t\t\t\t<img loading=\"lazy\" decoding=\"async\" width=\"668\" height=\"945\" src=\"\/wp-content\/uploads\/2025\/01\/MINI-K-OSWIETLENIE-PL-scaled.jpg\" class=\"attachment-medium_large size-medium_large wp-image-11748\" alt=\"\" srcset=\"\" sizes=\"(max-width: 668px) 100vw, 668px\" data-srcset=\"\" \/>\t\t\t\t\t\t\t\t<\/a>\n\t\t\t\t\t\t\t\t\t\t\t\t\t\t\t<\/div>\n\t\t\t\t\t<\/div>\n\t\t\t\t<\/div>\n\t\t\t\t<\/div>","protected":false},"excerpt":{"rendered":"<p>Point of Sale Ge\u00admein\u00adsam ho\u00adlen wir das Bes\u00adte aus Ih\u00adrer Ver\u00adkaufs\u00adfl\u00e4\u00adche her\u00adaus Entscheiden Sie sich f\u00fcr as &#8211; Schwabe Produkte, erstellen wir mit Ihnen zusammen ein auf Ihre Kundschaft abgestimmtes Produktsortiment. Wir unterst\u00fctzen Sie zudem bei der Regaleinrichtung. Ihre\u00a0Verkaufsregale\u00a0werden sowohl auf Ihre Produktauswahl als auch auf Ihre\u00a0Verkaufsfl\u00e4che\u00a0abgestimmt. Unser Vertriebsteam steht Ihnen jederzeit zur Seite und [&hellip;]<\/p>","protected":false},"author":1,"featured_media":0,"parent":3531,"menu_order":0,"comment_status":"closed","ping_status":"closed","template":"","meta":{"inline_featured_image":false,"footnotes":""},"class_list":["post-5979","page","type-page","status-publish","hentry"],"aioseo_notices":[],"_links":{"self":[{"href":"https:\/\/as-schwabe.de\/pl\/wp-json\/wp\/v2\/pages\/5979","targetHints":{"allow":["GET"]}}],"collection":[{"href":"https:\/\/as-schwabe.de\/pl\/wp-json\/wp\/v2\/pages"}],"about":[{"href":"https:\/\/as-schwabe.de\/pl\/wp-json\/wp\/v2\/types\/page"}],"author":[{"embeddable":true,"href":"https:\/\/as-schwabe.de\/pl\/wp-json\/wp\/v2\/users\/1"}],"replies":[{"embeddable":true,"href":"https:\/\/as-schwabe.de\/pl\/wp-json\/wp\/v2\/comments?post=5979"}],"version-history":[{"count":0,"href":"https:\/\/as-schwabe.de\/pl\/wp-json\/wp\/v2\/pages\/5979\/revisions"}],"up":[{"embeddable":true,"href":"https:\/\/as-schwabe.de\/pl\/wp-json\/wp\/v2\/pages\/3531"}],"wp:attachment":[{"href":"https:\/\/as-schwabe.de\/pl\/wp-json\/wp\/v2\/media?parent=5979"}],"curies":[{"name":"wp","href":"https:\/\/api.w.org\/{rel}","templated":true}]}}