{"id":36444,"date":"2026-02-03T15:17:27","date_gmt":"2026-02-03T15:17:27","guid":{"rendered":"https:\/\/as-schwabe.de\/?page_id=36444"},"modified":"2026-02-24T07:09:03","modified_gmt":"2026-02-24T07:09:03","slug":"zlacza-duroconn","status":"publish","type":"page","link":"https:\/\/as-schwabe.de\/pl\/o-firmie\/informacje\/zlacza-duroconn\/","title":{"rendered":"Z\u0142\u0105cza DuroConn"},"content":{"rendered":"<div data-elementor-type=\"wp-page\" data-elementor-id=\"36444\" class=\"elementor elementor-36444\" data-elementor-post-type=\"page\">\n\t\t\t\t\t\t<div class=\"elementor-element elementor-element-eaefe89 e-flex e-con-boxed e-con e-parent\" data-id=\"eaefe89\" data-element_type=\"container\">\r\n\t\t\t\t\t<div class=\"e-con-inner\">\r\n\t\t\t\t\t<div class=\"elementor-element elementor-element-02fbf75 e-con-full e-flex e-con e-child\" data-id=\"02fbf75\" data-element_type=\"container\">\r\n\t\t\t\t<div class=\"elementor-element elementor-element-07800b8 elementor-widget elementor-widget-text-editor\" data-id=\"07800b8\" data-element_type=\"widget\" data-widget_type=\"text-editor.default\">\n\t\t\t\t\t\t\t\t\t<h1>Z\u0142\u0105cza DuroConn\u00a0<\/h1>\t\t\t\t\t\t\t\t<\/div>\n\t\t\t\t<div class=\"elementor-element elementor-element-3bbb647 elementor-widget elementor-widget-image\" data-id=\"3bbb647\" data-element_type=\"widget\" data-widget_type=\"image.default\">\n\t\t\t\t\t\t\t\t\t\t\t\t\t\t\t<img fetchpriority=\"high\" decoding=\"async\" width=\"1200\" height=\"500\" src=\"https:\/\/as-schwabe.de\/wp-content\/uploads\/2026\/02\/AS-Schwabe_Duroconn-1024-scaled-e1770132142308.jpg\" class=\"attachment-full size-full wp-image-36447\" alt=\"\" srcset=\"https:\/\/as-schwabe.de\/wp-content\/uploads\/2026\/02\/AS-Schwabe_Duroconn-1024-scaled-e1770132142308.jpg 1200w, https:\/\/as-schwabe.de\/wp-content\/uploads\/2026\/02\/AS-Schwabe_Duroconn-1024-scaled-e1770132142308-1024x427.jpg 1024w, https:\/\/as-schwabe.de\/wp-content\/uploads\/2026\/02\/AS-Schwabe_Duroconn-1024-scaled-e1770132142308-768x320.jpg 768w, https:\/\/as-schwabe.de\/wp-content\/uploads\/2026\/02\/AS-Schwabe_Duroconn-1024-scaled-e1770132142308-600x250.jpg 600w\" sizes=\"(max-width: 1200px) 100vw, 1200px\" \/>\t\t\t\t\t\t\t\t\t\t\t\t\t\t\t<\/div>\n\t\t\t\t<div class=\"elementor-element elementor-element-4ab89ee elementor-widget elementor-widget-spacer\" data-id=\"4ab89ee\" data-element_type=\"widget\" data-widget_type=\"spacer.default\">\n\t\t\t\t\t\t\t<div class=\"elementor-spacer\">\n\t\t\t<div class=\"elementor-spacer-inner\"><\/div>\n\t\t<\/div>\n\t\t\t\t\t\t<\/div>\n\t\t\t\t<div class=\"elementor-element elementor-element-68da643 elementor-widget elementor-widget-text-editor\" data-id=\"68da643\" data-element_type=\"widget\" data-widget_type=\"text-editor.default\">\n\t\t\t\t\t\t\t\t\t<p data-start=\"262\" data-end=\"526\">Die <strong data-start=\"266\" data-end=\"311\">Z\u0142\u0105cza DuroConn<\/strong>\u00a0zosta\u0142y opracowane z my\u015bl\u0105 o wysokich wymaganiach na placach budowy i w zastosowaniach komercyjnych. Stanowi\u0105 synonim <strong data-start=\"412\" data-end=\"469\">niezawodno\u015bci, trwa\u0142o\u015bci i bezpiecznej obs\u0142ugi<\/strong> i wyznaczaj\u0105 nowe standardy w zakresie solidnych z\u0142\u0105czy.<\/p><p data-start=\"528\" data-end=\"805\">Zar\u00f3wno <strong data-start=\"535\" data-end=\"566\">wtyczki i gniazda<\/strong> opieraj\u0105 si\u0119 na <strong data-start=\"586\" data-end=\"629\">innowacyjnej technologii dwukomponentowej<\/strong> i s\u0105 przeznaczone do pod\u0142\u0105czania przewod\u00f3w do <strong data-start=\"675\" data-end=\"686\">2,5 mm\u00b2<\/strong> . Zintegrowany <strong data-start=\"714\" data-end=\"735\">Szybkozamek<\/strong> umo\u017cliwia \u0142atwe i bezpieczne po\u0142\u0105czenie w codziennym u\u017cytkowaniu.<\/p>\t\t\t\t\t\t\t\t<\/div>\n\t\t\t\t<div class=\"elementor-element elementor-element-bb95d33 elementor-widget elementor-widget-spacer\" data-id=\"bb95d33\" data-element_type=\"widget\" data-widget_type=\"spacer.default\">\n\t\t\t\t\t\t\t<div class=\"elementor-spacer\">\n\t\t\t<div class=\"elementor-spacer-inner\"><\/div>\n\t\t<\/div>\n\t\t\t\t\t\t<\/div>\n\t\t\t\t<div class=\"elementor-element elementor-element-7f76426 elementor-widget elementor-widget-spacer\" data-id=\"7f76426\" data-element_type=\"widget\" data-widget_type=\"spacer.default\">\n\t\t\t\t\t\t\t<div class=\"elementor-spacer\">\n\t\t\t<div class=\"elementor-spacer-inner\"><\/div>\n\t\t<\/div>\n\t\t\t\t\t\t<\/div>\n\t\t\t\t<div class=\"elementor-element elementor-element-a7b3fc5 elementor-widget elementor-widget-text-editor\" data-id=\"a7b3fc5\" data-element_type=\"widget\" data-widget_type=\"text-editor.default\">\n\t\t\t\t\t\t\t\t\t<h2 class=\"\">Wszystkie szczeg\u00f3\u0142y w skr\u00f3cie<\/h2>\t\t\t\t\t\t\t\t<\/div>\n\t\t\t\t<div class=\"elementor-element elementor-element-d0783c1 e-con-full e-flex e-con e-child\" data-id=\"d0783c1\" data-element_type=\"container\">\r\n\t\t\t\t<div class=\"elementor-element elementor-element-803757e e-con-full e-flex e-con e-child\" data-id=\"803757e\" data-element_type=\"container\">\r\n\t\t\t\t<div class=\"elementor-element elementor-element-fc94955 elementor-widget elementor-widget-image\" data-id=\"fc94955\" data-element_type=\"widget\" data-widget_type=\"image.default\">\n\t\t\t\t\t\t\t\t\t\t\t\t\t\t\t<img decoding=\"async\" width=\"300\" height=\"300\" src=\"https:\/\/as-schwabe.de\/wp-content\/uploads\/2026\/02\/62311_Schuko-Ultra-Kupplung_blau-5-300x300.png\" class=\"attachment-medium size-medium wp-image-36448\" alt=\"\" \/>\t\t\t\t\t\t\t\t\t\t\t\t\t\t\t<\/div>\n\t\t\t\t<\/div>\n\t\t\t\t<div class=\"elementor-element elementor-element-3df6a28 e-con-full e-flex e-con e-child\" data-id=\"3df6a28\" data-element_type=\"container\" data-settings=\"{&quot;background_background&quot;:&quot;gradient&quot;}\">\r\n\t\t\t\t<div class=\"elementor-element elementor-element-8fdf129 ml-lg-6 elementor-widget elementor-widget-heading\" data-id=\"8fdf129\" data-element_type=\"widget\" data-widget_type=\"heading.default\">\n\t\t\t\t\t<h2 class=\"elementor-heading-title elementor-size-default\">Wska\u017anik napi\u0119cia Powerlight<\/h2>\t\t\t\t<\/div>\n\t\t\t\t<div class=\"elementor-element elementor-element-c4fc5ae ml-lg-6 elementor-widget elementor-widget-heading\" data-id=\"c4fc5ae\" data-element_type=\"widget\" data-widget_type=\"heading.default\">\n\t\t\t\t\t<p class=\"elementor-heading-title elementor-size-default\">Wska\u017anik napi\u0119cia powerlight jest wyra\u017anie widoczny zar\u00f3wno w obudowie wtyczki, jak i gniazda. Dioda LED \u015bwieci na intensywnie czerwono, gdy wtyczka i\/lub gniazdo zosta\u0142y pod\u0142\u0105czone do obwodu elektrycznego i pojawi\u0142o si\u0119 napi\u0119cie.<\/p>\t\t\t\t<\/div>\n\t\t\t\t<\/div>\n\t\t\t\t<\/div>\n\t\t\t\t<div class=\"elementor-element elementor-element-187364a elementor-widget elementor-widget-spacer\" data-id=\"187364a\" data-element_type=\"widget\" data-widget_type=\"spacer.default\">\n\t\t\t\t\t\t\t<div class=\"elementor-spacer\">\n\t\t\t<div class=\"elementor-spacer-inner\"><\/div>\n\t\t<\/div>\n\t\t\t\t\t\t<\/div>\n\t\t\t\t<div class=\"elementor-element elementor-element-662701d elementor-widget elementor-widget-spacer\" data-id=\"662701d\" data-element_type=\"widget\" data-widget_type=\"spacer.default\">\n\t\t\t\t\t\t\t<div class=\"elementor-spacer\">\n\t\t\t<div class=\"elementor-spacer-inner\"><\/div>\n\t\t<\/div>\n\t\t\t\t\t\t<\/div>\n\t\t\t\t<div class=\"elementor-element elementor-element-9d8f848 e-con-full e-flex e-con e-child\" data-id=\"9d8f848\" data-element_type=\"container\">\r\n\t\t\t\t<div class=\"elementor-element elementor-element-bc2abb3 elementor-widget__width-inherit elementor-widget elementor-widget-image\" data-id=\"bc2abb3\" data-element_type=\"widget\" data-widget_type=\"image.default\">\n\t\t\t\t\t\t\t\t\t\t\t\t\t\t\t<img decoding=\"async\" width=\"884\" height=\"383\" src=\"https:\/\/as-schwabe.de\/wp-content\/uploads\/2026\/02\/Screenshot-2026-02-03-105411.png\" class=\"attachment-full size-full wp-image-36410\" alt=\"\" srcset=\"https:\/\/as-schwabe.de\/wp-content\/uploads\/2026\/02\/Screenshot-2026-02-03-105411.png 884w, https:\/\/as-schwabe.de\/wp-content\/uploads\/2026\/02\/Screenshot-2026-02-03-105411-768x333.png 768w, https:\/\/as-schwabe.de\/wp-content\/uploads\/2026\/02\/Screenshot-2026-02-03-105411-600x260.png 600w\" sizes=\"(max-width: 884px) 100vw, 884px\" \/>\t\t\t\t\t\t\t\t\t\t\t\t\t\t\t<\/div>\n\t\t\t\t<\/div>\n\t\t\t\t<div class=\"elementor-element elementor-element-0c9ef39 elementor-widget elementor-widget-spacer\" data-id=\"0c9ef39\" data-element_type=\"widget\" data-widget_type=\"spacer.default\">\n\t\t\t\t\t\t\t<div class=\"elementor-spacer\">\n\t\t\t<div class=\"elementor-spacer-inner\"><\/div>\n\t\t<\/div>\n\t\t\t\t\t\t<\/div>\n\t\t\t\t<div class=\"elementor-element elementor-element-f611bf9 elementor-widget elementor-widget-spacer\" data-id=\"f611bf9\" data-element_type=\"widget\" data-widget_type=\"spacer.default\">\n\t\t\t\t\t\t\t<div class=\"elementor-spacer\">\n\t\t\t<div class=\"elementor-spacer-inner\"><\/div>\n\t\t<\/div>\n\t\t\t\t\t\t<\/div>\n\t\t\t\t<div class=\"elementor-element elementor-element-0931b88 elementor-widget elementor-widget-spacer\" data-id=\"0931b88\" data-element_type=\"widget\" data-widget_type=\"spacer.default\">\n\t\t\t\t\t\t\t<div class=\"elementor-spacer\">\n\t\t\t<div class=\"elementor-spacer-inner\"><\/div>\n\t\t<\/div>\n\t\t\t\t\t\t<\/div>\n\t\t\t\t<div class=\"elementor-element elementor-element-032567f elementor-widget elementor-widget-text-editor\" data-id=\"032567f\" data-element_type=\"widget\" data-widget_type=\"text-editor.default\">\n\t\t\t\t\t\t\t\t\t<div id=\"c1406\" class=\"frame frame-default frame-type-themeasschwabe_fluidcols1 frame-layout-0\"><div class=\"row fluid-1-cols\"><div class=\"col-xs-12\"><div class=\"wow fadeIn\"><div id=\"c1443\"><header><h3 data-start=\"812\" data-end=\"862\">Solidna technika do zastosowa\u0144 profesjonalnych<\/h3><p data-start=\"864\" data-end=\"1079\">Z\u0142\u0105cza DuroConn s\u0105 zaprojektowane dla <strong data-start=\"904\" data-end=\"920\">230 V \/ 16 A<\/strong> i spe\u0142niaj\u0105 wymagania <strong data-start=\"948\" data-end=\"966\">klasy ochrony IP54<\/strong>. Oznacza to, \u017ce s\u0105 <strong data-start=\"983\" data-end=\"1019\">chronione przed py\u0142em i zachlapan\u0105 wod\u0105<\/strong> i nadaj\u0105 si\u0119 do stosowania w trudnych warunkach.<\/p><p data-start=\"1081\" data-end=\"1348\">Die <strong data-start=\"1085\" data-end=\"1099\">Gniazda<\/strong> posiadaj\u0105 dodatkowo <strong data-start=\"1130\" data-end=\"1150\">Wy\u015bwietlacz napi\u0119cia<\/strong> oraz <strong data-start=\"1163\" data-end=\"1197\">samozamykaj\u0105c\u0105 si\u0119 klap\u0119 ochronn\u0105<\/strong>, kt\u00f3ra zapewnia dodatkow\u0105 ochron\u0119. <strong data-start=\"1238\" data-end=\"1249\">Wtyczka<\/strong> wyposa\u017cone s\u0105 w <strong data-start=\"1259\" data-end=\"1286\">podw\u00f3jny styk ochronny<\/strong> i zaprojektowane z my\u015bl\u0105 o bezpiecznym przesyle pr\u0105du.<\/p><h3 data-start=\"1355\" data-end=\"1383\">Przemy\u015blany w ka\u017cdym szczeg\u00f3le<\/h3><p data-start=\"1385\" data-end=\"1695\">Konstrukcja wtyczek i gniazd DuroConn jest konsekwentnie ukierunkowana na bezpiecze\u0144stwo i trwa\u0142o\u015b\u0107. Elementy takie jak <strong data-start=\"1507\" data-end=\"1524\">odci\u0105\u017cenie kabla<\/strong>, <strong data-start=\"1526\" data-end=\"1539\">pier\u015bcie\u0144 uszczelniaj\u0105cy<\/strong>, <strong data-start=\"1541\" data-end=\"1561\">masywna obudowa<\/strong> und <strong data-start=\"1566\" data-end=\"1592\">stabilny wspornik kontakt\u00f3w<\/strong> precyzyjnie wsp\u00f3\u0142pracuj\u0105 ze sob\u0105, zapewniaj\u0105c niezawodne po\u0142\u0105czenie i \u0142atw\u0105 obs\u0142ug\u0119.<\/p><hr data-start=\"1697\" data-end=\"1700\" \/><h3 data-start=\"1702\" data-end=\"1734\">Dane techniczne w skr\u00f3cie<\/h3><ul data-start=\"1736\" data-end=\"1961\"><li data-start=\"1736\" data-end=\"1788\"><p data-start=\"1738\" data-end=\"1788\">Z\u0142\u0105cza do <strong data-start=\"1760\" data-end=\"1786\">wtyczek i gniazd<\/strong><\/p><\/li><li data-start=\"1789\" data-end=\"1824\"><p data-start=\"1791\" data-end=\"1824\"><strong data-start=\"1791\" data-end=\"1822\">Technologia dwukomponentowa<\/strong><\/p><\/li><li data-start=\"1825\" data-end=\"1850\"><p data-start=\"1827\" data-end=\"1850\"><strong data-start=\"1827\" data-end=\"1848\">Szybkozamek<\/strong><\/p><\/li><li data-start=\"1851\" data-end=\"1894\"><p data-start=\"1853\" data-end=\"1894\">Pod\u0142\u0105czanie przewod\u00f3w do <strong data-start=\"1881\" data-end=\"1892\">2,5 mm\u00b2<\/strong><\/p><\/li><li data-start=\"1895\" data-end=\"1915\"><p data-start=\"1897\" data-end=\"1915\"><strong data-start=\"1897\" data-end=\"1913\">230 V \/ 16 A<\/strong><\/p><\/li><li data-start=\"1916\" data-end=\"1961\"><p data-start=\"1918\" data-end=\"1961\"><strong data-start=\"1918\" data-end=\"1961\">IP54 \u2013 ochrona przed py\u0142em i zachlapan\u0105 wod\u0105<\/strong><\/p><\/li><\/ul><\/header><\/div><\/div><\/div><\/div><\/div>\t\t\t\t\t\t\t\t<\/div>\n\t\t\t\t<div class=\"elementor-element elementor-element-a493b75 elementor-widget elementor-widget-spacer\" data-id=\"a493b75\" data-element_type=\"widget\" data-widget_type=\"spacer.default\">\n\t\t\t\t\t\t\t<div class=\"elementor-spacer\">\n\t\t\t<div class=\"elementor-spacer-inner\"><\/div>\n\t\t<\/div>\n\t\t\t\t\t\t<\/div>\n\t\t\t\t<div class=\"elementor-element elementor-element-09513c2 elementor-widget-divider--view-line elementor-widget elementor-widget-divider\" data-id=\"09513c2\" data-element_type=\"widget\" data-widget_type=\"divider.default\">\n\t\t\t\t\t\t\t<div class=\"elementor-divider\">\n\t\t\t<span class=\"elementor-divider-separator\">\n\t\t\t\t\t\t<\/span>\n\t\t<\/div>\n\t\t\t\t\t\t<\/div>\n\t\t\t\t<div class=\"elementor-element elementor-element-fd600ae elementor-widget elementor-widget-text-editor\" data-id=\"fd600ae\" data-element_type=\"widget\" data-widget_type=\"text-editor.default\">\n\t\t\t\t\t\t\t\t\t<h3><a href=\"https:\/\/as-schwabe.de\/pl\/kategoria-produktu\/kemping-i-karavaning\/\" target=\"_blank\" rel=\"noopener\">Tu znajdziesz wi\u0119cej produkt\u00f3w<\/a><\/h3>\t\t\t\t\t\t\t\t<\/div>\n\t\t\t\t<div class=\"elementor-element elementor-element-2451571 elementor-widget elementor-widget-wolmart_widget_products\" data-id=\"2451571\" data-element_type=\"widget\" data-widget_type=\"wolmart_widget_products.default\">\n\t\t\t\t<div class=\"elementor-widget-container\">\n\t\t\t\t\t<div class=\"woocommerce columns-3\"><\/div>\t\t\t\t<\/div>\n\t\t\t\t<\/div>\n\t\t\t\t<div class=\"elementor-element elementor-element-a4d6c6b e-con-full e-flex e-con e-child\" data-id=\"a4d6c6b\" data-element_type=\"container\">\r\n\t\t\t\t<\/div>\n\t\t\t\t<\/div>\n\t\t\t\t\t<\/div>\n\t\t\t\t<\/div>\n\t\t\t\t<\/div>","protected":false},"excerpt":{"rendered":"<p>Z\u0142\u0105cza DuroConn \u2013 Z\u0142\u0105cza DuroConn zosta\u0142y opracowane z my\u015bl\u0105 o wysokich wymaganiach na placach budowy i w zastosowaniach komercyjnych. Stanowi\u0105 synonim niezawodno\u015bci, trwa\u0142o\u015bci i bezpiecznej obs\u0142ugi, wyznaczaj\u0105c nowe standardy. Zar\u00f3wno wtyczki, jak i gniazda opieraj\u0105 si\u0119 na technologii dwukomponentowej i s\u0105 przeznaczone do pod\u0142\u0105czania przewod\u00f3w do 2,5 mm\u00b2. Zintegrowany szybkozamek [\u2026]<\/p>","protected":false},"author":6,"featured_media":0,"parent":3492,"menu_order":0,"comment_status":"closed","ping_status":"closed","template":"","meta":{"inline_featured_image":false,"footnotes":""},"class_list":["post-36444","page","type-page","status-publish","hentry"],"aioseo_notices":[],"_links":{"self":[{"href":"https:\/\/as-schwabe.de\/pl\/wp-json\/wp\/v2\/pages\/36444","targetHints":{"allow":["GET"]}}],"collection":[{"href":"https:\/\/as-schwabe.de\/pl\/wp-json\/wp\/v2\/pages"}],"about":[{"href":"https:\/\/as-schwabe.de\/pl\/wp-json\/wp\/v2\/types\/page"}],"author":[{"embeddable":true,"href":"https:\/\/as-schwabe.de\/pl\/wp-json\/wp\/v2\/users\/6"}],"replies":[{"embeddable":true,"href":"https:\/\/as-schwabe.de\/pl\/wp-json\/wp\/v2\/comments?post=36444"}],"version-history":[{"count":0,"href":"https:\/\/as-schwabe.de\/pl\/wp-json\/wp\/v2\/pages\/36444\/revisions"}],"up":[{"embeddable":true,"href":"https:\/\/as-schwabe.de\/pl\/wp-json\/wp\/v2\/pages\/3492"}],"wp:attachment":[{"href":"https:\/\/as-schwabe.de\/pl\/wp-json\/wp\/v2\/media?parent=36444"}],"curies":[{"name":"wp","href":"https:\/\/api.w.org\/{rel}","templated":true}]}}