{"id":3592,"date":"2024-12-18T17:54:04","date_gmt":"2024-12-18T17:54:04","guid":{"rendered":"https:\/\/as2025.as-schwabe.de\/?page_id=3592"},"modified":"2025-08-29T11:27:04","modified_gmt":"2025-08-29T11:27:04","slug":"kemping","status":"publish","type":"page","link":"https:\/\/as-schwabe.de\/pl\/o-firmie\/informacje\/kemping\/","title":{"rendered":"Kemping i karawaning"},"content":{"rendered":"<div data-elementor-type=\"wp-page\" data-elementor-id=\"3592\" class=\"elementor elementor-3592\" data-elementor-post-type=\"page\">\n\t\t\t\t\t\t<div class=\"elementor-element elementor-element-4412dcb e-flex e-con-boxed e-con e-parent\" data-id=\"4412dcb\" data-element_type=\"container\">\r\n\t\t\t\t\t<div class=\"e-con-inner\">\r\n\t\t\t\t\t<div class=\"elementor-element elementor-element-b6daea6 elementor-widget elementor-widget-heading\" data-id=\"b6daea6\" data-element_type=\"widget\" data-widget_type=\"heading.default\">\n\t\t\t\t\t<h1 class=\"elementor-heading-title elementor-size-default\">Wakacje na kempingu<\/h1>\t\t\t\t<\/div>\n\t\t\t\t<div class=\"elementor-element elementor-element-03b9cc6 elementor-widget elementor-widget-spacer\" data-id=\"03b9cc6\" data-element_type=\"widget\" data-widget_type=\"spacer.default\">\n\t\t\t\t\t\t\t<div class=\"elementor-spacer\">\n\t\t\t<div class=\"elementor-spacer-inner\"><\/div>\n\t\t<\/div>\n\t\t\t\t\t\t<\/div>\n\t\t\t\t<div class=\"elementor-element elementor-element-1123dfd elementor-widget elementor-widget-heading\" data-id=\"1123dfd\" data-element_type=\"widget\" data-widget_type=\"heading.default\">\n\t\t\t\t\t<h3 class=\"elementor-heading-title elementor-size-default\">Odpowiedni osprz\u0119t do zasilania z as - Schwabe<\/h3>\t\t\t\t<\/div>\n\t\t\t\t<div class=\"elementor-element elementor-element-0024063 elementor-widget elementor-widget-text-editor\" data-id=\"0024063\" data-element_type=\"widget\" data-widget_type=\"text-editor.default\">\n\t\t\t\t\t\t\t\t\t<p>Je\u015bli chcesz sp\u0119dzi\u0107 wakacje na kempingu bez przykrych niespodzianek, przed wyjazdem sprawd\u017a sw\u00f3j sprz\u0119t pod k\u0105tem\nkompletno\u015bci i funkcjonalno\u015bci. Sprz\u0119t do mobilnego zasilania nie powinien by\u0107 zaniedbywany. Aby\u015b mia\u0142 pewno\u015b\u0107, \u017ce zabierasz\nze sob\u0105 w\u0142a\u015bciwe produkty elektryczne, poinformujemy Ci\u0119 o tym, co jest dozwolone na terenie kempingu.<\/p>\t\t\t\t\t\t\t\t<\/div>\n\t\t\t\t<div class=\"elementor-element elementor-element-58c85cf elementor-widget elementor-widget-image\" data-id=\"58c85cf\" data-element_type=\"widget\" data-widget_type=\"image.default\">\n\t\t\t\t\t\t\t\t\t\t\t\t\t\t\t<img fetchpriority=\"high\" decoding=\"async\" width=\"970\" height=\"300\" src=\"https:\/\/as-schwabe.de\/wp-content\/uploads\/2024\/12\/ASS-000-19-A_Bereich-Camping-Umsetzung-1.jpg\" class=\"attachment-full size-full wp-image-3730\" alt=\"\" srcset=\"https:\/\/as-schwabe.de\/wp-content\/uploads\/2024\/12\/ASS-000-19-A_Bereich-Camping-Umsetzung-1.jpg 970w, https:\/\/as-schwabe.de\/wp-content\/uploads\/2024\/12\/ASS-000-19-A_Bereich-Camping-Umsetzung-1-600x186.jpg 600w, https:\/\/as-schwabe.de\/wp-content\/uploads\/2024\/12\/ASS-000-19-A_Bereich-Camping-Umsetzung-1-768x238.jpg 768w\" sizes=\"(max-width: 970px) 100vw, 970px\" \/>\t\t\t\t\t\t\t\t\t\t\t\t\t\t\t<\/div>\n\t\t\t\t<div class=\"elementor-element elementor-element-55c2fe2 elementor-widget elementor-widget-spacer\" data-id=\"55c2fe2\" data-element_type=\"widget\" data-widget_type=\"spacer.default\">\n\t\t\t\t\t\t\t<div class=\"elementor-spacer\">\n\t\t\t<div class=\"elementor-spacer-inner\"><\/div>\n\t\t<\/div>\n\t\t\t\t\t\t<\/div>\n\t\t\t\t\t<\/div>\n\t\t\t\t<\/div>\n\t\t\t\t<div class=\"elementor-element elementor-element-f8f4d37 e-con-full e-flex e-con e-child\" data-id=\"f8f4d37\" data-element_type=\"container\">\r\n\t\t\t\t<div class=\"elementor-element elementor-element-ad6c40d e-con-full e-flex e-con e-child\" data-id=\"ad6c40d\" data-element_type=\"container\">\r\n\t\t\t\t<div class=\"elementor-element elementor-element-537c1a0 elementor-widget elementor-widget-image\" data-id=\"537c1a0\" data-element_type=\"widget\" data-widget_type=\"image.default\">\n\t\t\t\t\t\t\t\t\t\t\t\t\t\t\t<img decoding=\"async\" width=\"135\" height=\"152\" src=\"https:\/\/as-schwabe.de\/wp-content\/uploads\/2024\/12\/Icon_Camping_Kabelquerschnitt.jpg\" class=\"attachment-full size-full wp-image-3740\" alt=\"\" \/>\t\t\t\t\t\t\t\t\t\t\t\t\t\t\t<\/div>\n\t\t\t\t<div class=\"elementor-element elementor-element-b40c6a1 elementor-widget elementor-widget-image\" data-id=\"b40c6a1\" data-element_type=\"widget\" data-widget_type=\"image.default\">\n\t\t\t\t\t\t\t\t\t\t\t\t\t\t\t<img decoding=\"async\" width=\"135\" height=\"148\" src=\"https:\/\/as-schwabe.de\/wp-content\/uploads\/2024\/12\/Logo_Made_in_GER.jpg\" class=\"attachment-full size-full wp-image-3741\" alt=\"\" \/>\t\t\t\t\t\t\t\t\t\t\t\t\t\t\t<\/div>\n\t\t\t\t<\/div>\n\t\t\t\t<div class=\"elementor-element elementor-element-3e31798 e-con-full e-flex e-con e-child\" data-id=\"3e31798\" data-element_type=\"container\">\r\n\t\t\t\t<div class=\"elementor-element elementor-element-0a375ce elementor-widget elementor-widget-text-editor\" data-id=\"0a375ce\" data-element_type=\"widget\" data-widget_type=\"text-editor.default\">\n\t\t\t\t\t\t\t\t\t<p class=\"translation-block\">Nale\u017cy przestrzega\u0107 og\u00f3lnych wytycznych dotycz\u0105cych zasilania na kempingach i w kamperach. Zgodnie z norm\u0105 DIN VDE 0100-721 wymagane s\u0105 tzw. wytrzyma\u0142e przewody neoprenowe z oznaczeniem <b>H07RN-F<\/b> lub wy\u017cszej jako\u015bci z przekrojem kabla <b>2,5 mm2<\/b> lub wy\u017cszym. Ponadto nie wolno przekracza\u0107 maksymalnej <b>d\u0142ugo\u015bci kabla 25 m<\/b> plus, ewentualnie <b>adapter o d\u0142ugo\u015bci 1,5 m<\/b>.<\/p>\t\t\t\t\t\t\t\t<\/div>\n\t\t\t\t<\/div>\n\t\t\t\t<\/div>\n\t\t\t\t<div class=\"elementor-element elementor-element-3f01ad4 e-flex e-con-boxed e-con e-parent\" data-id=\"3f01ad4\" data-element_type=\"container\">\r\n\t\t\t\t\t<div class=\"e-con-inner\">\r\n\t\t\t\t\t<div class=\"elementor-element elementor-element-42a358d elementor-widget elementor-widget-spacer\" data-id=\"42a358d\" data-element_type=\"widget\" data-widget_type=\"spacer.default\">\n\t\t\t\t\t\t\t<div class=\"elementor-spacer\">\n\t\t\t<div class=\"elementor-spacer-inner\"><\/div>\n\t\t<\/div>\n\t\t\t\t\t\t<\/div>\n\t\t\t\t\t<\/div>\n\t\t\t\t<\/div>\n\t\t\t\t<div class=\"elementor-element elementor-element-7a2a667 e-flex e-con-boxed e-con e-parent\" data-id=\"7a2a667\" data-element_type=\"container\">\r\n\t\t\t\t\t<div class=\"e-con-inner\">\r\n\t\t\t\t\t<div class=\"elementor-element elementor-element-b2d47af elementor-widget elementor-widget-text-editor\" data-id=\"b2d47af\" data-element_type=\"widget\" data-widget_type=\"text-editor.default\">\n\t\t\t\t\t\t\t\t\t<p class=\"translation-block\">Wymagania te stanowi\u0105 cz\u0119\u015b\u0107 wszystkich <b>przepis\u00f3w obowi\u0105zuj\u0105cych na placach kempingowych<\/b> w Europie. W przypadku niestosowania si\u0119 do tych zasad mo\u017cesz zosta\u0107 poproszony przez w\u0142a\u015bciciela kempingu o wypo\u017cyczenie lub <b>zakup kabla<\/b> na miejscu. Je\u017celi odrzucisz ofert\u0119 operatora obiektu, mo\u017cesz <b>otrzyma\u0107 zakaz korzystania z energii\nna jego terenie<\/b>. Je\u015bli uzyskasz nieuprawniony dost\u0119p do pr\u0105du zasilaj\u0105cego, pope\u0142niasz przest\u0119pstwo, kt\u00f3re zwykle ko\u0144czy\nsi\u0119 <b>nakazem opuszczenia obiektu<\/b>.<\/p><p class=\"translation-block\">Zgodno\u015b\u0107 z opisanymi powy\u017cej wytycznymi jest szczeg\u00f3lnie wa\u017cna ze wzgl\u0119d\u00f3w ubezpieczeniowych. Na przyk\u0142ad zbyt ma\u0142e\nprzekroje kabli mog\u0105 prowadzi\u0107 do po\u017caru, je\u015bli obci\u0105\u017cenie pr\u0105dowe jest zbyt wysokie. Je\u015bli w kamperze lub na kempingu dojdzie do uszkodzenia spowodowanego <b>przez nieautoryzowane okablowanie, ochrona ubezpieczeniowa wygasa<\/b>. Musisz wtedy sam ponie\u015b\u0107 odpowiedzialno\u015b\u0107 za szkod\u0119 i pokry\u0107 powsta\u0142e koszty.<\/p>\t\t\t\t\t\t\t\t<\/div>\n\t\t\t\t\t<\/div>\n\t\t\t\t<\/div>\n\t\t\t\t<div class=\"elementor-element elementor-element-3bf420c e-con-full e-flex e-con e-child\" data-id=\"3bf420c\" data-element_type=\"container\">\r\n\t\t\t\t<div class=\"elementor-element elementor-element-f12ee71 e-con-full e-flex e-con e-child\" data-id=\"f12ee71\" data-element_type=\"container\">\r\n\t\t\t\t<div class=\"elementor-element elementor-element-4adef77 elementor-widget elementor-widget-image\" data-id=\"4adef77\" data-element_type=\"widget\" data-widget_type=\"image.default\">\n\t\t\t\t\t\t\t\t\t\t\t\t\t\t\t<img loading=\"lazy\" decoding=\"async\" width=\"135\" height=\"148\" src=\"https:\/\/as-schwabe.de\/wp-content\/uploads\/2024\/12\/Icon_Camping_Kabellaenge.jpg\" class=\"attachment-full size-full wp-image-3742\" alt=\"\" \/>\t\t\t\t\t\t\t\t\t\t\t\t\t\t\t<\/div>\n\t\t\t\t<div class=\"elementor-element elementor-element-7b7cef8 elementor-widget elementor-widget-image\" data-id=\"7b7cef8\" data-element_type=\"widget\" data-widget_type=\"image.default\">\n\t\t\t\t\t\t\t\t\t\t\t\t\t\t\t<img decoding=\"async\" width=\"135\" height=\"148\" src=\"https:\/\/as-schwabe.de\/wp-content\/uploads\/2024\/12\/Logo_Made_in_GER.jpg\" class=\"attachment-full size-full wp-image-3741\" alt=\"\" \/>\t\t\t\t\t\t\t\t\t\t\t\t\t\t\t<\/div>\n\t\t\t\t<\/div>\n\t\t\t\t<div class=\"elementor-element elementor-element-8c1412f e-con-full e-flex e-con e-child\" data-id=\"8c1412f\" data-element_type=\"container\">\r\n\t\t\t\t<div class=\"elementor-element elementor-element-06d172f elementor-widget elementor-widget-text-editor\" data-id=\"06d172f\" data-element_type=\"widget\" data-widget_type=\"text-editor.default\">\n\t\t\t\t\t\t\t\t\t<p class=\"translation-block\">Ze wzgl\u0119d\u00f3w <b>bezpiecze\u0144stwa<\/b> w zakresie obchodzenia si\u0119 z elektryczno\u015bci\u0105 zaleca si\u0119 r\u00f3wnie\u017c stosowanie produkt\u00f3w elektrycznych z przewodami o d\u0142ugo\u015bci kabla <b>nie mniejszej ni\u017c 1,5 m<\/b>. Taka d\u0142ugo\u015b\u0107 kabla umo\u017cliwia pod\u0142\u0105czenie przed\u0142u\u017cacza do gniazdka \u015bciennego lub gniazda zasilania na odpowiednim poziomie i u\u017cycie kabla wraz z gniazdem, np. na pod\u0142odze lub pod pojazdem.<\/p>\t\t\t\t\t\t\t\t<\/div>\n\t\t\t\t<\/div>\n\t\t\t\t<\/div>\n\t\t\t\t<div class=\"elementor-element elementor-element-8d9697e e-flex e-con-boxed e-con e-parent\" data-id=\"8d9697e\" data-element_type=\"container\">\r\n\t\t\t\t\t<div class=\"e-con-inner\">\r\n\t\t\t\t\t<div class=\"elementor-element elementor-element-9d53595 elementor-widget elementor-widget-spacer\" data-id=\"9d53595\" data-element_type=\"widget\" data-widget_type=\"spacer.default\">\n\t\t\t\t\t\t\t<div class=\"elementor-spacer\">\n\t\t\t<div class=\"elementor-spacer-inner\"><\/div>\n\t\t<\/div>\n\t\t\t\t\t\t<\/div>\n\t\t\t\t\t<\/div>\n\t\t\t\t<\/div>\n\t\t\t\t<div class=\"elementor-element elementor-element-b5c88dd e-flex e-con-boxed e-con e-parent\" data-id=\"b5c88dd\" data-element_type=\"container\">\r\n\t\t\t\t\t<div class=\"e-con-inner\">\r\n\t\t\t\t\t<div class=\"elementor-element elementor-element-77f3054 elementor-widget elementor-widget-text-editor\" data-id=\"77f3054\" data-element_type=\"widget\" data-widget_type=\"text-editor.default\">\n\t\t\t\t\t\t\t\t\t<p class=\"translation-block\">Zalet\u0105 tego rozwi\u0105zania jest to, \u017ce po pod\u0142\u0105czeniu odbiornika nie ma napr\u0119\u017cenia na przewodzie mi\u0119dzy wtyczk\u0105 a gniazdem. Ponadto wtyczka nie jest obci\u0105\u017cona. Nale\u017cy zawsze unika\u0107 napr\u0119\u017ce\u0144 rozci\u0105gaj\u0105cych na tych dw\u00f3ch po\u0142\u0105czeniach, poniewa\u017c <b>lu\u017ane po\u0142\u0105czenia stykowe<\/b> mog\u0105 <b>spowodowa\u0107 po\u017car<\/b>. Zwarcia mog\u0105 r\u00f3wnie\u017c spowodowa\u0107 <b>uszkodzenie pod\u0142\u0105czonych urz\u0105dze\u0144<\/b>. Je\u015bli chcesz mie\u0107 pewno\u015b\u0107, rozwa\u017c nasz\u0105 wskaz\u00f3wk\u0119 i u\u017cywaj wy\u0142\u0105cznie produkt\u00f3w o minimalnej d\u0142ugo\u015bci kabla 1,5 m.<\/p>\t\t\t\t\t\t\t\t<\/div>\n\t\t\t\t\t<\/div>\n\t\t\t\t<\/div>\n\t\t\t\t<div class=\"elementor-element elementor-element-fe8113b e-flex e-con-boxed e-con e-parent\" data-id=\"fe8113b\" data-element_type=\"container\">\r\n\t\t\t\t\t<div class=\"e-con-inner\">\r\n\t\t\t\t\t<div class=\"elementor-element elementor-element-99696b3 elementor-widget elementor-widget-wolmart_widget_button\" data-id=\"99696b3\" data-element_type=\"widget\" data-settings=\"{&quot;_animation&quot;:&quot;none&quot;,&quot;_animation_delay&quot;:800}\" data-widget_type=\"wolmart_widget_button.default\">\n\t\t\t\t<div class=\"elementor-widget-container\">\n\t\t\t\t\t<a class=\"btn btn-ellipse btn-white btn-infinite btn-icon-right btn-slide-left\" href=\"https:\/\/as-schwabe.de\/pl\/kategoria-produktu\/kemping-i-karavaning\/\" >Do programu kempingowego<i class=\"w-icon-angle-right\"><\/i><\/a>\t\t\t\t<\/div>\n\t\t\t\t<\/div>\n\t\t\t\t\t<\/div>\n\t\t\t\t<\/div>\n\t\t\t\t<\/div>","protected":false},"excerpt":{"rendered":"<p>Cam\u00adping\u00adur\u00adlaub mit der rich\u00adti\u00adgen Strom\u00adver\u00adsor\u00adgung Wer seinen Campingurlaub ohne b\u00f6se \u00dcberraschungen verbringen m\u00f6chte, pr\u00fcft vor der Abreise sein Equipment auf Vollst\u00e4ndigkeit und Funktionsf\u00e4higkeit. Nicht zu vernachl\u00e4ssigen ist dabei die Ausstattung rund um die mobile Stromversorgung. Damit Sie nur elektrotechnische Produkte mitnehmen, die Sie auf dem Campingplatz auch verwenden d\u00fcrfen, kl\u00e4ren wir Sie dar\u00fcber auf, was [&hellip;]<\/p>","protected":false},"author":1,"featured_media":0,"parent":3492,"menu_order":0,"comment_status":"closed","ping_status":"closed","template":"","meta":{"inline_featured_image":false,"footnotes":""},"class_list":["post-3592","page","type-page","status-publish","hentry"],"aioseo_notices":[],"_links":{"self":[{"href":"https:\/\/as-schwabe.de\/pl\/wp-json\/wp\/v2\/pages\/3592","targetHints":{"allow":["GET"]}}],"collection":[{"href":"https:\/\/as-schwabe.de\/pl\/wp-json\/wp\/v2\/pages"}],"about":[{"href":"https:\/\/as-schwabe.de\/pl\/wp-json\/wp\/v2\/types\/page"}],"author":[{"embeddable":true,"href":"https:\/\/as-schwabe.de\/pl\/wp-json\/wp\/v2\/users\/1"}],"replies":[{"embeddable":true,"href":"https:\/\/as-schwabe.de\/pl\/wp-json\/wp\/v2\/comments?post=3592"}],"version-history":[{"count":0,"href":"https:\/\/as-schwabe.de\/pl\/wp-json\/wp\/v2\/pages\/3592\/revisions"}],"up":[{"embeddable":true,"href":"https:\/\/as-schwabe.de\/pl\/wp-json\/wp\/v2\/pages\/3492"}],"wp:attachment":[{"href":"https:\/\/as-schwabe.de\/pl\/wp-json\/wp\/v2\/media?parent=3592"}],"curies":[{"name":"wp","href":"https:\/\/api.w.org\/{rel}","templated":true}]}}