{"id":3591,"date":"2024-12-18T17:53:48","date_gmt":"2024-12-18T17:53:48","guid":{"rendered":"https:\/\/as2025.as-schwabe.de\/?page_id=3591"},"modified":"2025-01-12T21:34:44","modified_gmt":"2025-01-12T21:34:44","slug":"prcd","status":"publish","type":"page","link":"https:\/\/as-schwabe.de\/pl\/o-firmie\/informacje\/prcd\/","title":{"rendered":"PRCD"},"content":{"rendered":"<div data-elementor-type=\"wp-page\" data-elementor-id=\"3591\" class=\"elementor elementor-3591\" data-elementor-post-type=\"page\">\n\t\t\t\t\t\t<div class=\"elementor-element elementor-element-c891001 e-flex e-con-boxed e-con e-parent\" data-id=\"c891001\" data-element_type=\"container\">\r\n\t\t\t\t\t<div class=\"e-con-inner\">\r\n\t\t\t\t\t<div class=\"elementor-element elementor-element-1fa29f1 elementor-widget elementor-widget-heading\" data-id=\"1fa29f1\" data-element_type=\"widget\" data-widget_type=\"heading.default\">\n\t\t\t\t\t<h1 class=\"elementor-heading-title elementor-size-default\">PRCD i PRCD-S<\/h1>\t\t\t\t<\/div>\n\t\t\t\t\t<\/div>\n\t\t\t\t<\/div>\n\t\t\t\t<div class=\"elementor-element elementor-element-3e44154 e-flex e-con-boxed e-con e-parent\" data-id=\"3e44154\" data-element_type=\"container\">\r\n\t\t\t\t\t<div class=\"e-con-inner\">\r\n\t\t\t\t\t<div class=\"elementor-element elementor-element-3b63172 elementor-widget elementor-widget-heading\" data-id=\"3b63172\" data-element_type=\"widget\" data-widget_type=\"heading.default\">\n\t\t\t\t\t<h2 class=\"elementor-heading-title elementor-size-default\">Produkty z zakresu elektrycznej ochrony indywidualnej<\/h2>\t\t\t\t<\/div>\n\t\t\t\t\t<\/div>\n\t\t\t\t<\/div>\n\t\t\t\t<div class=\"elementor-element elementor-element-c2b6ab0 e-flex e-con-boxed e-con e-parent\" data-id=\"c2b6ab0\" data-element_type=\"container\">\r\n\t\t\t\t\t<div class=\"e-con-inner\">\r\n\t\t\t\t\t<div class=\"elementor-element elementor-element-b38957a elementor-widget elementor-widget-spacer\" data-id=\"b38957a\" data-element_type=\"widget\" data-widget_type=\"spacer.default\">\n\t\t\t\t\t\t\t<div class=\"elementor-spacer\">\n\t\t\t<div class=\"elementor-spacer-inner\"><\/div>\n\t\t<\/div>\n\t\t\t\t\t\t<\/div>\n\t\t\t\t\t<\/div>\n\t\t\t\t<\/div>\n\t\t\t\t<div class=\"elementor-element elementor-element-1ede41a e-flex e-con-boxed e-con e-parent\" data-id=\"1ede41a\" data-element_type=\"container\">\r\n\t\t\t\t\t<div class=\"e-con-inner\">\r\n\t\t\t\t\t<div class=\"elementor-element elementor-element-4ee481d elementor-widget elementor-widget-image\" data-id=\"4ee481d\" data-element_type=\"widget\" data-widget_type=\"image.default\">\n\t\t\t\t\t\t\t\t\t\t\t\t\t\t\t\t<a href=\"\/pl\/katgoria-produktu-2\/urzadzenia-elektrycznej-ochrony-osobistej\/\">\n\t\t\t\t\t\t\t<img fetchpriority=\"high\" decoding=\"async\" width=\"1920\" height=\"721\" src=\"https:\/\/as-schwabe.de\/wp-content\/uploads\/2024\/12\/Info_Header_PRCD_S.jpg\" class=\"attachment-full size-full wp-image-3746\" alt=\"\" srcset=\"https:\/\/as-schwabe.de\/wp-content\/uploads\/2024\/12\/Info_Header_PRCD_S.jpg 1920w, https:\/\/as-schwabe.de\/wp-content\/uploads\/2024\/12\/Info_Header_PRCD_S-600x225.jpg 600w, https:\/\/as-schwabe.de\/wp-content\/uploads\/2024\/12\/Info_Header_PRCD_S-1024x385.jpg 1024w, https:\/\/as-schwabe.de\/wp-content\/uploads\/2024\/12\/Info_Header_PRCD_S-768x288.jpg 768w, https:\/\/as-schwabe.de\/wp-content\/uploads\/2024\/12\/Info_Header_PRCD_S-1536x577.jpg 1536w\" sizes=\"(max-width: 1920px) 100vw, 1920px\" \/>\t\t\t\t\t\t\t\t<\/a>\n\t\t\t\t\t\t\t\t\t\t\t\t\t\t\t<\/div>\n\t\t\t\t\t<\/div>\n\t\t\t\t<\/div>\n\t\t\t\t<div class=\"elementor-element elementor-element-1f2e692 e-flex e-con-boxed e-con e-parent\" data-id=\"1f2e692\" data-element_type=\"container\">\r\n\t\t\t\t\t<div class=\"e-con-inner\">\r\n\t\t\t\t\t<div class=\"elementor-element elementor-element-eb9b80f elementor-widget elementor-widget-spacer\" data-id=\"eb9b80f\" data-element_type=\"widget\" data-widget_type=\"spacer.default\">\n\t\t\t\t\t\t\t<div class=\"elementor-spacer\">\n\t\t\t<div class=\"elementor-spacer-inner\"><\/div>\n\t\t<\/div>\n\t\t\t\t\t\t<\/div>\n\t\t\t\t\t<\/div>\n\t\t\t\t<\/div>\n\t\t\t\t<div class=\"elementor-element elementor-element-4aba414 e-flex e-con-boxed e-con e-parent\" data-id=\"4aba414\" data-element_type=\"container\">\r\n\t\t\t\t\t<div class=\"e-con-inner\">\r\n\t\t\t\t\t<div class=\"elementor-element elementor-element-c9a7390 elementor-widget elementor-widget-heading\" data-id=\"c9a7390\" data-element_type=\"widget\" data-widget_type=\"heading.default\">\n\t\t\t\t\t<h2 class=\"elementor-heading-title elementor-size-default\">Co to jest PRCD-S?<\/h2>\t\t\t\t<\/div>\n\t\t\t\t\t<\/div>\n\t\t\t\t<\/div>\n\t\t\t\t<div class=\"elementor-element elementor-element-dd5622a e-flex e-con-boxed e-con e-parent\" data-id=\"dd5622a\" data-element_type=\"container\">\r\n\t\t\t\t\t<div class=\"e-con-inner\">\r\n\t\t\t\t\t<div class=\"elementor-element elementor-element-b6e0e25 elementor-widget elementor-widget-spacer\" data-id=\"b6e0e25\" data-element_type=\"widget\" data-widget_type=\"spacer.default\">\n\t\t\t\t\t\t\t<div class=\"elementor-spacer\">\n\t\t\t<div class=\"elementor-spacer-inner\"><\/div>\n\t\t<\/div>\n\t\t\t\t\t\t<\/div>\n\t\t\t\t\t<\/div>\n\t\t\t\t<\/div>\n\t\t\t\t<div class=\"elementor-element elementor-element-014df31 e-flex e-con-boxed e-con e-parent\" data-id=\"014df31\" data-element_type=\"container\">\r\n\t\t\t\t\t<div class=\"e-con-inner\">\r\n\t\t\t\t\t<div class=\"elementor-element elementor-element-41d74b6 elementor-widget elementor-widget-text-editor\" data-id=\"41d74b6\" data-element_type=\"widget\" data-widget_type=\"text-editor.default\">\n\t\t\t\t\t\t\t\t\t<p>PRCD-S (<b>P<\/b>ortable <b>R<\/b>esidual <b>C<\/b>urrent <b>D<\/b>evice-<b>S<\/b>afety) to przeno\u015bne urz\u0105dzenie r\u00f3\u017cnicowopr\u0105dowe z wykrywaniem przewodu\nuziemiaj\u0105cego lub monitorowaniem przewodu uziemiaj\u0105cego. Urz\u0105dzenia te s\u0142u\u017c\u0105 do zapewnienia ochrony przed wypadkami elektrycznymi i s\u0105 pod\u0142\u0105czane mi\u0119dzy odbiornikiem elektrycznym (np. elektronarz\u0119dziem) a gniazdem w taki\nsam spos\u00f3b, jak przed\u0142u\u017cacz.<\/p>\t\t\t\t\t\t\t\t<\/div>\n\t\t\t\t\t<\/div>\n\t\t\t\t<\/div>\n\t\t\t\t<div class=\"elementor-element elementor-element-7a9f217 e-flex e-con-boxed e-con e-parent\" data-id=\"7a9f217\" data-element_type=\"container\">\r\n\t\t\t\t\t<div class=\"e-con-inner\">\r\n\t\t\t\t\t<div class=\"elementor-element elementor-element-3223719 elementor-widget elementor-widget-spacer\" data-id=\"3223719\" data-element_type=\"widget\" data-widget_type=\"spacer.default\">\n\t\t\t\t\t\t\t<div class=\"elementor-spacer\">\n\t\t\t<div class=\"elementor-spacer-inner\"><\/div>\n\t\t<\/div>\n\t\t\t\t\t\t<\/div>\n\t\t\t\t\t<\/div>\n\t\t\t\t<\/div>\n\t\t\t\t<div class=\"elementor-element elementor-element-30210d4 e-flex e-con-boxed e-con e-parent\" data-id=\"30210d4\" data-element_type=\"container\">\r\n\t\t\t\t\t<div class=\"e-con-inner\">\r\n\t\t\t\t\t<div class=\"elementor-element elementor-element-41b54fa elementor-widget elementor-widget-heading\" data-id=\"41b54fa\" data-element_type=\"widget\" data-widget_type=\"heading.default\">\n\t\t\t\t\t<h2 class=\"elementor-heading-title elementor-size-default\">Jak dzia\u0142a PRCD-S?<\/h2>\t\t\t\t<\/div>\n\t\t\t\t\t<\/div>\n\t\t\t\t<\/div>\n\t\t\t\t<div class=\"elementor-element elementor-element-c244cc6 e-flex e-con-boxed e-con e-parent\" data-id=\"c244cc6\" data-element_type=\"container\">\r\n\t\t\t\t\t<div class=\"e-con-inner\">\r\n\t\t\t\t\t<div class=\"elementor-element elementor-element-5be60a5 elementor-widget elementor-widget-spacer\" data-id=\"5be60a5\" data-element_type=\"widget\" data-widget_type=\"spacer.default\">\n\t\t\t\t\t\t\t<div class=\"elementor-spacer\">\n\t\t\t<div class=\"elementor-spacer-inner\"><\/div>\n\t\t<\/div>\n\t\t\t\t\t\t<\/div>\n\t\t\t\t\t<\/div>\n\t\t\t\t<\/div>\n\t\t\t\t<div class=\"elementor-element elementor-element-09f6aaf e-flex e-con-boxed e-con e-parent\" data-id=\"09f6aaf\" data-element_type=\"container\">\r\n\t\t\t\t\t<div class=\"e-con-inner\">\r\n\t\t\t\t\t<div class=\"elementor-element elementor-element-91690f6 elementor-widget elementor-widget-text-editor\" data-id=\"91690f6\" data-element_type=\"widget\" data-widget_type=\"text-editor.default\">\n\t\t\t\t\t\t\t\t\t<div id=\"c837\" class=\"frame frame-default frame-type-text frame-layout-0\"><p>Podczas pr\u00f3by w\u0142\u0105czenia urz\u0105dzenia PRCD-S sprawdzana jest instalacja elektryczna linii zasilaj\u0105cej. <b>PRCD-S mo\u017cna w\u0142\u0105czy\u0107 tylko wtedy, gdy instalacja jest sprawna<\/b>. Dopiero wtedy mo\u017cna uruchomi\u0107 pod\u0142\u0105czone urz\u0105dzenie. Dzi\u0119ki tej funkcji PRCD-S zapobiega wypadkom spowodowanym przez wadliwe instalacje elektryczne, takie jak brak przewodu\nochronnego. B\u0142\u0119dy takie mo\u017cna zwykle wykry\u0107 jedynie po dok\u0142adniejszym badaniu i dlatego s\u0105 one szczeg\u00f3lnie niebezpieczne.<\/p><\/div><div id=\"c838\" class=\"frame frame-default frame-type-themeasschwabe_fluidcols1 frame-layout-0\"><div class=\"row fluid-1-cols\"><div class=\"col-xs-12\"><div class=\"wow fadeIn\"><div id=\"c839\" class=\"frame frame-default frame-type-text frame-layout-0\"><p>PRCD-S zapewnia t\u0119 ochron\u0119 tylko wtedy, <b>gdy jest w\u0142\u0105czany bez r\u0119kawic<\/b>, tj. przy bezpo\u015brednim kontakcie ze sk\u00f3r\u0105, poniewa\u017c podczas procesu w\u0142\u0105czania wykonywany jest pomiar potencja\u0142u uziemienia przez cia\u0142o u\u017cytkownika.<\/p><p>Podczas dzia\u0142ania odbiornika elektrycznego, PRCD-S przejmuje funkcj\u0119 wy\u0142\u0105cznika r\u00f3\u017cnicowopr\u0105dowego\ni <b>chroni<\/b> u\u017cytkownika przed niebezpiecznymi pr\u0105dami, kt\u00f3re mog\u0105 by\u0107 spowodowane przez wady w instalacji elektrycznej.<\/p><p>Dodatkowo uk\u0142ad PRCD-S posiada <b>wyzwalacz podnapi\u0119ciowy<\/b>. Zapobiega to automatycznemu w\u0142\u0105czaniu si\u0119 urz\u0105dze\u0144, takich jak np. szlifierki k\u0105towe, po awarii zasilania, gdy tylko zasilanie jest ponownie dost\u0119pne.<\/p><\/div><\/div><\/div><\/div><\/div>\t\t\t\t\t\t\t\t<\/div>\n\t\t\t\t\t<\/div>\n\t\t\t\t<\/div>\n\t\t\t\t<div class=\"elementor-element elementor-element-085146a e-flex e-con-boxed e-con e-parent\" data-id=\"085146a\" data-element_type=\"container\">\r\n\t\t\t\t\t<div class=\"e-con-inner\">\r\n\t\t\t\t\t<div class=\"elementor-element elementor-element-975bf0e elementor-widget elementor-widget-spacer\" data-id=\"975bf0e\" data-element_type=\"widget\" data-widget_type=\"spacer.default\">\n\t\t\t\t\t\t\t<div class=\"elementor-spacer\">\n\t\t\t<div class=\"elementor-spacer-inner\"><\/div>\n\t\t<\/div>\n\t\t\t\t\t\t<\/div>\n\t\t\t\t\t<\/div>\n\t\t\t\t<\/div>\n\t\t\t\t<div class=\"elementor-element elementor-element-6f3446e e-flex e-con-boxed e-con e-parent\" data-id=\"6f3446e\" data-element_type=\"container\">\r\n\t\t\t\t\t<div class=\"e-con-inner\">\r\n\t\t\t\t\t<div class=\"elementor-element elementor-element-b338317 elementor-widget elementor-widget-heading\" data-id=\"b338317\" data-element_type=\"widget\" data-widget_type=\"heading.default\">\n\t\t\t\t\t<h2 class=\"elementor-heading-title elementor-size-default\">Jaka jest r\u00f3\u017cnica mi\u0119dzy PRCD a PRCD-S?<\/h2>\t\t\t\t<\/div>\n\t\t\t\t\t<\/div>\n\t\t\t\t<\/div>\n\t\t\t\t<div class=\"elementor-element elementor-element-4704ba4 e-flex e-con-boxed e-con e-parent\" data-id=\"4704ba4\" data-element_type=\"container\">\r\n\t\t\t\t\t<div class=\"e-con-inner\">\r\n\t\t\t\t\t<div class=\"elementor-element elementor-element-c882db1 elementor-widget elementor-widget-spacer\" data-id=\"c882db1\" data-element_type=\"widget\" data-widget_type=\"spacer.default\">\n\t\t\t\t\t\t\t<div class=\"elementor-spacer\">\n\t\t\t<div class=\"elementor-spacer-inner\"><\/div>\n\t\t<\/div>\n\t\t\t\t\t\t<\/div>\n\t\t\t\t\t<\/div>\n\t\t\t\t<\/div>\n\t\t\t\t<div class=\"elementor-element elementor-element-bc2cad4 e-flex e-con-boxed e-con e-parent\" data-id=\"bc2cad4\" data-element_type=\"container\">\r\n\t\t\t\t\t<div class=\"e-con-inner\">\r\n\t\t\t\t\t<div class=\"elementor-element elementor-element-78d1cc2 elementor-widget elementor-widget-text-editor\" data-id=\"78d1cc2\" data-element_type=\"widget\" data-widget_type=\"text-editor.default\">\n\t\t\t\t\t\t\t\t\t<div id=\"c837\" class=\"frame frame-default frame-type-text frame-layout-0\"><p><strong>PRCD<\/strong><br \/>PRCD to przeno\u015bny wy\u0142\u0105cznik ochrony osobistej z elektronicznym wyzwalaczem r\u00f3\u017cnicowopr\u0105dowym i wyzwalaczem podnapi\u0119ciowym:<\/p><ul><li>wykrywa pr\u0105dy resztkowe, kt\u00f3re powstaj\u0105 np. w wyniku dotkni\u0119cia uszkodzonego urz\u0105dzenia elektrycznego i przerywa przep\u0142yw pr\u0105du\nna tyle szybko, aby zapobiec wypadkom zagra\u017caj\u0105cym \u017cyciu,<\/li><li>posiada r\u00f3wnie\u017c zabezpieczenie podnapi\u0119ciowe, kt\u00f3re zapobiega wypadkom wt\u00f3rnym w przypadku zaniku napi\u0119cia sieciowego<br \/>\u00a0<\/li><\/ul><p><strong>PRCD-S<\/strong><br \/>PRCD-S to przeno\u015bne urz\u0105dzenie zabezpieczaj\u0105ce, kt\u00f3re umieszcza si\u0119 mi\u0119dzy urz\u0105dzeniem a gniazdkiem. Monitoruje instalacj\u0119 elektryczn\u0105\ni w przypadku wykrycia pr\u0105du r\u00f3\u017cnicowego automatycznie od\u0142\u0105cza wszystkie obwody, aby chroni\u0107 u\u017cytkownika. Analiza przep\u0142ywu pr\u0105du\nodbywa si\u0119 elektronicznie.<br \/>Dodatkowe funkcje w por\u00f3wnaniu do PRCD:<\/p><ul><li>sprawdza gniazdo, czy wyst\u0119puje faza L oraz. czy przew\u00f3d neutralny N i przew\u00f3d ochronny PE, s\u0105 prawid\u0142owo pod\u0142\u0105czone lub czy nie s\u0105\nzamienione miejscami,<\/li><li>umo\u017cliwia pobieranie pr\u0105du wy\u0142\u0105cznie z bezpiecznego gniazdka,<\/li><li>sprawdza przew\u00f3d ochronny przy w\u0142\u0105czaniu,<\/li><li>monitoruje przew\u00f3d ochronny podczas pracy,<\/li><li>w przypadku wykrycia b\u0142\u0119du nie mo\u017cna go w\u0142\u0105czy\u0107,<\/li><li>wy\u0142\u0105cza si\u0119 automatycznie w przypadku wyst\u0105pienia b\u0142\u0119du (np. przerwania przewodu ochronnego),<\/li><li>nie wy\u0142\u0105cza si\u0119, je\u015bli zewn\u0119trzne napi\u0119cie zostanie przy\u0142o\u017cone do przewodu uziemiaj\u0105cego, np. w wyniku wwiercenia si\u0119 w kabel, poniewa\u017c\nPRCD-S nie wy\u0142\u0105cza si\u0119 w tym przypadku, poprzedzaj\u0105ce urz\u0105dzenie zabezpieczaj\u0105ce mo\u017ce zareagowa\u0107 i przerwa\u0107 obw\u00f3d.<\/li><\/ul><p>Stowarzyszenia zawodowe i ubezpieczyciele zalecaj\u0105, jako punkt zasilania na ma\u0142ych budowach, rozdzielacze ochronne i przeno\u015bne\nurz\u0105dzenia ochronne z monitorowaniem przewodu ochronnego (PRCD-S)!<\/p><\/div>\t\t\t\t\t\t\t\t<\/div>\n\t\t\t\t\t<\/div>\n\t\t\t\t<\/div>\n\t\t\t\t<div class=\"elementor-element elementor-element-d03b392 e-flex e-con-boxed e-con e-parent\" data-id=\"d03b392\" data-element_type=\"container\">\r\n\t\t\t\t\t<div class=\"e-con-inner\">\r\n\t\t\t\t\t<div class=\"elementor-element elementor-element-628f051 elementor-widget elementor-widget-spacer\" data-id=\"628f051\" data-element_type=\"widget\" data-widget_type=\"spacer.default\">\n\t\t\t\t\t\t\t<div class=\"elementor-spacer\">\n\t\t\t<div class=\"elementor-spacer-inner\"><\/div>\n\t\t<\/div>\n\t\t\t\t\t\t<\/div>\n\t\t\t\t\t<\/div>\n\t\t\t\t<\/div>\n\t\t\t\t<div class=\"elementor-element elementor-element-d86d413 e-flex e-con-boxed e-con e-parent\" data-id=\"d86d413\" data-element_type=\"container\">\r\n\t\t\t\t\t<div class=\"e-con-inner\">\r\n\t\t\t\t\t<div class=\"elementor-element elementor-element-a245c4b elementor-widget elementor-widget-heading\" data-id=\"a245c4b\" data-element_type=\"widget\" data-widget_type=\"heading.default\">\n\t\t\t\t\t<h2 class=\"elementor-heading-title elementor-size-default\">Dlaczego zdecydowanie zalecamy jego stosowanie?<\/h2>\t\t\t\t<\/div>\n\t\t\t\t\t<\/div>\n\t\t\t\t<\/div>\n\t\t\t\t<div class=\"elementor-element elementor-element-42c4aca e-flex e-con-boxed e-con e-parent\" data-id=\"42c4aca\" data-element_type=\"container\">\r\n\t\t\t\t\t<div class=\"e-con-inner\">\r\n\t\t\t\t\t<div class=\"elementor-element elementor-element-50dbc34 elementor-widget elementor-widget-spacer\" data-id=\"50dbc34\" data-element_type=\"widget\" data-widget_type=\"spacer.default\">\n\t\t\t\t\t\t\t<div class=\"elementor-spacer\">\n\t\t\t<div class=\"elementor-spacer-inner\"><\/div>\n\t\t<\/div>\n\t\t\t\t\t\t<\/div>\n\t\t\t\t\t<\/div>\n\t\t\t\t<\/div>\n\t\t\t\t<div class=\"elementor-element elementor-element-80106d3 e-flex e-con-boxed e-con e-parent\" data-id=\"80106d3\" data-element_type=\"container\">\r\n\t\t\t\t\t<div class=\"e-con-inner\">\r\n\t\t\t\t\t<div class=\"elementor-element elementor-element-7632557 elementor-widget elementor-widget-text-editor\" data-id=\"7632557\" data-element_type=\"widget\" data-widget_type=\"text-editor.default\">\n\t\t\t\t\t\t\t\t\t<div id=\"c837\" class=\"frame frame-default frame-type-text frame-layout-0\"><div id=\"c842\" class=\"frame frame-default frame-type-themeasschwabe_fluidcols1 frame-layout-0\"><div class=\"row fluid-1-cols\"><div class=\"col-xs-12\"><div class=\"wow fadeIn\"><div id=\"c844\" class=\"frame frame-default frame-type-text frame-layout-0\"><p>Instytut Bada\u0144 nad Wypadkami Elektrycznymi (BG ETEM) odnotowa\u0142 ponad 3 800 wypadk\u00f3w elektrycznych w 2018\nroku. Wielu z nich mo\u017cna unikn\u0105\u0107, stosuj\u0105c PRCD-S. W celu zwi\u0119kszenia bezpiecze\u0144stwa, zw\u0142aszcza na placach budowy, BG BAU opracowa\u0142a rozporz\u0105dzenie dotycz\u0105ce zapobiegania wypadkom, kt\u00f3re stanowi, \u017ce:<\/p><blockquote><p>\u201eFirma musi zapewni\u0107, \u017ce systemy i urz\u0105dzenia elektryczne mog\u0105 by\u0107 eksploatowane wy\u0142\u0105cznie zgodnie z przepisami dotycz\u0105cymi elektrotechniki, a wszelkie stwierdzone usterki musz\u0105 by\u0107 natychmiast usuwane. W przypadku wyst\u0105pie- nia nag\u0142ego zagro\u017cenia nie wolno u\u017cywa\u0107 wadliwych materia\u0142\u00f3w eksploatacyjnych.\u201d<\/p><\/blockquote><\/div><\/div><\/div><\/div><\/div><div id=\"c845\" class=\"frame frame-default frame-type-text frame-layout-0 frame-space-after-medium\"><p>Aby spe\u0142ni\u0107 te przepisy, nale\u017cy zawsze u\u017cywa\u0107 kabli z wbudowanym PRCD-S na placu budowy. Dzi\u0119ki temu firmy i pracownicy s\u0105 bezpieczni, a jednocze\u015bnie bezpo\u015brednio inwestujemy w zdrowie i bezpiecze\u0144stwo, a w d\u0142u\u017cszej perspektywie oszcz\u0119dzamy firmie niepotrzebnych wydatk\u00f3w.<\/p><\/div><\/div>\t\t\t\t\t\t\t\t<\/div>\n\t\t\t\t\t<\/div>\n\t\t\t\t<\/div>\n\t\t\t\t<div class=\"elementor-element elementor-element-e7f3111 e-flex e-con-boxed e-con e-parent\" data-id=\"e7f3111\" data-element_type=\"container\">\r\n\t\t\t\t\t<div class=\"e-con-inner\">\r\n\t\t\t\t\t<div class=\"elementor-element elementor-element-7554611 elementor-widget elementor-widget-spacer\" data-id=\"7554611\" data-element_type=\"widget\" data-widget_type=\"spacer.default\">\n\t\t\t\t\t\t\t<div class=\"elementor-spacer\">\n\t\t\t<div class=\"elementor-spacer-inner\"><\/div>\n\t\t<\/div>\n\t\t\t\t\t\t<\/div>\n\t\t\t\t\t<\/div>\n\t\t\t\t<\/div>\n\t\t\t\t<div class=\"elementor-element elementor-element-f197cdf e-flex e-con-boxed e-con e-parent\" data-id=\"f197cdf\" data-element_type=\"container\">\r\n\t\t\t\t\t<div class=\"e-con-inner\">\r\n\t\t\t\t\t<div class=\"elementor-element elementor-element-409b939 elementor-widget elementor-widget-heading\" data-id=\"409b939\" data-element_type=\"widget\" data-widget_type=\"heading.default\">\n\t\t\t\t\t<h2 class=\"elementor-heading-title elementor-size-default\">Ochrona zdrowia i bezpiecze\u0144stwa w miejscu pracy dzi\u0119ki PRCD-S<\/h2>\t\t\t\t<\/div>\n\t\t\t\t\t<\/div>\n\t\t\t\t<\/div>\n\t\t\t\t<div class=\"elementor-element elementor-element-50ece38 e-flex e-con-boxed e-con e-parent\" data-id=\"50ece38\" data-element_type=\"container\">\r\n\t\t\t\t\t<div class=\"e-con-inner\">\r\n\t\t\t\t\t<div class=\"elementor-element elementor-element-77c47fb elementor-widget elementor-widget-spacer\" data-id=\"77c47fb\" data-element_type=\"widget\" data-widget_type=\"spacer.default\">\n\t\t\t\t\t\t\t<div class=\"elementor-spacer\">\n\t\t\t<div class=\"elementor-spacer-inner\"><\/div>\n\t\t<\/div>\n\t\t\t\t\t\t<\/div>\n\t\t\t\t\t<\/div>\n\t\t\t\t<\/div>\n\t\t\t\t<div class=\"elementor-element elementor-element-cd24ab5 e-flex e-con-boxed e-con e-parent\" data-id=\"cd24ab5\" data-element_type=\"container\">\r\n\t\t\t\t\t<div class=\"e-con-inner\">\r\n\t\t\t\t\t<div class=\"elementor-element elementor-element-b77016b elementor-widget elementor-widget-text-editor\" data-id=\"b77016b\" data-element_type=\"widget\" data-widget_type=\"text-editor.default\">\n\t\t\t\t\t\t\t\t\t<div class=\"quote-text\"><div class=\"quote-text\"><div class=\"quote-text\"><p><strong><span style=\"font-size: 18px;\">\"Wed\u0142ug BG BAU, na ka\u017cde euro zainwestowane w prewencj\u0119, oszcz\u0119dza si\u0119 dwa euro!\"<\/span><\/strong><\/p><\/div><div class=\"quote-author\"><p>(BG Bau aktuell magazyn 3\/2019)<\/p><\/div><\/div><\/div>\t\t\t\t\t\t\t\t<\/div>\n\t\t\t\t\t<\/div>\n\t\t\t\t<\/div>\n\t\t\t\t<div class=\"elementor-element elementor-element-ff51334 e-flex e-con-boxed e-con e-parent\" data-id=\"ff51334\" data-element_type=\"container\">\r\n\t\t\t\t\t<div class=\"e-con-inner\">\r\n\t\t\t\t\t<div class=\"elementor-element elementor-element-410c24c elementor-widget elementor-widget-spacer\" data-id=\"410c24c\" data-element_type=\"widget\" data-widget_type=\"spacer.default\">\n\t\t\t\t\t\t\t<div class=\"elementor-spacer\">\n\t\t\t<div class=\"elementor-spacer-inner\"><\/div>\n\t\t<\/div>\n\t\t\t\t\t\t<\/div>\n\t\t\t\t\t<\/div>\n\t\t\t\t<\/div>\n\t\t\t\t<div class=\"elementor-element elementor-element-fbd6017 e-con-full e-flex e-con e-parent\" data-id=\"fbd6017\" data-element_type=\"container\">\r\n\t\t\t\t<div class=\"elementor-element elementor-element-0dc3c9e elementor-widget elementor-widget-text-editor\" data-id=\"0dc3c9e\" data-element_type=\"widget\" data-widget_type=\"text-editor.default\">\n\t\t\t\t\t\t\t\t\t<div class=\"col-md-6 col-sm-6 col-xs-12\"><div class=\"wow fadeIn\"><div id=\"c848\" class=\"frame frame-default frame-type-text frame-layout-0\"><p>BG BAU jest ustawow\u0105 organizacj\u0105 ubezpiecze\u0144 wypadkowych dla bran\u017cy budowlanej i us\u0142ug zwi\u0105zanych z budownictwem w Niemczech. Od lat promuje inwestycje w bezpiecze\u0144stwo pracy poprzez r\u00f3\u017cne sk\u0142adki.<\/p><p>Pa\u0144stwowa Inspekcja Pracy (PIP) pe\u0142ni podobn\u0105 rol\u0119 do BG BAU w Niemczech, nadzoruj\u0105c warunki pracy,\nbezpiecze\u0144stwo oraz higien\u0119 pracy w Polsce, szczeg\u00f3lnie w sektorze budowlanym i pokrewnych bran\u017cach.\nJej celem jest m.in. zmniejszenie ogromnej liczby wypadk\u00f3w elektrycznych w bran\u017cy budowlanej.\u00a0<\/p><\/div><\/div><\/div><div>\u00a0<\/div><div class=\"col-md-6 col-sm-6 col-xs-12 last-col\"><div class=\"wow fadeIn\"><div id=\"c850\" class=\"frame frame-default frame-type-text frame-layout-0\"><p>Poni\u017cszych skutk\u00f3w dla firmy mo\u017cna unikn\u0105\u0107 dzi\u0119ki \u015brodkom zapobiegawczym w zakresie bezpiecze\u0144stwa i higieny pracy:<\/p><ul><li>Koszty wynikaj\u0105ce z utraty godzin pracy w przypadku \u015bmierci lub nieobecno\u015bci<\/li><li>Negatywny wp\u0142yw na porz\u0105dek publiczny ze wzgl\u0119du na brak zdolno\u015bci i mo\u017cliwe konsekwencje prawne<\/li><li>Kosztowne poszukiwanie pracownik\u00f3w zast\u0119pczych i ich czasoch\u0142onne szkolenie na wykwalifikowanych pracownik\u00f3w<\/li><li>Powtarzaj\u0105ce si\u0119 nieobecno\u015bci lub d\u0142ugotrwa\u0142e choroby pracownik\u00f3w cierpi\u0105cych na choroby zwi\u0105zane z prac\u0105<\/li><li>Utrata wydajno\u015bci pracownik\u00f3w z powodu wypadk\u00f3w zwi\u0105zanych z prac\u0105<\/li><\/ul><\/div><\/div><\/div>\t\t\t\t\t\t\t\t<\/div>\n\t\t\t\t<div class=\"elementor-element elementor-element-4baf556 elementor-widget elementor-widget-wolmart_widget_button\" data-id=\"4baf556\" data-element_type=\"widget\" data-settings=\"{&quot;_animation&quot;:&quot;none&quot;,&quot;_animation_delay&quot;:800}\" data-widget_type=\"wolmart_widget_button.default\">\n\t\t\t\t<div class=\"elementor-widget-container\">\n\t\t\t\t\t<a class=\"btn btn-ellipse btn-white btn-infinite btn-icon-right btn-slide-left\" href=\"\/pl\/kontakt\/formularz-kontaktowy\/\" >Wi\u0119cej informacji na temat finansowania BG Bau<i class=\"w-icon-angle-right\"><\/i><\/a>\t\t\t\t<\/div>\n\t\t\t\t<\/div>\n\t\t\t\t<\/div>\n\t\t\t\t<\/div>","protected":false},"excerpt":{"rendered":"<p>PRCD und PRCD-S Per\u00adso\u00adnen\u00adschutz zum Schutz vor Elek\u00adtroun\u00adf\u00e4l\u00adlen Was ist ein PRCD-S? Als PRCD-S (Portable Residual Current Device-Safety) werden ortsver\u00e4nderliche Fehlerstromschutzeinrichtungen mit Schutzleitererkennung bzw. Schutzleiter\u00fcberwachung bezeichnet. Sie dienen dem Schutz von Personen vor Elektrounf\u00e4llen und werden wie ein Verl\u00e4ngerungskabel zwischen einen elektrischen Verbraucher, z. B. ein Elektrowerkzeug, und einer Steckdose angeschlossen. Wie funktioniert ein PRCD-S? [&hellip;]<\/p>","protected":false},"author":1,"featured_media":0,"parent":3492,"menu_order":0,"comment_status":"closed","ping_status":"closed","template":"","meta":{"inline_featured_image":false,"footnotes":""},"class_list":["post-3591","page","type-page","status-publish","hentry"],"aioseo_notices":[],"_links":{"self":[{"href":"https:\/\/as-schwabe.de\/pl\/wp-json\/wp\/v2\/pages\/3591","targetHints":{"allow":["GET"]}}],"collection":[{"href":"https:\/\/as-schwabe.de\/pl\/wp-json\/wp\/v2\/pages"}],"about":[{"href":"https:\/\/as-schwabe.de\/pl\/wp-json\/wp\/v2\/types\/page"}],"author":[{"embeddable":true,"href":"https:\/\/as-schwabe.de\/pl\/wp-json\/wp\/v2\/users\/1"}],"replies":[{"embeddable":true,"href":"https:\/\/as-schwabe.de\/pl\/wp-json\/wp\/v2\/comments?post=3591"}],"version-history":[{"count":0,"href":"https:\/\/as-schwabe.de\/pl\/wp-json\/wp\/v2\/pages\/3591\/revisions"}],"up":[{"embeddable":true,"href":"https:\/\/as-schwabe.de\/pl\/wp-json\/wp\/v2\/pages\/3492"}],"wp:attachment":[{"href":"https:\/\/as-schwabe.de\/pl\/wp-json\/wp\/v2\/media?parent=3591"}],"curies":[{"name":"wp","href":"https:\/\/api.w.org\/{rel}","templated":true}]}}