{"id":3589,"date":"2024-12-18T17:53:19","date_gmt":"2024-12-18T17:53:19","guid":{"rendered":"https:\/\/as2025.as-schwabe.de\/?page_id=3589"},"modified":"2025-08-29T11:31:21","modified_gmt":"2025-08-29T11:31:21","slug":"metalowe-przedluzacze-bebnowe-ironcoat","status":"publish","type":"page","link":"https:\/\/as-schwabe.de\/pl\/o-firmie\/informacje\/metalowe-przedluzacze-bebnowe-ironcoat\/","title":{"rendered":"Metalowe przed\u0142u\u017cacze b\u0119bnowe IronCoat"},"content":{"rendered":"<div data-elementor-type=\"wp-page\" data-elementor-id=\"3589\" class=\"elementor elementor-3589\" data-elementor-post-type=\"page\">\n\t\t\t\t\t\t<div class=\"elementor-element elementor-element-f7718bb e-flex e-con-boxed e-con e-parent\" data-id=\"f7718bb\" data-element_type=\"container\">\r\n\t\t\t\t\t<div class=\"e-con-inner\">\r\n\t\t\t\t\t<div class=\"elementor-element elementor-element-4b37d60 elementor-widget elementor-widget-heading\" data-id=\"4b37d60\" data-element_type=\"widget\" data-widget_type=\"heading.default\">\n\t\t\t\t\t<h1 class=\"elementor-heading-title elementor-size-default\">Wzmacniane przed\u0142u\u017cacze b\u0119bnowe IronCoat<\/h1>\t\t\t\t<\/div>\n\t\t\t\t<div class=\"elementor-element elementor-element-d83f2df elementor-widget elementor-widget-spacer\" data-id=\"d83f2df\" data-element_type=\"widget\" data-widget_type=\"spacer.default\">\n\t\t\t\t\t\t\t<div class=\"elementor-spacer\">\n\t\t\t<div class=\"elementor-spacer-inner\"><\/div>\n\t\t<\/div>\n\t\t\t\t\t\t<\/div>\n\t\t\t\t<div class=\"elementor-element elementor-element-aa14ada elementor-widget elementor-widget-image\" data-id=\"aa14ada\" data-element_type=\"widget\" data-widget_type=\"image.default\">\n\t\t\t\t\t\t\t\t\t\t\t\t\t\t\t<img fetchpriority=\"high\" decoding=\"async\" width=\"1920\" height=\"721\" src=\"\/wp-content\/uploads\/2025\/01\/Info_Header_IronCoat_2-PL.png\" class=\"attachment-full size-full wp-image-3711\" alt=\"\" srcset=\"\" sizes=\"(max-width: 1920px) 100vw, 1920px\" data-srcset=\"\" \/>\t\t\t\t\t\t\t\t\t\t\t\t\t\t\t<\/div>\n\t\t\t\t<div class=\"elementor-element elementor-element-dd94ba7 elementor-widget elementor-widget-spacer\" data-id=\"dd94ba7\" data-element_type=\"widget\" data-widget_type=\"spacer.default\">\n\t\t\t\t\t\t\t<div class=\"elementor-spacer\">\n\t\t\t<div class=\"elementor-spacer-inner\"><\/div>\n\t\t<\/div>\n\t\t\t\t\t\t<\/div>\n\t\t\t\t\t<\/div>\n\t\t\t\t<\/div>\n\t\t\t\t<div class=\"elementor-element elementor-element-d57fa52 e-flex e-con-boxed e-con e-parent\" data-id=\"d57fa52\" data-element_type=\"container\">\r\n\t\t\t\t\t<div class=\"e-con-inner\">\r\n\t\t\t\t\t<div class=\"elementor-element elementor-element-b143ca2 elementor-widget elementor-widget-spacer\" data-id=\"b143ca2\" data-element_type=\"widget\" data-widget_type=\"spacer.default\">\n\t\t\t\t\t\t\t<div class=\"elementor-spacer\">\n\t\t\t<div class=\"elementor-spacer-inner\"><\/div>\n\t\t<\/div>\n\t\t\t\t\t\t<\/div>\n\t\t\t\t\t<\/div>\n\t\t\t\t<\/div>\n\t\t\t\t<div class=\"elementor-element elementor-element-2bd9cb3 e-flex e-con-boxed e-con e-parent\" data-id=\"2bd9cb3\" data-element_type=\"container\">\r\n\t\t\t\t\t<div class=\"e-con-inner\">\r\n\t\t\t\t\t<div class=\"elementor-element elementor-element-da2ce71 elementor-widget elementor-widget-text-editor\" data-id=\"da2ce71\" data-element_type=\"widget\" data-widget_type=\"text-editor.default\">\n\t\t\t\t\t\t\t\t\t<h3 class=\"\">Metalowe przed\u0142u\u017cacze b\u0119bnowe z serii IronCoat idealnie nadaj\u0105 si\u0119 do u\u017cytku profesjonalnego na budowach!<\/h3>\t\t\t\t\t\t\t\t<\/div>\n\t\t\t\t\t<\/div>\n\t\t\t\t<\/div>\n\t\t\t\t<div class=\"elementor-element elementor-element-a91fa86 e-flex e-con-boxed e-con e-parent\" data-id=\"a91fa86\" data-element_type=\"container\">\r\n\t\t\t\t\t<div class=\"e-con-inner\">\r\n\t\t\t\t\t<div class=\"elementor-element elementor-element-627a267 elementor-widget elementor-widget-text-editor\" data-id=\"627a267\" data-element_type=\"widget\" data-widget_type=\"text-editor.default\">\n\t\t\t\t\t\t\t\t\t<p>Metalowe przed\u0142u\u017cacze b\u0119bnowe IronCoat \u0142\u0105cz\u0105 w sobie zalety klasycznego b\u0119bna kablowego z blachy stalowej z ulepszon\u0105 ochron\u0105 przed\u00a0<strong>niebezpiecznymi\nnapi\u0119ciami kontaktowymi.<\/strong><\/p><p class=\"translation-block\">Specjalna, <b>opatentowana izolacja ochronna<\/b> cz\u0119\u015bci bocznych szpuli <b>chroni przed pora\u017ceniem pr\u0105dem<\/b> spowodowanym uszkodzonymi \u017cy\u0142ami kabla podczas jego zwijania. Oznacza to, \u017ce <b>pr\u0105d nie mo\u017ce zosta\u0107 doprowadzony z wn\u0119trza na zewn\u0119trzne cz\u0119\u015bci b\u0119bna kablowego<\/b>, kt\u00f3re mo\u017cna dotyka\u0107 na du\u017cej powierzchni, co zapewnia ochron\u0119 przed powa\u017cnymi uszkodzeniami zdrowia. Nasze <b>metalowe przed\u0142u\u017cacze b\u0119bnowe z izolacj\u0105 ochronn\u0105 IronCoat<\/b> stanowi\u0105 zatem istotny krok w rozwoju b\u0119bn\u00f3w kablowych do profesjonalnego u\u017cytku w trudnych warunkach \u015brodowiskowych na placach budowy i podczas monta\u017cu.<\/p>\t\t\t\t\t\t\t\t<\/div>\n\t\t\t\t\t<\/div>\n\t\t\t\t<\/div>\n\t\t\t\t<div class=\"elementor-element elementor-element-5882f7c e-flex e-con-boxed e-con e-parent\" data-id=\"5882f7c\" data-element_type=\"container\">\r\n\t\t\t\t\t<div class=\"e-con-inner\">\r\n\t\t\t\t\t<div class=\"elementor-element elementor-element-3ed8919 elementor-widget elementor-widget-spacer\" data-id=\"3ed8919\" data-element_type=\"widget\" data-widget_type=\"spacer.default\">\n\t\t\t\t\t\t\t<div class=\"elementor-spacer\">\n\t\t\t<div class=\"elementor-spacer-inner\"><\/div>\n\t\t<\/div>\n\t\t\t\t\t\t<\/div>\n\t\t\t\t\t<\/div>\n\t\t\t\t<\/div>\n\t\t\t\t<div class=\"elementor-element elementor-element-324a4b2 e-flex e-con-boxed e-con e-parent\" data-id=\"324a4b2\" data-element_type=\"container\">\r\n\t\t\t\t\t<div class=\"e-con-inner\">\r\n\t\t\t\t\t<div class=\"elementor-element elementor-element-34d0473 elementor-widget elementor-widget-image\" data-id=\"34d0473\" data-element_type=\"widget\" data-widget_type=\"image.default\">\n\t\t\t\t\t\t\t\t\t\t\t\t\t\t\t<img decoding=\"async\" width=\"1920\" height=\"1200\" src=\"\/wp-content\/uploads\/2025\/01\/ironcoat_opis_PL.png\" class=\"attachment-full size-full wp-image-3712\" alt=\"\" srcset=\"\" sizes=\"(max-width: 1920px) 100vw, 1920px\" data-srcset=\"\" \/>\t\t\t\t\t\t\t\t\t\t\t\t\t\t\t<\/div>\n\t\t\t\t\t<\/div>\n\t\t\t\t<\/div>\n\t\t\t\t<div class=\"elementor-element elementor-element-a12473c e-flex e-con-boxed e-con e-parent\" data-id=\"a12473c\" data-element_type=\"container\">\r\n\t\t\t\t\t<div class=\"e-con-inner\">\r\n\t\t\t\t\t<div class=\"elementor-element elementor-element-2427a40 elementor-widget elementor-widget-spacer\" data-id=\"2427a40\" data-element_type=\"widget\" data-widget_type=\"spacer.default\">\n\t\t\t\t\t\t\t<div class=\"elementor-spacer\">\n\t\t\t<div class=\"elementor-spacer-inner\"><\/div>\n\t\t<\/div>\n\t\t\t\t\t\t<\/div>\n\t\t\t\t\t<\/div>\n\t\t\t\t<\/div>\n\t\t\t\t<div class=\"elementor-element elementor-element-5c46ccd e-flex e-con-boxed e-con e-parent\" data-id=\"5c46ccd\" data-element_type=\"container\">\r\n\t\t\t\t\t<div class=\"e-con-inner\">\r\n\t\t\t\t\t<div class=\"elementor-element elementor-element-297952c elementor-widget elementor-widget-text-editor\" data-id=\"297952c\" data-element_type=\"widget\" data-widget_type=\"text-editor.default\">\n\t\t\t\t\t\t\t\t\t<div id=\"c1214\" class=\"frame frame-default frame-type-text frame-layout-0\"><p>Metalowe przed\u0142u\u017cacze b\u0119bnowe IronCoat zosta\u0142y przetestowane przez\u00a0<strong>DGUV (Niemieckie Ubezpieczenie Spo\u0142eczne od Wypadk\u00f3w)<\/strong>\u00a0i spe\u0142niaj\u0105 wymagania norm\u00a0<strong>GS-ET 35 \/ BGI 608<\/strong>, co czyni je idealnym rozwi\u0105zaniem do profesjonalnego u\u017cytku podczas prac na placach budowy.<\/p><\/div><div id=\"c1212\" class=\"frame frame-default frame-type-text frame-layout-0 frame-space-after-medium\"><p>Tutaj znajd\u0105 Pa\u0144stwo \u015bwiadectwo badania laboratoryjnego DGUV:<\/p><p><a href=\"\/wp-content\/uploads\/2024\/12\/IRONCOAT_DGUV.pdf\" target=\"_blank\" rel=\"noopener\">Link do raportu z bada\u0144<\/a><\/p><\/div>\t\t\t\t\t\t\t\t<\/div>\n\t\t\t\t\t<\/div>\n\t\t\t\t<\/div>\n\t\t\t\t<section class=\"elementor-section elementor-top-section elementor-element elementor-element-8c004ac elementor-section-height-min-height elementor-section-boxed elementor-section-height-default elementor-section-items-middle\" data-id=\"8c004ac\" data-element_type=\"section\">\r\n\t\t\t\t\t\t\t\t\t\t<div class=\"elementor-container elementor-column-gap-narrow\" >\r\n\t\t\t\t\t\t\t\t\t\t<div class=\"elementor-column elementor-col-50 elementor-top-column elementor-element elementor-element-f65f4a4\" data-id=\"f65f4a4\" data-element_type=\"column\">\r\n\t\t\t\r\n\t\t\t<div class=\"elementor-widget-wrap elementor-element-populated\">\r\n\t\t\t\t\t\t\t\t<div class=\"elementor-element elementor-element-377a030 elementor-widget elementor-widget-image\" data-id=\"377a030\" data-element_type=\"widget\" data-widget_type=\"image.default\">\n\t\t\t\t\t\t\t\t\t\t\t\t\t\t\t<img decoding=\"async\" width=\"417\" height=\"417\" src=\"https:\/\/as-schwabe.de\/wp-content\/uploads\/2024\/12\/Details_Xperts_IronCoat.jpg\" class=\"attachment-full size-full wp-image-3713\" alt=\"\" \/>\t\t\t\t\t\t\t\t\t\t\t\t\t\t\t<\/div>\n\t\t\t\t\t<\/div>\r\n\t\t\t\r\n\t\t<\/div>\r\n\t\t\t\t<div class=\"elementor-column elementor-col-50 elementor-top-column elementor-element elementor-element-3b30abf\" data-id=\"3b30abf\" data-element_type=\"column\">\r\n\t\t\t\r\n\t\t\t<div class=\"elementor-widget-wrap elementor-element-populated\">\r\n\t\t\t\t\t\t\t\t<div class=\"elementor-element elementor-element-05e9321 ml-lg-6 elementor-widget elementor-widget-heading\" data-id=\"05e9321\" data-element_type=\"widget\" data-widget_type=\"heading.default\">\n\t\t\t\t\t<h2 class=\"elementor-heading-title elementor-size-default\">Idealne po\u0142\u0105czenie<\/h2>\t\t\t\t<\/div>\n\t\t\t\t<div class=\"elementor-element elementor-element-720fdc9 ml-lg-6 elementor-widget elementor-widget-heading\" data-id=\"720fdc9\" data-element_type=\"widget\" data-widget_type=\"heading.default\">\n\t\t\t\t\t<h2 class=\"elementor-heading-title elementor-size-default\">Profesjonalne metalowe przed\u0142u\u017cacze b\u0119bnowe Xperts z izolacj\u0105 ochronn\u0105 IronCoat<\/h2>\t\t\t\t<\/div>\n\t\t\t\t<div class=\"elementor-element elementor-element-dcf1e4a elementor-widget__width-initial ml-lg-6 elementor-widget elementor-widget-text-editor\" data-id=\"dcf1e4a\" data-element_type=\"widget\" data-widget_type=\"text-editor.default\">\n\t\t\t\t\t\t\t\t\tStela\u017c naszych b\u0119bn\u00f3w kablowych Xperts zosta\u0142 zaprojektowany specjalnie z my\u015bl\u0105 o\u00a0<strong>zastosowaniu na placach budowy.<\/strong>\u00a0Po\u0142\u0105czenie funkcjonalnego designu z wysokiej jako\u015bci materia\u0142ami sprawia, \u017ce\u00a0<strong>przed\u0142u\u017cacze b\u0119bnowe Xperts s\u0105 wyj\u0105tkowo trwa\u0142e, stabilne i odporne na warunki atmosferyczne<\/strong>. W po\u0142\u0105czeniu z nasz\u0105\u00a0<strong>opatentowan\u0105 izolacj\u0105 ochronn\u0105 IronCoat<\/strong>\u00a0metalowe przed\u0142u\u017cacze b\u0119bnowe Xperts stanowi\u0105 idealne rozwi\u0105zanie na ka\u017cd\u0105 budow\u0119. W naszym\u00a0<strong><a class=\"xperts\" href=\"#\">Broszura<\/a><\/strong> znajd\u0105 Pa\u0144stwo wszystkie modele w jednym miejscu.\n<a  class=\"_3d-flip-book fb3d-activate-thumbnail fb3d-link-lightbox-mode\" data-id=\"6782\" data-mode=\"link-lightbox\" data-title=\"false\" data-template=\"short-white-book-view\" data-lightbox=\"dark-shadow\" data-urlparam=\"fb3d-page\" data-page-n=\"0\" data-pdf=\"\" data-tax=\"null\" data-thumbnail=\"\" data-cols=\"3\" data-book-template=\"default\" data-trigger=\"xperts\"><\/a><script type=\"text\/javascript\">window.FB3D_CLIENT_DATA = window.FB3D_CLIENT_DATA || [];FB3D_CLIENT_DATA.push('eyJwb3N0cyI6eyI2NzgyIjp7IklEIjo2NzgyLCJ0aXRsZSI6IlhwZXJ0cyBLYVx1MDBhZGJlbFx1MDBhZHRyb21cdTAwYWRtZWxuIiwidHlwZSI6InBkZiIsInJlYWR5X2Z1bmN0aW9uIjoiIiwiYm9va19zdHlsZSI6ImZsYXQiLCJib29rX3RlbXBsYXRlIjoibm9uZSIsIm91dGxpbmUiOltdLCJkYXRhIjp7InBvc3RfSUQiOiItMSIsImd1aWQiOiJcL3dwLWNvbnRlbnRcL3VwbG9hZHNcLzIwMjRcLzEyXC9hcy1zY2h3YWJlX1hwZXJ0c19LYWJlbHRyb21tZWxuXzIwMjAucGRmIiwicGRmX3BhZ2VzIjoiNiIsInBhZ2VzX2N1c3RvbWl6YXRpb24iOiJub25lIn0sInRodW1ibmFpbCI6eyJkYXRhIjp7InBvc3RfSUQiOiIwIn0sInR5cGUiOiJhdXRvIn0sInByb3BzIjp7ImJhY2tncm91bmRDb2xvciI6ImF1dG8iLCJiYWNrZ3JvdW5kSW1hZ2UiOiJhdXRvIiwiYmFja2dyb3VuZFN0eWxlIjoiYXV0byIsImhpZ2hsaWdodExpbmtzIjoiYXV0byIsImxpZ2h0aW5nIjoiYXV0byIsInNpbmdsZVBhZ2VNb2RlIjoiYXV0byIsImNhY2hlZFBhZ2VzIjoiYXV0byIsInJlbmRlckluYWN0aXZlUGFnZXMiOiJhdXRvIiwicmVuZGVySW5hY3RpdmVQYWdlc09uTW9iaWxlIjoiYXV0byIsInJlbmRlcldoaWxlRmxpcHBpbmciOiJhdXRvIiwicHJlbG9hZFBhZ2VzIjoiYXV0byIsImF1dG9QbGF5RHVyYXRpb24iOiJhdXRvIiwicnRsIjoiYXV0byIsImludGVyYWN0aXZlQ29ybmVycyI6ImF1dG8iLCJtYXhEZXB0aCI6ImF1dG8iLCJzaGVldCI6eyJzdGFydFZlbG9jaXR5IjoiYXV0byIsIndhdmUiOiJhdXRvIiwic2hhcGUiOiJhdXRvIiwid2lkdGhUZXhlbHMiOiJhdXRvIiwiY29sb3IiOiJhdXRvIiwic2lkZSI6ImF1dG8iLCJzdHJldGNoSW1hZ2VzIjoiYXV0byIsImNvcm5lckRldmlhdGlvbiI6ImF1dG8iLCJmbGV4aWJpbGl0eSI6ImF1dG8iLCJmbGV4aWJsZUNvcm5lciI6ImF1dG8iLCJiZW5kaW5nIjoiYXV0byIsImhlaWdodFRleGVscyI6ImF1dG8ifSwiY292ZXIiOnsid2F2ZSI6ImF1dG8iLCJjb2xvciI6ImF1dG8iLCJzaWRlIjoiYXV0byIsInN0cmV0Y2hJbWFnZXMiOiJhdXRvIiwiYmluZGVyVGV4dHVyZSI6ImF1dG8iLCJkZXB0aCI6ImF1dG8iLCJwYWRkaW5nIjoiYXV0byIsInN0YXJ0VmVsb2NpdHkiOiJhdXRvIiwiZmxleGliaWxpdHkiOiJhdXRvIiwiZmxleGlibGVDb3JuZXIiOiJhdXRvIiwiYmVuZGluZyI6ImF1dG8iLCJ3aWR0aFRleGVscyI6ImF1dG8iLCJoZWlnaHRUZXhlbHMiOiJhdXRvIiwibWFzcyI6ImF1dG8iLCJzaGFwZSI6ImF1dG8ifSwicGFnZSI6eyJ3YXZlIjoiYXV0byIsImNvbG9yIjoiYXV0byIsInNpZGUiOiJhdXRvIiwic3RyZXRjaEltYWdlcyI6ImF1dG8iLCJkZXB0aCI6ImF1dG8iLCJzdGFydFZlbG9jaXR5IjoiYXV0byIsImZsZXhpYmlsaXR5IjoiYXV0byIsImZsZXhpYmxlQ29ybmVyIjoiYXV0byIsImJlbmRpbmciOiJhdXRvIiwid2lkdGhUZXhlbHMiOiJhdXRvIiwiaGVpZ2h0VGV4ZWxzIjoiYXV0byIsIm1hc3MiOiJhdXRvIiwic2hhcGUiOiJhdXRvIn0sImhlaWdodCI6ImF1dG8iLCJ3aWR0aCI6ImF1dG8iLCJncmF2aXR5IjoiYXV0byIsInBhZ2VzRm9yUHJlZGljdGluZyI6ImF1dG8ifSwiY29udHJvbFByb3BzIjp7ImFjdGlvbnMiOnsiY21kVG9jIjp7ImVuYWJsZWQiOiJhdXRvIiwiZW5hYmxlZEluTmFycm93IjoiYXV0byIsImFjdGl2ZSI6ImF1dG8iLCJkZWZhdWx0VGFiIjoiYXV0byJ9LCJjbWRBdXRvUGxheSI6eyJlbmFibGVkIjoiYXV0byIsImVuYWJsZWRJbk5hcnJvdyI6ImF1dG8iLCJhY3RpdmUiOiJhdXRvIn0sImNtZFNhdmUiOnsiZW5hYmxlZCI6ImF1dG8iLCJlbmFibGVkSW5OYXJyb3ciOiJhdXRvIn0sImNtZFByaW50Ijp7ImVuYWJsZWQiOiJhdXRvIiwiZW5hYmxlZEluTmFycm93IjoiYXV0byJ9LCJjbWRTaW5nbGVQYWdlIjp7ImVuYWJsZWQiOiJhdXRvIiwiZW5hYmxlZEluTmFycm93IjoiYXV0byIsImFjdGl2ZSI6ImF1dG8iLCJhY3RpdmVGb3JNb2JpbGUiOiJhdXRvIn0sIndpZFRvb2xiYXIiOnsiZW5hYmxlZCI6ImF1dG8iLCJlbmFibGVkSW5OYXJyb3ciOiJhdXRvIn19fSwiYXV0b1RodW1ibmFpbCI6Imh0dHBzOlwvXC9hcy1zY2h3YWJlLmRlXC93cC1jb250ZW50XC91cGxvYWRzXC8zZC1mbGlwLWJvb2tcL2F1dG8tdGh1bWJuYWlsc1wvNjc4Mi5wbmciLCJwb3N0X25hbWUiOiJ4cGVydHMta2FiZWx0cm9tbWVsbiIsInBvc3RfdHlwZSI6IjNkLWZsaXAtYm9vayJ9fSwicGFnZXMiOltdLCJmaXJzdFBhZ2VzIjpbXX0=');window.FB3D_CLIENT_LOCALE && FB3D_CLIENT_LOCALE.render && FB3D_CLIENT_LOCALE.render();<\/script>\t\t\t\t\t\t\t\t<\/div>\n\t\t\t\t\t<\/div>\r\n\t\t\t\r\n\t\t<\/div>\r\n\t\t\t\t\t\t\t\t\t\t\t\t\t\t\t<\/div>\r\n\t\t\t\t\t\t\t<\/section>\r\n\t\t\t\t<div class=\"elementor-element elementor-element-1585390 e-flex e-con-boxed e-con e-parent\" data-id=\"1585390\" data-element_type=\"container\">\r\n\t\t\t\t\t<div class=\"e-con-inner\">\r\n\t\t\t\t\t<div class=\"elementor-element elementor-element-57f5dbb elementor-widget elementor-widget-text-editor\" data-id=\"57f5dbb\" data-element_type=\"widget\" data-widget_type=\"text-editor.default\">\n\t\t\t\t\t\t\t\t\t<h3><a href=\"https:\/\/as-schwabe.de\/pl\/tag-produktu\/powloka-zelazna\/\" target=\"_blank\" rel=\"noopener\">Tu znajdziesz wi\u0119cej produkt\u00f3w<\/a><\/h3>\t\t\t\t\t\t\t\t<\/div>\n\t\t\t\t<div class=\"elementor-element elementor-element-b8cfc8d elementor-widget elementor-widget-wolmart_widget_products\" data-id=\"b8cfc8d\" data-element_type=\"widget\" data-widget_type=\"wolmart_widget_products.default\">\n\t\t\t\t<div class=\"elementor-widget-container\">\n\t\t\t\t\t<div class=\"woocommerce columns-3\"><\/div>\t\t\t\t<\/div>\n\t\t\t\t<\/div>\n\t\t\t\t\t<\/div>\n\t\t\t\t<\/div>\n\t\t\t\t<\/div>","protected":false},"excerpt":{"rendered":"<p>Me\u00adtall\u00adka\u00adbel\u00adtrom\u00admeln mit Iron\u00adCoat Schutz\u00adiso\u00adlie\u00adrung Metallkabeltrommeln der Serie IronCoat sind f\u00fcr die Nutzung auf gewerblichen Baustellen zugelassen! IronCoat Metallkabeltrommeln verbinden die Vorteile einer klassischen Stahlblechkabeltrommel mit einem\u00a0verbesserten Schutz gegen gef\u00e4hrliche Ber\u00fchrungsspannungen. Die spezielle,\u00a0patentierte IronCoat Schutzisolierung\u00a0der Seitenteile\u00a0sch\u00fctzt vor Stromschl\u00e4gen\u00a0durch defekte Kabelstr\u00e4nge bei aufgerollter Leitung. Dadurch kann kein Strom von innen an gro\u00dffl\u00e4chig ber\u00fchrbare Teile der Kabeltrommel abgegeben [&hellip;]<\/p>","protected":false},"author":1,"featured_media":0,"parent":3492,"menu_order":0,"comment_status":"closed","ping_status":"closed","template":"","meta":{"inline_featured_image":false,"footnotes":""},"class_list":["post-3589","page","type-page","status-publish","hentry"],"aioseo_notices":[],"_links":{"self":[{"href":"https:\/\/as-schwabe.de\/pl\/wp-json\/wp\/v2\/pages\/3589","targetHints":{"allow":["GET"]}}],"collection":[{"href":"https:\/\/as-schwabe.de\/pl\/wp-json\/wp\/v2\/pages"}],"about":[{"href":"https:\/\/as-schwabe.de\/pl\/wp-json\/wp\/v2\/types\/page"}],"author":[{"embeddable":true,"href":"https:\/\/as-schwabe.de\/pl\/wp-json\/wp\/v2\/users\/1"}],"replies":[{"embeddable":true,"href":"https:\/\/as-schwabe.de\/pl\/wp-json\/wp\/v2\/comments?post=3589"}],"version-history":[{"count":0,"href":"https:\/\/as-schwabe.de\/pl\/wp-json\/wp\/v2\/pages\/3589\/revisions"}],"up":[{"embeddable":true,"href":"https:\/\/as-schwabe.de\/pl\/wp-json\/wp\/v2\/pages\/3492"}],"wp:attachment":[{"href":"https:\/\/as-schwabe.de\/pl\/wp-json\/wp\/v2\/media?parent=3589"}],"curies":[{"name":"wp","href":"https:\/\/api.w.org\/{rel}","templated":true}]}}