{"id":3586,"date":"2024-12-18T17:53:05","date_gmt":"2024-12-18T17:53:05","guid":{"rendered":"https:\/\/as2025.as-schwabe.de\/?page_id=3586"},"modified":"2025-02-18T08:15:58","modified_gmt":"2025-02-18T08:15:58","slug":"powerlight-sygnalizacja-napiecia","status":"publish","type":"page","link":"https:\/\/as-schwabe.de\/pl\/o-firmie\/informacje\/powerlight-sygnalizacja-napiecia\/","title":{"rendered":"Sygnalizacja napi\u0119cia Powerlight"},"content":{"rendered":"<div data-elementor-type=\"wp-page\" data-elementor-id=\"3586\" class=\"elementor elementor-3586\" data-elementor-post-type=\"page\">\n\t\t\t\t\t\t<div class=\"elementor-element elementor-element-eaefe89 e-flex e-con-boxed e-con e-parent\" data-id=\"eaefe89\" data-element_type=\"container\">\r\n\t\t\t\t\t<div class=\"e-con-inner\">\r\n\t\t\t\t\t<div class=\"elementor-element elementor-element-02fbf75 e-con-full e-flex e-con e-child\" data-id=\"02fbf75\" data-element_type=\"container\">\r\n\t\t\t\t<div class=\"elementor-element elementor-element-07800b8 elementor-widget elementor-widget-text-editor\" data-id=\"07800b8\" data-element_type=\"widget\" data-widget_type=\"text-editor.default\">\n\t\t\t\t\t\t\t\t\t<h1 class=\"translation-block\">Sygnalizacja napi\u0119cia Powerlight<\/h1>\t\t\t\t\t\t\t\t<\/div>\n\t\t\t\t<div class=\"elementor-element elementor-element-3bbb647 elementor-widget elementor-widget-image\" data-id=\"3bbb647\" data-element_type=\"widget\" data-widget_type=\"image.default\">\n\t\t\t\t\t\t\t\t\t\t\t\t\t\t\t<img fetchpriority=\"high\" decoding=\"async\" width=\"1200\" height=\"500\" src=\"\/wp-content\/uploads\/2025\/01\/Logo-Powerlight-NEW-czerwone-PL.jpg\" class=\"attachment-full size-full wp-image-3700\" alt=\"\" srcset=\"\" sizes=\"(max-width: 1200px) 100vw, 1200px\" data-srcset=\"\" \/>\t\t\t\t\t\t\t\t\t\t\t\t\t\t\t<\/div>\n\t\t\t\t<div class=\"elementor-element elementor-element-4ab89ee elementor-widget elementor-widget-spacer\" data-id=\"4ab89ee\" data-element_type=\"widget\" data-widget_type=\"spacer.default\">\n\t\t\t\t\t\t\t<div class=\"elementor-spacer\">\n\t\t\t<div class=\"elementor-spacer-inner\"><\/div>\n\t\t<\/div>\n\t\t\t\t\t\t<\/div>\n\t\t\t\t<div class=\"elementor-element elementor-element-68da643 elementor-widget elementor-widget-text-editor\" data-id=\"68da643\" data-element_type=\"widget\" data-widget_type=\"text-editor.default\">\n\t\t\t\t\t\t\t\t\t<p><strong>Nowo\u015b\u0107: Wtyczka i gniazdo CEE 230 V z funkcj\u0105 sygnalizacji napi\u0119cia \u2013 praktyczne rozwi\u0105zanie dla wymagaj\u0105cych!<\/strong><\/p><p class=\"translation-block\"><p>Wspaniale, podr\u00f3\u017c na kemping przebieg\u0142a bez problem\u00f3w. Teraz wystarczy tylko <strong>pod\u0142\u0105czy\u0107 przyczep\u0119 kempingow\u0105 do pr\u0105du<\/strong> i cieszy\u0107 si\u0119 wakacjami.<\/p><\/p><p class=\"translation-block\"><p>Ale co zrobi\u0107, je\u015bli po pod\u0142\u0105czeniu kampera do s\u0142upka energetycznego nadal <strong>nie ma pr\u0105du<\/strong>? Czy pr\u0105d na s\u0142upku jest wy\u0142\u0105czony? Czy gniazdko jest uszkodzone? A mo\u017ce przyczyna problemu jest zupe\u0142nie inna? Dzi\u0119ki nowym wtyczkom i gniazdom z <strong>innowacyjn\u0105 sygnalizacj\u0105 napi\u0119cia Powerlight<\/strong> oszcz\u0119dzisz sobie uci\u0105\u017cliwego szukania przyczyny \u2013 wystarczy jedno spojrzenie na wska\u017anik LED. Wiele naszych produkt\u00f3w kempingowych jest teraz dost\u0119pnych z innowacyjnymi wtyczkami i gniazdami Powerlight z sygnalizacj\u0105 napi\u0119cia.<\/p><\/p>\t\t\t\t\t\t\t\t<\/div>\n\t\t\t\t<div class=\"elementor-element elementor-element-bb95d33 elementor-widget elementor-widget-spacer\" data-id=\"bb95d33\" data-element_type=\"widget\" data-widget_type=\"spacer.default\">\n\t\t\t\t\t\t\t<div class=\"elementor-spacer\">\n\t\t\t<div class=\"elementor-spacer-inner\"><\/div>\n\t\t<\/div>\n\t\t\t\t\t\t<\/div>\n\t\t\t\t<div class=\"elementor-element elementor-element-f50a984 elementor-widget elementor-widget-video\" data-id=\"f50a984\" data-element_type=\"widget\" data-settings=\"{&quot;video_type&quot;:&quot;hosted&quot;,&quot;controls&quot;:&quot;yes&quot;}\" data-widget_type=\"video.default\">\n\t\t\t\t\t\t\t<div class=\"e-hosted-video elementor-wrapper elementor-open-inline\">\n\t\t\t\t\t<video class=\"elementor-video\" src=\"https:\/\/as-schwabe.de\/wp-content\/uploads\/2021\/05\/Campingplatz_Schilfblick_Langfassung_mit_Abspann_n.mp4\" controls=\"\" preload=\"metadata\" controlslist=\"nodownload\" poster=\"https:\/\/as-schwabe.de\/wp-content\/uploads\/2021\/05\/Thumbnail.jpg\"><\/video>\n\t\t\t\t<\/div>\n\t\t\t\t\t\t<\/div>\n\t\t\t\t<div class=\"elementor-element elementor-element-7f76426 elementor-widget elementor-widget-spacer\" data-id=\"7f76426\" data-element_type=\"widget\" data-widget_type=\"spacer.default\">\n\t\t\t\t\t\t\t<div class=\"elementor-spacer\">\n\t\t\t<div class=\"elementor-spacer-inner\"><\/div>\n\t\t<\/div>\n\t\t\t\t\t\t<\/div>\n\t\t\t\t<div class=\"elementor-element elementor-element-a7b3fc5 elementor-widget elementor-widget-text-editor\" data-id=\"a7b3fc5\" data-element_type=\"widget\" data-widget_type=\"text-editor.default\">\n\t\t\t\t\t\t\t\t\t<h2 class=\"\">Wszystkie szczeg\u00f3\u0142y w skr\u00f3cie<\/h2>\t\t\t\t\t\t\t\t<\/div>\n\t\t\t\t<div class=\"elementor-element elementor-element-d0783c1 e-con-full e-flex e-con e-child\" data-id=\"d0783c1\" data-element_type=\"container\">\r\n\t\t\t\t<div class=\"elementor-element elementor-element-803757e e-con-full e-flex e-con e-child\" data-id=\"803757e\" data-element_type=\"container\">\r\n\t\t\t\t<div class=\"elementor-element elementor-element-fc94955 elementor-widget elementor-widget-image\" data-id=\"fc94955\" data-element_type=\"widget\" data-widget_type=\"image.default\">\n\t\t\t\t\t\t\t\t\t\t\t\t\t\t\t<img decoding=\"async\" width=\"300\" height=\"253\" src=\"https:\/\/as-schwabe.de\/wp-content\/uploads\/2024\/12\/powerlight_stecker_info_neu-300x253.jpg\" class=\"attachment-medium size-medium wp-image-3722\" alt=\"\" \/>\t\t\t\t\t\t\t\t\t\t\t\t\t\t\t<\/div>\n\t\t\t\t<\/div>\n\t\t\t\t<div class=\"elementor-element elementor-element-3df6a28 e-con-full e-flex e-con e-child\" data-id=\"3df6a28\" data-element_type=\"container\">\r\n\t\t\t\t<div class=\"elementor-element elementor-element-8fdf129 ml-lg-6 elementor-widget elementor-widget-heading\" data-id=\"8fdf129\" data-element_type=\"widget\" data-widget_type=\"heading.default\">\n\t\t\t\t\t<h2 class=\"elementor-heading-title elementor-size-default\">Dioda LED<\/h2>\t\t\t\t<\/div>\n\t\t\t\t<div class=\"elementor-element elementor-element-c4fc5ae ml-lg-6 elementor-widget elementor-widget-heading\" data-id=\"c4fc5ae\" data-element_type=\"widget\" data-widget_type=\"heading.default\">\n\t\t\t\t\t<p class=\"elementor-heading-title elementor-size-default\">Wska\u017anik napi\u0119cia powerlight jest wyra\u017anie widoczny zar\u00f3wno w obudowie wtyczki, jak i gniazda. Dioda LED \u015bwieci na intensywnie czerwono, gdy wtyczka i\/lub gniazdo zosta\u0142y pod\u0142\u0105czone do obwodu elektrycznego i pojawi\u0142o si\u0119 napi\u0119cie.<\/p>\t\t\t\t<\/div>\n\t\t\t\t<\/div>\n\t\t\t\t<\/div>\n\t\t\t\t<div class=\"elementor-element elementor-element-187364a elementor-widget elementor-widget-spacer\" data-id=\"187364a\" data-element_type=\"widget\" data-widget_type=\"spacer.default\">\n\t\t\t\t\t\t\t<div class=\"elementor-spacer\">\n\t\t\t<div class=\"elementor-spacer-inner\"><\/div>\n\t\t<\/div>\n\t\t\t\t\t\t<\/div>\n\t\t\t\t<div class=\"elementor-element elementor-element-9d8f848 e-con-full e-flex e-con e-child\" data-id=\"9d8f848\" data-element_type=\"container\">\r\n\t\t\t\t<div class=\"elementor-element elementor-element-fe52b0f e-con-full e-flex e-con e-child\" data-id=\"fe52b0f\" data-element_type=\"container\">\r\n\t\t\t\t<div class=\"elementor-element elementor-element-76cbfc2 elementor-widget elementor-widget-image\" data-id=\"76cbfc2\" data-element_type=\"widget\" data-widget_type=\"image.default\">\n\t\t\t\t\t\t\t\t\t\t\t\t\t\t\t<img decoding=\"async\" width=\"300\" height=\"300\" src=\"https:\/\/as-schwabe.de\/wp-content\/uploads\/2024\/12\/Klappe.Details.Informationen-300x300.jpg\" class=\"attachment-medium size-medium wp-image-3723\" alt=\"\" \/>\t\t\t\t\t\t\t\t\t\t\t\t\t\t\t<\/div>\n\t\t\t\t<\/div>\n\t\t\t\t<div class=\"elementor-element elementor-element-46a13f9 e-con-full e-flex e-con e-child\" data-id=\"46a13f9\" data-element_type=\"container\">\r\n\t\t\t\t<div class=\"elementor-element elementor-element-1cca165 ml-lg-6 elementor-widget elementor-widget-heading\" data-id=\"1cca165\" data-element_type=\"widget\" data-widget_type=\"heading.default\">\n\t\t\t\t\t<h2 class=\"elementor-heading-title elementor-size-default\">Pazur do blokowania po\u0142\u0105czenia wtykowego<\/h2>\t\t\t\t<\/div>\n\t\t\t\t<div class=\"elementor-element elementor-element-d9e9810 ml-lg-6 elementor-widget elementor-widget-heading\" data-id=\"d9e9810\" data-element_type=\"widget\" data-widget_type=\"heading.default\">\n\t\t\t\t\t<p class=\"elementor-heading-title elementor-size-default\">Specjalna wypustka na obudowie z\u0142\u0105cza zapobiega przypadkowemu roz\u0142\u0105czeniu po\u0142\u0105czenia mi\u0119dzy wtyczk\u0105 a gniazdem. Wyst\u0119p klinuje si\u0119 w pokrywie z\u0142\u0105cza i w ten spos\u00f3b zabezpiecza po\u0142\u0105czenie wtykowe. Wtyczki i gniazda Powerlight s\u0105 chronione przed cia\u0142ami obcymi i bryzgami wody (IP44) i idealnie nadaj\u0105 si\u0119 do u\u017cytku na zewn\u0105trz.<\/p>\t\t\t\t<\/div>\n\t\t\t\t<\/div>\n\t\t\t\t<\/div>\n\t\t\t\t<div class=\"elementor-element elementor-element-0c9ef39 elementor-widget elementor-widget-spacer\" data-id=\"0c9ef39\" data-element_type=\"widget\" data-widget_type=\"spacer.default\">\n\t\t\t\t\t\t\t<div class=\"elementor-spacer\">\n\t\t\t<div class=\"elementor-spacer-inner\"><\/div>\n\t\t<\/div>\n\t\t\t\t\t\t<\/div>\n\t\t\t\t<div class=\"elementor-element elementor-element-ada24ef e-con-full e-flex e-con e-child\" data-id=\"ada24ef\" data-element_type=\"container\">\r\n\t\t\t\t<div class=\"elementor-element elementor-element-07fa014 e-con-full e-flex e-con e-child\" data-id=\"07fa014\" data-element_type=\"container\">\r\n\t\t\t\t<div class=\"elementor-element elementor-element-ef63848 elementor-widget elementor-widget-image\" data-id=\"ef63848\" data-element_type=\"widget\" data-widget_type=\"image.default\">\n\t\t\t\t\t\t\t\t\t\t\t\t\t\t\t<img loading=\"lazy\" decoding=\"async\" width=\"300\" height=\"300\" src=\"https:\/\/as-schwabe.de\/wp-content\/uploads\/2024\/12\/KabelanschlussDetails.Informationen.Powerlight-300x300.jpg\" class=\"attachment-medium size-medium wp-image-3724\" alt=\"\" \/>\t\t\t\t\t\t\t\t\t\t\t\t\t\t\t<\/div>\n\t\t\t\t<\/div>\n\t\t\t\t<div class=\"elementor-element elementor-element-e6e8785 e-con-full e-flex e-con e-child\" data-id=\"e6e8785\" data-element_type=\"container\">\r\n\t\t\t\t<div class=\"elementor-element elementor-element-83c28bf ml-lg-6 elementor-widget elementor-widget-heading\" data-id=\"83c28bf\" data-element_type=\"widget\" data-widget_type=\"heading.default\">\n\t\t\t\t\t<h2 class=\"elementor-heading-title elementor-size-default\">\u0141atwe mocowanie przewodu<\/h2>\t\t\t\t<\/div>\n\t\t\t\t<div class=\"elementor-element elementor-element-b8dfe1b ml-lg-6 elementor-widget elementor-widget-heading\" data-id=\"b8dfe1b\" data-element_type=\"widget\" data-widget_type=\"heading.default\">\n\t\t\t\t\t<p class=\"elementor-heading-title elementor-size-default\"><p>Wtyczki i gniazda mog\u0105 by\u0107 pod\u0142\u0105czane do przewod\u00f3w o przekroju do <strong>3G2,5 mm\u00b2<\/strong>. Skr\u0119cana d\u0142awnica umo\u017cliwia \u0142atwy monta\u017c i chroni przew\u00f3d przed zaginaniem dzi\u0119ki zastosowaniu gumowych uszczelek.<\/p><\/p>\t\t\t\t<\/div>\n\t\t\t\t<\/div>\n\t\t\t\t<\/div>\n\t\t\t\t<div class=\"elementor-element elementor-element-f611bf9 elementor-widget elementor-widget-spacer\" data-id=\"f611bf9\" data-element_type=\"widget\" data-widget_type=\"spacer.default\">\n\t\t\t\t\t\t\t<div class=\"elementor-spacer\">\n\t\t\t<div class=\"elementor-spacer-inner\"><\/div>\n\t\t<\/div>\n\t\t\t\t\t\t<\/div>\n\t\t\t\t<div class=\"elementor-element elementor-element-0931b88 elementor-widget elementor-widget-spacer\" data-id=\"0931b88\" data-element_type=\"widget\" data-widget_type=\"spacer.default\">\n\t\t\t\t\t\t\t<div class=\"elementor-spacer\">\n\t\t\t<div class=\"elementor-spacer-inner\"><\/div>\n\t\t<\/div>\n\t\t\t\t\t\t<\/div>\n\t\t\t\t<div class=\"elementor-element elementor-element-032567f elementor-widget elementor-widget-text-editor\" data-id=\"032567f\" data-element_type=\"widget\" data-widget_type=\"text-editor.default\">\n\t\t\t\t\t\t\t\t\t<div id=\"c1406\" class=\"frame frame-default frame-type-themeasschwabe_fluidcols1 frame-layout-0\">\n<div class=\"row fluid-1-cols\">\n<div class=\"col-xs-12\">\n<div class=\"wow fadeIn\">\n<div id=\"c1443\"><header>\n<h3 class=\"\"><strong>Produkty wysokiej jako\u015bci z sygnalizacj\u0105 napi\u0119cia Powerlight<\/strong><\/h3>\n<\/header><p>Wiele produkt\u00f3w kempingowych jest teraz dost\u0119pnych z naszymi wtyczkami i gniazdami Powerlight z sygnalizacj\u0105 napi\u0119cia. Nasze produkty s\u0105 testowane i spe\u0142niaj\u0105 obowi\u0105zuj\u0105ce normy dotycz\u0105ce zastosowa\u0144 na zewn\u0105trz na kempingach.<\/p>\n<ul>\n \t<li>\u00a0 Z wytrzyma\u0142ym przewodem neoprenowym H07RN-F<\/li>\n \t<li>\u00a0 Przekr\u00f3j przewodu co najmniej 3G2,5<\/li>\n \t<li>\u00a0 D\u0142ugo\u015b\u0107 przewodu: od 1,5 m do 25 m<\/li>\n \t<li>\u00a0\u00a0IP44: chroniony przed cia\u0142ami obcymi i bryzgami wody, odpowiednie do u\u017cytku na zewn\u0105trz<\/li>\n<\/ul>\n<\/div>\n<\/div>\n<\/div>\n<\/div>\n<\/div>\n<div id=\"c1405\"><header>\n<h3 class=\"\">Produkty Powerlight na Twoim kempingu!<\/h3>\n<\/header><\/div>\t\t\t\t\t\t\t\t<\/div>\n\t\t\t\t<div class=\"elementor-element elementor-element-a493b75 elementor-widget elementor-widget-spacer\" data-id=\"a493b75\" data-element_type=\"widget\" data-widget_type=\"spacer.default\">\n\t\t\t\t\t\t\t<div class=\"elementor-spacer\">\n\t\t\t<div class=\"elementor-spacer-inner\"><\/div>\n\t\t<\/div>\n\t\t\t\t\t\t<\/div>\n\t\t\t\t<div class=\"elementor-element elementor-element-ba03523 elementor-widget elementor-widget-image\" data-id=\"ba03523\" data-element_type=\"widget\" data-widget_type=\"image.default\">\n\t\t\t\t\t\t\t\t\t\t\t\t\t\t\t<img loading=\"lazy\" decoding=\"async\" width=\"768\" height=\"212\" src=\"https:\/\/as-schwabe.de\/wp-content\/uploads\/2024\/12\/powerlight.siegel.Informationen-768x212.jpg\" class=\"attachment-medium_large size-medium_large wp-image-3725\" alt=\"\" srcset=\"https:\/\/as-schwabe.de\/wp-content\/uploads\/2024\/12\/powerlight.siegel.Informationen-768x212.jpg 768w, https:\/\/as-schwabe.de\/wp-content\/uploads\/2024\/12\/powerlight.siegel.Informationen-600x166.jpg 600w\" sizes=\"(max-width: 768px) 100vw, 768px\" \/>\t\t\t\t\t\t\t\t\t\t\t\t\t\t\t<\/div>\n\t\t\t\t<div class=\"elementor-element elementor-element-09513c2 elementor-widget-divider--view-line elementor-widget elementor-widget-divider\" data-id=\"09513c2\" data-element_type=\"widget\" data-widget_type=\"divider.default\">\n\t\t\t\t\t\t\t<div class=\"elementor-divider\">\n\t\t\t<span class=\"elementor-divider-separator\">\n\t\t\t\t\t\t<\/span>\n\t\t<\/div>\n\t\t\t\t\t\t<\/div>\n\t\t\t\t<div class=\"elementor-element elementor-element-d84c4e5 e-con-full e-flex e-con e-child\" data-id=\"d84c4e5\" data-element_type=\"container\" data-no-translation=\"\">\r\n\t\t\t\t<div class=\"elementor-element elementor-element-c0d9604 e-con-full e-flex e-con e-child\" data-id=\"c0d9604\" data-element_type=\"container\">\r\n\t\t\t\t<div class=\"elementor-element elementor-element-63ebd4f e-con-full e-flex e-con e-child\" data-id=\"63ebd4f\" data-element_type=\"container\">\r\n\t\t\t\t<div class=\"elementor-element elementor-element-afe3ba1 elementor-widget elementor-widget-image\" data-id=\"afe3ba1\" data-element_type=\"widget\" data-widget_type=\"image.default\">\n\t\t\t\t\t\t\t\t\t\t\t\t\t\t\t<img loading=\"lazy\" decoding=\"async\" width=\"1810\" height=\"2560\" src=\"https:\/\/as-schwabe.de\/wp-content\/uploads\/2025\/01\/Mini-catalog-PL-Camping-Caravan-scaled.jpg\" class=\"attachment-full size-full wp-image-11443\" alt=\"\" srcset=\"https:\/\/as-schwabe.de\/wp-content\/uploads\/2025\/01\/Mini-catalog-PL-Camping-Caravan-scaled.jpg 1810w, https:\/\/as-schwabe.de\/wp-content\/uploads\/2025\/01\/Mini-catalog-PL-Camping-Caravan-scaled-600x849.jpg 600w, https:\/\/as-schwabe.de\/wp-content\/uploads\/2025\/01\/Mini-catalog-PL-Camping-Caravan-724x1024.jpg 724w, https:\/\/as-schwabe.de\/wp-content\/uploads\/2025\/01\/Mini-catalog-PL-Camping-Caravan-768x1086.jpg 768w, https:\/\/as-schwabe.de\/wp-content\/uploads\/2025\/01\/Mini-catalog-PL-Camping-Caravan-1086x1536.jpg 1086w, https:\/\/as-schwabe.de\/wp-content\/uploads\/2025\/01\/Mini-catalog-PL-Camping-Caravan-1448x2048.jpg 1448w\" sizes=\"(max-width: 1810px) 100vw, 1810px\" \/>\t\t\t\t\t\t\t\t\t\t\t\t\t\t\t<\/div>\n\t\t\t\t<\/div>\n\t\t\t\t<div class=\"elementor-element elementor-element-c5d6e61 e-con-full e-flex e-con e-child\" data-id=\"c5d6e61\" data-element_type=\"container\">\r\n\t\t\t\t<div class=\"elementor-element elementor-element-5ea58c6 elementor-widget elementor-widget-heading\" data-id=\"5ea58c6\" data-element_type=\"widget\" data-widget_type=\"heading.default\">\n\t\t\t\t\t<h3 class=\"elementor-heading-title elementor-size-default\">Kemping i Caravaning<\/h3>\t\t\t\t<\/div>\n\t\t\t\t<div class=\"elementor-element elementor-element-ee9168e elementor-widget elementor-widget-text-editor\" data-id=\"ee9168e\" data-element_type=\"widget\" data-widget_type=\"text-editor.default\">\n\t\t\t\t\t\t\t\t\t<h4>PDF &#8211; 13 MB<br \/><a  class=\"_3d-flip-book fb3d-activate-thumbnail fb3d-link-lightbox-mode\" data-id=\"11441\" data-mode=\"link-lightbox\" data-title=\"false\" data-template=\"short-white-book-view\" data-lightbox=\"dark-shadow\" data-urlparam=\"fb3d-page\" data-page-n=\"0\" data-pdf=\"\" data-tax=\"null\" data-thumbnail=\"\" data-cols=\"3\" data-book-template=\"default\" data-trigger=\"camppl\"><\/a><script type=\"text\/javascript\">window.FB3D_CLIENT_DATA = window.FB3D_CLIENT_DATA || [];FB3D_CLIENT_DATA.push('eyJwb3N0cyI6eyIxMTQ0MSI6eyJJRCI6MTE0NDEsInRpdGxlIjoiTWluaS1jYXRhbG9nLVBMLUNhbXBpbmctQ2FyYXZhbiIsInR5cGUiOiJwZGYiLCJyZWFkeV9mdW5jdGlvbiI6IiIsImJvb2tfc3R5bGUiOiJmbGF0IiwiYm9va190ZW1wbGF0ZSI6Im5vbmUiLCJvdXRsaW5lIjpbXSwiZGF0YSI6eyJwb3N0X0lEIjoiLTEiLCJndWlkIjoiXC93cC1jb250ZW50XC91cGxvYWRzXC8yMDI1XC8wMVwvTWluaS1jYXRhbG9nLVBMLUNhbXBpbmctQ2FyYXZhbi5wZGYiLCJwZGZfcGFnZXMiOiIzNCIsInBhZ2VzX2N1c3RvbWl6YXRpb24iOiJub25lIn0sInRodW1ibmFpbCI6eyJkYXRhIjp7InBvc3RfSUQiOiIwIn0sInR5cGUiOiJhdXRvIn0sInByb3BzIjp7ImJhY2tncm91bmRDb2xvciI6ImF1dG8iLCJiYWNrZ3JvdW5kSW1hZ2UiOiJhdXRvIiwiYmFja2dyb3VuZFN0eWxlIjoiYXV0byIsImhpZ2hsaWdodExpbmtzIjoiYXV0byIsImxpZ2h0aW5nIjoiYXV0byIsInNpbmdsZVBhZ2VNb2RlIjoiYXV0byIsImNhY2hlZFBhZ2VzIjoiYXV0byIsInJlbmRlckluYWN0aXZlUGFnZXMiOiJhdXRvIiwicmVuZGVySW5hY3RpdmVQYWdlc09uTW9iaWxlIjoiYXV0byIsInJlbmRlcldoaWxlRmxpcHBpbmciOiJhdXRvIiwicHJlbG9hZFBhZ2VzIjoiYXV0byIsImF1dG9QbGF5RHVyYXRpb24iOiJhdXRvIiwicnRsIjoiYXV0byIsImludGVyYWN0aXZlQ29ybmVycyI6ImF1dG8iLCJtYXhEZXB0aCI6ImF1dG8iLCJzaGVldCI6eyJzdGFydFZlbG9jaXR5IjoiYXV0byIsIndhdmUiOiJhdXRvIiwic2hhcGUiOiJhdXRvIiwid2lkdGhUZXhlbHMiOiJhdXRvIiwiY29sb3IiOiJhdXRvIiwic2lkZSI6ImF1dG8iLCJzdHJldGNoSW1hZ2VzIjoiYXV0byIsImNvcm5lckRldmlhdGlvbiI6ImF1dG8iLCJmbGV4aWJpbGl0eSI6ImF1dG8iLCJmbGV4aWJsZUNvcm5lciI6ImF1dG8iLCJiZW5kaW5nIjoiYXV0byIsImhlaWdodFRleGVscyI6ImF1dG8ifSwiY292ZXIiOnsid2F2ZSI6ImF1dG8iLCJjb2xvciI6ImF1dG8iLCJzaWRlIjoiYXV0byIsInN0cmV0Y2hJbWFnZXMiOiJhdXRvIiwiYmluZGVyVGV4dHVyZSI6ImF1dG8iLCJkZXB0aCI6ImF1dG8iLCJwYWRkaW5nIjoiYXV0byIsInN0YXJ0VmVsb2NpdHkiOiJhdXRvIiwiZmxleGliaWxpdHkiOiJhdXRvIiwiZmxleGlibGVDb3JuZXIiOiJhdXRvIiwiYmVuZGluZyI6ImF1dG8iLCJ3aWR0aFRleGVscyI6ImF1dG8iLCJoZWlnaHRUZXhlbHMiOiJhdXRvIiwibWFzcyI6ImF1dG8iLCJzaGFwZSI6ImF1dG8ifSwicGFnZSI6eyJ3YXZlIjoiYXV0byIsImNvbG9yIjoiYXV0byIsInNpZGUiOiJhdXRvIiwic3RyZXRjaEltYWdlcyI6ImF1dG8iLCJkZXB0aCI6ImF1dG8iLCJzdGFydFZlbG9jaXR5IjoiYXV0byIsImZsZXhpYmlsaXR5IjoiYXV0byIsImZsZXhpYmxlQ29ybmVyIjoiYXV0byIsImJlbmRpbmciOiJhdXRvIiwid2lkdGhUZXhlbHMiOiJhdXRvIiwiaGVpZ2h0VGV4ZWxzIjoiYXV0byIsIm1hc3MiOiJhdXRvIiwic2hhcGUiOiJhdXRvIn0sImhlaWdodCI6ImF1dG8iLCJ3aWR0aCI6ImF1dG8iLCJncmF2aXR5IjoiYXV0byIsInBhZ2VzRm9yUHJlZGljdGluZyI6ImF1dG8ifSwiY29udHJvbFByb3BzIjp7ImFjdGlvbnMiOnsiY21kVG9jIjp7ImVuYWJsZWQiOiJhdXRvIiwiZW5hYmxlZEluTmFycm93IjoiYXV0byIsImFjdGl2ZSI6ImF1dG8iLCJkZWZhdWx0VGFiIjoiYXV0byJ9LCJjbWRBdXRvUGxheSI6eyJlbmFibGVkIjoiYXV0byIsImVuYWJsZWRJbk5hcnJvdyI6ImF1dG8iLCJhY3RpdmUiOiJhdXRvIn0sImNtZFNhdmUiOnsiZW5hYmxlZCI6ImF1dG8iLCJlbmFibGVkSW5OYXJyb3ciOiJhdXRvIn0sImNtZFByaW50Ijp7ImVuYWJsZWQiOiJhdXRvIiwiZW5hYmxlZEluTmFycm93IjoiYXV0byJ9LCJjbWRTaW5nbGVQYWdlIjp7ImVuYWJsZWQiOiJhdXRvIiwiZW5hYmxlZEluTmFycm93IjoiYXV0byIsImFjdGl2ZSI6ImF1dG8iLCJhY3RpdmVGb3JNb2JpbGUiOiJhdXRvIn0sIndpZFRvb2xiYXIiOnsiZW5hYmxlZCI6ImF1dG8iLCJlbmFibGVkSW5OYXJyb3ciOiJhdXRvIn19fSwiYXV0b1RodW1ibmFpbCI6Imh0dHBzOlwvXC9hcy1zY2h3YWJlLmRlXC93cC1jb250ZW50XC91cGxvYWRzXC8zZC1mbGlwLWJvb2tcL2F1dG8tdGh1bWJuYWlsc1wvMTE0NDEucG5nIiwicG9zdF9uYW1lIjoibWluaS1jYXRhbG9nLXBsLWNhbXBpbmctY2FyYXZhbiIsInBvc3RfdHlwZSI6IjNkLWZsaXAtYm9vayJ9fSwicGFnZXMiOltdLCJmaXJzdFBhZ2VzIjpbXX0=');window.FB3D_CLIENT_LOCALE && FB3D_CLIENT_LOCALE.render && FB3D_CLIENT_LOCALE.render();<\/script><\/h4>\t\t\t\t\t\t\t\t<\/div>\n\t\t\t\t<div class=\"elementor-element elementor-element-3722530 e-con-full e-grid e-con e-child\" data-id=\"3722530\" data-element_type=\"container\">\r\n\t\t\t\t<div class=\"elementor-element elementor-element-09f571a elementor-widget elementor-widget-wolmart_widget_button\" data-id=\"09f571a\" data-element_type=\"widget\" data-settings=\"{&quot;_animation&quot;:&quot;none&quot;,&quot;_animation_delay&quot;:800}\" data-widget_type=\"wolmart_widget_button.default\">\n\t\t\t\t<div class=\"elementor-widget-container\">\n\t\t\t\t\t<a class=\"btn btn-block btn-ellipse btn-white btn-icon-right\" href=\"\/wp-content\/uploads\/2025\/01\/Mini-catalog-PL-Camping-Caravan.pdf\" target=\"_blank\" >POBIERZ<i class=\"w-icon-download2\"><\/i><\/a>\t\t\t\t<\/div>\n\t\t\t\t<\/div>\n\t\t\t\t<div class=\"elementor-element elementor-element-b1212b1 elementor-widget elementor-widget-wolmart_widget_button\" data-id=\"b1212b1\" data-element_type=\"widget\" data-settings=\"{&quot;_animation&quot;:&quot;none&quot;,&quot;_animation_delay&quot;:800}\" data-widget_type=\"wolmart_widget_button.default\">\n\t\t\t\t<div class=\"elementor-widget-container\">\n\t\t\t\t\t<a class=\"btn btn-block btn-ellipse btn-white camppl btn-icon-right\" href=\"#\" >PODGL\u0104D<i class=\"fas fa-book-open\"><\/i><\/a>\t\t\t\t<\/div>\n\t\t\t\t<\/div>\n\t\t\t\t<\/div>\n\t\t\t\t<\/div>\n\t\t\t\t<\/div>\n\t\t\t\t<div class=\"elementor-element elementor-element-7401ad9 e-con-full e-flex e-con e-child\" data-id=\"7401ad9\" data-element_type=\"container\">\r\n\t\t\t\t<div class=\"elementor-element elementor-element-a3956ec elementor-widget-divider--view-line elementor-widget elementor-widget-divider\" data-id=\"a3956ec\" data-element_type=\"widget\" data-widget_type=\"divider.default\">\n\t\t\t\t\t\t\t<div class=\"elementor-divider\">\n\t\t\t<span class=\"elementor-divider-separator\">\n\t\t\t\t\t\t<\/span>\n\t\t<\/div>\n\t\t\t\t\t\t<\/div>\n\t\t\t\t<\/div>\n\t\t\t\t<\/div>\n\t\t\t\t<div class=\"elementor-element elementor-element-d8cbdd7 elementor-widget-divider--view-line elementor-widget elementor-widget-divider\" data-id=\"d8cbdd7\" data-element_type=\"widget\" data-widget_type=\"divider.default\">\n\t\t\t\t\t\t\t<div class=\"elementor-divider\">\n\t\t\t<span class=\"elementor-divider-separator\">\n\t\t\t\t\t\t<\/span>\n\t\t<\/div>\n\t\t\t\t\t\t<\/div>\n\t\t\t\t<div class=\"elementor-element elementor-element-fd600ae elementor-widget elementor-widget-text-editor\" data-id=\"fd600ae\" data-element_type=\"widget\" data-widget_type=\"text-editor.default\">\n\t\t\t\t\t\t\t\t\t<h3><a href=\"https:\/\/as-schwabe.de\/pl\/kategoria-produktu\/kemping-i-karavaning\/\" target=\"_blank\" rel=\"noopener\">Tu znajdziesz wi\u0119cej produkt\u00f3w<\/a><\/h3>\t\t\t\t\t\t\t\t<\/div>\n\t\t\t\t<div class=\"elementor-element elementor-element-2451571 elementor-widget elementor-widget-wolmart_widget_products\" data-id=\"2451571\" data-element_type=\"widget\" data-widget_type=\"wolmart_widget_products.default\">\n\t\t\t\t<div class=\"elementor-widget-container\">\n\t\t\t\t\t<div class=\"woocommerce columns-3\"><\/div>\t\t\t\t<\/div>\n\t\t\t\t<\/div>\n\t\t\t\t<\/div>\n\t\t\t\t\t<\/div>\n\t\t\t\t<\/div>\n\t\t\t\t<\/div>","protected":false},"excerpt":{"rendered":"<p>power\u00adlight\u00a0Span\u00adnungs\u00adan\u00adzei\u00adge NEUE Probleml\u00f6ser: CEE 230 V Stecker und Kupplung mit Spannungsanzeige. Herrlich, die Fahrt zum Campingplatz verlief ohne Umwege. Nur noch den\u00a0Campingwagen an den Strom anschlie\u00dfen\u00a0und den Urlaub genie\u00dfen. Aber was tun, wenn nach dem Anschluss des Wohnmobils an die Energies\u00e4ule immer noch\u00a0kein Strom zur Verf\u00fcgung\u00a0steht? Ist der Strom an der Energies\u00e4ule abgeschaltet? Ist die [&hellip;]<\/p>","protected":false},"author":1,"featured_media":0,"parent":3492,"menu_order":0,"comment_status":"closed","ping_status":"closed","template":"","meta":{"inline_featured_image":false,"footnotes":""},"class_list":["post-3586","page","type-page","status-publish","hentry"],"aioseo_notices":[],"_links":{"self":[{"href":"https:\/\/as-schwabe.de\/pl\/wp-json\/wp\/v2\/pages\/3586","targetHints":{"allow":["GET"]}}],"collection":[{"href":"https:\/\/as-schwabe.de\/pl\/wp-json\/wp\/v2\/pages"}],"about":[{"href":"https:\/\/as-schwabe.de\/pl\/wp-json\/wp\/v2\/types\/page"}],"author":[{"embeddable":true,"href":"https:\/\/as-schwabe.de\/pl\/wp-json\/wp\/v2\/users\/1"}],"replies":[{"embeddable":true,"href":"https:\/\/as-schwabe.de\/pl\/wp-json\/wp\/v2\/comments?post=3586"}],"version-history":[{"count":0,"href":"https:\/\/as-schwabe.de\/pl\/wp-json\/wp\/v2\/pages\/3586\/revisions"}],"up":[{"embeddable":true,"href":"https:\/\/as-schwabe.de\/pl\/wp-json\/wp\/v2\/pages\/3492"}],"wp:attachment":[{"href":"https:\/\/as-schwabe.de\/pl\/wp-json\/wp\/v2\/media?parent=3586"}],"curies":[{"name":"wp","href":"https:\/\/api.w.org\/{rel}","templated":true}]}}