{"id":3535,"date":"2024-12-18T16:09:20","date_gmt":"2024-12-18T16:09:20","guid":{"rendered":"https:\/\/as2025.as-schwabe.de\/?page_id=3535"},"modified":"2025-08-27T13:31:31","modified_gmt":"2025-08-27T13:31:31","slug":"international","status":"publish","type":"page","link":"https:\/\/as-schwabe.de\/pl\/usluga\/international\/","title":{"rendered":"International"},"content":{"rendered":"<div data-elementor-type=\"wp-page\" data-elementor-id=\"3535\" class=\"elementor elementor-3535\" data-elementor-post-type=\"page\">\n\t\t\t\t\t\t<div class=\"elementor-element elementor-element-48d0278 e-flex e-con-boxed e-con e-parent\" data-id=\"48d0278\" data-element_type=\"container\">\r\n\t\t\t\t\t<div class=\"e-con-inner\">\r\n\t\t\t\t\t<div class=\"elementor-element elementor-element-029cc03 elementor-widget elementor-widget-heading\" data-id=\"029cc03\" data-element_type=\"widget\" data-widget_type=\"heading.default\">\n\t\t\t\t\t<h1 class=\"elementor-heading-title elementor-size-default\">Orientacja na klienta mi\u0119dzynarodowego<\/h1>\t\t\t\t<\/div>\n\t\t\t\t<div class=\"elementor-element elementor-element-b576bb4 elementor-widget elementor-widget-text-editor\" data-id=\"b576bb4\" data-element_type=\"widget\" data-widget_type=\"text-editor.default\">\n\t\t\t\t\t\t\t\t\t<p data-start=\"269\" data-end=\"490\">Nasze produkty i us\u0142ugi s\u0105 poszukiwane na ca\u0142ym \u015bwiecie. Opr\u00f3cz rynku niemieckiego, liczni partnerzy z nast\u0119puj\u0105cych kraj\u00f3w <strong data-start=\"385\" data-end=\"453\">Dania, Szwajcaria, Francja i kraje angloj\u0119zyczne<\/strong> na jako\u015b\u0107 - Schwabe.<\/p><p data-start=\"492\" data-end=\"698\">Dzi\u0119ki naszym <strong data-start=\"505\" data-end=\"544\">Mi\u0119dzynarodowe struktury sprzeda\u017cy<\/strong> i wieloj\u0119zyczn\u0105 obs\u0142ug\u0119, zapewniamy naszym klientom niezawodne wsparcie. Od doradztwa i dostawy po d\u0142ugoterminowe wsparcie.<\/p><p data-start=\"700\" data-end=\"874\">Czy to w Skandynawii, Europie \u015arodkowej czy poza ni\u0105: rozumiemy wymagania r\u00f3\u017cnych rynk\u00f3w i oferujemy <strong data-start=\"818\" data-end=\"847\">Rozwi\u0105zania dostosowane do indywidualnych potrzeb<\/strong>kt\u00f3re przekonuj\u0105 wsz\u0119dzie.<\/p>\t\t\t\t\t\t\t\t<\/div>\n\t\t\t\t<div class=\"elementor-element elementor-element-cbfc0ec e-con-full e-flex e-con e-child\" data-id=\"cbfc0ec\" data-element_type=\"container\">\r\n\t\t\t\t<div class=\"elementor-element elementor-element-cb7c1c9 e-con-full e-flex e-con e-child\" data-id=\"cb7c1c9\" data-element_type=\"container\">\r\n\t\t\t\t<div class=\"elementor-element elementor-element-fe7b83f elementor-widget elementor-widget-image\" data-id=\"fe7b83f\" data-element_type=\"widget\" data-widget_type=\"image.default\">\n\t\t\t\t\t\t\t\t\t\t\t\t\t\t\t\t<a href=\"https:\/\/as-schwabe.de\/pl\/usluga\/international\/szwajcaria\/\">\n\t\t\t\t\t\t\t<img fetchpriority=\"high\" decoding=\"async\" width=\"1990\" height=\"1050\" src=\"https:\/\/as-schwabe.de\/wp-content\/uploads\/2025\/06\/Icon_CH_Flagge.jpeg\" class=\"attachment-full size-full wp-image-12934\" alt=\"\" srcset=\"https:\/\/as-schwabe.de\/wp-content\/uploads\/2025\/06\/Icon_CH_Flagge.jpeg 1990w, https:\/\/as-schwabe.de\/wp-content\/uploads\/2025\/06\/Icon_CH_Flagge-600x317.jpeg 600w, https:\/\/as-schwabe.de\/wp-content\/uploads\/2025\/06\/Icon_CH_Flagge-1024x540.jpeg 1024w, https:\/\/as-schwabe.de\/wp-content\/uploads\/2025\/06\/Icon_CH_Flagge-768x405.jpeg 768w, https:\/\/as-schwabe.de\/wp-content\/uploads\/2025\/06\/Icon_CH_Flagge-1536x810.jpeg 1536w\" sizes=\"(max-width: 1990px) 100vw, 1990px\" \/>\t\t\t\t\t\t\t\t<\/a>\n\t\t\t\t\t\t\t\t\t\t\t\t\t\t\t<\/div>\n\t\t\t\t<\/div>\n\t\t\t\t<div class=\"elementor-element elementor-element-0720e46 e-con-full e-flex e-con e-child\" data-id=\"0720e46\" data-element_type=\"container\">\r\n\t\t\t\t<div class=\"elementor-element elementor-element-a9b87aa elementor-widget elementor-widget-heading\" data-id=\"a9b87aa\" data-element_type=\"widget\" data-widget_type=\"heading.default\">\n\t\t\t\t\t<h3 class=\"elementor-heading-title elementor-size-default\"><a href=\"https:\/\/as-schwabe.de\/pl\/usluga\/international\/szwajcaria\/\">Szwajcaria<\/a><\/h3>\t\t\t\t<\/div>\n\t\t\t\t<\/div>\n\t\t\t\t<\/div>\n\t\t\t\t\t<\/div>\n\t\t\t\t<\/div>\n\t\t\t\t<div class=\"elementor-element elementor-element-53a7b02 e-con-full e-flex e-con e-parent\" data-id=\"53a7b02\" data-element_type=\"container\">\r\n\t\t\t\t<div class=\"elementor-element elementor-element-8856659 e-con-full e-flex e-con e-child\" data-id=\"8856659\" data-element_type=\"container\">\r\n\t\t\t\t<div class=\"elementor-element elementor-element-d6a8601 e-con-full e-flex e-con e-child\" data-id=\"d6a8601\" data-element_type=\"container\">\r\n\t\t\t\t<div class=\"elementor-element elementor-element-3120a2d elementor-widget elementor-widget-image\" data-id=\"3120a2d\" data-element_type=\"widget\" data-widget_type=\"image.default\">\n\t\t\t\t\t\t\t\t\t\t\t\t\t\t\t\t<a href=\"https:\/\/as-schwabe.de\/pl\/usluga\/international\/francja\/\">\n\t\t\t\t\t\t\t<img decoding=\"async\" width=\"160\" height=\"107\" src=\"https:\/\/as-schwabe.de\/wp-content\/uploads\/2025\/01\/fr-160-x-100.png\" class=\"attachment-full size-full wp-image-11179\" alt=\"\" \/>\t\t\t\t\t\t\t\t<\/a>\n\t\t\t\t\t\t\t\t\t\t\t\t\t\t\t<\/div>\n\t\t\t\t<\/div>\n\t\t\t\t<div class=\"elementor-element elementor-element-dddab67 e-con-full e-flex e-con e-child\" data-id=\"dddab67\" data-element_type=\"container\">\r\n\t\t\t\t<div class=\"elementor-element elementor-element-6688031 elementor-widget elementor-widget-heading\" data-id=\"6688031\" data-element_type=\"widget\" data-widget_type=\"heading.default\">\n\t\t\t\t\t<h3 class=\"elementor-heading-title elementor-size-default\"><a href=\"https:\/\/as-schwabe.de\/pl\/usluga\/international\/francja\/\">Francja<\/a><\/h3>\t\t\t\t<\/div>\n\t\t\t\t<\/div>\n\t\t\t\t<\/div>\n\t\t\t\t<\/div>\n\t\t\t\t<div class=\"elementor-element elementor-element-23c4aa3 e-con-full e-flex e-con e-parent\" data-id=\"23c4aa3\" data-element_type=\"container\">\r\n\t\t\t\t<div class=\"elementor-element elementor-element-bb8e491 e-con-full e-flex e-con e-child\" data-id=\"bb8e491\" data-element_type=\"container\">\r\n\t\t\t\t<div class=\"elementor-element elementor-element-e862c8e e-con-full e-flex e-con e-child\" data-id=\"e862c8e\" data-element_type=\"container\">\r\n\t\t\t\t<div class=\"elementor-element elementor-element-17a4808 elementor-widget elementor-widget-image\" data-id=\"17a4808\" data-element_type=\"widget\" data-widget_type=\"image.default\">\n\t\t\t\t\t\t\t\t\t\t\t\t\t\t\t\t<a href=\"https:\/\/as-schwabe.de\/pl\/usluga\/international\/austria\/\">\n\t\t\t\t\t\t\t<img decoding=\"async\" width=\"160\" height=\"107\" src=\"https:\/\/as-schwabe.de\/wp-content\/uploads\/2025\/01\/at-160-x-100.png\" class=\"attachment-full size-full wp-image-11181\" alt=\"\" \/>\t\t\t\t\t\t\t\t<\/a>\n\t\t\t\t\t\t\t\t\t\t\t\t\t\t\t<\/div>\n\t\t\t\t<\/div>\n\t\t\t\t<div class=\"elementor-element elementor-element-4a5c0b6 e-con-full e-flex e-con e-child\" data-id=\"4a5c0b6\" data-element_type=\"container\">\r\n\t\t\t\t<div class=\"elementor-element elementor-element-eefdf36 elementor-widget elementor-widget-heading\" data-id=\"eefdf36\" data-element_type=\"widget\" data-widget_type=\"heading.default\">\n\t\t\t\t\t<h3 class=\"elementor-heading-title elementor-size-default\"><a href=\"https:\/\/as-schwabe.de\/pl\/usluga\/international\/austria\/\">Austria<\/a><\/h3>\t\t\t\t<\/div>\n\t\t\t\t<\/div>\n\t\t\t\t<\/div>\n\t\t\t\t<div class=\"elementor-element elementor-element-32e6a37 e-con-full e-flex e-con e-child\" data-id=\"32e6a37\" data-element_type=\"container\">\r\n\t\t\t\t<div class=\"elementor-element elementor-element-76bbb19 e-con-full e-flex e-con e-child\" data-id=\"76bbb19\" data-element_type=\"container\">\r\n\t\t\t\t<div class=\"elementor-element elementor-element-264044c elementor-widget elementor-widget-image\" data-id=\"264044c\" data-element_type=\"widget\" data-widget_type=\"image.default\">\n\t\t\t\t\t\t\t\t\t\t\t\t\t\t\t\t<a href=\"https:\/\/as-schwabe.de\/pl\/usluga\/international\/austria\/\">\n\t\t\t\t\t\t\t<img loading=\"lazy\" decoding=\"async\" width=\"1024\" height=\"654\" src=\"https:\/\/as-schwabe.de\/wp-content\/uploads\/2025\/07\/094dddc9-908c-401d-9b0e-28fc6e40a3f1-e1753876190782.png\" class=\"attachment-full size-full wp-image-13651\" alt=\"\" srcset=\"https:\/\/as-schwabe.de\/wp-content\/uploads\/2025\/07\/094dddc9-908c-401d-9b0e-28fc6e40a3f1-e1753876190782.png 1024w, https:\/\/as-schwabe.de\/wp-content\/uploads\/2025\/07\/094dddc9-908c-401d-9b0e-28fc6e40a3f1-e1753876190782-600x383.png 600w, https:\/\/as-schwabe.de\/wp-content\/uploads\/2025\/07\/094dddc9-908c-401d-9b0e-28fc6e40a3f1-e1753876190782-768x491.png 768w\" sizes=\"(max-width: 1024px) 100vw, 1024px\" \/>\t\t\t\t\t\t\t\t<\/a>\n\t\t\t\t\t\t\t\t\t\t\t\t\t\t\t<\/div>\n\t\t\t\t<\/div>\n\t\t\t\t<div class=\"elementor-element elementor-element-8035f9a e-con-full e-flex e-con e-child\" data-id=\"8035f9a\" data-element_type=\"container\">\r\n\t\t\t\t<div class=\"elementor-element elementor-element-a23e5e0 elementor-widget elementor-widget-heading\" data-id=\"a23e5e0\" data-element_type=\"widget\" data-widget_type=\"heading.default\">\n\t\t\t\t\t<h3 class=\"elementor-heading-title elementor-size-default\"><a href=\"https:\/\/as-schwabe.de\/pl\/usluga\/international\/dania\/\">Dania<\/a><\/h3>\t\t\t\t<\/div>\n\t\t\t\t<\/div>\n\t\t\t\t<\/div>\n\t\t\t\t<\/div>\n\t\t\t\t<div class=\"elementor-element elementor-element-9ce52d2 e-flex e-con-boxed e-con e-parent\" data-id=\"9ce52d2\" data-element_type=\"container\">\r\n\t\t\t\t\t<div class=\"e-con-inner\">\r\n\t\t\t\t\t<div class=\"elementor-element elementor-element-a5bae89 e-con-full e-flex e-con e-child\" data-id=\"a5bae89\" data-element_type=\"container\">\r\n\t\t\t\t<\/div>\n\t\t\t\t<div class=\"elementor-element elementor-element-c06533f e-con-full e-flex e-con e-child\" data-id=\"c06533f\" data-element_type=\"container\">\r\n\t\t\t\t<\/div>\n\t\t\t\t\t<\/div>\n\t\t\t\t<\/div>\n\t\t\t\t<\/div>","protected":false},"excerpt":{"rendered":"<p>Internationale Kundenorientierung Unsere Produkte und Services sind weltweit gefragt. Neben dem deutschen Markt vertrauen auch zahlreiche Partner aus D\u00e4nemark, der Schweiz, Frankreich und englischsprachigen L\u00e4ndern auf die Qualit\u00e4t von as &#8211; Schwabe. Dank unserer internationalen Vertriebsstrukturen und einem mehrsprachigen Service begleiten wir unsere Kunden zuverl\u00e4ssig. Von der Beratung \u00fcber die Lieferung bis hin zur langfristigen [&hellip;]<\/p>","protected":false},"author":1,"featured_media":0,"parent":3511,"menu_order":0,"comment_status":"closed","ping_status":"closed","template":"","meta":{"inline_featured_image":false,"footnotes":""},"class_list":["post-3535","page","type-page","status-publish","hentry"],"aioseo_notices":[],"_links":{"self":[{"href":"https:\/\/as-schwabe.de\/pl\/wp-json\/wp\/v2\/pages\/3535","targetHints":{"allow":["GET"]}}],"collection":[{"href":"https:\/\/as-schwabe.de\/pl\/wp-json\/wp\/v2\/pages"}],"about":[{"href":"https:\/\/as-schwabe.de\/pl\/wp-json\/wp\/v2\/types\/page"}],"author":[{"embeddable":true,"href":"https:\/\/as-schwabe.de\/pl\/wp-json\/wp\/v2\/users\/1"}],"replies":[{"embeddable":true,"href":"https:\/\/as-schwabe.de\/pl\/wp-json\/wp\/v2\/comments?post=3535"}],"version-history":[{"count":0,"href":"https:\/\/as-schwabe.de\/pl\/wp-json\/wp\/v2\/pages\/3535\/revisions"}],"up":[{"embeddable":true,"href":"https:\/\/as-schwabe.de\/pl\/wp-json\/wp\/v2\/pages\/3511"}],"wp:attachment":[{"href":"https:\/\/as-schwabe.de\/pl\/wp-json\/wp\/v2\/media?parent=3535"}],"curies":[{"name":"wp","href":"https:\/\/api.w.org\/{rel}","templated":true}]}}