{"id":3531,"date":"2024-12-18T16:09:08","date_gmt":"2024-12-18T16:09:08","guid":{"rendered":"https:\/\/as2025.as-schwabe.de\/?page_id=3531"},"modified":"2025-02-05T07:58:39","modified_gmt":"2025-02-05T07:58:39","slug":"twoj-partner-sprzedazy","status":"publish","type":"page","link":"https:\/\/as-schwabe.de\/pl\/usluga\/twoj-partner-sprzedazy\/","title":{"rendered":"Tw\u00f3j partner w sprzeda\u017cy"},"content":{"rendered":"<div data-elementor-type=\"wp-page\" data-elementor-id=\"3531\" class=\"elementor elementor-3531\" data-elementor-post-type=\"page\">\n\t\t\t\t\t\t<div class=\"elementor-element elementor-element-dfbc52e e-flex e-con-boxed e-con e-parent\" data-id=\"dfbc52e\" data-element_type=\"container\">\r\n\t\t\t\t\t<div class=\"e-con-inner\">\r\n\t\t\t\t\t<div class=\"elementor-element elementor-element-c1bb3c8 elementor-widget elementor-widget-heading\" data-id=\"c1bb3c8\" data-element_type=\"widget\" data-widget_type=\"heading.default\">\n\t\t\t\t\t<h1 class=\"elementor-heading-title elementor-size-default\">Tw\u00f3j partner w sprzeda\u017cy<\/h1>\t\t\t\t<\/div>\n\t\t\t\t\t<\/div>\n\t\t\t\t<\/div>\n\t\t\t\t<div class=\"elementor-element elementor-element-fabfeab e-flex e-con-boxed e-con e-parent\" data-id=\"fabfeab\" data-element_type=\"container\">\r\n\t\t\t\t\t<div class=\"e-con-inner\">\r\n\t\t\t\t\t<div class=\"elementor-element elementor-element-32ad75c elementor-widget elementor-widget-spacer\" data-id=\"32ad75c\" data-element_type=\"widget\" data-widget_type=\"spacer.default\">\n\t\t\t\t\t\t\t<div class=\"elementor-spacer\">\n\t\t\t<div class=\"elementor-spacer-inner\"><\/div>\n\t\t<\/div>\n\t\t\t\t\t\t<\/div>\n\t\t\t\t\t<\/div>\n\t\t\t\t<\/div>\n\t\t\t\t<div class=\"elementor-element elementor-element-c0389ac e-grid e-con-boxed e-con e-parent\" data-id=\"c0389ac\" data-element_type=\"container\">\r\n\t\t\t\t\t<div class=\"e-con-inner\">\r\n\t\t\t\t\t<div class=\"elementor-element elementor-element-38009bd e-con-full e-flex e-con e-child\" data-id=\"38009bd\" data-element_type=\"container\">\r\n\t\t\t\t<div class=\"elementor-element elementor-element-fd56e9d e-flex e-con-boxed e-con e-child\" data-id=\"fd56e9d\" data-element_type=\"container\">\r\n\t\t\t\t\t<div class=\"e-con-inner\">\r\n\t\t\t\t\t<div class=\"elementor-element elementor-element-0a8dd30 elementor-widget elementor-widget-image\" data-id=\"0a8dd30\" data-element_type=\"widget\" data-widget_type=\"image.default\">\n\t\t\t\t\t\t\t\t\t\t\t\t\t\t\t<img fetchpriority=\"high\" decoding=\"async\" width=\"300\" height=\"225\" src=\"https:\/\/as-schwabe.de\/wp-content\/uploads\/2024\/12\/csm_Power_Team_1_1200x810-300x225.jpg\" class=\"attachment-woocommerce_thumbnail size-woocommerce_thumbnail wp-image-6296\" alt=\"\" \/>\t\t\t\t\t\t\t\t\t\t\t\t\t\t\t<\/div>\n\t\t\t\t<div class=\"elementor-element elementor-element-ab5af4b elementor-widget elementor-widget-heading\" data-id=\"ab5af4b\" data-element_type=\"widget\" data-widget_type=\"heading.default\">\n\t\t\t\t\t<h2 class=\"elementor-heading-title elementor-size-default\">Zestawy promocyjne<\/h2>\t\t\t\t<\/div>\n\t\t\t\t<div class=\"elementor-element elementor-element-e65f7c8 e-con-full e-flex e-con e-child\" data-id=\"e65f7c8\" data-element_type=\"container\">\r\n\t\t\t\t<div class=\"elementor-element elementor-element-55285c3 elementor-widget elementor-widget-wolmart_widget_button\" data-id=\"55285c3\" data-element_type=\"widget\" data-settings=\"{&quot;_animation&quot;:&quot;none&quot;,&quot;_animation_delay&quot;:800}\" data-widget_type=\"wolmart_widget_button.default\">\n\t\t\t\t<div class=\"elementor-widget-container\">\n\t\t\t\t\t<a class=\"btn btn-ellipse btn-white btn-infinite btn-icon-right btn-slide-left\" href=\"\/pl\/usluga\/twoj-partner-sprzedazy\/zestawy-promocyjne\/\" >Wi\u0119cej o zestawach<i class=\"w-icon-angle-right\"><\/i><\/a>\t\t\t\t<\/div>\n\t\t\t\t<\/div>\n\t\t\t\t<\/div>\n\t\t\t\t\t<\/div>\n\t\t\t\t<\/div>\n\t\t\t\t<\/div>\n\t\t\t\t<div class=\"elementor-element elementor-element-996c913 e-con-full e-flex e-con e-child\" data-id=\"996c913\" data-element_type=\"container\">\r\n\t\t\t\t<div class=\"elementor-element elementor-element-6692c0b e-con-full e-flex e-con e-child\" data-id=\"6692c0b\" data-element_type=\"container\">\r\n\t\t\t\t<div class=\"elementor-element elementor-element-ba75d56 elementor-widget elementor-widget-image\" data-id=\"ba75d56\" data-element_type=\"widget\" data-widget_type=\"image.default\">\n\t\t\t\t\t\t\t\t\t\t\t\t\t\t\t<img decoding=\"async\" width=\"300\" height=\"225\" src=\"https:\/\/as-schwabe.de\/wp-content\/uploads\/2024\/12\/csm_teaser-point-of-sale_7d31148d54-300x225.jpg\" class=\"attachment-woocommerce_thumbnail size-woocommerce_thumbnail wp-image-5858\" alt=\"\" \/>\t\t\t\t\t\t\t\t\t\t\t\t\t\t\t<\/div>\n\t\t\t\t<div class=\"elementor-element elementor-element-7a2e314 elementor-widget elementor-widget-heading\" data-id=\"7a2e314\" data-element_type=\"widget\" data-widget_type=\"heading.default\">\n\t\t\t\t\t<h2 class=\"elementor-heading-title elementor-size-default\">Punkty sprzeda\u017cy<\/h2>\t\t\t\t<\/div>\n\t\t\t\t<div class=\"elementor-element elementor-element-c6e3100 e-con-full e-flex e-con e-child\" data-id=\"c6e3100\" data-element_type=\"container\">\r\n\t\t\t\t<div class=\"elementor-element elementor-element-a013c63 elementor-widget elementor-widget-wolmart_widget_button\" data-id=\"a013c63\" data-element_type=\"widget\" data-settings=\"{&quot;_animation&quot;:&quot;none&quot;,&quot;_animation_delay&quot;:800}\" data-widget_type=\"wolmart_widget_button.default\">\n\t\t\t\t<div class=\"elementor-widget-container\">\n\t\t\t\t\t<a class=\"btn btn-ellipse btn-white btn-infinite btn-icon-right btn-slide-left\" href=\"\/pl\/usluga\/twoj-partner-sprzedazy\/punkty-sprzedazy\/\" >Dowiedz si\u0119 wi\u0119cej<i class=\"w-icon-angle-right\"><\/i><\/a>\t\t\t\t<\/div>\n\t\t\t\t<\/div>\n\t\t\t\t<\/div>\n\t\t\t\t<\/div>\n\t\t\t\t<\/div>\n\t\t\t\t<div class=\"elementor-element elementor-element-ab03979 e-con-full e-flex e-con e-child\" data-id=\"ab03979\" data-element_type=\"container\">\r\n\t\t\t\t<div class=\"elementor-element elementor-element-4adb44a e-con-full e-flex e-con e-child\" data-id=\"4adb44a\" data-element_type=\"container\">\r\n\t\t\t\t<div class=\"elementor-element elementor-element-0108e9e elementor-widget elementor-widget-image\" data-id=\"0108e9e\" data-element_type=\"widget\" data-widget_type=\"image.default\">\n\t\t\t\t\t\t\t\t\t\t\t\t\t\t\t<img decoding=\"async\" width=\"300\" height=\"225\" src=\"https:\/\/as-schwabe.de\/wp-content\/uploads\/2024\/12\/csm_as-schwabe-technik-produkte-service-300x225.jpg\" class=\"attachment-woocommerce_thumbnail size-woocommerce_thumbnail wp-image-5991\" alt=\"\" \/>\t\t\t\t\t\t\t\t\t\t\t\t\t\t\t<\/div>\n\t\t\t\t<div class=\"elementor-element elementor-element-b639e5f elementor-widget elementor-widget-heading\" data-id=\"b639e5f\" data-element_type=\"widget\" data-widget_type=\"heading.default\">\n\t\t\t\t\t<h2 class=\"elementor-heading-title elementor-size-default\">Obs\u0142uga w terenie<\/h2>\t\t\t\t<\/div>\n\t\t\t\t<div class=\"elementor-element elementor-element-7eb1519 e-con-full e-flex e-con e-child\" data-id=\"7eb1519\" data-element_type=\"container\">\r\n\t\t\t\t<div class=\"elementor-element elementor-element-1c025da elementor-widget elementor-widget-wolmart_widget_button\" data-id=\"1c025da\" data-element_type=\"widget\" data-settings=\"{&quot;_animation&quot;:&quot;none&quot;,&quot;_animation_delay&quot;:800}\" data-widget_type=\"wolmart_widget_button.default\">\n\t\t\t\t<div class=\"elementor-widget-container\">\n\t\t\t\t\t<a class=\"btn btn-ellipse btn-white btn-infinite btn-icon-right btn-slide-left\" href=\"\/pl\/usluga\/twoj-partner-sprzedazy\/zespol-w-terenie\/\" >O naszym zespole<i class=\"w-icon-angle-right\"><\/i><\/a>\t\t\t\t<\/div>\n\t\t\t\t<\/div>\n\t\t\t\t<\/div>\n\t\t\t\t<\/div>\n\t\t\t\t<\/div>\n\t\t\t\t\t<\/div>\n\t\t\t\t<\/div>\n\t\t\t\t<div class=\"elementor-element elementor-element-f14540e e-flex e-con-boxed e-con e-parent\" data-id=\"f14540e\" data-element_type=\"container\">\r\n\t\t\t\t\t<div class=\"e-con-inner\">\r\n\t\t\t\t\t<div class=\"elementor-element elementor-element-3f1318f elementor-widget elementor-widget-spacer\" data-id=\"3f1318f\" data-element_type=\"widget\" data-widget_type=\"spacer.default\">\n\t\t\t\t\t\t\t<div class=\"elementor-spacer\">\n\t\t\t<div class=\"elementor-spacer-inner\"><\/div>\n\t\t<\/div>\n\t\t\t\t\t\t<\/div>\n\t\t\t\t\t<\/div>\n\t\t\t\t<\/div>\n\t\t\t\t<div class=\"elementor-element elementor-element-4cb64b5 e-flex e-con-boxed e-con e-parent\" data-id=\"4cb64b5\" data-element_type=\"container\">\r\n\t\t\t\t\t<div class=\"e-con-inner\">\r\n\t\t\t\t\t<div class=\"elementor-element elementor-element-d9fc789 elementor-widget elementor-widget-text-editor\" data-id=\"d9fc789\" data-element_type=\"widget\" data-widget_type=\"text-editor.default\">\n\t\t\t\t\t\t\t\t\t<header><h2 class=\"blue\">\u015arodki wsparcia sprzeda\u017cy<\/h2><\/header><h3>Tworzymy wszystko dla Ciebie, od koncepcji po budow\u0119:<\/h3><ul><li>Plany zatowarowa\u0144<\/li><li>Plany zatowarowania rega\u0142\u00f3w<\/li><li>Ulotki reklamowe<\/li><li>Pomoc w sprzeda\u017cy<\/li><li>Spersonalizowane oferty specjalne<\/li><\/ul><p>\u00a0<\/p><p>Nasz dzia\u0142 sprzeda\u017cy ch\u0119tnie odpowie na pytania techniczne, przeprowadzi szkolenie produktowe lub przygotuje spersonalizowane broszury reklamowe.<\/p><p>Jednocze\u015bnie pomaga w projektowaniu obszar\u00f3w rynkowych promuj\u0105cych sprzeda\u017c. Oferujemy kompleksowy program us\u0142ug, od planowania modu\u0142\u00f3w po ostateczne wdro\u017cenie w punktach sprzeda\u017cy.<\/p><p>Zapraszamy do obejrzenia tego programu w naszym salonie. Ustawili\u015bmy tam modu\u0142y i ich zawarto\u015b\u0107, aby umo\u017cliwi\u0107 lepsze zorganizowanie przestrzeni.<\/p><p>Zapraszamy do kontaktu z naszymi przedstawicielami handlowymi w celu um\u00f3wienia spotkania.<\/p>\t\t\t\t\t\t\t\t<\/div>\n\t\t\t\t\t<\/div>\n\t\t\t\t<\/div>\n\t\t\t\t<div class=\"elementor-element elementor-element-94c7171 e-con-full e-flex e-con e-child\" data-id=\"94c7171\" data-element_type=\"container\">\r\n\t\t\t\t<div class=\"elementor-element elementor-element-4bf6d6d elementor-widget elementor-widget-wolmart_widget_button\" data-id=\"4bf6d6d\" data-element_type=\"widget\" data-settings=\"{&quot;_animation&quot;:&quot;none&quot;,&quot;_animation_delay&quot;:800}\" data-widget_type=\"wolmart_widget_button.default\">\n\t\t\t\t<div class=\"elementor-widget-container\">\n\t\t\t\t\t<a class=\"btn btn-ellipse btn-white btn-infinite btn-icon-right btn-slide-left\" href=\"https:\/\/as-schwabe.de\/pl\/kontakt\/formularz-kontaktowy\/\" >Kontakt<i class=\"w-icon-angle-right\"><\/i><\/a>\t\t\t\t<\/div>\n\t\t\t\t<\/div>\n\t\t\t\t<\/div>\n\t\t\t\t<\/div>","protected":false},"excerpt":{"rendered":"<p>Wsparcie sprzeda\u017cy Zestawy promocyjne Wszystkie zestawy w skr\u00f3cie Punkt sprzeda\u017cy Dowiedz si\u0119 wi\u0119cej Serwis terenowy O naszym zespole \u015arodki wsparcia sprzeda\u017cy Od koncepcji do monta\u017cu, tworzymy dla Ciebie: Plany modu\u0142owe \u015acianki modu\u0142owe Ulotki reklamowe Pomoce sprzeda\u017cowe Spersonalizowane promocje specjalne Nasz serwis terenowy ch\u0119tnie udzieli Ci wsparcia w zakresie pyta\u0144 technicznych, szkole\u0144 produktowych lub spersonalizowanych broszur reklamowych. Jednocze\u015bnie pomog\u0105 w promocji sprzeda\u017cy [...]<\/p>","protected":false},"author":1,"featured_media":0,"parent":3511,"menu_order":0,"comment_status":"closed","ping_status":"closed","template":"","meta":{"inline_featured_image":false,"footnotes":""},"class_list":["post-3531","page","type-page","status-publish","hentry"],"aioseo_notices":[],"_links":{"self":[{"href":"https:\/\/as-schwabe.de\/pl\/wp-json\/wp\/v2\/pages\/3531","targetHints":{"allow":["GET"]}}],"collection":[{"href":"https:\/\/as-schwabe.de\/pl\/wp-json\/wp\/v2\/pages"}],"about":[{"href":"https:\/\/as-schwabe.de\/pl\/wp-json\/wp\/v2\/types\/page"}],"author":[{"embeddable":true,"href":"https:\/\/as-schwabe.de\/pl\/wp-json\/wp\/v2\/users\/1"}],"replies":[{"embeddable":true,"href":"https:\/\/as-schwabe.de\/pl\/wp-json\/wp\/v2\/comments?post=3531"}],"version-history":[{"count":0,"href":"https:\/\/as-schwabe.de\/pl\/wp-json\/wp\/v2\/pages\/3531\/revisions"}],"up":[{"embeddable":true,"href":"https:\/\/as-schwabe.de\/pl\/wp-json\/wp\/v2\/pages\/3511"}],"wp:attachment":[{"href":"https:\/\/as-schwabe.de\/pl\/wp-json\/wp\/v2\/media?parent=3531"}],"curies":[{"name":"wp","href":"https:\/\/api.w.org\/{rel}","templated":true}]}}