{"id":3530,"date":"2024-12-18T16:08:59","date_gmt":"2024-12-18T16:08:59","guid":{"rendered":"https:\/\/as2025.as-schwabe.de\/?page_id=3530"},"modified":"2025-01-21T12:37:24","modified_gmt":"2025-01-21T12:37:24","slug":"produkty-na-zamowienie","status":"publish","type":"page","link":"https:\/\/as-schwabe.de\/pl\/usluga\/produkty-na-zamowienie\/","title":{"rendered":"Produkty na zam\u00f3wienie"},"content":{"rendered":"<div data-elementor-type=\"wp-page\" data-elementor-id=\"3530\" class=\"elementor elementor-3530\" data-elementor-post-type=\"page\">\n\t\t\t\t\t\t<div class=\"elementor-element elementor-element-3c67b1a e-con-full e-flex e-con e-parent\" data-id=\"3c67b1a\" data-element_type=\"container\">\r\n\t\t\t\t<div class=\"elementor-element elementor-element-739b3ab elementor-widget elementor-widget-text-editor\" data-id=\"739b3ab\" data-element_type=\"widget\" data-widget_type=\"text-editor.default\">\n\t\t\t\t\t\t\t\t\t<div id=\"c1168\" class=\"frame frame-default frame-type-image frame-layout-0\">\n    <div class=\"ce-image ce-left ce-above\">\n        <div class=\"ce-gallery\" data-ce-columns=\"1\" data-ce-images=\"1\">\n            <div class=\"ce-row\">\n                <div class=\"ce-column\">\n                    <figure class=\"image\">\n                        <img fetchpriority=\"high\" decoding=\"async\" class=\"alignnone size-full wp-image-5938\" src=\"https:\/\/as-schwabe.de\/wp-content\/uploads\/2024\/12\/Image_Sonderanfertigung_2020_schmal-scaled.jpg\" alt=\"\" width=\"2560\" height=\"987\" srcset=\"https:\/\/as-schwabe.de\/wp-content\/uploads\/2024\/12\/Image_Sonderanfertigung_2020_schmal-scaled.jpg 2560w, https:\/\/as-schwabe.de\/wp-content\/uploads\/2024\/12\/Image_Sonderanfertigung_2020_schmal-scaled-600x231.jpg 600w, https:\/\/as-schwabe.de\/wp-content\/uploads\/2024\/12\/Image_Sonderanfertigung_2020_schmal-1024x395.jpg 1024w, https:\/\/as-schwabe.de\/wp-content\/uploads\/2024\/12\/Image_Sonderanfertigung_2020_schmal-768x296.jpg 768w, https:\/\/as-schwabe.de\/wp-content\/uploads\/2024\/12\/Image_Sonderanfertigung_2020_schmal-1536x592.jpg 1536w, https:\/\/as-schwabe.de\/wp-content\/uploads\/2024\/12\/Image_Sonderanfertigung_2020_schmal-2048x789.jpg 2048w\" sizes=\"(max-width: 2560px) 100vw, 2560px\" \/>\n                    <\/figure>\n                <\/div>\n            <\/div>\n        <\/div>\n    <\/div>\n<\/div>\n<div id=\"c533\" class=\"frame frame-default frame-type-text frame-layout-0 frame-space-after-medium\">\n    <header>\n        <h2><strong>Niestandardowe produkty dla handlu i przemys\u0142u<\/strong><\/h2>\n    <\/header>\n    <p>\n        Jeste\u015bmy w stanie szybko i elastycznie reagowa\u0107 na indywidualne \u017cyczenia klient\u00f3w <strong>opracowywa\u0107 specjalne rozwi\u0105zania<\/strong> i wdra\u017ca\u0107 <strong>niestandardowe<\/strong> produkty. Nasz zesp\u00f3\u0142 jest zawsze pod r\u0119k\u0105, aby odpowiedzie\u0107 na wszelkie pytania dotycz\u0105ce dostosowywania, pakowania i <strong>produkcji.<\/strong> Nasza produkcja posiada certyfikat <strong>ISO 9001<\/strong>. Ch\u0119tnie podejmiemy wsp\u00f3\u0142prac\u0119 w celu opracowania profesjonalnego rozwi\u0105zania. <a href=\"\/pl\/kontakt\/formularz-kontaktowy\/\"><b>Skontaktuj si\u0119 z nami<\/b><\/a>\n    <\/p>\n    <p><strong>Produkujemy:<\/strong><\/p>\n    <ul>\n        <li>standardowe kable sieciowe i przewody przy\u0142\u0105czeniowe do urz\u0105dze\u0144<\/li>\n        <li>specyficzne dla danego kraju warianty przewod\u00f3w zasilaj\u0105cych<\/li>\n        <li>specjalne wersje przewod\u00f3w przy\u0142\u0105czeniowych<\/li>\n        <li>rozwi\u0105zania z uk\u0142adami ochrony osobistej PRCD i PRCD-S<\/li>\n        <li>indywidualne rozwi\u0105zania odci\u0105\u017cek i przelotek po stronie urz\u0105dzenia<\/li>\n        <li>kable z systemami z\u0142\u0105czy i stykami zaciskanymi zgodnie z Twoj\u0105 specyfikacj\u0105<\/li>\n        <li>produkujemy we w\u0142asnym zak\u0142adzie produkcyjnym zgodnie z Wasz\u0105 dokumentacj\u0105 techniczn\u0105<\/li>\n    <\/ul>\n<\/div>\n\t\t\t\t\t\t\t\t<\/div>\n\t\t\t\t<\/div>\n\t\t\t\t<\/div>","protected":false},"excerpt":{"rendered":"<p>Niestandardowe produkty dla handlu i przemys\u0142u Jeste\u015bmy w stanie szybko i elastycznie reagowa\u0107 na indywidualne \u017cyczenia, opracowywa\u0107 specjalne rozwi\u0105zania i wdra\u017ca\u0107 niestandardowe produkty. Nasz zesp\u00f3\u0142 jest zawsze pod r\u0119k\u0105, aby odpowiedzie\u0107 na wszelkie pytania dotycz\u0105ce dostosowywania, pakowania i produkcji. Nasza produkcja jest certyfikowana zgodnie z norm\u0105 ISO 9001. Ch\u0119tnie podejmiemy wsp\u00f3\u0142prac\u0119 w celu opracowania [...]<\/p>","protected":false},"author":1,"featured_media":0,"parent":3511,"menu_order":0,"comment_status":"closed","ping_status":"closed","template":"","meta":{"inline_featured_image":false,"footnotes":""},"class_list":["post-3530","page","type-page","status-publish","hentry"],"aioseo_notices":[],"_links":{"self":[{"href":"https:\/\/as-schwabe.de\/pl\/wp-json\/wp\/v2\/pages\/3530","targetHints":{"allow":["GET"]}}],"collection":[{"href":"https:\/\/as-schwabe.de\/pl\/wp-json\/wp\/v2\/pages"}],"about":[{"href":"https:\/\/as-schwabe.de\/pl\/wp-json\/wp\/v2\/types\/page"}],"author":[{"embeddable":true,"href":"https:\/\/as-schwabe.de\/pl\/wp-json\/wp\/v2\/users\/1"}],"replies":[{"embeddable":true,"href":"https:\/\/as-schwabe.de\/pl\/wp-json\/wp\/v2\/comments?post=3530"}],"version-history":[{"count":0,"href":"https:\/\/as-schwabe.de\/pl\/wp-json\/wp\/v2\/pages\/3530\/revisions"}],"up":[{"embeddable":true,"href":"https:\/\/as-schwabe.de\/pl\/wp-json\/wp\/v2\/pages\/3511"}],"wp:attachment":[{"href":"https:\/\/as-schwabe.de\/pl\/wp-json\/wp\/v2\/media?parent=3530"}],"curies":[{"name":"wp","href":"https:\/\/api.w.org\/{rel}","templated":true}]}}