{"id":3515,"date":"2024-12-18T16:03:19","date_gmt":"2024-12-18T16:03:19","guid":{"rendered":"https:\/\/as2025.as-schwabe.de\/?page_id=3515"},"modified":"2025-10-20T06:54:57","modified_gmt":"2025-10-20T06:54:57","slug":"usluga-znakowania-kabli","status":"publish","type":"page","link":"https:\/\/as-schwabe.de\/pl\/usluga\/usluga-znakowania-kabli\/","title":{"rendered":"Us\u0142uga znakowania kabli"},"content":{"rendered":"<div data-elementor-type=\"wp-page\" data-elementor-id=\"3515\" class=\"elementor elementor-3515\" data-elementor-post-type=\"page\">\n\t\t\t\t\t\t<div class=\"elementor-element elementor-element-8bcf315 e-flex e-con-boxed e-con e-parent\" data-id=\"8bcf315\" data-element_type=\"container\" data-no-translation=\"\">\r\n\t\t\t\t\t<div class=\"e-con-inner\">\r\n\t\t\t\t\t<div class=\"elementor-element elementor-element-d83acfb elementor-widget elementor-widget-text-editor\" data-id=\"d83acfb\" data-element_type=\"widget\" data-widget_type=\"text-editor.default\">\n\t\t\t\t\t\t\t\t\t<div id=\"c1106\" class=\"frame frame-default frame-type-image frame-layout-0\"><div class=\"ce-image ce-left ce-above\"><div class=\"ce-gallery\" data-ce-columns=\"1\" data-ce-images=\"1\"><div class=\"ce-row\"><div class=\"ce-column\"><figure class=\"image\"><img fetchpriority=\"high\" decoding=\"async\" class=\"alignnone size-full wp-image-5901\" src=\"https:\/\/as-schwabe.de\/wp-content\/uploads\/2024\/12\/csm_61000_Kabelbeschriftung_1200x810px_01.jpg\" alt=\"\" width=\"1552\" height=\"500\" srcset=\"https:\/\/as-schwabe.de\/wp-content\/uploads\/2024\/12\/csm_61000_Kabelbeschriftung_1200x810px_01.jpg 1552w, https:\/\/as-schwabe.de\/wp-content\/uploads\/2024\/12\/csm_61000_Kabelbeschriftung_1200x810px_01-600x193.jpg 600w, https:\/\/as-schwabe.de\/wp-content\/uploads\/2024\/12\/csm_61000_Kabelbeschriftung_1200x810px_01-1024x330.jpg 1024w, https:\/\/as-schwabe.de\/wp-content\/uploads\/2024\/12\/csm_61000_Kabelbeschriftung_1200x810px_01-768x247.jpg 768w, https:\/\/as-schwabe.de\/wp-content\/uploads\/2024\/12\/csm_61000_Kabelbeschriftung_1200x810px_01-1536x495.jpg 1536w\" sizes=\"(max-width: 1552px) 100vw, 1552px\" \/><\/figure><\/div><\/div><\/div><\/div><\/div><div id=\"c342\" class=\"frame frame-default frame-type-text frame-layout-0\"><header><header><h1>Us\u0142uga znakowania kabli<\/h1><\/header><h3><strong>Indywidualne oznakowane przewody na plac budowy<\/strong><\/h3><p class=\"translation-block\">Czy chcesz, aby Twoje\u00a0<strong>b\u0119bny kablowe<\/strong>\u00a0i\u00a0<strong>inne przed\u0142u\u017cacze<\/strong>\u00a0by\u0142y oznaczone\u00a0<strong>indywidualn\u0105 nazw\u0105<\/strong>\u00a0podczas u\u017cytkowania na placu budowy? To mo\u017cliwe dzi\u0119ki naszej\u00a0<strong>us\u0142udze znakowania kabli<\/strong>.<\/p><p class=\"translation-block\">Oznakujemy kable zamawianych produkt\u00f3w indywidualnie, zgodnie z Twoj\u0105 specyfikacj\u0105. Niezale\u017cnie czy b\u0119dzie to\u00a0<strong>nazwa Twojej firmy<\/strong>, jej\u00a0<strong>adres<\/strong>, czy\u00a0<strong>adres Twojej strony internetowej<\/strong>\u00a0\u2013 wszystko to\u00a0<strong>zwi\u0119ksza wp\u0142yw Twojej reklamy na placu budowy<\/strong>\u00a0i mo\u017ce\u00a0<strong>zaowocowa\u0107 nowymi zam\u00f3wieniami<\/strong>. Znakowanie kabli do u\u017cytku na placu budowy ma r\u00f3wnie\u017c t\u0119 zalet\u0119, \u017ce\u00a0<strong>zabezpiecza przed kradzie\u017c\u0105<\/strong>, a tym samym zabezpiecza mienie. Pozwala tak\u017ce\u00a0<strong>unikn\u0105\u0107 pomylenia maj\u0105tku r\u00f3\u017cnych firm na placu budowy<\/strong>. Skorzystaj teraz z naszej us\u0142ugi\u00a0<strong>trwa\u0142ego znakowania kabli i przed\u0142u\u017caczy<\/strong>.<\/p><p><strong>Skorzystaj teraz<\/strong>\u00a0z naszej us\u0142ugi trwa\u0142ego znakowania kabli i przed\u0142u\u017caczy.<\/p><h3><strong>A oto jak to dzia\u0142a<\/strong><\/h3><p>Wybierz produkty z asortymentu as &#8211; Schwabe, kt\u00f3re chcesz, aby\u015bmy oznakowali dla Ciebie indywidualnie. Minimalna ilo\u015b\u0107 zakupu to 100 metr\u00f3w d\u0142ugo\u015bci kabla, chocia\u017c d\u0142ugo\u015bci i typy kabli mo\u017cna dowolnie \u0142\u0105czy\u0107, na przyk\u0142ad:<\/p><ul><li>2 przed\u0142u\u017cacze b\u0119bnowe po 50 metr\u00f3w r\u00f3\u017cnych kabli ka\u017cdy lub,<\/li><li>10 przed\u0142u\u017caczy, ka\u017cdy o d\u0142ugo\u015bci 10 metr\u00f3w, r\u00f3\u017cnych typ\u00f3w kabli.<\/li><\/ul><p><strong>Oznakowanie mo\u017ce by\u0107 nadrukowane na kablach do rozmiaru 5G6:<\/strong><\/p><ul><li>czerwone kable z czarn\u0105 farb\u0105 drukarsk\u0105:\u00a0<strong>H05RR-F<\/strong><\/li><li>czarne kable ze srebrno-szar\u0105 farb\u0105 drukarsk\u0105:\u00a0<strong>H07RN-F<\/strong><\/li><li>pomara\u0144czowe kable z czarn\u0105 farb\u0105 drukarsk\u0105:\u00a0<strong>H07BQ-F<\/strong><\/li><li>\u017c\u00f3\u0142te kable z czarn\u0105 farb\u0105 drukarsk\u0105:\u00a0<strong>AT-N07V3V3-F<\/strong><\/li><\/ul><p>Zastosowane farby charakteryzuj\u0105 si\u0119 du\u017c\u0105 wytrzyma\u0142o\u015bci\u0105 mechaniczn\u0105 i du\u017c\u0105 odporno\u015bci\u0105 na \u015bcieranie.<\/p><p><strong>Zam\u00f3w teraz indywidualn\u0105 etykiet\u0119 do kabli nr 61000 (za metr)<\/strong><\/p><\/header><\/div>\t\t\t\t\t\t\t\t<\/div>\n\t\t\t\t\t<\/div>\n\t\t\t\t<\/div>\n\t\t\t\t<div class=\"elementor-element elementor-element-a8bc0ae e-flex e-con-boxed e-con e-parent\" data-id=\"a8bc0ae\" data-element_type=\"container\">\r\n\t\t\t\t\t<div class=\"e-con-inner\">\r\n\t\t\t\t\t<div class=\"elementor-element elementor-element-e2855f8 elementor-widget elementor-widget-gallery\" data-id=\"e2855f8\" data-element_type=\"widget\" data-settings=\"{&quot;columns&quot;:3,&quot;gap&quot;:{&quot;unit&quot;:&quot;px&quot;,&quot;size&quot;:5,&quot;sizes&quot;:[]},&quot;overlay_description&quot;:&quot;caption&quot;,&quot;gallery_layout&quot;:&quot;grid&quot;,&quot;columns_tablet&quot;:2,&quot;columns_mobile&quot;:1,&quot;gap_tablet&quot;:{&quot;unit&quot;:&quot;px&quot;,&quot;size&quot;:10,&quot;sizes&quot;:[]},&quot;gap_mobile&quot;:{&quot;unit&quot;:&quot;px&quot;,&quot;size&quot;:10,&quot;sizes&quot;:[]},&quot;link_to&quot;:&quot;file&quot;,&quot;aspect_ratio&quot;:&quot;3:2&quot;,&quot;overlay_background&quot;:&quot;yes&quot;,&quot;content_hover_animation&quot;:&quot;fade-in&quot;}\" data-widget_type=\"gallery.default\">\n\t\t\t\t\t\t\t<div class=\"elementor-gallery__container\">\n\t\t\t\t\t\t\t<a class=\"e-gallery-item elementor-gallery-item elementor-animated-content\" href=\"https:\/\/as-schwabe.de\/wp-content\/uploads\/2025\/02\/Leitungsbeschriftung_PL_RN-scaled.jpg\" data-elementor-open-lightbox=\"yes\" data-elementor-lightbox-slideshow=\"e2855f8\" data-elementor-lightbox-title=\"Leitungsbeschriftung_PL_RN\" data-e-action-hash=\"#elementor-action%3Aaction%3Dlightbox%26settings%3DeyJpZCI6MTE3MjEsInVybCI6Imh0dHBzOlwvXC9hcy1zY2h3YWJlLmRlXC93cC1jb250ZW50XC91cGxvYWRzXC8yMDI1XC8wMlwvTGVpdHVuZ3NiZXNjaHJpZnR1bmdfUExfUk4tc2NhbGVkLmpwZyIsInNsaWRlc2hvdyI6ImUyODU1ZjgifQ%3D%3D\">\n\t\t\t\t\t<div class=\"e-gallery-image elementor-gallery-item__image\" data-thumbnail=\"https:\/\/as-schwabe.de\/wp-content\/uploads\/2025\/02\/Leitungsbeschriftung_PL_RN-1024x769.jpg\" data-width=\"1024\" data-height=\"769\" aria-label=\"\" role=\"img\" ><\/div>\n\t\t\t\t\t\t\t\t\t\t\t<div class=\"elementor-gallery-item__overlay\"><\/div>\n\t\t\t\t\t\t\t\t\t\t\t\t\t\t\t<div class=\"elementor-gallery-item__content\">\n\t\t\t\t\t\t\t\t\t\t\t\t\t\t<div class=\"elementor-gallery-item__description\">\n\t\t\t\t\t\t\t\t\t\t\t\t\t\t\t\t\t\tNa czarnym przewodzie bia\u0142y nadruk\t\t\t\t\t\t\t\t<\/div>\n\t\t\t\t\t\t\t\t\t\t\t\t<\/div>\n\t\t\t\t\t\t\t\t\t<\/a>\n\t\t\t\t\t\t\t<a class=\"e-gallery-item elementor-gallery-item elementor-animated-content\" href=\"https:\/\/as-schwabe.de\/wp-content\/uploads\/2025\/01\/Leitungsbeschriftung_PL_K35_2-scaled.jpg\" data-elementor-open-lightbox=\"yes\" data-elementor-lightbox-slideshow=\"e2855f8\" data-elementor-lightbox-title=\"Leitungsbeschriftung_PL_K35_2\" data-e-action-hash=\"#elementor-action%3Aaction%3Dlightbox%26settings%3DeyJpZCI6MTEyMzMsInVybCI6Imh0dHBzOlwvXC9hcy1zY2h3YWJlLmRlXC93cC1jb250ZW50XC91cGxvYWRzXC8yMDI1XC8wMVwvTGVpdHVuZ3NiZXNjaHJpZnR1bmdfUExfSzM1XzItc2NhbGVkLmpwZyIsInNsaWRlc2hvdyI6ImUyODU1ZjgifQ%3D%3D\">\n\t\t\t\t\t<div class=\"e-gallery-image elementor-gallery-item__image\" data-thumbnail=\"https:\/\/as-schwabe.de\/wp-content\/uploads\/2025\/01\/Leitungsbeschriftung_PL_K35_2-1024x564.jpg\" data-width=\"1024\" data-height=\"564\" aria-label=\"\" role=\"img\" ><\/div>\n\t\t\t\t\t\t\t\t\t\t\t<div class=\"elementor-gallery-item__overlay\"><\/div>\n\t\t\t\t\t\t\t\t\t\t\t\t\t\t\t<div class=\"elementor-gallery-item__content\">\n\t\t\t\t\t\t\t\t\t\t\t\t\t\t<div class=\"elementor-gallery-item__description\">\n\t\t\t\t\t\t\t\t\t\t\t\t\t\t\t\t\t\tNa \u017c\u00f3\u0142tym przewodzie ciemny nadruk\t\t\t\t\t\t\t\t<\/div>\n\t\t\t\t\t\t\t\t\t\t\t\t<\/div>\n\t\t\t\t\t\t\t\t\t<\/a>\n\t\t\t\t\t\t\t<a class=\"e-gallery-item elementor-gallery-item elementor-animated-content\" href=\"https:\/\/as-schwabe.de\/wp-content\/uploads\/2025\/01\/Leitungsbeschriftung_PL_BQ_1-scaled.jpg\" data-elementor-open-lightbox=\"yes\" data-elementor-lightbox-slideshow=\"e2855f8\" data-elementor-lightbox-title=\"Leitungsbeschriftung_PL_BQ_1\" data-e-action-hash=\"#elementor-action%3Aaction%3Dlightbox%26settings%3DeyJpZCI6MTEyMzIsInVybCI6Imh0dHBzOlwvXC9hcy1zY2h3YWJlLmRlXC93cC1jb250ZW50XC91cGxvYWRzXC8yMDI1XC8wMVwvTGVpdHVuZ3NiZXNjaHJpZnR1bmdfUExfQlFfMS1zY2FsZWQuanBnIiwic2xpZGVzaG93IjoiZTI4NTVmOCJ9\">\n\t\t\t\t\t<div class=\"e-gallery-image elementor-gallery-item__image\" data-thumbnail=\"https:\/\/as-schwabe.de\/wp-content\/uploads\/2025\/01\/Leitungsbeschriftung_PL_BQ_1-1024x1024.jpg\" data-width=\"1024\" data-height=\"1024\" aria-label=\"\" role=\"img\" ><\/div>\n\t\t\t\t\t\t\t\t\t\t\t<div class=\"elementor-gallery-item__overlay\"><\/div>\n\t\t\t\t\t\t\t\t\t\t\t\t\t\t\t<div class=\"elementor-gallery-item__content\">\n\t\t\t\t\t\t\t\t\t\t\t\t\t\t<div class=\"elementor-gallery-item__description\">\n\t\t\t\t\t\t\t\t\t\t\t\t\t\t\t\t\t\tNa pomara\u0144czowym przewodzie ciemny nadruk\t\t\t\t\t\t\t\t<\/div>\n\t\t\t\t\t\t\t\t\t\t\t\t<\/div>\n\t\t\t\t\t\t\t\t\t<\/a>\n\t\t\t\t\t<\/div>\n\t\t\t\t\t<\/div>\n\t\t\t\t\t<\/div>\n\t\t\t\t<\/div>\n\t\t\t\t<\/div>","protected":false},"excerpt":{"rendered":"<p>Us\u0142uga etykietowania kabli Spersonalizowane kable na plac budowy Czy chcesz, aby b\u0119bny kablowe i przed\u0142u\u017cacze przemawia\u0142y za Twoj\u0105 firm\u0105, gdy s\u0105 u\u017cywane na placu budowy? Jest to mo\u017cliwe dzi\u0119ki naszej us\u0142udze etykietowania kabli. Etykietujemy kable produkt\u00f3w, kt\u00f3rych potrzebujesz indywidualnie, zgodnie z Twoimi specyfikacjami. Niezale\u017cnie od tego, czy jest to nazwa firmy, adres czy adres URL strony internetowej - wszystko to zwi\u0119ksza wp\u0142yw reklamy [...]<\/p>","protected":false},"author":1,"featured_media":0,"parent":3511,"menu_order":0,"comment_status":"closed","ping_status":"closed","template":"","meta":{"inline_featured_image":false,"footnotes":""},"class_list":["post-3515","page","type-page","status-publish","hentry"],"aioseo_notices":[],"_links":{"self":[{"href":"https:\/\/as-schwabe.de\/pl\/wp-json\/wp\/v2\/pages\/3515","targetHints":{"allow":["GET"]}}],"collection":[{"href":"https:\/\/as-schwabe.de\/pl\/wp-json\/wp\/v2\/pages"}],"about":[{"href":"https:\/\/as-schwabe.de\/pl\/wp-json\/wp\/v2\/types\/page"}],"author":[{"embeddable":true,"href":"https:\/\/as-schwabe.de\/pl\/wp-json\/wp\/v2\/users\/1"}],"replies":[{"embeddable":true,"href":"https:\/\/as-schwabe.de\/pl\/wp-json\/wp\/v2\/comments?post=3515"}],"version-history":[{"count":0,"href":"https:\/\/as-schwabe.de\/pl\/wp-json\/wp\/v2\/pages\/3515\/revisions"}],"up":[{"embeddable":true,"href":"https:\/\/as-schwabe.de\/pl\/wp-json\/wp\/v2\/pages\/3511"}],"wp:attachment":[{"href":"https:\/\/as-schwabe.de\/pl\/wp-json\/wp\/v2\/media?parent=3515"}],"curies":[{"name":"wp","href":"https:\/\/api.w.org\/{rel}","templated":true}]}}