{"id":3499,"date":"2024-12-18T14:07:40","date_gmt":"2024-12-18T14:07:40","guid":{"rendered":"https:\/\/as2025.as-schwabe.de\/?page_id=3499"},"modified":"2026-03-31T14:19:42","modified_gmt":"2026-03-31T14:19:42","slug":"kariera","status":"publish","type":"page","link":"https:\/\/as-schwabe.de\/pl\/o-firmie\/kariera\/","title":{"rendered":"Praca"},"content":{"rendered":"<div data-elementor-type=\"wp-page\" data-elementor-id=\"3499\" class=\"elementor elementor-3499\" data-elementor-post-type=\"page\">\n\t\t\t\t\t\t<div class=\"elementor-element elementor-element-0a9a814 e-flex e-con-boxed e-con e-parent\" data-id=\"0a9a814\" data-element_type=\"container\">\r\n\t\t\t\t\t<div class=\"e-con-inner\">\r\n\t\t\t\t\t<div class=\"elementor-element elementor-element-ea94d5d elementor-widget elementor-widget-heading\" data-id=\"ea94d5d\" data-element_type=\"widget\" data-widget_type=\"heading.default\">\n\t\t\t\t\t<h1 class=\"elementor-heading-title elementor-size-default\">Kariera w as - Schwabe<\/h1>\t\t\t\t<\/div>\n\t\t\t\t\t<\/div>\n\t\t\t\t<\/div>\n\t\t\t\t<div class=\"elementor-element elementor-element-9c4919e e-flex e-con-boxed e-con e-parent\" data-id=\"9c4919e\" data-element_type=\"container\">\r\n\t\t\t\t\t<div class=\"e-con-inner\">\r\n\t\t\t\t\t<div class=\"elementor-element elementor-element-0359054 elementor-widget elementor-widget-spacer\" data-id=\"0359054\" data-element_type=\"widget\" data-widget_type=\"spacer.default\">\n\t\t\t\t\t\t\t<div class=\"elementor-spacer\">\n\t\t\t<div class=\"elementor-spacer-inner\"><\/div>\n\t\t<\/div>\n\t\t\t\t\t\t<\/div>\n\t\t\t\t\t<\/div>\n\t\t\t\t<\/div>\n\t\t\t\t<div class=\"elementor-element elementor-element-ba409d0 e-flex e-con-boxed e-con e-parent\" data-id=\"ba409d0\" data-element_type=\"container\">\r\n\t\t\t\t\t<div class=\"e-con-inner\">\r\n\t\t\t\t\t<div class=\"elementor-element elementor-element-3b8237e elementor-widget elementor-widget-spacer\" data-id=\"3b8237e\" data-element_type=\"widget\" data-widget_type=\"spacer.default\">\n\t\t\t\t\t\t\t<div class=\"elementor-spacer\">\n\t\t\t<div class=\"elementor-spacer-inner\"><\/div>\n\t\t<\/div>\n\t\t\t\t\t\t<\/div>\n\t\t\t\t\t<\/div>\n\t\t\t\t<\/div>\n\t\t\t\t<div class=\"elementor-element elementor-element-dac4c86 e-flex e-con-boxed e-con e-parent\" data-id=\"dac4c86\" data-element_type=\"container\">\r\n\t\t\t\t\t<div class=\"e-con-inner\">\r\n\t\t\t\t\t<div class=\"elementor-element elementor-element-9f79771 elementor-widget elementor-widget-image\" data-id=\"9f79771\" data-element_type=\"widget\" data-widget_type=\"image.default\">\n\t\t\t\t\t\t\t\t\t\t\t\t\t\t\t<img fetchpriority=\"high\" decoding=\"async\" width=\"1920\" height=\"720\" src=\"https:\/\/as-schwabe.de\/wp-content\/uploads\/2024\/12\/csm_Karriere_Header_1_c8af993bd2.jpg\" class=\"attachment-full size-full wp-image-5849\" alt=\"\" srcset=\"https:\/\/as-schwabe.de\/wp-content\/uploads\/2024\/12\/csm_Karriere_Header_1_c8af993bd2.jpg 1920w, https:\/\/as-schwabe.de\/wp-content\/uploads\/2024\/12\/csm_Karriere_Header_1_c8af993bd2-600x225.jpg 600w, https:\/\/as-schwabe.de\/wp-content\/uploads\/2024\/12\/csm_Karriere_Header_1_c8af993bd2-1024x384.jpg 1024w, https:\/\/as-schwabe.de\/wp-content\/uploads\/2024\/12\/csm_Karriere_Header_1_c8af993bd2-768x288.jpg 768w, https:\/\/as-schwabe.de\/wp-content\/uploads\/2024\/12\/csm_Karriere_Header_1_c8af993bd2-1536x576.jpg 1536w\" sizes=\"(max-width: 1920px) 100vw, 1920px\" \/>\t\t\t\t\t\t\t\t\t\t\t\t\t\t\t<\/div>\n\t\t\t\t\t<\/div>\n\t\t\t\t<\/div>\n\t\t\t\t<div class=\"elementor-element elementor-element-cad2564 e-flex e-con-boxed e-con e-parent\" data-id=\"cad2564\" data-element_type=\"container\">\r\n\t\t\t\t\t<div class=\"e-con-inner\">\r\n\t\t\t\t\t<div class=\"elementor-element elementor-element-b6117b3 elementor-widget elementor-widget-spacer\" data-id=\"b6117b3\" data-element_type=\"widget\" data-widget_type=\"spacer.default\">\n\t\t\t\t\t\t\t<div class=\"elementor-spacer\">\n\t\t\t<div class=\"elementor-spacer-inner\"><\/div>\n\t\t<\/div>\n\t\t\t\t\t\t<\/div>\n\t\t\t\t\t<\/div>\n\t\t\t\t<\/div>\n\t\t\t\t<div class=\"elementor-element elementor-element-c5b103a e-flex e-con-boxed e-con e-parent\" data-id=\"c5b103a\" data-element_type=\"container\">\r\n\t\t\t\t\t<div class=\"e-con-inner\">\r\n\t\t\t\t\t<div class=\"elementor-element elementor-element-2d240dd elementor-widget elementor-widget-text-editor\" data-id=\"2d240dd\" data-element_type=\"widget\" data-widget_type=\"text-editor.default\">\n\t\t\t\t\t\t\t\t\t<div id=\"c1219\" class=\"frame frame-default frame-type-header frame-layout-0\"><header><h3 class=\"\">Wsp\u00f3lne wprowadzanie zmian<\/h3><\/header><\/div><div id=\"c832\" class=\"frame frame-default frame-type-text frame-layout-0\"><p>Jako Schwabe GmbH jeste\u015bmy dzia\u0142aj\u0105c\u0105 na arenie mi\u0119dzynarodowej, stale rozwijaj\u0105c\u0105 si\u0119, \u015bredniej wielko\u015bci firm\u0105 elektrotechniczn\u0105 specjalizuj\u0105c\u0105 si\u0119 w zasilaniu i o\u015bwietleniu teren\u00f3w zewn\u0119trznych i plac\u00f3w budowy. Od ponad 40 lat produkujemy i sprzedajemy szerok\u0105 gam\u0119 produkt\u00f3w elektrotechnicznych dla przemys\u0142u i handlu.<\/p><p>Oferujemy atrakcyjne \u015brodowisko pracy z ekscytuj\u0105cymi wyzwaniami. Mo\u017cesz spodziewa\u0107 si\u0119 kreatywnego i zr\u00f3\u017cnicowanego pracodawcy, w kt\u00f3rym szybko przejmiesz odpowiedzialno\u015b\u0107 dzi\u0119ki p\u0142askiej hierarchii.<\/p><p>Czy wzbudzili\u015bmy Twoje zainteresowanie? W takim razie czekamy na Twoj\u0105 niezam\u00f3wion\u0105 aplikacj\u0119 pod adresem\u00a0<a title=\"Dokumenty aplikacyjne\">bewerbung@as-schwabe.de<\/a><\/p><\/div><div id=\"c1170\" class=\"frame frame-default frame-type-text frame-layout-0 frame-space-after-small\"><header><h3 class=\"\">Obecnie chcemy wzmocni\u0107 nasz zesp\u00f3\u0142:<\/h3><p>\u00a0<\/p><\/header><\/div><div id=\"c1254\" class=\"frame frame-default frame-type-header frame-layout-0 frame-space-before-medium\"><header><h3 class=\"\">Szkolenie w as - Schwabe<\/h3><\/header><\/div><div id=\"c1249\" class=\"frame frame-default frame-type-textpic frame-layout-0 frame-space-after-small\"><header><h4 class=\"\">B\u0119dziemy szkoli\u0107 nast\u0119puj\u0105ce zawody od 01.09.2026:<\/h4><\/header><div class=\"ce-textpic ce-left ce-above\"><div class=\"ce-bodytext\"><ul><li>Specjalista ds. magazynu (m\/k\/d)\u00a0<br \/><a href=\"https:\/\/as-schwabe.de\/wp-content\/uploads\/2025\/11\/Stellenanzeige_Ausbildung_Fachlagerist_2026.pdf\">Zur Stellenanzeige<\/a><\/li><\/ul><ul><li>Asystent zarz\u0105du (m\/k\/d) w dziale zarz\u0105dzania handlem hurtowym i zagranicznym (specjalizacja w handlu hurtowym)<br \/><a href=\"https:\/\/as-schwabe.de\/wp-content\/uploads\/2025\/11\/Stellenanzeige_Ausbildung_Kaufmann_Gross_und_Aussenhandel_2026.pdf\">Zur Stellenanzeige<\/a><\/li><\/ul><\/div><\/div><\/div>\t\t\t\t\t\t\t\t<\/div>\n\t\t\t\t\t<\/div>\n\t\t\t\t<\/div>\n\t\t\t\t<\/div>","protected":false},"excerpt":{"rendered":"<p>Kar\u00adrie\u00adre bei as &#8211; Schwa\u00adbe Gemeinsam etwas bewegen Wir, die as &#8211; Schwabe GmbH, sind ein international agierendes, stetig wachsendes, mittelst\u00e4ndisches Elektrotechnik-Unternehmen mit Schwerpunkt im Bereich Strom- und Lichtversorgung f\u00fcr den Au\u00dfenbereich und auf Baustellen. Seit \u00fcber 40 Jahren produzieren und vermarkten wir eine umfangreiche Palette von elektrotechnischen Produkten f\u00fcr Industrie und Handwerk. Wir bieten [&hellip;]<\/p>","protected":false},"author":1,"featured_media":0,"parent":3508,"menu_order":0,"comment_status":"closed","ping_status":"closed","template":"","meta":{"inline_featured_image":false,"footnotes":""},"class_list":["post-3499","page","type-page","status-publish","hentry"],"aioseo_notices":[],"_links":{"self":[{"href":"https:\/\/as-schwabe.de\/pl\/wp-json\/wp\/v2\/pages\/3499","targetHints":{"allow":["GET"]}}],"collection":[{"href":"https:\/\/as-schwabe.de\/pl\/wp-json\/wp\/v2\/pages"}],"about":[{"href":"https:\/\/as-schwabe.de\/pl\/wp-json\/wp\/v2\/types\/page"}],"author":[{"embeddable":true,"href":"https:\/\/as-schwabe.de\/pl\/wp-json\/wp\/v2\/users\/1"}],"replies":[{"embeddable":true,"href":"https:\/\/as-schwabe.de\/pl\/wp-json\/wp\/v2\/comments?post=3499"}],"version-history":[{"count":3,"href":"https:\/\/as-schwabe.de\/pl\/wp-json\/wp\/v2\/pages\/3499\/revisions"}],"predecessor-version":[{"id":36663,"href":"https:\/\/as-schwabe.de\/pl\/wp-json\/wp\/v2\/pages\/3499\/revisions\/36663"}],"up":[{"embeddable":true,"href":"https:\/\/as-schwabe.de\/pl\/wp-json\/wp\/v2\/pages\/3508"}],"wp:attachment":[{"href":"https:\/\/as-schwabe.de\/pl\/wp-json\/wp\/v2\/media?parent=3499"}],"curies":[{"name":"wp","href":"https:\/\/api.w.org\/{rel}","templated":true}]}}