{"id":3497,"date":"2024-12-18T14:07:22","date_gmt":"2024-12-18T14:07:22","guid":{"rendered":"https:\/\/as2025.as-schwabe.de\/?page_id=3497"},"modified":"2025-02-05T07:43:09","modified_gmt":"2025-02-05T07:43:09","slug":"dla-prasy","status":"publish","type":"page","link":"https:\/\/as-schwabe.de\/pl\/o-firmie\/dla-prasy\/","title":{"rendered":"Dla prasy"},"content":{"rendered":"<div data-elementor-type=\"wp-page\" data-elementor-id=\"3497\" class=\"elementor elementor-3497\" data-elementor-post-type=\"page\">\n\t\t\t\t\t\t<div class=\"elementor-element elementor-element-93b28db e-flex e-con-boxed e-con e-parent\" data-id=\"93b28db\" data-element_type=\"container\">\r\n\t\t\t\t\t<div class=\"e-con-inner\">\r\n\t\t\t\t\t<div class=\"elementor-element elementor-element-1c90b35 elementor-widget elementor-widget-heading\" data-id=\"1c90b35\" data-element_type=\"widget\" data-widget_type=\"heading.default\">\n\t\t\t\t\t<h1 class=\"elementor-heading-title elementor-size-default\">Obszar prasowy<\/h1>\t\t\t\t<\/div>\n\t\t\t\t\t<\/div>\n\t\t\t\t<\/div>\n\t\t\t\t<div class=\"elementor-element elementor-element-7033139 e-flex e-con-boxed e-con e-parent\" data-id=\"7033139\" data-element_type=\"container\">\r\n\t\t\t\t\t<div class=\"e-con-inner\">\r\n\t\t\t\t\t<div class=\"elementor-element elementor-element-8eae634 elementor-widget elementor-widget-spacer\" data-id=\"8eae634\" data-element_type=\"widget\" data-widget_type=\"spacer.default\">\n\t\t\t\t\t\t\t<div class=\"elementor-spacer\">\n\t\t\t<div class=\"elementor-spacer-inner\"><\/div>\n\t\t<\/div>\n\t\t\t\t\t\t<\/div>\n\t\t\t\t\t<\/div>\n\t\t\t\t<\/div>\n\t\t\t\t<div class=\"elementor-element elementor-element-ef632c2 e-flex e-con-boxed e-con e-parent\" data-id=\"ef632c2\" data-element_type=\"container\">\r\n\t\t\t\t\t<div class=\"e-con-inner\">\r\n\t\t\t\t\t<div class=\"elementor-element elementor-element-7061957 elementor-widget elementor-widget-heading\" data-id=\"7061957\" data-element_type=\"widget\" data-widget_type=\"heading.default\">\n\t\t\t\t\t<h2 class=\"elementor-heading-title elementor-size-default\">Jeste\u015b dziennikarzem i masz pytania dotycz\u0105ce as - Schwabe i naszych produkt\u00f3w?<\/h2>\t\t\t\t<\/div>\n\t\t\t\t\t<\/div>\n\t\t\t\t<\/div>\n\t\t\t\t<div class=\"elementor-element elementor-element-9336047 e-flex e-con-boxed e-con e-parent\" data-id=\"9336047\" data-element_type=\"container\">\r\n\t\t\t\t\t<div class=\"e-con-inner\">\r\n\t\t\t\t\t<div class=\"elementor-element elementor-element-ee6c5e6 elementor-widget elementor-widget-spacer\" data-id=\"ee6c5e6\" data-element_type=\"widget\" data-widget_type=\"spacer.default\">\n\t\t\t\t\t\t\t<div class=\"elementor-spacer\">\n\t\t\t<div class=\"elementor-spacer-inner\"><\/div>\n\t\t<\/div>\n\t\t\t\t\t\t<\/div>\n\t\t\t\t\t<\/div>\n\t\t\t\t<\/div>\n\t\t\t\t<div class=\"elementor-element elementor-element-74f2850 e-flex e-con-boxed e-con e-parent\" data-id=\"74f2850\" data-element_type=\"container\">\r\n\t\t\t\t\t<div class=\"e-con-inner\">\r\n\t\t\t\t\t<div class=\"elementor-element elementor-element-db0fe16 elementor-widget elementor-widget-text-editor\" data-id=\"db0fe16\" data-element_type=\"widget\" data-widget_type=\"text-editor.default\">\n\t\t\t\t\t\t\t\t\t<p>Ch\u0119tnie wesprzemy Ci\u0119 w Twojej pracy i jeste\u015bmy do Twojej osobistej dyspozycji w zakresie niestandardowych materia\u0142\u00f3w graficznych, danych, fakt\u00f3w i podstawowych informacji na temat naszej firmy i \u015bwiata naszych produkt\u00f3w.<\/p><p>Skontaktuj si\u0119 z nami za po\u015brednictwem\u00a0<a href=\"\/pl\/kontakt\/\">Formularz kontaktowy<\/a><\/p>\t\t\t\t\t\t\t\t<\/div>\n\t\t\t\t\t<\/div>\n\t\t\t\t<\/div>\n\t\t\t\t<div class=\"elementor-element elementor-element-a2aaaa9 e-flex e-con-boxed e-con e-parent\" data-id=\"a2aaaa9\" data-element_type=\"container\">\r\n\t\t\t\t\t<div class=\"e-con-inner\">\r\n\t\t\t\t\t<div class=\"elementor-element elementor-element-c2a4a39 e-n-tabs-mobile elementor-widget elementor-widget-n-tabs\" data-id=\"c2a4a39\" data-element_type=\"widget\" data-settings=\"{&quot;tabs_justify_horizontal&quot;:&quot;start&quot;,&quot;horizontal_scroll&quot;:&quot;enable&quot;}\" data-widget_type=\"nested-tabs.default\">\n\t\t\t\t\t\t\t<div class=\"e-n-tabs\" data-widget-number=\"204098105\" aria-label=\"Karty. Otwieraj elementy za pomoc\u0105 Enter lub Spacji, zamykaj za pomoc\u0105 Escape i nawiguj za pomoc\u0105 klawiszy strza\u0142ek.\">\n\t\t\t<div class=\"e-n-tabs-heading\" role=\"tablist\">\n\t\t\t\t\t<button id=\"e-n-tab-title-2040981051\" class=\"e-n-tab-title\" aria-selected=\"true\" data-tab-index=\"1\" role=\"tab\" tabindex=\"0\" aria-controls=\"e-n-tab-content-2040981051\" style=\"--n-tabs-title-order: 1;\">\n\t\t\t\t\t\t<span class=\"e-n-tab-title-text\">\n\t\t\t\tKomunikaty prasowe\t\t\t<\/span>\n\t\t<\/button>\n\t\t\t\t<button id=\"e-n-tab-title-2040981052\" class=\"e-n-tab-title\" aria-selected=\"false\" data-tab-index=\"2\" role=\"tab\" tabindex=\"-1\" aria-controls=\"e-n-tab-content-2040981052\" style=\"--n-tabs-title-order: 2;\">\n\t\t\t\t\t\t<span class=\"e-n-tab-title-text\">\n\t\t\t\tInformacje o firmie\t\t\t<\/span>\n\t\t<\/button>\n\t\t\t\t<button id=\"e-n-tab-title-2040981053\" class=\"e-n-tab-title\" aria-selected=\"false\" data-tab-index=\"3\" role=\"tab\" tabindex=\"-1\" aria-controls=\"e-n-tab-content-2040981053\" style=\"--n-tabs-title-order: 3;\">\n\t\t\t\t\t\t<span class=\"e-n-tab-title-text\">\n\t\t\t\tOsoba do kontaktu\t\t\t<\/span>\n\t\t<\/button>\n\t\t\t\t\t<\/div>\n\t\t\t<div class=\"e-n-tabs-content\">\n\t\t\t\t\t\t<div class=\"e-active elementor-element elementor-element-b4b07da e-flex e-con-boxed e-con e-child\" id=\"e-n-tab-content-2040981051\" role=\"tabpanel\" aria-labelledby=\"e-n-tab-title-2040981051\" data-tab-index=\"1\" style=\"--n-tabs-title-order: 1;\" data-id=\"b4b07da\" data-element_type=\"container\">\r\n\t\t\t\t\t<div class=\"e-con-inner\">\r\n\t\t\t\t\t<div class=\"elementor-element elementor-element-0bd25c5 e-con-full e-flex e-con e-child\" data-id=\"0bd25c5\" data-element_type=\"container\">\r\n\t\t\t\t<div class=\"elementor-element elementor-element-fb0150b elementor-widget elementor-widget-wolmart_widget_posts\" data-id=\"fb0150b\" data-element_type=\"widget\" data-widget_type=\"wolmart_widget_posts.default\">\n\t\t\t\t<div class=\"elementor-widget-container\">\n\t\t\t\t\t<div class=\"posts  gutter-lg  row cols-lg-1 cols-md-1 cols-sm-1 cols-1 cols-xl-1 text-left\" data-load=\"{&quot;props&quot;:{&quot;widget&quot;:true,&quot;posts_layout&quot;:&quot;grid&quot;,&quot;type&quot;:&quot;list&quot;,&quot;overlay&quot;:&quot;zoom&quot;,&quot;show_info&quot;:[&quot;image&quot;,&quot;date&quot;,&quot;content&quot;,&quot;readmore&quot;],&quot;show_datebox&quot;:&quot;yes&quot;,&quot;excerpt_length&quot;:10,&quot;excerpt_type&quot;:&quot;words&quot;,&quot;read_more_label&quot;:&quot;Weiterlesen&lt;i class=\\&quot;fas fa-angle-right\\&quot;&gt;&lt;\\\/i&gt;&quot;,&quot;read_more_class&quot;:&quot;btn-shadow-sm btn-secondary btn-icon-right btn-slide-right&quot;,&quot;thumbnail_size&quot;:&quot;wolmart-post-medium&quot;,&quot;thumbnail_custom_dimension&quot;:null},&quot;args&quot;:{&quot;post_type&quot;:&quot;post&quot;,&quot;posts_per_page&quot;:50,&quot;cat&quot;:[&quot;262&quot;],&quot;orderby&quot;:&quot;date&quot;,&quot;order&quot;:&quot;DESC&quot;},&quot;max&quot;:1}\"><div class=\"post-wrap\" data-post-image=\"large\">\r\n\t\t<article class=\"post-7252 post type-post status-publish format-standard has-post-thumbnail hentry category-presse-wpisy-de overlay-zoom post-list\">\r\n\t\t\t\t\t<figure class=\"post-media\">\r\n\t\t\t\t\t\t\t\t<a href=\"https:\/\/as-schwabe.de\/pl\/2021\/07\/08\/gaz-niewidzialne-niebezpieczenstwo\/\" aria-label=\"Post Media\">\r\n\t\t\t\t\t\t\t\t<img fetchpriority=\"high\" decoding=\"async\" width=\"600\" height=\"420\" src=\"https:\/\/as-schwabe.de\/wp-content\/uploads\/2025\/01\/as-Schwabe_K.O._Gasmeld\u00ader-600x420.jpg\" class=\"attachment-wolmart-post-medium size-wolmart-post-medium wp-post-image\" alt=\"\" srcset=\"https:\/\/as-schwabe.de\/wp-content\/uploads\/2025\/01\/as-Schwabe_K.O._Gasmeld\u00ader-600x420.jpg 600w, https:\/\/as-schwabe.de\/wp-content\/uploads\/2025\/01\/as-Schwabe_K.O._Gasmeld\u00ader-400x280.jpg 400w\" sizes=\"(max-width: 600px) 100vw, 600px\" \/>\t\t\t\t\t\t\t\t\t<\/a>\r\n\t\t\t\t\t\t\t\t<div class=\"post-calendar\">\r\n\t<span class=\"post-day\">08<\/span>\r\n\t<span class=\"post-month\">lip<\/span>\r\n<\/div>\r\n\t\t\t<\/figure>\r\n\t\t\t\t\t<div class=\"post-details\">\r\n\t\t\t<div class=\"post-meta\"><span class=\"post-date\"><a href=\"https:\/\/as-schwabe.de\/pl\/2021\/07\/08\/\">8 lipca 2021 r.<\/a><\/span><\/div><h3 class=\"post-title\"><a href=\"https:\/\/as-schwabe.de\/pl\/2021\/07\/08\/gaz-niewidzialne-niebezpieczenstwo\/\">Gaz - niewidzialne zagro\u017cenie!<\/a><\/h3>\t<div class=\"post-content\">\r\n\t\t<p>Wsi\u0105d\u017a do kampera i ruszaj na przygod\u0119. Je\u015bli chcesz si\u0119 szczeg\u00f3lnie dobrze bawi\u0107, masz do dyspozycji butl\u0119 LPG do grilla lub p\u0142yty grzewczej....<\/p>\t<\/div>\r\n\t<a href=\"https:\/\/as-schwabe.de\/pl\/2021\/07\/08\/gaz-niewidzialne-niebezpieczenstwo\/\" class=\"btn btn-shadow-sm btn-secondary btn-icon-right btn-slide-right\" title=\"Wi\u0119cej\">Wi\u0119cej<i class=\"fas fa-angle-right\"><\/i><\/a>\t\t<\/div>\r\n\t<\/article>\r\n\t<\/div>\r\n\r\n<\/div>\t\t\t\t<\/div>\n\t\t\t\t<\/div>\n\t\t\t\t<\/div>\n\t\t\t\t\t<\/div>\n\t\t\t\t<\/div>\n\t\t\t\t<div class=\"elementor-element elementor-element-a1fa268 e-con-full e-flex e-con e-child\" id=\"e-n-tab-content-2040981052\" role=\"tabpanel\" aria-labelledby=\"e-n-tab-title-2040981052\" data-tab-index=\"2\" style=\"--n-tabs-title-order: 2;\" data-id=\"a1fa268\" data-element_type=\"container\">\r\n\t\t\t\t<div class=\"elementor-element elementor-element-e211eb4 elementor-widget elementor-widget-heading\" data-id=\"e211eb4\" data-element_type=\"widget\" data-widget_type=\"heading.default\">\n\t\t\t\t\t<h2 class=\"elementor-heading-title elementor-size-default\">Opis firmy:<\/h2>\t\t\t\t<\/div>\n\t\t\t\t<div class=\"elementor-element elementor-element-f3982b9 elementor-widget elementor-widget-text-editor\" data-id=\"f3982b9\" data-element_type=\"widget\" data-widget_type=\"text-editor.default\">\n\t\t\t\t\t\t\t\t\t<p>as - Schwabe GmbH od ponad 40 lat opracowuje, produkuje i dystrybuuje wysokiej jako\u015bci produkty w dziedzinie elektrotechniki. Asortyment produkt\u00f3w jest specjalnie dostosowany do trudnych wymaga\u0144 zwi\u0105zanych z u\u017cytkowaniem na komercyjnych placach budowy i jest dost\u0119pny u wykwalifikowanych wyspecjalizowanych dealer\u00f3w. Podstawowy asortyment obejmuje b\u0119bny kablowe, przed\u0142u\u017cacze i rozdzielacze zasilania na placu budowy, a tak\u017ce asortyment CEE, adaptery i o\u015bwietlenie placu budowy. Firma oferuje r\u00f3wnie\u017c szerok\u0105 gam\u0119 wysokiej jako\u015bci mobilnych urz\u0105dze\u0144 zasilaj\u0105cych dla kemping\u00f3w i przyczep kempingowych, a tak\u017ce dla domu i ogrodu. Ze wzgl\u0119du na sta\u0142y wzrost, we wrze\u015bniu 2018 r. firma przenios\u0142a swoj\u0105 siedzib\u0119 i magazyn centralny do nowego budynku o powierzchni ok. 11 500 m\u00b2 w Eutingen im G\u00e4u.<\/p>\t\t\t\t\t\t\t\t<\/div>\n\t\t\t\t<div class=\"elementor-element elementor-element-24b7e16 elementor-widget elementor-widget-heading\" data-id=\"24b7e16\" data-element_type=\"widget\" data-widget_type=\"heading.default\">\n\t\t\t\t\t<h2 class=\"elementor-heading-title elementor-size-default\">Adres:<\/h2>\t\t\t\t<\/div>\n\t\t\t\t<div class=\"elementor-element elementor-element-785459d elementor-widget elementor-widget-text-editor\" data-id=\"785459d\" data-element_type=\"widget\" data-widget_type=\"text-editor.default\">\n\t\t\t\t\t\t\t\t\t<p><strong><span class=\"fett\">as - Schwabe GmbH<\/span><\/strong><br \/>Merkurstrasse 10<br \/>D-72184 Eutingen im G\u00e4u<\/p>\t\t\t\t\t\t\t\t<\/div>\n\t\t\t\t<\/div>\n\t\t\t\t<div class=\"elementor-element elementor-element-108bd60 e-con-full e-flex e-con e-child\" id=\"e-n-tab-content-2040981053\" role=\"tabpanel\" aria-labelledby=\"e-n-tab-title-2040981053\" data-tab-index=\"3\" style=\"--n-tabs-title-order: 3;\" data-id=\"108bd60\" data-element_type=\"container\">\r\n\t\t\t\t<div class=\"elementor-element elementor-element-f6661eb elementor-widget elementor-widget-link-in-bio\" data-id=\"f6661eb\" data-element_type=\"widget\" data-widget_type=\"link-in-bio.default\">\n\t\t\t\t<div class=\"elementor-widget-container\">\n\t\t\t\t\t\t\t<div class=\"e-link-in-bio e-link-in-bio\">\n\t\t\t<div class=\"e-link-in-bio__content\">\n\n\t\t\t\t\t\t<div class=\"e-link-in-bio__identity\">\n\t\t\t\t\t\t\t\t\t<div class=\"e-link-in-bio__identity-image e-link-in-bio__identity-image-profile has-style-circle\">\n\t\t\t\t\t\t\t<img decoding=\"async\" width=\"300\" height=\"256\" src=\"https:\/\/as-schwabe.de\/wp-content\/uploads\/2025\/02\/as_Logo-300x256.png\" class=\"e-link-in-bio__identity-image-element\" alt=\"Logo AS-Schwabe\" \/>\t\t\t\t\t\t\t\t\t\t\t\t\t<\/div>\n\t\t\t\t\t\t\t<\/div>\n\t\t\t\t\t<div class=\"e-link-in-bio__bio\">\n\t\t\t\t<h2 class=\"e-link-in-bio__heading\">J. Sch\u00fcler-Erbel<\/h2>\t\t\t\t<h3 class=\"e-link-in-bio__title\">Kierownik ds. marketingu<\/h3>\t\t\t\t\t\t\t\t\t\t\t<\/div>\n\t\t\t\t\t<div class=\"e-link-in-bio__icons has-size-small\">\n\t\t\t\t\t\t\t<div class=\"e-link-in-bio__icon is-size-small\">\n\t\t\t\t\t<a aria-label=\"Telefon\" class=\"e-link-in-bio__icon-link\" href=\"tel:+49%207457%209%204853%2013\">\n\t\t\t\t\t\t<span class=\"e-link-in-bio__icon-svg\">\n\t\t\t\t\t\t\t<svg aria-hidden=\"true\" class=\"e-font-icon-svg e-fas-phone-alt\" viewbox=\"0 0 512 512\" xmlns=\"http:\/\/www.w3.org\/2000\/svg\"><path d=\"M497.39 361.8l-112-48a24 24 0 0 0-28 6.9l-49.6 60.6A370.66 370.66 0 0 1 130.6 204.11l60.6-49.6a23.94 23.94 0 0 0 6.9-28l-48-112A24.16 24.16 0 0 0 122.6.61l-104 24A24 24 0 0 0 0 48c0 256.5 207.9 464 464 464a24 24 0 0 0 23.4-18.6l24-104a24.29 24.29 0 0 0-14.01-27.6z\"><\/path><\/svg>\t\t\t\t\t\t<\/span>\n\t\t\t\t\t\t\t\t\t\t\t<\/a>\n\t\t\t\t<\/div>\n\t\t\t\t\t<\/div>\n\t\t\n\t\t<div class=\"e-link-in-bio__ctas has-type-button\">\n\t\t\t\t\t\t\t<a class=\"e-link-in-bio__cta is-type-button has-corners-rounded\" href=\"mailto:j.schueler-erbel@as-schwabe.de\">\n\t\t\t\t\t\t\t\t\t\t<span class=\"e-link-in-bio__cta-text\">\n\t\t\t\t\t\tEMAIL\t\t\t\t\t<\/span>\n\t\t\t\t<\/a>\n\t\t\t\t\t<\/div>\n\t\t\n\t\t\t<\/div>\n\t\t\t<div class=\"e-link-in-bio__bg\">\n\t\t\t\t<div class=\"e-link-in-bio__bg-overlay\"><\/div>\n\t\t\t<\/div>\n\t\t<\/div>\n\t\t\t\t\t\t<\/div>\n\t\t\t\t<\/div>\n\t\t\t\t<\/div>\n\t\t\t\t\t<\/div>\n\t\t<\/div>\n\t\t\t\t\t\t<\/div>\n\t\t\t\t\t<\/div>\n\t\t\t\t<\/div>\n\t\t\t\t<div class=\"elementor-element elementor-element-9b7c2fa e-flex e-con-boxed e-con e-parent\" data-id=\"9b7c2fa\" data-element_type=\"container\">\r\n\t\t\t\t\t<div class=\"e-con-inner\">\r\n\t\t\t\t\t<div class=\"elementor-element elementor-element-e4c9ddf elementor-widget elementor-widget-spacer\" data-id=\"e4c9ddf\" data-element_type=\"widget\" data-widget_type=\"spacer.default\">\n\t\t\t\t\t\t\t<div class=\"elementor-spacer\">\n\t\t\t<div class=\"elementor-spacer-inner\"><\/div>\n\t\t<\/div>\n\t\t\t\t\t\t<\/div>\n\t\t\t\t\t<\/div>\n\t\t\t\t<\/div>\n\t\t\t\t<div class=\"elementor-element elementor-element-8f1f1da e-flex e-con-boxed e-con e-parent\" data-id=\"8f1f1da\" data-element_type=\"container\">\r\n\t\t\t\t\t<div class=\"e-con-inner\">\r\n\t\t\t\t\t\t<\/div>\n\t\t\t\t<\/div>\n\t\t\t\t<\/div>","protected":false},"excerpt":{"rendered":"<p>Strefa prasowa Jeste\u015b dziennikarzem i masz pytania dotycz\u0105ce as - Schwabe i naszych produkt\u00f3w? Ch\u0119tnie wesprzemy Ci\u0119 w Twojej pracy i jeste\u015bmy osobi\u015bcie do Twojej dyspozycji z indywidualnymi materia\u0142ami zdj\u0119ciowymi, danymi, faktami i podstawowymi informacjami na temat naszej firmy i \u015bwiata naszych produkt\u00f3w. Skontaktuj si\u0119 z nami za po\u015brednictwem naszego formularza kontaktowego Komunikaty prasowe Informacje o firmie Osoba kontaktowa 22 Jan 22, 2022 W [...]<\/p>","protected":false},"author":1,"featured_media":0,"parent":3508,"menu_order":0,"comment_status":"closed","ping_status":"closed","template":"","meta":{"inline_featured_image":false,"footnotes":""},"class_list":["post-3497","page","type-page","status-publish","hentry"],"aioseo_notices":[],"_links":{"self":[{"href":"https:\/\/as-schwabe.de\/pl\/wp-json\/wp\/v2\/pages\/3497","targetHints":{"allow":["GET"]}}],"collection":[{"href":"https:\/\/as-schwabe.de\/pl\/wp-json\/wp\/v2\/pages"}],"about":[{"href":"https:\/\/as-schwabe.de\/pl\/wp-json\/wp\/v2\/types\/page"}],"author":[{"embeddable":true,"href":"https:\/\/as-schwabe.de\/pl\/wp-json\/wp\/v2\/users\/1"}],"replies":[{"embeddable":true,"href":"https:\/\/as-schwabe.de\/pl\/wp-json\/wp\/v2\/comments?post=3497"}],"version-history":[{"count":0,"href":"https:\/\/as-schwabe.de\/pl\/wp-json\/wp\/v2\/pages\/3497\/revisions"}],"up":[{"embeddable":true,"href":"https:\/\/as-schwabe.de\/pl\/wp-json\/wp\/v2\/pages\/3508"}],"wp:attachment":[{"href":"https:\/\/as-schwabe.de\/pl\/wp-json\/wp\/v2\/media?parent=3497"}],"curies":[{"name":"wp","href":"https:\/\/api.w.org\/{rel}","templated":true}]}}