{"id":3492,"date":"2024-12-18T14:06:23","date_gmt":"2024-12-18T14:06:23","guid":{"rendered":"https:\/\/as2025.as-schwabe.de\/?page_id=3492"},"modified":"2026-02-04T07:59:18","modified_gmt":"2026-02-04T07:59:18","slug":"informacje","status":"publish","type":"page","link":"https:\/\/as-schwabe.de\/pl\/o-firmie\/informacje\/","title":{"rendered":"Informacje"},"content":{"rendered":"<div data-elementor-type=\"wp-page\" data-elementor-id=\"3492\" class=\"elementor elementor-3492\" data-elementor-post-type=\"page\">\n\t\t\t\t\t\t<div class=\"elementor-element elementor-element-91d066c e-flex e-con-boxed e-con e-parent\" data-id=\"91d066c\" data-element_type=\"container\">\r\n\t\t\t\t\t<div class=\"e-con-inner\">\r\n\t\t\t\t\t<div class=\"elementor-element elementor-element-74ddca2 elementor-widget elementor-widget-heading\" data-id=\"74ddca2\" data-element_type=\"widget\" data-widget_type=\"heading.default\">\n\t\t\t\t\t<h1 class=\"elementor-heading-title elementor-size-default\">Gniazdo i wtyczka DuroConn <\/h1>\t\t\t\t<\/div>\n\t\t\t\t<div class=\"elementor-element elementor-element-d9afdf9 elementor-widget elementor-widget-video\" data-id=\"d9afdf9\" data-element_type=\"widget\" data-settings=\"{&quot;video_type&quot;:&quot;hosted&quot;,&quot;autoplay&quot;:&quot;yes&quot;,&quot;play_on_mobile&quot;:&quot;yes&quot;,&quot;loop&quot;:&quot;yes&quot;,&quot;mute&quot;:&quot;yes&quot;}\" data-widget_type=\"video.default\">\n\t\t\t\t\t\t\t<div class=\"e-hosted-video elementor-wrapper elementor-open-inline\">\n\t\t\t\t\t<video class=\"elementor-video\" src=\"https:\/\/as-schwabe.de\/wp-content\/uploads\/2026\/02\/Unbenannt-30.mp4\" autoplay=\"\" loop=\"\" muted=\"muted\" playsinline=\"\" controlslist=\"nodownload\"><\/video>\n\t\t\t\t<\/div>\n\t\t\t\t\t\t<\/div>\n\t\t\t\t<div class=\"elementor-element elementor-element-c42f8a7 elementor-widget elementor-widget-text-editor\" data-id=\"c42f8a7\" data-element_type=\"widget\" data-widget_type=\"text-editor.default\">\n\t\t\t\t\t\t\t\t\t<p><a style=\"background-color: transparent; color: #005197; outline: none;\" href=\"https:\/\/as-schwabe.de\/pl\/o-firmie\/informacje\/zlacza-duroconn\/\">Wi\u0119cej informacji tutaj...<\/a><\/p>\t\t\t\t\t\t\t\t<\/div>\n\t\t\t\t<div class=\"elementor-element elementor-element-6de4999 elementor-widget elementor-widget-heading\" data-id=\"6de4999\" data-element_type=\"widget\" data-widget_type=\"heading.default\">\n\t\t\t\t\t<h1 class=\"elementor-heading-title elementor-size-default\">Sygnalizacja napi\u0119cia Powerlight<\/h1>\t\t\t\t<\/div>\n\t\t\t\t<div class=\"elementor-element elementor-element-f123330 elementor-widget elementor-widget-image\" data-id=\"f123330\" data-element_type=\"widget\" data-widget_type=\"image.default\">\n\t\t\t\t\t\t\t\t\t\t\t\t\t\t\t\t<a href=\"\/pl\/o-firmie\/informacje\/powerlight-sygnalizacja-napiecia\/\">\n\t\t\t\t\t\t\t<img fetchpriority=\"high\" decoding=\"async\" width=\"1200\" height=\"500\" src=\"\/wp-content\/uploads\/2025\/01\/Logo-Powerlight-NEW-czerwone-PL.jpg\" class=\"attachment-full size-full wp-image-3701\" alt=\"\" srcset=\"\" sizes=\"(max-width: 1200px) 100vw, 1200px\" data-srcset=\"\" \/>\t\t\t\t\t\t\t\t<\/a>\n\t\t\t\t\t\t\t\t\t\t\t\t\t\t\t<\/div>\n\t\t\t\t<div class=\"elementor-element elementor-element-f3825fd elementor-widget elementor-widget-text-editor\" data-id=\"f3825fd\" data-element_type=\"widget\" data-widget_type=\"text-editor.default\">\n\t\t\t\t\t\t\t\t\t<p><a style=\"background-color: transparent; color: #005197; outline: none;\" href=\"\/pl\/o-firmie\/informacje\/powerlight-sygnalizacja-napiecia\/\">Wi\u0119cej informacji tutaj...<\/a><\/p>\t\t\t\t\t\t\t\t<\/div>\n\t\t\t\t<div class=\"elementor-element elementor-element-d1c5279 elementor-widget-divider--view-line elementor-widget elementor-widget-divider\" data-id=\"d1c5279\" data-element_type=\"widget\" data-widget_type=\"divider.default\">\n\t\t\t\t\t\t\t<div class=\"elementor-divider\">\n\t\t\t<span class=\"elementor-divider-separator\">\n\t\t\t\t\t\t<\/span>\n\t\t<\/div>\n\t\t\t\t\t\t<\/div>\n\t\t\t\t<div class=\"elementor-element elementor-element-a5645a3 elementor-widget elementor-widget-heading\" data-id=\"a5645a3\" data-element_type=\"widget\" data-widget_type=\"heading.default\">\n\t\t\t\t\t<h1 class=\"elementor-heading-title elementor-size-default\">Przed\u0142u\u017cacze b\u0119bnowe Xperts<\/h1>\t\t\t\t<\/div>\n\t\t\t\t<div class=\"elementor-element elementor-element-2ee1cdf elementor-widget elementor-widget-image\" data-id=\"2ee1cdf\" data-element_type=\"widget\" data-widget_type=\"image.default\">\n\t\t\t\t\t\t\t\t\t\t\t\t\t\t\t\t<a href=\"\/pl\/o-firmie\/informacje\/plastikowy-przedluzacz-bebnowy-xperts\/\">\n\t\t\t\t\t\t\t<img decoding=\"async\" width=\"1920\" height=\"721\" src=\"\/wp-content\/uploads\/2025\/01\/Info_Header_Xperts-PL.jpg\" class=\"attachment-full size-full wp-image-3702\" alt=\"\" srcset=\"\" sizes=\"(max-width: 1920px) 100vw, 1920px\" data-srcset=\"\" \/>\t\t\t\t\t\t\t\t<\/a>\n\t\t\t\t\t\t\t\t\t\t\t\t\t\t\t<\/div>\n\t\t\t\t<div class=\"elementor-element elementor-element-dc22f7f elementor-widget elementor-widget-text-editor\" data-id=\"dc22f7f\" data-element_type=\"widget\" data-widget_type=\"text-editor.default\">\n\t\t\t\t\t\t\t\t\t<p><a href=\"\/pl\/o-firmie\/informacje\/plastikowy-przedluzacz-bebnowy-xperts\/\" data-wplink-edit=\"true\">Wi\u0119cej informacji tutaj...<\/a><\/p>\t\t\t\t\t\t\t\t<\/div>\n\t\t\t\t\t<\/div>\n\t\t\t\t<\/div>\n\t\t\t\t<div class=\"elementor-element elementor-element-407e5e7 e-flex e-con-boxed e-con e-parent\" data-id=\"407e5e7\" data-element_type=\"container\">\r\n\t\t\t\t\t<div class=\"e-con-inner\">\r\n\t\t\t\t\t<div class=\"elementor-element elementor-element-99d38bc elementor-widget-divider--view-line elementor-widget elementor-widget-divider\" data-id=\"99d38bc\" data-element_type=\"widget\" data-widget_type=\"divider.default\">\n\t\t\t\t\t\t\t<div class=\"elementor-divider\">\n\t\t\t<span class=\"elementor-divider-separator\">\n\t\t\t\t\t\t<\/span>\n\t\t<\/div>\n\t\t\t\t\t\t<\/div>\n\t\t\t\t\t<\/div>\n\t\t\t\t<\/div>\n\t\t\t\t<div class=\"elementor-element elementor-element-e173d48 e-flex e-con-boxed e-con e-parent\" data-id=\"e173d48\" data-element_type=\"container\">\r\n\t\t\t\t\t<div class=\"e-con-inner\">\r\n\t\t\t\t\t<div class=\"elementor-element elementor-element-29d4404 elementor-widget elementor-widget-heading\" data-id=\"29d4404\" data-element_type=\"widget\" data-widget_type=\"heading.default\">\n\t\t\t\t\t<h1 class=\"elementor-heading-title elementor-size-default\">Rozdzielnice przeno\u015bne STECKY CEE<\/h1>\t\t\t\t<\/div>\n\t\t\t\t\t<\/div>\n\t\t\t\t<\/div>\n\t\t\t\t<div class=\"elementor-element elementor-element-0eb8d39 e-flex e-con-boxed e-con e-parent\" data-id=\"0eb8d39\" data-element_type=\"container\">\r\n\t\t\t\t\t<div class=\"e-con-inner\">\r\n\t\t\t\t\t<div class=\"elementor-element elementor-element-eaa24e7 elementor-widget elementor-widget-image\" data-id=\"eaa24e7\" data-element_type=\"widget\" data-widget_type=\"image.default\">\n\t\t\t\t\t\t\t\t\t\t\t\t\t\t\t\t<a href=\"\/pl\/o-firmie\/informacje\/rodzielnice-przenosne-cee-stecky\/\">\n\t\t\t\t\t\t\t<img decoding=\"async\" width=\"1920\" height=\"721\" src=\"\/wp-content\/uploads\/2025\/01\/Info_Header_STECKY-PL.jpg\" class=\"attachment-full size-full wp-image-3704\" alt=\"\" srcset=\"\" sizes=\"(max-width: 1920px) 100vw, 1920px\" data-srcset=\"\" \/>\t\t\t\t\t\t\t\t<\/a>\n\t\t\t\t\t\t\t\t\t\t\t\t\t\t\t<\/div>\n\t\t\t\t\t<\/div>\n\t\t\t\t<\/div>\n\t\t\t\t<div class=\"elementor-element elementor-element-3ad15da e-flex e-con-boxed e-con e-parent\" data-id=\"3ad15da\" data-element_type=\"container\">\r\n\t\t\t\t\t<div class=\"e-con-inner\">\r\n\t\t\t\t\t<div class=\"elementor-element elementor-element-b6c2a66 elementor-widget elementor-widget-text-editor\" data-id=\"b6c2a66\" data-element_type=\"widget\" data-widget_type=\"text-editor.default\">\n\t\t\t\t\t\t\t\t\t<a href=\"\/pl\/o-firmie\/informacje\/rodzielnice-przenosne-cee-stecky\/\">Wi\u0119cej informacji tutaj...<\/a>\t\t\t\t\t\t\t\t<\/div>\n\t\t\t\t\t<\/div>\n\t\t\t\t<\/div>\n\t\t\t\t<div class=\"elementor-element elementor-element-c850e38 e-flex e-con-boxed e-con e-parent\" data-id=\"c850e38\" data-element_type=\"container\">\r\n\t\t\t\t\t<div class=\"e-con-inner\">\r\n\t\t\t\t\t<div class=\"elementor-element elementor-element-ee2359f elementor-widget-divider--view-line elementor-widget elementor-widget-divider\" data-id=\"ee2359f\" data-element_type=\"widget\" data-widget_type=\"divider.default\">\n\t\t\t\t\t\t\t<div class=\"elementor-divider\">\n\t\t\t<span class=\"elementor-divider-separator\">\n\t\t\t\t\t\t<\/span>\n\t\t<\/div>\n\t\t\t\t\t\t<\/div>\n\t\t\t\t\t<\/div>\n\t\t\t\t<\/div>\n\t\t\t\t<div class=\"elementor-element elementor-element-89421d7 e-flex e-con-boxed e-con e-parent\" data-id=\"89421d7\" data-element_type=\"container\">\r\n\t\t\t\t\t<div class=\"e-con-inner\">\r\n\t\t\t\t\t<div class=\"elementor-element elementor-element-4d3d460 elementor-widget elementor-widget-heading\" data-id=\"4d3d460\" data-element_type=\"widget\" data-widget_type=\"heading.default\">\n\t\t\t\t\t<h1 class=\"elementor-heading-title elementor-size-default\">Elektryczna ochrona indywidualna za pomoc\u0105 PRCD i PRCD-S<\/h1>\t\t\t\t<\/div>\n\t\t\t\t\t<\/div>\n\t\t\t\t<\/div>\n\t\t\t\t<div class=\"elementor-element elementor-element-e7035ad e-flex e-con-boxed e-con e-parent\" data-id=\"e7035ad\" data-element_type=\"container\">\r\n\t\t\t\t\t<div class=\"e-con-inner\">\r\n\t\t\t\t\t<div class=\"elementor-element elementor-element-9022ae3 elementor-widget elementor-widget-image\" data-id=\"9022ae3\" data-element_type=\"widget\" data-widget_type=\"image.default\">\n\t\t\t\t\t\t\t\t\t\t\t\t\t\t\t\t<a href=\"\/pl\/o-firmie\/informacje\/prcd\/\">\n\t\t\t\t\t\t\t<img loading=\"lazy\" decoding=\"async\" width=\"1920\" height=\"721\" src=\"\/wp-content\/uploads\/2025\/01\/csm_Info_Header_PRCD_PL.jpg\" class=\"attachment-full size-full wp-image-6926\" alt=\"\" srcset=\"\" sizes=\"(max-width: 1920px) 100vw, 1920px\" data-srcset=\"\" \/>\t\t\t\t\t\t\t\t<\/a>\n\t\t\t\t\t\t\t\t\t\t\t\t\t\t\t<\/div>\n\t\t\t\t\t<\/div>\n\t\t\t\t<\/div>\n\t\t\t\t<div class=\"elementor-element elementor-element-cbc9817 e-flex e-con-boxed e-con e-parent\" data-id=\"cbc9817\" data-element_type=\"container\">\r\n\t\t\t\t\t<div class=\"e-con-inner\">\r\n\t\t\t\t\t<div class=\"elementor-element elementor-element-0060aac elementor-widget elementor-widget-text-editor\" data-id=\"0060aac\" data-element_type=\"widget\" data-widget_type=\"text-editor.default\">\n\t\t\t\t\t\t\t\t\t<p><a href=\"\/pl\/o-firmie\/informacje\/prcd\/\">Wi\u0119cej informacji tutaj...<\/a><\/p>\t\t\t\t\t\t\t\t<\/div>\n\t\t\t\t\t<\/div>\n\t\t\t\t<\/div>\n\t\t\t\t<div class=\"elementor-element elementor-element-bee12e2 e-flex e-con-boxed e-con e-parent\" data-id=\"bee12e2\" data-element_type=\"container\">\r\n\t\t\t\t\t<div class=\"e-con-inner\">\r\n\t\t\t\t\t<div class=\"elementor-element elementor-element-55310b0 elementor-widget-divider--view-line elementor-widget elementor-widget-divider\" data-id=\"55310b0\" data-element_type=\"widget\" data-widget_type=\"divider.default\">\n\t\t\t\t\t\t\t<div class=\"elementor-divider\">\n\t\t\t<span class=\"elementor-divider-separator\">\n\t\t\t\t\t\t<\/span>\n\t\t<\/div>\n\t\t\t\t\t\t<\/div>\n\t\t\t\t\t<\/div>\n\t\t\t\t<\/div>\n\t\t\t\t<div class=\"elementor-element elementor-element-ae316f2 e-flex e-con-boxed e-con e-parent\" data-id=\"ae316f2\" data-element_type=\"container\">\r\n\t\t\t\t\t<div class=\"e-con-inner\">\r\n\t\t\t\t\t<div class=\"elementor-element elementor-element-3fe572d elementor-widget elementor-widget-heading\" data-id=\"3fe572d\" data-element_type=\"widget\" data-widget_type=\"heading.default\">\n\t\t\t\t\t<h1 class=\"elementor-heading-title elementor-size-default\">Oferta kemping i karawaning<\/h1>\t\t\t\t<\/div>\n\t\t\t\t\t<\/div>\n\t\t\t\t<\/div>\n\t\t\t\t<div class=\"elementor-element elementor-element-3f8c95f e-flex e-con-boxed e-con e-parent\" data-id=\"3f8c95f\" data-element_type=\"container\">\r\n\t\t\t\t\t<div class=\"e-con-inner\">\r\n\t\t\t\t\t<div class=\"elementor-element elementor-element-7d5ca13 elementor-widget elementor-widget-image\" data-id=\"7d5ca13\" data-element_type=\"widget\" data-widget_type=\"image.default\">\n\t\t\t\t\t\t\t\t\t\t\t\t\t\t\t\t<a href=\"\/pl\/unternehmen\/informacje\/kemping\/\">\n\t\t\t\t\t\t\t<img loading=\"lazy\" decoding=\"async\" width=\"1920\" height=\"721\" src=\"\/wp-content\/uploads\/2025\/01\/csm_Info_Header_Camping_PL.jpg\" class=\"attachment-full size-full wp-image-6927\" alt=\"\" srcset=\"\" sizes=\"(max-width: 1920px) 100vw, 1920px\" data-srcset=\"\" \/>\t\t\t\t\t\t\t\t<\/a>\n\t\t\t\t\t\t\t\t\t\t\t\t\t\t\t<\/div>\n\t\t\t\t\t<\/div>\n\t\t\t\t<\/div>\n\t\t\t\t<div class=\"elementor-element elementor-element-7476a1a e-flex e-con-boxed e-con e-parent\" data-id=\"7476a1a\" data-element_type=\"container\">\r\n\t\t\t\t\t<div class=\"e-con-inner\">\r\n\t\t\t\t\t<div class=\"elementor-element elementor-element-c9578ba elementor-widget elementor-widget-text-editor\" data-id=\"c9578ba\" data-element_type=\"widget\" data-widget_type=\"text-editor.default\">\n\t\t\t\t\t\t\t\t\t<p><a href=\"\/pl\/unternehmen\/informacje\/kemping\/\" data-wplink-edit=\"true\">Wi\u0119cej informacji tutaj...<\/a><\/p>\t\t\t\t\t\t\t\t<\/div>\n\t\t\t\t\t<\/div>\n\t\t\t\t<\/div>\n\t\t\t\t<div class=\"elementor-element elementor-element-3413f6d e-flex e-con-boxed e-con e-parent\" data-id=\"3413f6d\" data-element_type=\"container\">\r\n\t\t\t\t\t<div class=\"e-con-inner\">\r\n\t\t\t\t\t<div class=\"elementor-element elementor-element-2c2add4 e-con-full e-flex e-con e-child\" data-id=\"2c2add4\" data-element_type=\"container\">\r\n\t\t\t\t<\/div>\n\t\t\t\t\t<\/div>\n\t\t\t\t<\/div>\n\t\t\t\t<\/div>","protected":false},"excerpt":{"rendered":"<p>DuroConn Stecker und Kupplung https:\/\/as-schwabe.de\/wp-content\/uploads\/2026\/02\/Unbenannt-30.mp4 Hier erfahren Sie mehr&#8230; power\u00adlight Span\u00adnungs\u00adan\u00adzei\u00adge Hier erfahren Sie mehr&#8230; Xperts Ka\u00adbel\u00adtrom\u00admeln Hier erfahren Sie mehr&#8230; STE\u00adCKY CEE Strom\u00adver\u00adtei\u00adler Hier erfahren Sie mehr&#8230; Per\u00adso\u00adnen\u00adschutz mit PRCD und PRCD-S Hier erfahren Sie mehr&#8230; Cam\u00adping und Ca\u00adra\u00advan Sor\u00adti\u00adment Hier erfahren Sie mehr&#8230;<\/p>","protected":false},"author":1,"featured_media":0,"parent":3508,"menu_order":0,"comment_status":"closed","ping_status":"closed","template":"","meta":{"inline_featured_image":false,"footnotes":""},"class_list":["post-3492","page","type-page","status-publish","hentry"],"aioseo_notices":[],"_links":{"self":[{"href":"https:\/\/as-schwabe.de\/pl\/wp-json\/wp\/v2\/pages\/3492","targetHints":{"allow":["GET"]}}],"collection":[{"href":"https:\/\/as-schwabe.de\/pl\/wp-json\/wp\/v2\/pages"}],"about":[{"href":"https:\/\/as-schwabe.de\/pl\/wp-json\/wp\/v2\/types\/page"}],"author":[{"embeddable":true,"href":"https:\/\/as-schwabe.de\/pl\/wp-json\/wp\/v2\/users\/1"}],"replies":[{"embeddable":true,"href":"https:\/\/as-schwabe.de\/pl\/wp-json\/wp\/v2\/comments?post=3492"}],"version-history":[{"count":0,"href":"https:\/\/as-schwabe.de\/pl\/wp-json\/wp\/v2\/pages\/3492\/revisions"}],"up":[{"embeddable":true,"href":"https:\/\/as-schwabe.de\/pl\/wp-json\/wp\/v2\/pages\/3508"}],"wp:attachment":[{"href":"https:\/\/as-schwabe.de\/pl\/wp-json\/wp\/v2\/media?parent=3492"}],"curies":[{"name":"wp","href":"https:\/\/api.w.org\/{rel}","templated":true}]}}