{"id":3020,"date":"2021-04-02T22:20:54","date_gmt":"2021-04-02T22:20:54","guid":{"rendered":"https:\/\/d-themes.com\/wordpress\/wolmart\/elements\/?page_id=3020"},"modified":"2025-01-31T15:31:42","modified_gmt":"2025-01-31T15:31:42","slug":"o-nas","status":"publish","type":"page","link":"https:\/\/as-schwabe.de\/pl\/o-firmie\/o-nas\/","title":{"rendered":"O nas"},"content":{"rendered":"<div data-elementor-type=\"wp-page\" data-elementor-id=\"3020\" class=\"elementor elementor-3020\" data-elementor-post-type=\"page\">\n\t\t\t\t\t\t<div class=\"elementor-element elementor-element-2b11e6a e-flex e-con-boxed e-con e-parent\" data-id=\"2b11e6a\" data-element_type=\"container\">\r\n\t\t\t\t\t<div class=\"e-con-inner\">\r\n\t\t\t\t\t<div class=\"elementor-element elementor-element-151ad8a elementor-widget elementor-widget-text-editor\" data-id=\"151ad8a\" data-element_type=\"widget\" data-widget_type=\"text-editor.default\">\n\t\t\t\t\t\t\t\t\t<h2 class=\"blue\">as \u2013 Schwa\u00adbe<\/h2>\t\t\t\t\t\t\t\t<\/div>\n\t\t\t\t<div class=\"elementor-element elementor-element-8031eb2 elementor-widget elementor-widget-text-editor\" data-id=\"8031eb2\" data-element_type=\"widget\" data-widget_type=\"text-editor.default\">\n\t\t\t\t\t\t\t\t\t<h3 class=\"\">Tw\u00f3j partner zapewniaj\u0105cy zasilanie i o\u015bwietlenie na placu budowy<\/h3>\t\t\t\t\t\t\t\t<\/div>\n\t\t\t\t<div class=\"elementor-element elementor-element-3be14b6 elementor-widget elementor-widget-text-editor\" data-id=\"3be14b6\" data-element_type=\"widget\" data-widget_type=\"text-editor.default\">\n\t\t\t\t\t\t\t\t\t<p class=\"translation-block\">Od ponad <b>40 lat<\/b> firma as - Schwabe produkuje i dystrybuuje produkty z dziedziny elektrotechniki,\nreprezentuj\u0105c niemieck\u0105 <b>jako\u015b\u0107<\/b>. Nasza oferta jest specjalnie dostosowana do <b>wymaga\u0144 ci\u0119\u017ckich prac<\/b> budowlanych i jest dost\u0119pna w wykwalifikowanych sklepach specjalistycznych.<\/p>\t\t\t\t\t\t\t\t<\/div>\n\t\t\t\t<div class=\"elementor-element elementor-element-c4de95a elementor-widget elementor-widget-image\" data-id=\"c4de95a\" data-element_type=\"widget\" data-widget_type=\"image.default\">\n\t\t\t\t\t\t\t\t\t\t\t\t\t\t\t<img fetchpriority=\"high\" decoding=\"async\" width=\"1200\" height=\"500\" src=\"https:\/\/as-schwabe.de\/wp-content\/uploads\/2024\/12\/csm_gebaeude_HP_Slider_2ade70f476.webp\" class=\"attachment-full size-full wp-image-3141\" alt=\"Budynek firmy AS-Schwabe\" srcset=\"https:\/\/as-schwabe.de\/wp-content\/uploads\/2024\/12\/csm_gebaeude_HP_Slider_2ade70f476.webp 1200w, https:\/\/as-schwabe.de\/wp-content\/uploads\/2024\/12\/csm_gebaeude_HP_Slider_2ade70f476-600x250.webp 600w, https:\/\/as-schwabe.de\/wp-content\/uploads\/2024\/12\/csm_gebaeude_HP_Slider_2ade70f476-1024x427.webp 1024w, https:\/\/as-schwabe.de\/wp-content\/uploads\/2024\/12\/csm_gebaeude_HP_Slider_2ade70f476-768x320.jpg 768w\" sizes=\"(max-width: 1200px) 100vw, 1200px\" loading=\"eager\" \/>\t\t\t\t\t\t\t\t\t\t\t\t\t\t\t<\/div>\n\t\t\t\t<div class=\"elementor-element elementor-element-aa2fafa elementor-widget elementor-widget-spacer\" data-id=\"aa2fafa\" data-element_type=\"widget\" data-widget_type=\"spacer.default\">\n\t\t\t\t\t\t\t<div class=\"elementor-spacer\">\n\t\t\t<div class=\"elementor-spacer-inner\"><\/div>\n\t\t<\/div>\n\t\t\t\t\t\t<\/div>\n\t\t\t\t<div class=\"elementor-element elementor-element-78955e2 elementor-widget elementor-widget-text-editor\" data-id=\"78955e2\" data-element_type=\"widget\" data-widget_type=\"text-editor.default\">\n\t\t\t\t\t\t\t\t\t<h3 class=\"\">Asortyment produkt\u00f3w<\/h3>\t\t\t\t\t\t\t\t<\/div>\n\t\t\t\t<div class=\"elementor-element elementor-element-2d59078 elementor-widget elementor-widget-text-editor\" data-id=\"2d59078\" data-element_type=\"widget\" data-widget_type=\"text-editor.default\">\n\t\t\t\t\t\t\t\t\t<p class=\"translation-block\">Nasze portfolio obejmuje <b>przed\u0142u\u017cacze b\u0119bnowe<\/b>, przed\u0142u\u017cacze listwowe, <b>asortyment CEE<\/b>, <b>rozdzielnice<\/b>\nelektryczne, a tak\u017ce r\u00f3\u017cne <b>lampy robocze<\/b> oraz <b>na\u015bwietlacze do o\u015bwietlania du\u017cych powierzchni<\/b> i wiele innych produkt\u00f3w elektrotechnicznych na plac budowy.<\/p><p class=\"translation-block\">Mamy do\u015bwiadczenie r\u00f3wnie\u017c w zakresie <b>mobilnego zasilania<\/b> elektrycznego dla <b>campingu i przyczep kempingowych<\/b>. Oferujemy produkty ze z\u0142\u0105czami CEE 230 V, takie jak <b>przed\u0142u\u017cacze b\u0119bnowe CEE<\/b>, przed\u0142u\u017cacze i adaptery, <b>liczniki energii<\/b>, rozdzielnice elektryczne, listwy zasilaj\u0105ce oraz <b>adaptery kempingowe CEE<\/b>, kt\u00f3re zapewniaj\u0105 beztrosk\u0105 przyjemno\u015b\u0107 korzystania z campingu.<\/p><p class=\"translation-block\">Ponadto oferujemy kompleksowy program\ndo <b>domu i ogrodu<\/b>.<\/p>\t\t\t\t\t\t\t\t<\/div>\n\t\t\t\t\t<\/div>\n\t\t\t\t<\/div>\n\t\t\t\t<div class=\"elementor-element elementor-element-2961986 e-flex e-con-boxed e-con e-parent\" data-id=\"2961986\" data-element_type=\"container\">\r\n\t\t\t\t\t<div class=\"e-con-inner\">\r\n\t\t\t\t\t<div class=\"elementor-element elementor-element-4b785c2 elementor-widget elementor-widget-video\" data-id=\"4b785c2\" data-element_type=\"widget\" data-settings=\"{&quot;video_type&quot;:&quot;hosted&quot;,&quot;loop&quot;:&quot;yes&quot;,&quot;controls&quot;:&quot;yes&quot;}\" data-widget_type=\"video.default\">\n\t\t\t\t\t\t\t<div class=\"e-hosted-video elementor-wrapper elementor-open-inline\">\n\t\t\t\t\t<video class=\"elementor-video\" src=\"https:\/\/as-schwabe.de\/wp-content\/uploads\/2024\/12\/180321_asSchwabe_Range_Image_Amazon_onAir_2K_1.mp4\" loop=\"\" controls=\"\" preload=\"metadata\" controlslist=\"nodownload\" poster=\"https:\/\/as-schwabe.de\/wp-content\/uploads\/2024\/12\/as_movie1_temp.png\"><\/video>\n\t\t\t\t<\/div>\n\t\t\t\t\t\t<\/div>\n\t\t\t\t\t<\/div>\n\t\t\t\t<\/div>\n\t\t\t\t<section class=\"elementor-section elementor-top-section elementor-element elementor-element-956c1db elementor-section-boxed elementor-section-height-default elementor-section-height-default\" data-id=\"956c1db\" data-element_type=\"section\">\r\n\t\t\t\t\t\t\t\t\t\t<div class=\"elementor-container elementor-column-gap-default\" >\r\n\t\t\t\t\t\t\t\t\t\t<div class=\"elementor-column elementor-col-100 elementor-top-column elementor-element elementor-element-86760a0\" data-id=\"86760a0\" data-element_type=\"column\">\r\n\t\t\t\r\n\t\t\t<div class=\"elementor-widget-wrap elementor-element-populated\">\r\n\t\t\t\t\t\t\t\t<section class=\"elementor-section elementor-inner-section elementor-element elementor-element-688db05 elementor-section-content-middle elementor-section-boxed elementor-section-height-default elementor-section-height-default\" data-id=\"688db05\" data-element_type=\"section\">\r\n\t\t\t\t\t\t\t\t\t\t<div class=\"elementor-container elementor-column-gap-default\" >\r\n\t\t\t\t\t\t\t\t\t\t<div class=\"elementor-column elementor-col-50 elementor-inner-column elementor-element elementor-element-6e93193\" data-id=\"6e93193\" data-element_type=\"column\">\r\n\t\t\t\r\n\t\t\t<div class=\"elementor-widget-wrap elementor-element-populated\">\r\n\t\t\t\t\t\t\t\t<div class=\"elementor-element elementor-element-f9fa45f elementor-widget elementor-widget-image\" data-id=\"f9fa45f\" data-element_type=\"widget\" data-widget_type=\"image.default\">\n\t\t\t\t\t\t\t\t\t\t\t\t<figure class=\"wp-caption\">\n\t\t\t\t\t\t\t\t\t\t<img decoding=\"async\" width=\"800\" height=\"575\" src=\"https:\/\/as-schwabe.de\/wp-content\/uploads\/2024\/12\/csm_CEE_400V_1200x810px.jpg\" class=\"attachment-full size-full wp-image-6298\" alt=\"\" srcset=\"https:\/\/as-schwabe.de\/wp-content\/uploads\/2024\/12\/csm_CEE_400V_1200x810px.jpg 800w, https:\/\/as-schwabe.de\/wp-content\/uploads\/2024\/12\/csm_CEE_400V_1200x810px-600x431.jpg 600w, https:\/\/as-schwabe.de\/wp-content\/uploads\/2024\/12\/csm_CEE_400V_1200x810px-768x552.jpg 768w\" sizes=\"(max-width: 800px) 100vw, 800px\" \/>\t\t\t\t\t\t\t\t\t\t\t<figcaption class=\"widget-image-caption wp-caption-text\">Produkty indywidualne<\/figcaption>\n\t\t\t\t\t\t\t\t\t\t<\/figure>\n\t\t\t\t\t\t\t\t\t<\/div>\n\t\t\t\t\t<\/div>\r\n\t\t\t\r\n\t\t<\/div>\r\n\t\t\t\t<div class=\"elementor-column elementor-col-50 elementor-inner-column elementor-element elementor-element-d67d488\" data-id=\"d67d488\" data-element_type=\"column\">\r\n\t\t\t\r\n\t\t\t<div class=\"elementor-widget-wrap elementor-element-populated\">\r\n\t\t\t\t\t\t\t\t<div class=\"elementor-element elementor-element-bf2de12 ml-lg-6 elementor-widget elementor-widget-heading\" data-id=\"bf2de12\" data-element_type=\"widget\" data-widget_type=\"heading.default\">\n\t\t\t\t\t<h2 class=\"elementor-heading-title elementor-size-default\">Produkty na zam\u00f3wienie<\/h2>\t\t\t\t<\/div>\n\t\t\t\t<div class=\"elementor-element elementor-element-44a64c5 ml-lg-6 elementor-widget elementor-widget-heading\" data-id=\"44a64c5\" data-element_type=\"widget\" data-widget_type=\"heading.default\">\n\t\t\t\t\t<p class=\"elementor-heading-title elementor-size-default\">Masz <b>specjalne wymagania<\/b> dotycz\u0105ce zasilania na placu budowy lub musisz przestrzega\u0107 okre\u015blonych <b>specyfikacji produkcyjnych w przemy\u015ble<\/b>? Ch\u0119tnie wyprodukujemy dla Ciebie <b>niestandardowe<\/b> produkty w przypadku wi\u0119kszych zakup\u00f3w. <a href=\"https:\/\/as2025.as-schwabe.de\/pl\/kontakt\/formularz-kontaktowy\/?trp-edit-translation=preview\"><b>Skontaktuj si\u0119 z nami.<\/b><\/a><\/p>\t\t\t\t<\/div>\n\t\t\t\t\t<\/div>\r\n\t\t\t\r\n\t\t<\/div>\r\n\t\t\t\t\t\t\t\t\t\t\t\t\t\t\t<\/div>\r\n\t\t\t\t\t\t\t<\/section>\r\n\t\t\t\t\t<\/div>\r\n\t\t\t\r\n\t\t<\/div>\r\n\t\t\t\t\t\t\t\t\t\t\t\t\t\t\t<\/div>\r\n\t\t\t\t\t\t\t<\/section>\r\n\t\t\t\t<section class=\"elementor-section elementor-top-section elementor-element elementor-element-4640c43 elementor-section-boxed elementor-section-height-default elementor-section-height-default\" data-id=\"4640c43\" data-element_type=\"section\">\r\n\t\t\t\t\t\t\t\t\t\t<div class=\"elementor-container elementor-column-gap-default\" >\r\n\t\t\t\t\t\t\t\t\t\t<div class=\"elementor-column elementor-col-100 elementor-top-column elementor-element elementor-element-bc93e40\" data-id=\"bc93e40\" data-element_type=\"column\">\r\n\t\t\t\r\n\t\t\t<div class=\"elementor-widget-wrap elementor-element-populated\">\r\n\t\t\t\t\t\t\t\t<section class=\"elementor-section elementor-inner-section elementor-element elementor-element-10306fd elementor-section-content-middle elementor-section-boxed elementor-section-height-default elementor-section-height-default\" data-id=\"10306fd\" data-element_type=\"section\">\r\n\t\t\t\t\t\t\t\t\t\t<div class=\"elementor-container elementor-column-gap-default\" >\r\n\t\t\t\t\t\t\t\t\t\t<div class=\"elementor-column elementor-col-50 elementor-inner-column elementor-element elementor-element-4b5ebfc\" data-id=\"4b5ebfc\" data-element_type=\"column\">\r\n\t\t\t\r\n\t\t\t<div class=\"elementor-widget-wrap elementor-element-populated\">\r\n\t\t\t\t\t\t\t\t<div class=\"elementor-element elementor-element-f8dc954 elementor-widget elementor-widget-image\" data-id=\"f8dc954\" data-element_type=\"widget\" data-widget_type=\"image.default\">\n\t\t\t\t\t\t\t\t\t\t\t\t<figure class=\"wp-caption\">\n\t\t\t\t\t\t\t\t\t\t<img decoding=\"async\" width=\"1200\" height=\"810\" src=\"https:\/\/as-schwabe.de\/wp-content\/uploads\/2024\/12\/csm_Uber_uns_Lager_1200x810.jpg\" class=\"attachment-full size-full wp-image-6297\" alt=\"\" srcset=\"https:\/\/as-schwabe.de\/wp-content\/uploads\/2024\/12\/csm_Uber_uns_Lager_1200x810.jpg 1200w, https:\/\/as-schwabe.de\/wp-content\/uploads\/2024\/12\/csm_Uber_uns_Lager_1200x810-600x405.jpg 600w, https:\/\/as-schwabe.de\/wp-content\/uploads\/2024\/12\/csm_Uber_uns_Lager_1200x810-1024x691.jpg 1024w, https:\/\/as-schwabe.de\/wp-content\/uploads\/2024\/12\/csm_Uber_uns_Lager_1200x810-768x518.jpg 768w\" sizes=\"(max-width: 1200px) 100vw, 1200px\" \/>\t\t\t\t\t\t\t\t\t\t\t<figcaption class=\"widget-image-caption wp-caption-text\">Wysokiej jako\u015bci produkty na 11500 m2<\/figcaption>\n\t\t\t\t\t\t\t\t\t\t<\/figure>\n\t\t\t\t\t\t\t\t\t<\/div>\n\t\t\t\t\t<\/div>\r\n\t\t\t\r\n\t\t<\/div>\r\n\t\t\t\t<div class=\"elementor-column elementor-col-50 elementor-inner-column elementor-element elementor-element-f247b68\" data-id=\"f247b68\" data-element_type=\"column\">\r\n\t\t\t\r\n\t\t\t<div class=\"elementor-widget-wrap elementor-element-populated\">\r\n\t\t\t\t\t\t\t\t<div class=\"elementor-element elementor-element-039dd01 ml-lg-6 elementor-widget elementor-widget-heading\" data-id=\"039dd01\" data-element_type=\"widget\" data-widget_type=\"heading.default\">\n\t\t\t\t\t<h2 class=\"elementor-heading-title elementor-size-default\">Zdolno\u015b\u0107 dostawy<\/h2>\t\t\t\t<\/div>\n\t\t\t\t<div class=\"elementor-element elementor-element-eaf5c83 ml-lg-6 elementor-widget elementor-widget-heading\" data-id=\"eaf5c83\" data-element_type=\"widget\" data-widget_type=\"heading.default\">\n\t\t\t\t\t<p class=\"elementor-heading-title elementor-size-default\">Ze wzgl\u0119du na sta\u0142y wzrost, we wrze\u015bniu 2018 r. firma as - Schwabe GmbH przenios\u0142a swoj\u0105 siedzib\u0119 g\u0142\u00f3wn\u0105 i <b>magazyn centralny<\/b> do nowej lokalizacji. Nowa lokalizacja w Eutingen im G\u00e4u, w pobli\u017cu autostrady, zajmuje <b>powierzchni\u0119 11500 m2<\/b> i jest niezb\u0119dna do szybkiej i niezawodnej realizacji dostawy.<\/p>\t\t\t\t<\/div>\n\t\t\t\t\t<\/div>\r\n\t\t\t\r\n\t\t<\/div>\r\n\t\t\t\t\t\t\t\t\t\t\t\t\t\t\t<\/div>\r\n\t\t\t\t\t\t\t<\/section>\r\n\t\t\t\t\t<\/div>\r\n\t\t\t\r\n\t\t<\/div>\r\n\t\t\t\t\t\t\t\t\t\t\t\t\t\t\t<\/div>\r\n\t\t\t\t\t\t\t<\/section>\r\n\t\t\t\t<section class=\"elementor-section elementor-top-section elementor-element elementor-element-da3c022 elementor-section-boxed elementor-section-height-default elementor-section-height-default\" data-id=\"da3c022\" data-element_type=\"section\">\r\n\t\t\t\t\t\t\t\t\t\t<div class=\"elementor-container elementor-column-gap-default\" >\r\n\t\t\t\t\t\t\t\t\t\t<div class=\"elementor-column elementor-col-100 elementor-top-column elementor-element elementor-element-31deb26\" data-id=\"31deb26\" data-element_type=\"column\">\r\n\t\t\t\r\n\t\t\t<div class=\"elementor-widget-wrap elementor-element-populated\">\r\n\t\t\t\t\t\t\t\t<section class=\"elementor-section elementor-inner-section elementor-element elementor-element-873634d elementor-section-content-middle elementor-section-boxed elementor-section-height-default elementor-section-height-default\" data-id=\"873634d\" data-element_type=\"section\">\r\n\t\t\t\t\t\t\t\t\t\t<div class=\"elementor-container elementor-column-gap-default\" >\r\n\t\t\t\t\t\t\t\t\t\t<div class=\"elementor-column elementor-col-50 elementor-inner-column elementor-element elementor-element-5123b7c\" data-id=\"5123b7c\" data-element_type=\"column\">\r\n\t\t\t\r\n\t\t\t<div class=\"elementor-widget-wrap elementor-element-populated\">\r\n\t\t\t\t\t\t\t\t<div class=\"elementor-element elementor-element-18ec079 elementor-widget elementor-widget-image\" data-id=\"18ec079\" data-element_type=\"widget\" data-widget_type=\"image.default\">\n\t\t\t\t\t\t\t\t\t\t\t\t<figure class=\"wp-caption\">\n\t\t\t\t\t\t\t\t\t\t<img decoding=\"async\" width=\"1200\" height=\"810\" src=\"https:\/\/as-schwabe.de\/wp-content\/uploads\/2024\/12\/csm_Power_Team_1_1200x810_206162502d.jpg\" class=\"attachment-full size-full wp-image-3248\" alt=\"\" srcset=\"https:\/\/as-schwabe.de\/wp-content\/uploads\/2024\/12\/csm_Power_Team_1_1200x810_206162502d.jpg 1200w, https:\/\/as-schwabe.de\/wp-content\/uploads\/2024\/12\/csm_Power_Team_1_1200x810_206162502d-600x405.jpg 600w, https:\/\/as-schwabe.de\/wp-content\/uploads\/2024\/12\/csm_Power_Team_1_1200x810_206162502d-1024x691.jpg 1024w, https:\/\/as-schwabe.de\/wp-content\/uploads\/2024\/12\/csm_Power_Team_1_1200x810_206162502d-768x518.jpg 768w\" sizes=\"(max-width: 1200px) 100vw, 1200px\" \/>\t\t\t\t\t\t\t\t\t\t\t<figcaption class=\"widget-image-caption wp-caption-text\">Powerteam-silni razem!<\/figcaption>\n\t\t\t\t\t\t\t\t\t\t<\/figure>\n\t\t\t\t\t\t\t\t\t<\/div>\n\t\t\t\t\t<\/div>\r\n\t\t\t\r\n\t\t<\/div>\r\n\t\t\t\t<div class=\"elementor-column elementor-col-50 elementor-inner-column elementor-element elementor-element-c6f7fd1\" data-id=\"c6f7fd1\" data-element_type=\"column\">\r\n\t\t\t\r\n\t\t\t<div class=\"elementor-widget-wrap elementor-element-populated\">\r\n\t\t\t\t\t\t\t\t<div class=\"elementor-element elementor-element-32c943d ml-lg-6 elementor-widget elementor-widget-heading\" data-id=\"32c943d\" data-element_type=\"widget\" data-widget_type=\"heading.default\">\n\t\t\t\t\t<h2 class=\"elementor-heading-title elementor-size-default\">Serwis<\/h2>\t\t\t\t<\/div>\n\t\t\t\t<div class=\"elementor-element elementor-element-c6d4266 ml-lg-6 elementor-widget elementor-widget-heading\" data-id=\"c6d4266\" data-element_type=\"widget\" data-widget_type=\"heading.default\">\n\t\t\t\t\t<p class=\"elementor-heading-title elementor-size-default\">Nasi specjali\u015bci w terenie oraz personel biurowy z przyjemno\u015bci\u0105 udziel\u0105 szczeg\u00f3\u0142owych informacji na temat <b>naszego asortymentu produkt\u00f3w<\/b>, oraz doradz\u0105 w kwestiach zam\u00f3wie\u0144 indywidualnych. Od precyzyjnego oznaczania kabli, przez idealnie dopasowane rega\u0142y sprzeda\u017cowe, po dedykowane dzia\u0142ania reklamowe \u2013 jeste\u015bmy <b>Twoim niezawodnym partnerem<\/b> we wszystkich obszarach wsp\u00f3\u0142pracy.<\/p>\t\t\t\t<\/div>\n\t\t\t\t\t<\/div>\r\n\t\t\t\r\n\t\t<\/div>\r\n\t\t\t\t\t\t\t\t\t\t\t\t\t\t\t<\/div>\r\n\t\t\t\t\t\t\t<\/section>\r\n\t\t\t\t\t<\/div>\r\n\t\t\t\r\n\t\t<\/div>\r\n\t\t\t\t\t\t\t\t\t\t\t\t\t\t\t<\/div>\r\n\t\t\t\t\t\t\t<\/section>\r\n\t\t\t\t<div class=\"elementor-element elementor-element-1d292c4 e-flex e-con-boxed e-con e-parent\" data-id=\"1d292c4\" data-element_type=\"container\">\r\n\t\t\t\t\t<div class=\"e-con-inner\">\r\n\t\t\t\t\t<div class=\"elementor-element elementor-element-fb6f00a elementor-widget elementor-widget-wolmart_widget_button\" data-id=\"fb6f00a\" data-element_type=\"widget\" data-settings=\"{&quot;_animation&quot;:&quot;none&quot;,&quot;_animation_delay&quot;:800}\" data-widget_type=\"wolmart_widget_button.default\">\n\t\t\t\t<div class=\"elementor-widget-container\">\n\t\t\t\t\t<a class=\"btn btn-ellipse btn-white btn-infinite btn-icon-right btn-slide-left\" href=\"\/pl\/produkty\/\" >Przekonaj si\u0119 sam<i class=\"w-icon-angle-right\"><\/i><\/a>\t\t\t\t<\/div>\n\t\t\t\t<\/div>\n\t\t\t\t\t<\/div>\n\t\t\t\t<\/div>\n\t\t\t\t<\/div>","protected":false},"excerpt":{"rendered":"<p>as &#8211; Schwa\u00adbe Ihr Partner f\u00fcr Strom und Licht auf der Baustelle Seit&nbsp;\u00fcber 40 Jahren&nbsp;produziert und vertreibt die as &#8211; Schwabe GmbH Waren aus dem&nbsp;Bereich der Elektrotechnik&nbsp;und steht f\u00fcr deutsche Qualit\u00e4tsprodukte. Unser Sortiment ist speziell auf die schweren Anforderungen im&nbsp;Einsatz auf gewerblichen Baustellen&nbsp;angepasst und im&nbsp;qualifizierten Fachhandel&nbsp;erh\u00e4ltlich. Produktsortiment Im Bereich Baustrom z\u00e4hlen neben\u00a0Kabeltrommeln,\u00a0Verl\u00e4ngerungsleitungen\u00a0und\u00a0Adaptern\u00a0auch unterschiedliche\u00a0Stromverteiler\u00a0sowie Produkte aus\u00a0dem\u00a0CEE [&hellip;]<\/p>","protected":false},"author":1,"featured_media":0,"parent":3508,"menu_order":0,"comment_status":"closed","ping_status":"closed","template":"","meta":{"inline_featured_image":false,"footnotes":""},"class_list":["post-3020","page","type-page","status-publish","hentry"],"aioseo_notices":[],"_links":{"self":[{"href":"https:\/\/as-schwabe.de\/pl\/wp-json\/wp\/v2\/pages\/3020","targetHints":{"allow":["GET"]}}],"collection":[{"href":"https:\/\/as-schwabe.de\/pl\/wp-json\/wp\/v2\/pages"}],"about":[{"href":"https:\/\/as-schwabe.de\/pl\/wp-json\/wp\/v2\/types\/page"}],"author":[{"embeddable":true,"href":"https:\/\/as-schwabe.de\/pl\/wp-json\/wp\/v2\/users\/1"}],"replies":[{"embeddable":true,"href":"https:\/\/as-schwabe.de\/pl\/wp-json\/wp\/v2\/comments?post=3020"}],"version-history":[{"count":0,"href":"https:\/\/as-schwabe.de\/pl\/wp-json\/wp\/v2\/pages\/3020\/revisions"}],"up":[{"embeddable":true,"href":"https:\/\/as-schwabe.de\/pl\/wp-json\/wp\/v2\/pages\/3508"}],"wp:attachment":[{"href":"https:\/\/as-schwabe.de\/pl\/wp-json\/wp\/v2\/media?parent=3020"}],"curies":[{"name":"wp","href":"https:\/\/api.w.org\/{rel}","templated":true}]}}