{"id":13170,"date":"2025-09-25T07:26:40","date_gmt":"2025-09-25T07:26:40","guid":{"rendered":"https:\/\/as-schwabe.de\/?page_id=13170"},"modified":"2025-09-27T01:27:03","modified_gmt":"2025-09-27T01:27:03","slug":"produkty-2","status":"publish","type":"page","link":"https:\/\/as-schwabe.de\/pl\/produkty-2\/","title":{"rendered":"Produkty"},"content":{"rendered":"<div data-elementor-type=\"wp-page\" data-elementor-id=\"13170\" class=\"elementor elementor-13170\" data-elementor-post-type=\"page\">\n\t\t\t\t\t\t<div class=\"elementor-element elementor-element-6e3837f e-con-full e-flex e-con e-child\" data-id=\"6e3837f\" data-element_type=\"container\">\r\n\t\t\t\t<div class=\"elementor-element elementor-element-cc8c174 elementor-widget elementor-widget-heading\" data-id=\"cc8c174\" data-element_type=\"widget\" data-widget_type=\"heading.default\">\n\t\t\t\t\t<h1 class=\"elementor-heading-title elementor-size-default\">Produkty<\/h1>\t\t\t\t<\/div>\n\t\t\t\t<div class=\"elementor-element elementor-element-f37d6aa elementor-widget elementor-widget-heading\" data-id=\"f37d6aa\" data-element_type=\"widget\" data-widget_type=\"heading.default\">\n\t\t\t\t\t<h2 class=\"elementor-heading-title elementor-size-default\"><h2 style=\"line-height: 1.5;letter-spacing: 1.26px;text-transform: none\">Wszystko, czego potrzebujesz, w jednym miejscu<span style=\"letter-spacing: 1.26px\"><\/span><\/h2><\/h2>\t\t\t\t<\/div>\n\t\t\t\t<div class=\"elementor-element elementor-element-181e6df elementor-widget elementor-widget-text-editor\" data-id=\"181e6df\" data-element_type=\"widget\" data-widget_type=\"text-editor.default\">\n\t\t\t\t\t\t\t\t\t<p>Nasza oferta obejmuje b\u0119bny kablowe, przed\u0142u\u017cacze, listy zasilaj\u0105ce, osprz\u0119t CEE do campingu, reflektory LED, lampy robocze, kr\u0105\u017cki kablowe, o\u015bwietlenie, systemy pneumatyczne, programy ochrony osobistej i wiele wi\u0119cej. Energia to nasza pasja. Jako producent i dystrybutor jeste\u015bmy w stanie sprosta\u0107 ka\u017cdemu \u017cyczeniu klienta.<\/p>\t\t\t\t\t\t\t\t<\/div>\n\t\t\t\t<\/div>\n\t\t\t\t<div class=\"elementor-element elementor-element-5f23160 e-flex e-con-boxed e-con e-parent\" data-id=\"5f23160\" data-element_type=\"container\">\r\n\t\t\t\t\t<div class=\"e-con-inner\">\r\n\t\t\t\t\t<div class=\"elementor-element elementor-element-ea82da8 elementor-widget elementor-widget-wolmart_widget_categories\" data-id=\"ea82da8\" data-element_type=\"widget\" data-widget_type=\"wolmart_widget_categories.default\">\n\t\t\t\t<div class=\"elementor-widget-container\">\n\t\t\t\t\t<div class=\"woocommerce columns-3\"><ul class=\"categories-filter-shop  gutter-no products gutter-sm  row cols-lg-3 cols-md-2 cols-sm-1 cols-1 cols-xl-3\"><li class=\"category-wrap\">\r\n<div class=\"cat-type-default cat-type-absolute category-przedluzacze-bebnowe-pl overlay-zoom product-category product first\">\r\n\t<a href=\"https:\/\/as-schwabe.de\/pl\/kategoria-produktu\/przedluzacze-bebnowe-pl\/\"><figure><img fetchpriority=\"high\" decoding=\"async\" src=\"https:\/\/as-schwabe.de\/wp-content\/uploads\/2025\/09\/Kat_1_PB-scaled.jpg\" alt=\"Przed\u0142u\u017cacze b\u0119bnowe\" width=\"2560\" height=\"2560\" srcset=\"https:\/\/as-schwabe.de\/wp-content\/uploads\/2025\/09\/Kat_1_PB-scaled.jpg 2560w, https:\/\/as-schwabe.de\/wp-content\/uploads\/2025\/09\/Kat_1_PB-scaled-600x600.jpg 600w, https:\/\/as-schwabe.de\/wp-content\/uploads\/2025\/09\/Kat_1_PB-1024x1024.jpg 1024w, https:\/\/as-schwabe.de\/wp-content\/uploads\/2025\/09\/Kat_1_PB-768x768.jpg 768w, https:\/\/as-schwabe.de\/wp-content\/uploads\/2025\/09\/Kat_1_PB-1536x1536.jpg 1536w, https:\/\/as-schwabe.de\/wp-content\/uploads\/2025\/09\/Kat_1_PB-2048x2048.jpg 2048w\" sizes=\"(max-width: 2560px) 100vw, 2560px\" \/><\/figure><\/a><div class=\"category-content\"><h3 class=\"woocommerce-loop-category__title\"><a href=\"https:\/\/as-schwabe.de\/pl\/kategoria-produktu\/przedluzacze-bebnowe-pl\/\">Przed\u0142u\u017cacze b\u0119bnowe<\/a><\/h3><\/div><\/div>\r\n\r\n<\/li><li class=\"category-wrap\">\r\n<div class=\"cat-type-default cat-type-absolute category-produkty-z-zakresu-elektrycznej-ochrony-indywidualnej-pl overlay-zoom product-category product\">\r\n\t<a href=\"https:\/\/as-schwabe.de\/pl\/kategoria-produktu\/produkty-z-zakresu-ochrony-elektrycznej-indywidualnej-pl\/\"><figure><img decoding=\"async\" src=\"https:\/\/as-schwabe.de\/wp-content\/uploads\/2025\/09\/Kat_2_PZZOI.jpg\" alt=\"Produkty z zakresu ochrony elektrycznej indywidualnej\" width=\"2362\" height=\"2362\" srcset=\"https:\/\/as-schwabe.de\/wp-content\/uploads\/2025\/09\/Kat_2_PZZOI.jpg 2362w, https:\/\/as-schwabe.de\/wp-content\/uploads\/2025\/09\/Kat_2_PZZOI-600x600.jpg 600w, https:\/\/as-schwabe.de\/wp-content\/uploads\/2025\/09\/Kat_2_PZZOI-1024x1024.jpg 1024w, https:\/\/as-schwabe.de\/wp-content\/uploads\/2025\/09\/Kat_2_PZZOI-768x768.jpg 768w, https:\/\/as-schwabe.de\/wp-content\/uploads\/2025\/09\/Kat_2_PZZOI-1536x1536.jpg 1536w, https:\/\/as-schwabe.de\/wp-content\/uploads\/2025\/09\/Kat_2_PZZOI-2048x2048.jpg 2048w\" sizes=\"(max-width: 2362px) 100vw, 2362px\" \/><\/figure><\/a><div class=\"category-content\"><h3 class=\"woocommerce-loop-category__title\"><a href=\"https:\/\/as-schwabe.de\/pl\/kategoria-produktu\/produkty-z-zakresu-ochrony-elektrycznej-indywidualnej-pl\/\">Produkty z zakresu ochrony elektrycznej indywidualnej<\/a><\/h3><\/div><\/div>\r\n\r\n<\/li><li class=\"category-wrap\">\r\n<div class=\"cat-type-default cat-type-absolute category-przedluzacze-2-pl overlay-zoom product-category product last\">\r\n\t<a href=\"https:\/\/as-schwabe.de\/pl\/kategoria-produktu\/przedluzacze-2-pl\/\"><figure><img decoding=\"async\" src=\"https:\/\/as-schwabe.de\/wp-content\/uploads\/2026\/02\/Verlaengerungsleitung-Kategorie-scaled.jpg\" alt=\"Przed\u0142u\u017cacze\" width=\"2560\" height=\"1708\" srcset=\"https:\/\/as-schwabe.de\/wp-content\/uploads\/2026\/02\/Verlaengerungsleitung-Kategorie-scaled.jpg 2560w, https:\/\/as-schwabe.de\/wp-content\/uploads\/2026\/02\/Verlaengerungsleitung-Kategorie-1024x683.jpg 1024w, https:\/\/as-schwabe.de\/wp-content\/uploads\/2026\/02\/Verlaengerungsleitung-Kategorie-768x512.jpg 768w, https:\/\/as-schwabe.de\/wp-content\/uploads\/2026\/02\/Verlaengerungsleitung-Kategorie-1536x1025.jpg 1536w, https:\/\/as-schwabe.de\/wp-content\/uploads\/2026\/02\/Verlaengerungsleitung-Kategorie-2048x1366.jpg 2048w, https:\/\/as-schwabe.de\/wp-content\/uploads\/2026\/02\/Verlaengerungsleitung-Kategorie-600x400.jpg 600w\" sizes=\"(max-width: 2560px) 100vw, 2560px\" \/><\/figure><\/a><div class=\"category-content\"><h3 class=\"woocommerce-loop-category__title\"><a href=\"https:\/\/as-schwabe.de\/pl\/kategoria-produktu\/przedluzacze-2-pl\/\">Przed\u0142u\u017cacze<\/a><\/h3><\/div><\/div>\r\n\r\n<\/li><li class=\"category-wrap\">\r\n<div class=\"cat-type-default cat-type-absolute category-przewody-przylaczeniowe-2-pl overlay-zoom product-category product first\">\r\n\t<a href=\"https:\/\/as-schwabe.de\/pl\/kategoria-produktu\/przewody-przylaczeniowe-2-pl\/\"><figure><img loading=\"lazy\" decoding=\"async\" src=\"https:\/\/as-schwabe.de\/wp-content\/uploads\/2025\/09\/Kat_4_PP-scaled.jpg\" alt=\"Przewody przy\u0142\u0105czeniowe\" width=\"2560\" height=\"2560\" srcset=\"https:\/\/as-schwabe.de\/wp-content\/uploads\/2025\/09\/Kat_4_PP-scaled.jpg 2560w, https:\/\/as-schwabe.de\/wp-content\/uploads\/2025\/09\/Kat_4_PP-scaled-600x600.jpg 600w, https:\/\/as-schwabe.de\/wp-content\/uploads\/2025\/09\/Kat_4_PP-1024x1024.jpg 1024w, https:\/\/as-schwabe.de\/wp-content\/uploads\/2025\/09\/Kat_4_PP-768x768.jpg 768w, https:\/\/as-schwabe.de\/wp-content\/uploads\/2025\/09\/Kat_4_PP-1536x1536.jpg 1536w, https:\/\/as-schwabe.de\/wp-content\/uploads\/2025\/09\/Kat_4_PP-2048x2048.jpg 2048w\" sizes=\"(max-width: 2560px) 100vw, 2560px\" \/><\/figure><\/a><div class=\"category-content\"><h3 class=\"woocommerce-loop-category__title\"><a href=\"https:\/\/as-schwabe.de\/pl\/kategoria-produktu\/przewody-przylaczeniowe-2-pl\/\">Przewody przy\u0142\u0105czeniowe<\/a><\/h3><\/div><\/div>\r\n\r\n<\/li><li class=\"category-wrap\">\r\n<div class=\"cat-type-default cat-type-absolute category-produkty-do-samodzielnego-montazu-pl overlay-zoom product-category product\">\r\n\t<a href=\"https:\/\/as-schwabe.de\/pl\/kategoria-produktu\/produkty-do-samodzielnego-montazu-pl\/\"><figure><img loading=\"lazy\" decoding=\"async\" src=\"https:\/\/as-schwabe.de\/wp-content\/uploads\/2026\/02\/AS-Schwabe_Duroconn-1006-1-scaled-e1770801033610.jpg\" alt=\"Produkty do samodzielnego monta\u017cu\" width=\"2560\" height=\"1708\" \/><\/figure><\/a><div class=\"category-content\"><h3 class=\"woocommerce-loop-category__title\"><a href=\"https:\/\/as-schwabe.de\/pl\/kategoria-produktu\/produkty-do-samodzielnego-montazu-pl\/\">Produkty do samodzielnego monta\u017cu<\/a><\/h3><\/div><\/div>\r\n\r\n<\/li><li class=\"category-wrap\">\r\n<div class=\"cat-type-default cat-type-absolute category-liczniki-energii-elektrycznej-i-ograniczniki-pradu-rozruchowego-pl overlay-zoom product-category product last\">\r\n\t<a href=\"https:\/\/as-schwabe.de\/pl\/kategoria-produktu\/liczniki-energii-elektrycznej-i-ograniczniki-pradu-rozruchowego-pl\/\"><figure><img loading=\"lazy\" decoding=\"async\" src=\"https:\/\/as-schwabe.de\/wp-content\/uploads\/2025\/09\/Kat_6_LE-scaled.jpg\" alt=\"Liczniki energii elektrycznej i ograniczniki pr\u0105du rozruchowego\" width=\"2560\" height=\"2560\" srcset=\"https:\/\/as-schwabe.de\/wp-content\/uploads\/2025\/09\/Kat_6_LE-scaled.jpg 2560w, https:\/\/as-schwabe.de\/wp-content\/uploads\/2025\/09\/Kat_6_LE-scaled-1024x1024.jpg 1024w, https:\/\/as-schwabe.de\/wp-content\/uploads\/2025\/09\/Kat_6_LE-scaled-768x768.jpg 768w, https:\/\/as-schwabe.de\/wp-content\/uploads\/2025\/09\/Kat_6_LE-scaled-1536x1536.jpg 1536w, https:\/\/as-schwabe.de\/wp-content\/uploads\/2025\/09\/Kat_6_LE-scaled-2048x2048.jpg 2048w, https:\/\/as-schwabe.de\/wp-content\/uploads\/2025\/09\/Kat_6_LE-scaled-600x600.jpg 600w\" sizes=\"(max-width: 2560px) 100vw, 2560px\" \/><\/figure><\/a><div class=\"category-content\"><h3 class=\"woocommerce-loop-category__title\"><a href=\"https:\/\/as-schwabe.de\/pl\/kategoria-produktu\/liczniki-energii-elektrycznej-i-ograniczniki-pradu-rozruchowego-pl\/\">Liczniki energii elektrycznej i ograniczniki pr\u0105du rozruchowego<\/a><\/h3><\/div><\/div>\r\n\r\n<\/li><li class=\"category-wrap\">\r\n<div class=\"cat-type-default cat-type-absolute category-podwieszane-rozdzielnice-energii-i-podwieszane-rozdzielacze-pradu-pl overlay-zoom product-category product first\">\r\n\t<a href=\"https:\/\/as-schwabe.de\/pl\/kategoria-produktu\/podwieszane-rozdzielnice-energii-i-podwieszane-rozdzielcze-pradu-pl\/\"><figure><img loading=\"lazy\" decoding=\"async\" src=\"https:\/\/as-schwabe.de\/wp-content\/uploads\/2025\/09\/Kat_7_PR-scaled.jpg\" alt=\"Podwieszane rozdzielnice energii i podwieszane rozdzielacze pr\u0105du\" width=\"2560\" height=\"2560\" srcset=\"https:\/\/as-schwabe.de\/wp-content\/uploads\/2025\/09\/Kat_7_PR-scaled.jpg 2560w, https:\/\/as-schwabe.de\/wp-content\/uploads\/2025\/09\/Kat_7_PR-scaled-1024x1024.jpg 1024w, https:\/\/as-schwabe.de\/wp-content\/uploads\/2025\/09\/Kat_7_PR-scaled-768x768.jpg 768w, https:\/\/as-schwabe.de\/wp-content\/uploads\/2025\/09\/Kat_7_PR-scaled-1536x1536.jpg 1536w, https:\/\/as-schwabe.de\/wp-content\/uploads\/2025\/09\/Kat_7_PR-scaled-2048x2048.jpg 2048w, https:\/\/as-schwabe.de\/wp-content\/uploads\/2025\/09\/Kat_7_PR-scaled-600x600.jpg 600w\" sizes=\"(max-width: 2560px) 100vw, 2560px\" \/><\/figure><\/a><div class=\"category-content\"><h3 class=\"woocommerce-loop-category__title\"><a href=\"https:\/\/as-schwabe.de\/pl\/kategoria-produktu\/podwieszane-rozdzielnice-energii-i-podwieszane-rozdzielcze-pradu-pl\/\">Podwieszane rozdzielnice energii i podwieszane rozdzielacze pr\u0105du<\/a><\/h3><\/div><\/div>\r\n\r\n<\/li><li class=\"category-wrap\">\r\n<div class=\"cat-type-default cat-type-absolute category-asortyment-produktow-cee-400-v-pl overlay-zoom product-category product\">\r\n\t<a href=\"https:\/\/as-schwabe.de\/pl\/kategoria-produktu\/asortyment-produktow-cee-400-v-pl\/\"><figure><img loading=\"lazy\" decoding=\"async\" src=\"https:\/\/as-schwabe.de\/wp-content\/uploads\/2025\/09\/Kat_8_CEE-scaled.jpg\" alt=\"Asortyment produkt\u00f3w CEE 400 V\" width=\"2560\" height=\"2560\" srcset=\"https:\/\/as-schwabe.de\/wp-content\/uploads\/2025\/09\/Kat_8_CEE-scaled.jpg 2560w, https:\/\/as-schwabe.de\/wp-content\/uploads\/2025\/09\/Kat_8_CEE-scaled-1024x1024.jpg 1024w, https:\/\/as-schwabe.de\/wp-content\/uploads\/2025\/09\/Kat_8_CEE-scaled-768x768.jpg 768w, https:\/\/as-schwabe.de\/wp-content\/uploads\/2025\/09\/Kat_8_CEE-scaled-1536x1536.jpg 1536w, https:\/\/as-schwabe.de\/wp-content\/uploads\/2025\/09\/Kat_8_CEE-scaled-2048x2048.jpg 2048w, https:\/\/as-schwabe.de\/wp-content\/uploads\/2025\/09\/Kat_8_CEE-scaled-600x600.jpg 600w\" sizes=\"(max-width: 2560px) 100vw, 2560px\" \/><\/figure><\/a><div class=\"category-content\"><h3 class=\"woocommerce-loop-category__title\"><a href=\"https:\/\/as-schwabe.de\/pl\/kategoria-produktu\/asortyment-produktow-cee-400-v-pl\/\">Asortyment produkt\u00f3w CEE 400 V<\/a><\/h3><\/div><\/div>\r\n\r\n<\/li><li class=\"category-wrap\">\r\n<div class=\"cat-type-default cat-type-absolute category-oswietlenie-2-pl overlay-zoom product-category product last\">\r\n\t<a href=\"https:\/\/as-schwabe.de\/pl\/kategoria-produktu\/oswietlenie-2-pl\/\"><figure><img loading=\"lazy\" decoding=\"async\" src=\"https:\/\/as-schwabe.de\/wp-content\/uploads\/2025\/09\/Kat_9_O.jpg\" alt=\"O\u015bwietlenie\" width=\"2353\" height=\"2353\" srcset=\"https:\/\/as-schwabe.de\/wp-content\/uploads\/2025\/09\/Kat_9_O.jpg 2353w, https:\/\/as-schwabe.de\/wp-content\/uploads\/2025\/09\/Kat_9_O-600x600.jpg 600w, https:\/\/as-schwabe.de\/wp-content\/uploads\/2025\/09\/Kat_9_O-1024x1024.jpg 1024w, https:\/\/as-schwabe.de\/wp-content\/uploads\/2025\/09\/Kat_9_O-768x768.jpg 768w, https:\/\/as-schwabe.de\/wp-content\/uploads\/2025\/09\/Kat_9_O-1536x1536.jpg 1536w, https:\/\/as-schwabe.de\/wp-content\/uploads\/2025\/09\/Kat_9_O-2048x2048.jpg 2048w\" sizes=\"(max-width: 2353px) 100vw, 2353px\" \/><\/figure><\/a><div class=\"category-content\"><h3 class=\"woocommerce-loop-category__title\"><a href=\"https:\/\/as-schwabe.de\/pl\/kategoria-produktu\/oswietlenie-2-pl\/\">O\u015bwietlenie<\/a><\/h3><\/div><\/div>\r\n\r\n<\/li><li class=\"category-wrap\">\r\n<div class=\"cat-type-default cat-type-absolute category-sprezone-powietrze-pl overlay-zoom product-category product first\">\r\n\t<a href=\"https:\/\/as-schwabe.de\/pl\/kategoria-produktu\/sprezone-powietrze-pl\/\"><figure><img loading=\"lazy\" decoding=\"async\" src=\"https:\/\/as-schwabe.de\/wp-content\/uploads\/2025\/09\/Kat_10_SP-scaled.jpg\" alt=\"Spr\u0119\u017cone powietrze\" width=\"2560\" height=\"2560\" srcset=\"https:\/\/as-schwabe.de\/wp-content\/uploads\/2025\/09\/Kat_10_SP-scaled.jpg 2560w, https:\/\/as-schwabe.de\/wp-content\/uploads\/2025\/09\/Kat_10_SP-scaled-1024x1024.jpg 1024w, https:\/\/as-schwabe.de\/wp-content\/uploads\/2025\/09\/Kat_10_SP-scaled-768x768.jpg 768w, https:\/\/as-schwabe.de\/wp-content\/uploads\/2025\/09\/Kat_10_SP-scaled-1536x1536.jpg 1536w, https:\/\/as-schwabe.de\/wp-content\/uploads\/2025\/09\/Kat_10_SP-scaled-2048x2048.jpg 2048w, https:\/\/as-schwabe.de\/wp-content\/uploads\/2025\/09\/Kat_10_SP-scaled-600x600.jpg 600w\" sizes=\"(max-width: 2560px) 100vw, 2560px\" \/><\/figure><\/a><div class=\"category-content\"><h3 class=\"woocommerce-loop-category__title\"><a href=\"https:\/\/as-schwabe.de\/pl\/kategoria-produktu\/sprezone-powietrze-pl\/\">Spr\u0119\u017cone powietrze<\/a><\/h3><\/div><\/div>\r\n\r\n<\/li><li class=\"category-wrap\">\r\n<div class=\"cat-type-default cat-type-absolute category-kemping-i-caravaning-pl overlay-zoom product-category product\">\r\n\t<a href=\"https:\/\/as-schwabe.de\/pl\/kategoria-produktu\/kemping-i-caravaning-pl\/\"><figure><img loading=\"lazy\" decoding=\"async\" src=\"https:\/\/as-schwabe.de\/wp-content\/uploads\/2025\/09\/Kat_11_KK-scaled.jpg\" alt=\"Kemping i Caravaning\" width=\"2560\" height=\"2560\" srcset=\"https:\/\/as-schwabe.de\/wp-content\/uploads\/2025\/09\/Kat_11_KK-scaled.jpg 2560w, https:\/\/as-schwabe.de\/wp-content\/uploads\/2025\/09\/Kat_11_KK-scaled-1024x1024.jpg 1024w, https:\/\/as-schwabe.de\/wp-content\/uploads\/2025\/09\/Kat_11_KK-scaled-768x768.jpg 768w, https:\/\/as-schwabe.de\/wp-content\/uploads\/2025\/09\/Kat_11_KK-scaled-1536x1536.jpg 1536w, https:\/\/as-schwabe.de\/wp-content\/uploads\/2025\/09\/Kat_11_KK-scaled-2048x2048.jpg 2048w, https:\/\/as-schwabe.de\/wp-content\/uploads\/2025\/09\/Kat_11_KK-scaled-600x600.jpg 600w\" sizes=\"(max-width: 2560px) 100vw, 2560px\" \/><\/figure><\/a><div class=\"category-content\"><h3 class=\"woocommerce-loop-category__title\"><a href=\"https:\/\/as-schwabe.de\/pl\/kategoria-produktu\/kemping-i-caravaning-pl\/\">Kemping i Caravaning<\/a><\/h3><\/div><\/div>\r\n\r\n<\/li><li class=\"category-wrap\">\r\n<div class=\"cat-type-default cat-type-absolute category-elektromobilnosc-pl overlay-zoom product-category product last\">\r\n\t<a href=\"https:\/\/as-schwabe.de\/pl\/kategoria-produktu\/elektromobilnosc-pl\/\"><figure><img loading=\"lazy\" decoding=\"async\" src=\"https:\/\/as-schwabe.de\/wp-content\/uploads\/2025\/09\/Kat_12_E-scaled.jpg\" alt=\"Elektromobilno\u015b\u0107\" width=\"2560\" height=\"2560\" srcset=\"https:\/\/as-schwabe.de\/wp-content\/uploads\/2025\/09\/Kat_12_E-scaled.jpg 2560w, https:\/\/as-schwabe.de\/wp-content\/uploads\/2025\/09\/Kat_12_E-scaled-1024x1024.jpg 1024w, https:\/\/as-schwabe.de\/wp-content\/uploads\/2025\/09\/Kat_12_E-scaled-768x768.jpg 768w, https:\/\/as-schwabe.de\/wp-content\/uploads\/2025\/09\/Kat_12_E-scaled-1536x1536.jpg 1536w, https:\/\/as-schwabe.de\/wp-content\/uploads\/2025\/09\/Kat_12_E-scaled-2048x2048.jpg 2048w, https:\/\/as-schwabe.de\/wp-content\/uploads\/2025\/09\/Kat_12_E-scaled-600x600.jpg 600w\" sizes=\"(max-width: 2560px) 100vw, 2560px\" \/><\/figure><\/a><div class=\"category-content\"><h3 class=\"woocommerce-loop-category__title\"><a href=\"https:\/\/as-schwabe.de\/pl\/kategoria-produktu\/elektromobilnosc-pl\/\">Elektromobilno\u015b\u0107<\/a><\/h3><\/div><\/div>\r\n\r\n<\/li><li class=\"category-wrap\">\r\n<div class=\"cat-type-default cat-type-absolute category-dom-i-ogrod-2-pl overlay-zoom product-category product first\">\r\n\t<a href=\"https:\/\/as-schwabe.de\/pl\/kategoria-produktu\/dom-i-ogrod-2-pl\/\"><figure><img loading=\"lazy\" decoding=\"async\" src=\"https:\/\/as-schwabe.de\/wp-content\/uploads\/2025\/09\/Kat_13_E-scaled.jpg\" alt=\"Dom i ogr\u00f3d\" width=\"2560\" height=\"2560\" srcset=\"https:\/\/as-schwabe.de\/wp-content\/uploads\/2025\/09\/Kat_13_E-scaled.jpg 2560w, https:\/\/as-schwabe.de\/wp-content\/uploads\/2025\/09\/Kat_13_E-scaled-1024x1024.jpg 1024w, https:\/\/as-schwabe.de\/wp-content\/uploads\/2025\/09\/Kat_13_E-scaled-768x768.jpg 768w, https:\/\/as-schwabe.de\/wp-content\/uploads\/2025\/09\/Kat_13_E-scaled-1536x1536.jpg 1536w, https:\/\/as-schwabe.de\/wp-content\/uploads\/2025\/09\/Kat_13_E-scaled-2048x2048.jpg 2048w, https:\/\/as-schwabe.de\/wp-content\/uploads\/2025\/09\/Kat_13_E-scaled-600x600.jpg 600w\" sizes=\"(max-width: 2560px) 100vw, 2560px\" \/><\/figure><\/a><div class=\"category-content\"><h3 class=\"woocommerce-loop-category__title\"><a href=\"https:\/\/as-schwabe.de\/pl\/kategoria-produktu\/dom-i-ogrod-2-pl\/\">Dom i ogr\u00f3d<\/a><\/h3><\/div><\/div>\r\n\r\n<\/li><\/ul><\/div>\t\t\t\t<\/div>\n\t\t\t\t<\/div>\n\t\t\t\t\t<\/div>\n\t\t\t\t<\/div>\n\t\t\t\t<\/div>","protected":false},"excerpt":{"rendered":"<p>Pro\u00adduk\u00adty Wszystko, czego potrzebujesz, w jednym miejscu Nasza oferta obejmuje b\u0119bny kablowe, przed\u0142u\u017cacze, listwy zasilaj\u0105ce, osprz\u0119t CEE do campingu, reflektory LED, lampy robocze, kr\u0105\u017cki kablowe, o\u015bwietlenie, systemy pneumatyczne, programy ochrony osobistej i wiele wi\u0119cej. Energia to nasza pasja. Jako producent i dystrybutor jeste\u015bmy w stanie sprosta\u0107 ka\u017cdemu \u017cyczeniu klienta. Przed\u0142u\u017cacze b\u0119bnowe Produkty z zakresu elektrycznej [&hellip;]<\/p>","protected":false},"author":1,"featured_media":0,"parent":0,"menu_order":0,"comment_status":"closed","ping_status":"closed","template":"","meta":{"inline_featured_image":false,"footnotes":""},"class_list":["post-13170","page","type-page","status-publish","hentry"],"aioseo_notices":[],"_links":{"self":[{"href":"https:\/\/as-schwabe.de\/pl\/wp-json\/wp\/v2\/pages\/13170","targetHints":{"allow":["GET"]}}],"collection":[{"href":"https:\/\/as-schwabe.de\/pl\/wp-json\/wp\/v2\/pages"}],"about":[{"href":"https:\/\/as-schwabe.de\/pl\/wp-json\/wp\/v2\/types\/page"}],"author":[{"embeddable":true,"href":"https:\/\/as-schwabe.de\/pl\/wp-json\/wp\/v2\/users\/1"}],"replies":[{"embeddable":true,"href":"https:\/\/as-schwabe.de\/pl\/wp-json\/wp\/v2\/comments?post=13170"}],"version-history":[{"count":0,"href":"https:\/\/as-schwabe.de\/pl\/wp-json\/wp\/v2\/pages\/13170\/revisions"}],"wp:attachment":[{"href":"https:\/\/as-schwabe.de\/pl\/wp-json\/wp\/v2\/media?parent=13170"}],"curies":[{"name":"wp","href":"https:\/\/api.w.org\/{rel}","templated":true}]}}