{"id":9931,"date":"2025-01-07T03:51:54","date_gmt":"2025-01-07T03:51:54","guid":{"rendered":"https:\/\/as2025.as-schwabe.de\/?post_type=product&#038;p=9931"},"modified":"2026-01-29T11:34:06","modified_gmt":"2026-01-29T11:34:06","slug":"adapter-set-wunschschlos-gluecklich","status":"publish","type":"product","link":"https:\/\/as-schwabe.de\/eng\/product\/adapter-set-wunschschlos-gluecklich\/","title":{"rendered":"Adapter set \"Wishfully happy\""},"content":{"rendered":"<p>With the adapter set <strong>\"Wishfully happy\"<\/strong> k\u00f6nnen Sie Ihr E-Fahrzeug an fast allen verf\u00fcgbaren Stromquellen in s\u00e4mtlichen europ\u00e4ischen L\u00e4ndern laden. Einfach das Ladeger\u00e4t mit dem passenden Adapter an einer geeigneten Steckdose einstecken, den Typ 2 Stecker der Einheit mit Ihrem Elektrofahrzeug verbinden, und schon wird das Fahrzeug sicher und mit maximaler Geschwindigkeit aufgeladen.<\/p>\n<h3>Versions<\/h3>\n<table>\n<thead>\n<tr>\n<th class=\"text-left\" scope=\"col\">SET<\/th>\n<th scope=\"col\">EAN<\/th>\n<th class=\"text-right\" scope=\"col\">Item no.<\/th>\n<\/tr>\n<\/thead>\n<tbody>\n<tr>\n<td>Wishfully happy<\/td>\n<td class=\"text-center\">4011160613777<\/td>\n<td class=\"text-right\">61377<\/td>\n<\/tr>\n<\/tbody>\n<\/table>\n<h3>Details<\/h3>\n<div class=\"table-container\">\n<table>\n<thead>\n<tr>\n<th>Security<\/th>\n<\/tr>\n<\/thead>\n<tbody>\n<tr>\n<td>\n<div>nan<\/div>\n<div class=\"image-cell\"><img decoding=\"async\" src=\"https:\/\/as-schwabe.de\/wp-content\/uploads\/2024\/12\/IP44_.svg\" alt=\"[1081]\" \/><img decoding=\"async\" src=\"https:\/\/as-schwabe.de\/wp-content\/uploads\/2024\/12\/CE_schwarz.svg\" alt=\"[1085]\" \/><\/div>\n<\/td>\n<\/tr>\n<\/tbody>\n<\/table>\n<table>\n<thead>\n<tr>\n<th>Technical data<\/th>\n<\/tr>\n<\/thead>\n<tbody>\n<tr>\n<td>400V, 32A, 3-phase, 22kW<\/p>\n<div class=\"image-cell\"><\/div>\n<\/td>\n<\/tr>\n<\/tbody>\n<\/table>\n<table>\n<thead>\n<tr>\n<th>Use<\/th>\n<\/tr>\n<\/thead>\n<tbody>\n<tr>\n<td>\n<div class=\"image-cell\"><img decoding=\"async\" src=\"https:\/\/as-schwabe.de\/wp-content\/uploads\/2024\/12\/as-schwabe-technik-produkte-einsatzgebiet-aussen-icon.svg\" alt=\"[2]\" \/><img decoding=\"async\" src=\"https:\/\/as-schwabe.de\/wp-content\/uploads\/2024\/12\/garten.svg\" alt=\"[9]\" \/><\/div>\n<\/td>\n<\/tr>\n<\/tbody>\n<\/table>\n<\/div>\n<p><strong>LCD display WITH DATA OVERVIEW<\/strong><br \/>\nThe LCD display informs you about all relevant aspects of the charging process:<\/p>\n<ul>\n<li>Current voltage<\/li>\n<li>Set maximum current<\/li>\n<li>Current charging current<\/li>\n<li>kWh charged since start of charging<\/li>\n<li>Current temperature of the control unit<\/li>\n<li>Info about earthing<\/li>\n<\/ul>\n<p><strong>LED DISPLAY CHARGING STATUS<\/strong><br \/>\nThe LED display shows the current charging status. If the device is ready for operation, the charging process starts at the same time. Any faults that occur can be quickly identified by the display in different colours.<\/p>\n<p><strong>SELECTABLE AMPERE LEVEL<\/strong><br \/>\n6A\/8A\/10A\/16A\/ 20A\/24A\/32A<br \/>\nThe charging current can be set individually depending on the available power source. To do this, simply tap the touch-sensitive surface on the front of the control unit<\/p>\n<p><strong>FLEXIBILITY<\/strong><br \/>\nWhen you are travelling or visiting relatives and friends, you no longer have to worry about charging your electric car. With this mobile charger, you can easily charge at almost all available power sources in all European countries. Depending on the model, all you need is an earthed socket or a CEE socket.<\/p>\n<p><strong>TIMER FUNCTION<\/strong><br \/>\nOur mobile chargers have a timer function that allows the charging process to be started immediately or with a time delay of 2, 4 or 6 hours.<\/p>\n<p><strong>HIGH SECURITY<\/strong><br \/>\nOur EV charger is made of high-strength ABS material, making it significantly more durable than conventional products. The charger guarantees protection against overtemperature, fault currents, impermissibly high charging current, overvoltage, undervoltage and poor earthing. Our products also comply with protection class IP44 and are therefore protected against dust and splash water.<\/p>","protected":false},"excerpt":{"rendered":"<ul>\n<li><strong>Mobile charger electric car mode 2 (Art. 65152)<\/strong><br \/>\nCEE 32A plug to type 2, 400 V, max. 32 A 22 kW, charging current adjustable 10 A \/ 16 A \/ 20 A \/ 24 A \/ 32 A, length 5 m, protection class IP44, operating temperature range -25\u00b0C to +50\u00b0C<\/li>\n<li><strong>Adapter cable E2 (Art. 61373)<\/strong><br \/>\n0.3 m heavy-duty rubber cable H07RN-F 3G2.5. 1st side: 230 V \/ 16 A earthing contact plug, 2nd side: red CEE coupling 400 V \/ 32 A \/ 5-pin, 230 V 16 A max. 3.6 kW, IP44<\/li>\n<li><strong>Adapterleitung E4 (Art. 61374)<\/strong><br \/>\n0,3 m schwere Gummischlauchleitung H07RN-F 3G2,5, 1. Seite: CEE-Stecker blau 230 V \/ 16 A \/ 3-polig, 2. Seite: CEE-Kupplung rot 400 V \/ 32 A \/ 5-polig mit Klappdeckel, 230 V 16 A max. 3,6 kW, IP44<\/li>\n<li><strong>Adapterleitung E5 (Art. 61375) <\/strong><br \/>\n0.3 m heavy-duty rubber cable H07RN-F 3G6. 1st side: CEE plug blue 230 V \/ 32 A \/ 3-pin, 2nd side: CEE coupling red 400 V \/ 32 A \/ 5-pin with hinged cover, 230 V 32 A max. 7.2 kW, IP44<\/li>\n<li><strong>CEE Adapterleitung E6 (Art. 61376) <\/strong><br \/>\n0.3 m heavy-duty rubber cable H07RN-F 5G2.5, 1st side: CEE plug red 400 V \/ 16 A \/ 5-pin, 2nd side: CEE coupling red 400 V \/ 32 A \/ 5-pin, 400 V \/ 16 A max. 11 kW, IP44<\/li>\n<li><strong>Protective bag for adapter cables (Art. 12280) <\/strong><br \/>\nwith zip and carrying handles, \u00d8 40cm<\/li>\n<\/ul>","protected":false},"featured_media":36365,"template":"","meta":{"inline_featured_image":false},"genre":[],"product_cat":[27],"product_tag":[],"class_list":{"0":"post-9931","1":"product","2":"type-product","3":"status-publish","4":"has-post-thumbnail","6":"product_cat-emobility","8":"first","9":"instock","10":"shipping-taxable","11":"product-type-simple"},"aioseo_notices":[],"_links":{"self":[{"href":"https:\/\/as-schwabe.de\/eng\/wp-json\/wp\/v2\/product\/9931","targetHints":{"allow":["GET"]}}],"collection":[{"href":"https:\/\/as-schwabe.de\/eng\/wp-json\/wp\/v2\/product"}],"about":[{"href":"https:\/\/as-schwabe.de\/eng\/wp-json\/wp\/v2\/types\/product"}],"version-history":[{"count":0,"href":"https:\/\/as-schwabe.de\/eng\/wp-json\/wp\/v2\/product\/9931\/revisions"}],"wp:featuredmedia":[{"embeddable":true,"href":"https:\/\/as-schwabe.de\/eng\/wp-json\/wp\/v2\/media\/36365"}],"wp:attachment":[{"href":"https:\/\/as-schwabe.de\/eng\/wp-json\/wp\/v2\/media?parent=9931"}],"wp:term":[{"taxonomy":"product_brand","embeddable":true,"href":"https:\/\/as-schwabe.de\/eng\/wp-json\/wp\/v2\/genre?post=9931"},{"taxonomy":"product_cat","embeddable":true,"href":"https:\/\/as-schwabe.de\/eng\/wp-json\/wp\/v2\/product_cat?post=9931"},{"taxonomy":"product_tag","embeddable":true,"href":"https:\/\/as-schwabe.de\/eng\/wp-json\/wp\/v2\/product_tag?post=9931"}],"curies":[{"name":"wp","href":"https:\/\/api.w.org\/{rel}","templated":true}]}}