{"id":9713,"date":"2025-01-07T03:50:24","date_gmt":"2025-01-07T03:50:24","guid":{"rendered":"https:\/\/as2025.as-schwabe.de\/?post_type=product&#038;p=9713"},"modified":"2026-01-29T10:59:41","modified_gmt":"2026-01-29T10:59:41","slug":"multi-angle-socket-strip-19-inch-rack-1he","status":"publish","type":"product","link":"https:\/\/as-schwabe.de\/eng\/product\/multi-angle-socket-strip-19-inch-rack-1he\/","title":{"rendered":"Multi-angle socket strip 19-inch RACK, 1U"},"content":{"rendered":"<p data-start=\"914\" data-end=\"1183\">Servers, switches, storage systems, controllers or backup solutions \u2013 modern IT racks house a multitude of high-performance components. To ensure that all devices can be reliably powered, safe and space-saving connection solutions are indispensable.<\/p>\n<p data-start=\"1185\" data-end=\"1547\">Unsere <strong data-start=\"1192\" data-end=\"1247\">19-Zoll-Steckdosenleisten in Standardbauweise (1HE)<\/strong> were specially developed for use in <strong data-start=\"1283\" data-end=\"1321\">network cabinets and server racks<\/strong> developed. They enable the connection of multiple devices via earthed plugs to a single power connection and can be easily and quickly integrated into the profile rails of your 19&#8243; rack thanks to the standardised design.<\/p>\n<p data-start=\"1549\" data-end=\"1937\">Das <strong data-start=\"1553\" data-end=\"1581\">stabile Aluminiumgeh\u00e4use<\/strong> ensures high load capacity in professional IT environments. The <strong data-start=\"1645\" data-end=\"1684\">45\u00b0-Anordnung der sieben Steckdosen<\/strong> facilitates the connection of larger power supplies and, through the increased touch protection, provides additional safety. For maximum flexibility, the included mounting clips allow a <strong data-start=\"1876\" data-end=\"1936\">horizontale, vertikale oder um 30\u00b0 geneigte Installation<\/strong>.<\/p>\n<p data-start=\"1939\" data-end=\"2151\">Der gro\u00dfz\u00fcgige Anschlussraum erm\u00f6glicht die <strong data-start=\"1983\" data-end=\"2027\">individuelle Selbstmontage der Zuleitung<\/strong> (bis 3G1,5), w\u00e4hrend der <strong data-start=\"2053\" data-end=\"2085\">beleuchtete Ein-\/Ausschalter<\/strong> eine klare Statusanzeige und komfortable Bedienung gew\u00e4hrleistet.<\/p>\n<p data-start=\"2153\" data-end=\"2345\">Depending on requirements, various versions are available \u2013 optionally also with <strong data-start=\"2242\" data-end=\"2293\">integrated overload or surge protection<\/strong> for even more safety in your IT infrastructure.<\/p>\n<h3>Versions<\/h3>\n<table>\n<thead>\n<tr>\n<th class=\"text-left\" scope=\"col\">7-way socket strip<\/th>\n<th scope=\"col\">PU<\/th>\n<th class=\"text-right\" scope=\"col\">Item no.<\/th>\n<\/tr>\n<\/thead>\n<tbody>\n<tr>\n<td>For self-assembly of a cable<\/td>\n<td class=\"text-center\">1<\/td>\n<td class=\"text-right\">18195<\/td>\n<\/tr>\n<\/tbody>\n<\/table>\n<h3>Details<\/h3>\n<div class=\"table-container\">\n<table>\n<thead>\n<tr>\n<th>Security<\/th>\n<\/tr>\n<\/thead>\n<tbody>\n<tr>\n<td>\n<div>nan<\/div>\n<div class=\"image-cell\"><img decoding=\"async\" src=\"https:\/\/as-schwabe.de\/wp-content\/uploads\/2025\/01\/IP20_01.svg\" alt=\"[1079]\" \/><img decoding=\"async\" src=\"https:\/\/as-schwabe.de\/wp-content\/uploads\/2024\/12\/CE_schwarz.svg\" alt=\"[1085]\" \/><\/div>\n<\/td>\n<\/tr>\n<\/tbody>\n<\/table>\n<table>\n<thead>\n<tr>\n<th>Technical data<\/th>\n<\/tr>\n<\/thead>\n<tbody>\n<tr>\n<td>230 V, 16 A, max. 3,500 W<\/p>\n<div class=\"image-cell\"><\/div>\n<\/td>\n<\/tr>\n<\/tbody>\n<\/table>\n<table>\n<thead>\n<tr>\n<th>Use<\/th>\n<\/tr>\n<\/thead>\n<tbody>\n<tr>\n<td>\n<div class=\"image-cell\"><img decoding=\"async\" src=\"https:\/\/as-schwabe.de\/wp-content\/uploads\/2024\/12\/as-schwabe-technik-produkte-einsatzgebiet-gewerbe-icon-1.svg\" alt=\"[1]\" \/><\/div>\n<\/td>\n<\/tr>\n<\/tbody>\n<\/table>\n<\/div>","protected":false},"excerpt":{"rendered":"<ul>\n<li data-start=\"175\" data-end=\"278\"><strong data-start=\"175\" data-end=\"207\">Passend f\u00fcr 19&#8243;-Racks (1HE):<\/strong> Universeller Einbau in Netzwerkschr\u00e4nke und IT-Server-Racks (48,26 cm)<\/li>\n<li data-start=\"281\" data-end=\"375\"><strong data-start=\"281\" data-end=\"302\">Flexible mounting:<\/strong> Side mounting clips for horizontal, vertical and 30\u00b0 positioning<\/li>\n<li data-start=\"378\" data-end=\"474\"><strong data-start=\"378\" data-end=\"408\">Robust aluminium housing:<\/strong> Stable, standardised design for professional use<\/li>\n<li data-start=\"477\" data-end=\"551\"><strong data-start=\"477\" data-end=\"507\">7 Schutzkontaktsteckdosen:<\/strong> 45\u00b0 arrangement with increased touch protection<\/li>\n<li data-start=\"554\" data-end=\"678\"><strong data-start=\"554\" data-end=\"581\">Individual power supply:<\/strong> Gro\u00dfer Anschlussraum zur Selbstmontage einer Leitung bis 3G1,5 (nicht im Lieferumfang enthalten)<\/li>\n<li data-start=\"681\" data-end=\"737\"><strong data-start=\"681\" data-end=\"707\">Komfortable Bedienung:<\/strong> Beleuchteter Ein-\/Ausschalter<\/li>\n<li data-start=\"740\" data-end=\"791\"><strong data-start=\"740\" data-end=\"762\">Electrical data:<\/strong> 230 V~ \/ 16 A \/ max. 3.500 W<\/li>\n<li data-start=\"794\" data-end=\"836\"><strong data-start=\"794\" data-end=\"808\">Protection rating:<\/strong> IP20 \u2013 for indoor use<\/li>\n<li data-start=\"794\" data-end=\"836\"><strong data-start=\"839\" data-end=\"852\">Rackh\u00f6he:<\/strong> 1HE (44,45 mm)<\/li>\n<\/ul>","protected":false},"featured_media":9767,"template":"","meta":{"inline_featured_image":false},"genre":[],"product_cat":[74,198],"product_tag":[],"class_list":{"0":"post-9713","1":"product","2":"type-product","3":"status-publish","4":"has-post-thumbnail","6":"product_cat-server-zubehoer","7":"product_cat-19-zoll-steckdosenleisten","9":"first","10":"instock","11":"shipping-taxable","12":"product-type-simple"},"aioseo_notices":[],"_links":{"self":[{"href":"https:\/\/as-schwabe.de\/eng\/wp-json\/wp\/v2\/product\/9713","targetHints":{"allow":["GET"]}}],"collection":[{"href":"https:\/\/as-schwabe.de\/eng\/wp-json\/wp\/v2\/product"}],"about":[{"href":"https:\/\/as-schwabe.de\/eng\/wp-json\/wp\/v2\/types\/product"}],"version-history":[{"count":0,"href":"https:\/\/as-schwabe.de\/eng\/wp-json\/wp\/v2\/product\/9713\/revisions"}],"wp:featuredmedia":[{"embeddable":true,"href":"https:\/\/as-schwabe.de\/eng\/wp-json\/wp\/v2\/media\/9767"}],"wp:attachment":[{"href":"https:\/\/as-schwabe.de\/eng\/wp-json\/wp\/v2\/media?parent=9713"}],"wp:term":[{"taxonomy":"product_brand","embeddable":true,"href":"https:\/\/as-schwabe.de\/eng\/wp-json\/wp\/v2\/genre?post=9713"},{"taxonomy":"product_cat","embeddable":true,"href":"https:\/\/as-schwabe.de\/eng\/wp-json\/wp\/v2\/product_cat?post=9713"},{"taxonomy":"product_tag","embeddable":true,"href":"https:\/\/as-schwabe.de\/eng\/wp-json\/wp\/v2\/product_tag?post=9713"}],"curies":[{"name":"wp","href":"https:\/\/api.w.org\/{rel}","templated":true}]}}