{"id":9051,"date":"2025-01-07T03:46:00","date_gmt":"2025-01-07T03:46:00","guid":{"rendered":"https:\/\/as2025.as-schwabe.de\/?post_type=product&#038;p=9051"},"modified":"2026-02-03T10:17:57","modified_gmt":"2026-02-03T10:17:57","slug":"schukoultra-pro-plug-in-system","status":"publish","type":"product","link":"https:\/\/as-schwabe.de\/eng\/product\/schukoultra-pro-plug-in-system\/","title":{"rendered":"DuroConn connector systems with voltage indicator"},"content":{"rendered":"<div data-elementor-type=\"product-post\" data-elementor-id=\"9051\" class=\"elementor elementor-9051\" data-elementor-post-type=\"product\">\n\t\t\t\t\t\t<div class=\"elementor-element elementor-element-0f94fa2 e-flex e-con-boxed e-con e-parent\" data-id=\"0f94fa2\" data-element_type=\"container\">\r\n\t\t\t\t\t<div class=\"e-con-inner\">\r\n\t\t\t\t\t<div class=\"elementor-element elementor-element-c178b54 elementor-widget elementor-widget-image\" data-id=\"c178b54\" data-element_type=\"widget\" data-widget_type=\"image.default\">\n\t\t\t\t\t\t\t\t\t\t\t\t\t\t\t<img fetchpriority=\"high\" decoding=\"async\" width=\"884\" height=\"383\" src=\"https:\/\/as-schwabe.de\/wp-content\/uploads\/2026\/02\/Screenshot-2026-02-03-105411.png\" class=\"attachment-large size-large wp-image-36410\" alt=\"\" srcset=\"https:\/\/as-schwabe.de\/wp-content\/uploads\/2026\/02\/Screenshot-2026-02-03-105411.png 884w, https:\/\/as-schwabe.de\/wp-content\/uploads\/2026\/02\/Screenshot-2026-02-03-105411-768x333.png 768w, https:\/\/as-schwabe.de\/wp-content\/uploads\/2026\/02\/Screenshot-2026-02-03-105411-600x260.png 600w\" sizes=\"(max-width: 884px) 100vw, 884px\" \/>\t\t\t\t\t\t\t\t\t\t\t\t\t\t\t<\/div>\n\t\t\t\t\t<\/div>\n\t\t\t\t<\/div>\n\t\t\t\t<div class=\"elementor-element elementor-element-12e752df e-flex e-con-boxed e-con e-parent\" data-id=\"12e752df\" data-element_type=\"container\">\r\n\t\t\t\t\t<div class=\"e-con-inner\">\r\n\t\t\t\t\t<div class=\"elementor-element elementor-element-290a541 elementor-widget elementor-widget-spacer\" data-id=\"290a541\" data-element_type=\"widget\" data-widget_type=\"spacer.default\">\n\t\t\t\t\t\t\t<div class=\"elementor-spacer\">\n\t\t\t<div class=\"elementor-spacer-inner\"><\/div>\n\t\t<\/div>\n\t\t\t\t\t\t<\/div>\n\t\t\t\t<div class=\"elementor-element elementor-element-3274205c elementor-widget elementor-widget-text-editor\" data-id=\"3274205c\" data-element_type=\"widget\" data-widget_type=\"text-editor.default\">\n\t\t\t\t\t\t\t\t\t<h3>Neue Ma\u00dfst\u00e4be f\u00fcr robuste Steckverbindungen.<\/h3><p>Unsere neuen DuroConn-Steckverbindungen stehen f\u00fcr maximale Zuverl\u00e4ssigkeit,<br \/>Langlebigkeit und sind zugleich sicher in der Handhabung \u2013 entwickelt f\u00fcr<br \/>h\u00f6chste Anforderungen auf Baustellen und im gewerblichen Einsatz. Ob Stecker<br \/>oder Kupplung: Dank innovativer Zwei-Komponententechnologie,<br \/>IP54-Schutzartklasse und Schnellverschluss ist DuroConn die erste Wahl<br \/>f\u00fcr anspruchsvolle Anwendungen.<\/p><h3>Versions<\/h3><p>\u00a0<\/p><table><thead><tr><th class=\"text-left\" scope=\"col\">DuroConn<\/th><th scope=\"col\">Colour<\/th><th scope=\"col\">PU<\/th><th class=\"text-right\" scope=\"col\">Item no.<\/th><\/tr><\/thead><tbody><tr><td>Clutch<\/td><td class=\"text-center\">grey\/black<\/td><td class=\"text-center\">5<\/td><td class=\"text-right\">62311<\/td><\/tr><tr><td>Plug<\/td><td class=\"text-center\">grey\/black<\/td><td class=\"text-center\">5<\/td><td class=\"text-right\">62301<\/td><\/tr><tr><td>Clutch<\/td><td class=\"text-center\">blue\/black<\/td><td class=\"text-center\">5<\/td><td class=\"text-right\">62310<\/td><\/tr><tr><td>Plug<\/td><td class=\"text-center\">blue\/black<\/td><td class=\"text-center\">5<\/td><td class=\"text-right\">62300<\/td><\/tr><\/tbody><\/table><h3>Details<\/h3><div class=\"table-container\"><table><thead><tr><th>Security<\/th><\/tr><\/thead><tbody><tr><td><div><p>Tested according to<br \/>DIN VDE 0620-2-1<\/p><\/div><div class=\"image-cell\"><img decoding=\"async\" src=\"https:\/\/as-schwabe.de\/wp-content\/uploads\/2025\/01\/IP54_01.svg\" alt=\"[1084]\" \/><img decoding=\"async\" src=\"https:\/\/as-schwabe.de\/wp-content\/uploads\/2024\/12\/CE_schwarz.svg\" alt=\"[1085]\" \/><\/div><\/td><\/tr><\/tbody><\/table><table><thead><tr><th>Technical data<\/th><\/tr><\/thead><tbody><tr><td><p>230 V \/ 16 A<\/p><div class=\"image-cell\">\u00a0<\/div><\/td><\/tr><\/tbody><\/table><table><thead><tr><th>Use<\/th><\/tr><\/thead><tbody><tr><td><div class=\"image-cell\"><img decoding=\"async\" src=\"https:\/\/as-schwabe.de\/wp-content\/uploads\/2024\/12\/as-schwabe-technik-produkte-einsatzgebiet-gewerbe-icon-1.svg\" alt=\"[1]\" \/><img decoding=\"async\" src=\"https:\/\/as-schwabe.de\/wp-content\/uploads\/2024\/12\/as-schwabe-technik-produkte-einsatzgebiet-aussen-icon.svg\" alt=\"[2]\" \/><img decoding=\"async\" src=\"https:\/\/as-schwabe.de\/wp-content\/uploads\/2024\/12\/as-schwabe-technik-produkte-einsatzgebiet-innen-icon.svg\" alt=\"[3]\" \/><\/div><\/td><\/tr><\/tbody><\/table><\/div>\t\t\t\t\t\t\t\t<\/div>\n\t\t\t\t\t<\/div>\n\t\t\t\t<\/div>\n\t\t\t\t<\/div>","protected":false},"excerpt":{"rendered":"<p><span style=\"font-size: 14pt;\"><strong>Clutch<\/strong><\/span><br \/>\n\u2022 Zwei-Komponententechnologie<br \/>\n\u2022 mit Spannungsanzeige und selbstschlie\u00dfendem Klappdeckel<br \/>\n- for connecting cables up to 2.5 mm2<br \/>\n\u2022 mit Schnellverschluss<br \/>\n\u2022 230V \/ 16A<br \/>\n\u2022 IP54: staub- und spritzwassergesch\u00fctzt<\/p>\n<p><span style=\"font-size: 14pt;\"><strong>Plug<\/strong><\/span><br \/>\n\u2022 Zwei-Komponententechnologie<br \/>\n\u2022 doppelter Schutzkontakt<br \/>\n- for connecting cables up to 2.5 mm2<br \/>\n\u2022 mit Schnellverschluss<br \/>\n\u2022 230V \/ 16A<br \/>\n\u2022 IP54: staub- und spritzwassergesch\u00fctzt<\/p>","protected":false},"featured_media":36414,"template":"","meta":{"inline_featured_image":false},"genre":[],"product_cat":[36,106,367],"product_tag":[],"class_list":{"0":"post-9051","1":"product","2":"type-product","3":"status-publish","4":"has-post-thumbnail","6":"product_cat-stecker-kupplungen","7":"product_cat-fuer-gewerbe-baustelle-stecker-kupplungen","8":"product_cat-stecker-kupplungen-230-v","10":"first","11":"instock","12":"shipping-taxable","13":"product-type-simple"},"aioseo_notices":[],"_links":{"self":[{"href":"https:\/\/as-schwabe.de\/eng\/wp-json\/wp\/v2\/product\/9051","targetHints":{"allow":["GET"]}}],"collection":[{"href":"https:\/\/as-schwabe.de\/eng\/wp-json\/wp\/v2\/product"}],"about":[{"href":"https:\/\/as-schwabe.de\/eng\/wp-json\/wp\/v2\/types\/product"}],"version-history":[{"count":0,"href":"https:\/\/as-schwabe.de\/eng\/wp-json\/wp\/v2\/product\/9051\/revisions"}],"wp:featuredmedia":[{"embeddable":true,"href":"https:\/\/as-schwabe.de\/eng\/wp-json\/wp\/v2\/media\/36414"}],"wp:attachment":[{"href":"https:\/\/as-schwabe.de\/eng\/wp-json\/wp\/v2\/media?parent=9051"}],"wp:term":[{"taxonomy":"product_brand","embeddable":true,"href":"https:\/\/as-schwabe.de\/eng\/wp-json\/wp\/v2\/genre?post=9051"},{"taxonomy":"product_cat","embeddable":true,"href":"https:\/\/as-schwabe.de\/eng\/wp-json\/wp\/v2\/product_cat?post=9051"},{"taxonomy":"product_tag","embeddable":true,"href":"https:\/\/as-schwabe.de\/eng\/wp-json\/wp\/v2\/product_tag?post=9051"}],"curies":[{"name":"wp","href":"https:\/\/api.w.org\/{rel}","templated":true}]}}