{"id":8877,"date":"2025-01-07T03:45:11","date_gmt":"2025-01-07T03:45:11","guid":{"rendered":"https:\/\/as2025.as-schwabe.de\/?post_type=product&#038;p=8877"},"modified":"2025-01-12T16:49:29","modified_gmt":"2025-01-12T16:49:29","slug":"xperts-device-drum-with-rubber-cable","status":"publish","type":"product","link":"https:\/\/as-schwabe.de\/eng\/product\/xperts-device-drum-with-rubber-cable\/","title":{"rendered":"Xpert's device drum with rubber cable"},"content":{"rendered":"<p>Device drums enable the <strong>Working with electrical tools<\/strong> in places where you cannot move freely, such as<strong> on roofs or scaffolding<\/strong>. Connect the appliance reel to the mains power supply using the 1.5 m connection cable and leave the appliance reel on the stable surface. Then unwind the extension cable from the reel body and move the socket to the work area. There you can conveniently connect your tool and utilise the full cable length when working without the hassle of repositioning the cable reel.<\/p>\n<h3>Versions<\/h3>\n<table>\n<thead>\n<tr>\n<th class=\"text-left\" scope=\"col\">Special plastic<\/th>\n<th scope=\"col\">\u00f8 mm<\/th>\n<th scope=\"col\">PU\/Pal.<\/th>\n<th class=\"text-right\" scope=\"col\">Item no.<\/th>\n<\/tr>\n<\/thead>\n<tbody>\n<tr>\n<td>40 m heavy-duty rubber hose cable H07RN-F 3G<strong>2,5<\/strong><\/td>\n<td class=\"text-center\">320<\/td>\n<td class=\"text-center\">1\/48<\/td>\n<td class=\"text-right\">23247<\/td>\n<\/tr>\n<\/tbody>\n<\/table>\n<h3>Details<\/h3>\n<div class=\"table-container\">\n<table>\n<thead>\n<tr>\n<th>Security<\/th>\n<\/tr>\n<\/thead>\n<tbody>\n<tr>\n<td>\n<div>\n<p>Tested according to:<br \/> EN 61242<br \/> DIN VDE 0620-2-1 <br \/> DIN EN 50525-2<\/p>\n<\/div>\n<div class=\"image-cell\"><img decoding=\"async\" src=\"https:\/\/as-schwabe.de\/wp-content\/uploads\/2024\/12\/IP44_.svg\" alt=\"[1081]\" \/><img decoding=\"async\" src=\"https:\/\/as-schwabe.de\/wp-content\/uploads\/2024\/12\/CE_schwarz.svg\" alt=\"[1085]\" \/><img decoding=\"async\" src=\"https:\/\/as-schwabe.de\/wp-content\/uploads\/2024\/12\/BGI_2019.svg\" alt=\"[1243]\" \/><img decoding=\"async\" src=\"https:\/\/as-schwabe.de\/wp-content\/uploads\/2024\/12\/Icon_K2_2019.svg\" alt=\"[1246]\" \/><\/div>\n<\/td>\n<\/tr>\n<\/tbody>\n<\/table>\n<table>\n<thead>\n<tr>\n<th>Technical data<\/th>\n<\/tr>\n<\/thead>\n<tbody>\n<tr>\n<td>\n<p>230 V, 16 A<br \/> max. 3500 W<\/p>\n<div class=\"image-cell\"><img decoding=\"async\" src=\"https:\/\/as-schwabe.de\/wp-content\/uploads\/2024\/12\/Icon_Made_in_Germany.svg\" alt=\"[DE]\" \/><\/div>\n<\/td>\n<\/tr>\n<\/tbody>\n<\/table>\n<table>\n<thead>\n<tr>\n<th>Use<\/th>\n<\/tr>\n<\/thead>\n<tbody>\n<tr>\n<td>\n<div class=\"image-cell\"><img decoding=\"async\" src=\"https:\/\/as-schwabe.de\/wp-content\/uploads\/2024\/12\/as-schwabe-technik-produkte-einsatzgebiet-gewerbe-icon-1.svg\" alt=\"[1]\" \/><img decoding=\"async\" src=\"https:\/\/as-schwabe.de\/wp-content\/uploads\/2024\/12\/as-schwabe-technik-produkte-einsatzgebiet-aussen-icon.svg\" alt=\"[2]\" \/><img decoding=\"async\" src=\"https:\/\/as-schwabe.de\/wp-content\/uploads\/2024\/12\/as-schwabe-technik-produkte-einsatzgebiet-innen-icon.svg\" alt=\"[3]\" \/><\/div>\n<\/td>\n<\/tr>\n<\/tbody>\n<\/table><\/div>","protected":false},"excerpt":{"rendered":"<ul>\n<li>Ideal for roofers and scaffolding work<\/li>\n<li>Reel body made of robust, highly break-resistant special plastic with cable reel<\/li>\n<li>with stable, shock-absorbing and galvanised base frame with parking brake<\/li>\n<li>Frame with ergonomically shaped handle and patented cable guide<\/li>\n<li>with built-in thermal circuit breaker<\/li>\n<li>Solid rubber 3-way coupling for earthing contact plugs with rotating safety hinged covers<\/li>\n<li>with 1.5 m connection cable with earthing contact plug<\/li>\n<li>with heavy rubber cable H07RN-F<\/li>\n<li>IP44: protected against foreign bodies and splash water \t <\/li>\n<\/ul>\n<p class=\"translation-block\">You can find an overview of our innovative Xperts cable reels <a title=\"Przed\u0142u\u017cacze b\u0119bbnowe Xperts\" href=\"\/\/file?uid=1309\" target=\"_blank\" rel=\"noopener\">here<\/a>.<\/p>","protected":false},"featured_media":4301,"template":"","meta":{"inline_featured_image":false},"genre":[375],"product_cat":[21,75,153],"product_tag":[374],"class_list":{"0":"post-8877","1":"product","2":"type-product","3":"status-publish","4":"has-post-thumbnail","6":"product_brand-xperts","7":"product_cat-kabeltrommeln","8":"product_cat-fuer-gewerbe-baustellen","9":"product_cat-230-v-kunststoff-kabeltrommeln","10":"product_tag-xperts","12":"first","13":"instock","14":"shipping-taxable","15":"product-type-simple"},"aioseo_notices":[],"_links":{"self":[{"href":"https:\/\/as-schwabe.de\/eng\/wp-json\/wp\/v2\/product\/8877","targetHints":{"allow":["GET"]}}],"collection":[{"href":"https:\/\/as-schwabe.de\/eng\/wp-json\/wp\/v2\/product"}],"about":[{"href":"https:\/\/as-schwabe.de\/eng\/wp-json\/wp\/v2\/types\/product"}],"version-history":[{"count":0,"href":"https:\/\/as-schwabe.de\/eng\/wp-json\/wp\/v2\/product\/8877\/revisions"}],"wp:featuredmedia":[{"embeddable":true,"href":"https:\/\/as-schwabe.de\/eng\/wp-json\/wp\/v2\/media\/4301"}],"wp:attachment":[{"href":"https:\/\/as-schwabe.de\/eng\/wp-json\/wp\/v2\/media?parent=8877"}],"wp:term":[{"taxonomy":"product_brand","embeddable":true,"href":"https:\/\/as-schwabe.de\/eng\/wp-json\/wp\/v2\/genre?post=8877"},{"taxonomy":"product_cat","embeddable":true,"href":"https:\/\/as-schwabe.de\/eng\/wp-json\/wp\/v2\/product_cat?post=8877"},{"taxonomy":"product_tag","embeddable":true,"href":"https:\/\/as-schwabe.de\/eng\/wp-json\/wp\/v2\/product_tag?post=8877"}],"curies":[{"name":"wp","href":"https:\/\/api.w.org\/{rel}","templated":true}]}}