{"id":8873,"date":"2025-01-07T03:45:11","date_gmt":"2025-01-07T03:45:11","guid":{"rendered":"https:\/\/as2025.as-schwabe.de\/?post_type=product&#038;p=8873"},"modified":"2025-01-12T16:49:29","modified_gmt":"2025-01-12T16:49:29","slug":"xperts-cee-cable-reels-with-rubber-cable","status":"publish","type":"product","link":"https:\/\/as-schwabe.de\/eng\/product\/xperts-cee-cable-reels-with-rubber-cable\/","title":{"rendered":"Xperts CEE cable reels with rubber cable"},"content":{"rendered":"<p class=\"translation-block\">You can find an overview of our innovative Xperts cable reels <a title=\"Przed\u0142u\u017cacze b\u0119bbnowe Xperts\" href=\"\/\/file?uid=1309\" target=\"_blank\" rel=\"noopener\">here<\/a>.<\/p>\n<h3>Versions<\/h3>\n<table>\n<thead>\n<tr>\n<th class=\"text-left\" scope=\"col\">Xperts CEE plastic cable reels<\/th>\n<th scope=\"col\">\u00f8 mm<\/th>\n<th scope=\"col\">PU\/Pal.<\/th>\n<th class=\"text-right\" scope=\"col\">Item no.<\/th>\n<\/tr>\n<\/thead>\n<tbody>\n<tr>\n<td>25 m heavy-duty rubber hose cable H07RN-F 5G1.5<\/td>\n<td class=\"text-center\">285<\/td>\n<td class=\"text-center\">1\/40<\/td>\n<td class=\"text-right\">22655<\/td>\n<\/tr>\n<tr>\n<td>40 m heavy-duty rubber hose cable H07RN-F 5G1.5<\/td>\n<td class=\"text-center\">320<\/td>\n<td class=\"text-center\">1\/40<\/td>\n<td class=\"text-right\">23654<\/td>\n<\/tr>\n<tr>\n<td>20 m heavy-duty rubber hose cable H07RN-F 5G<strong>2,5<\/strong><\/td>\n<td class=\"text-center\">285<\/td>\n<td class=\"text-center\">1\/60<\/td>\n<td class=\"text-right\">22658<\/td>\n<\/tr>\n<tr>\n<td>30 m heavy-duty rubber hose cable H07RN-F 5G<strong>2,5<\/strong><\/td>\n<td class=\"text-center\">320<\/td>\n<td class=\"text-center\">1\/40<\/td>\n<td class=\"text-right\">23653<\/td>\n<\/tr>\n<\/tbody>\n<\/table>\n<h3>Details<\/h3>\n<div class=\"table-container\">\n<table>\n<thead>\n<tr>\n<th>Security<\/th>\n<\/tr>\n<\/thead>\n<tbody>\n<tr>\n<td>\n<div>\n<p>Tested according to:<br \/>\nEN 61242<br \/>\nDIN VDE 0620-2-1<br \/>\nDIN EN 50525-2<br \/>\nIEC 60309<\/p>\n<\/div>\n<div class=\"image-cell\"><img decoding=\"async\" src=\"https:\/\/as-schwabe.de\/wp-content\/uploads\/2024\/12\/IP44_.svg\" alt=\"[1081]\" \/><img decoding=\"async\" src=\"https:\/\/as-schwabe.de\/wp-content\/uploads\/2024\/12\/CE_schwarz.svg\" alt=\"[1085]\" \/><img decoding=\"async\" src=\"https:\/\/as-schwabe.de\/wp-content\/uploads\/2024\/12\/BGI_2019.svg\" alt=\"[1243]\" \/><img decoding=\"async\" src=\"https:\/\/as-schwabe.de\/wp-content\/uploads\/2024\/12\/Icon_K2_2019.svg\" alt=\"[1246]\" \/><img decoding=\"async\" src=\"https:\/\/as-schwabe.de\/wp-content\/uploads\/2024\/12\/Icon_Hammerzeichen_schwarz.svg\" alt=\"[1369]\" \/><\/div>\n<\/td>\n<\/tr>\n<\/tbody>\n<\/table>\n<table>\n<thead>\n<tr>\n<th>Technical data<\/th>\n<\/tr>\n<\/thead>\n<tbody>\n<tr>\n<td>CEE 400 V, 16 A, 5-pole<br \/>\nmax. 10,000 W<\/p>\n<div class=\"image-cell\"><img decoding=\"async\" src=\"https:\/\/as-schwabe.de\/wp-content\/uploads\/2024\/12\/Icon_Made_in_Germany.svg\" alt=\"[DE]\" \/><\/div>\n<\/td>\n<\/tr>\n<\/tbody>\n<\/table>\n<table>\n<thead>\n<tr>\n<th>Use<\/th>\n<\/tr>\n<\/thead>\n<tbody>\n<tr>\n<td>\n<div class=\"image-cell\"><img decoding=\"async\" src=\"https:\/\/as-schwabe.de\/wp-content\/uploads\/2024\/12\/as-schwabe-technik-produkte-einsatzgebiet-gewerbe-icon-1.svg\" alt=\"[1]\" \/><img decoding=\"async\" src=\"https:\/\/as-schwabe.de\/wp-content\/uploads\/2024\/12\/as-schwabe-technik-produkte-einsatzgebiet-aussen-icon.svg\" alt=\"[2]\" \/><img decoding=\"async\" src=\"https:\/\/as-schwabe.de\/wp-content\/uploads\/2024\/12\/as-schwabe-technik-produkte-einsatzgebiet-innen-icon.svg\" alt=\"[3]\" \/><\/div>\n<\/td>\n<\/tr>\n<\/tbody>\n<\/table>\n<\/div>","protected":false},"excerpt":{"rendered":"<ul>\n<li>Drum body made of robust, highly break-resistant special plastic<\/li>\n<li>with sturdy, shock-absorbing X-double tube frame with star grip brake<\/li>\n<li>Frame with ergonomic, non-slip 2-component handle and cable guide<\/li>\n<li>with built-in thermal circuit breaker<\/li>\n<li>with CEE plug 400 V, 16 A, 5-pin<br \/>\nwith 2 230 V protective contact sockets with safety hinged lids and hammer mark and 1 CEE socket 400 V, 16 A, 5-pin<\/li>\n<li>with heavy rubber cable H07RN-F<\/li>\n<\/ul>","protected":false},"featured_media":3310,"template":"","meta":{"inline_featured_image":false},"genre":[375],"product_cat":[21,75,156],"product_tag":[374],"class_list":{"0":"post-8873","1":"product","2":"type-product","3":"status-publish","4":"has-post-thumbnail","6":"product_brand-xperts","7":"product_cat-kabeltrommeln","8":"product_cat-fuer-gewerbe-baustellen","9":"product_cat-400-v-kunststoff-kabeltrommeln","10":"product_tag-xperts","12":"first","13":"instock","14":"shipping-taxable","15":"product-type-simple"},"aioseo_notices":[],"_links":{"self":[{"href":"https:\/\/as-schwabe.de\/eng\/wp-json\/wp\/v2\/product\/8873","targetHints":{"allow":["GET"]}}],"collection":[{"href":"https:\/\/as-schwabe.de\/eng\/wp-json\/wp\/v2\/product"}],"about":[{"href":"https:\/\/as-schwabe.de\/eng\/wp-json\/wp\/v2\/types\/product"}],"version-history":[{"count":0,"href":"https:\/\/as-schwabe.de\/eng\/wp-json\/wp\/v2\/product\/8873\/revisions"}],"wp:featuredmedia":[{"embeddable":true,"href":"https:\/\/as-schwabe.de\/eng\/wp-json\/wp\/v2\/media\/3310"}],"wp:attachment":[{"href":"https:\/\/as-schwabe.de\/eng\/wp-json\/wp\/v2\/media?parent=8873"}],"wp:term":[{"taxonomy":"product_brand","embeddable":true,"href":"https:\/\/as-schwabe.de\/eng\/wp-json\/wp\/v2\/genre?post=8873"},{"taxonomy":"product_cat","embeddable":true,"href":"https:\/\/as-schwabe.de\/eng\/wp-json\/wp\/v2\/product_cat?post=8873"},{"taxonomy":"product_tag","embeddable":true,"href":"https:\/\/as-schwabe.de\/eng\/wp-json\/wp\/v2\/product_tag?post=8873"}],"curies":[{"name":"wp","href":"https:\/\/api.w.org\/{rel}","templated":true}]}}