{"id":36742,"date":"2026-04-28T13:47:30","date_gmt":"2026-04-28T13:47:30","guid":{"rendered":"https:\/\/as-schwabe.de\/?post_type=product&#038;p=36742"},"modified":"2026-04-28T14:35:02","modified_gmt":"2026-04-28T14:35:02","slug":"mobiles-ladegeraet-elektroautos-mode-2-cee-16a-stecker-typ-2","status":"publish","type":"product","link":"https:\/\/as-schwabe.de\/eng\/product\/mobiles-ladegeraet-elektroautos-mode-2-cee-16a-stecker-typ-2\/","title":{"rendered":"Mobiles Ladeger\u00e4t Elektroautos MODE 2 CEE 16A-Stecker &#8211; Typ 2"},"content":{"rendered":"<div data-elementor-type=\"product-post\" data-elementor-id=\"36742\" class=\"elementor elementor-36742\" data-elementor-post-type=\"product\">\n\t\t\t\t\t\t<div class=\"elementor-element elementor-element-470816f e-flex e-con-boxed e-con e-parent\" data-id=\"470816f\" data-element_type=\"container\">\r\n\t\t\t\t\t<div class=\"e-con-inner\">\r\n\t\t\t\t\t<div class=\"elementor-element elementor-element-4f342899 elementor-widget elementor-widget-text-editor\" data-id=\"4f342899\" data-element_type=\"widget\" data-widget_type=\"text-editor.default\">\n\t\t\t\t\t\t\t\t\t<p>\u00a0<\/p><h3>Versions<\/h3><table><thead><tr><th class=\"text-left\" scope=\"col\">Execution<\/th><th scope=\"col\">Length<\/th><th scope=\"col\">EAN<\/th><th class=\"text-right\" scope=\"col\">Item no.<\/th><\/tr><\/thead><tbody><tr><td>400V 16 A 3-phase, 11 kW<\/td><td class=\"text-center\">5 m<\/td><td class=\"text-center\">4011160651557<\/td><td class=\"text-right\">65155<\/td><\/tr><\/tbody><\/table><h3>Details<\/h3><div class=\"table-container\"><table><thead><tr><th>Security<\/th><\/tr><\/thead><tbody><tr><td><div><span style=\"font-size: 14pt;\"><strong>IP66<\/strong><\/span><\/div><div class=\"image-cell\"><img decoding=\"async\" class=\"\" src=\"https:\/\/as-schwabe.de\/wp-content\/uploads\/2024\/12\/CE_schwarz.svg\" alt=\"[1085]\" width=\"34\" height=\"26\" \/><\/div><\/td><\/tr><\/tbody><\/table><table><thead><tr><th>Technical data<\/th><\/tr><\/thead><tbody><tr><td><p>400V, 32A, 3-phasig, 11kW<\/p><div class=\"image-cell\">\u00a0<\/div><\/td><\/tr><\/tbody><\/table><table><thead><tr><th>Use<\/th><\/tr><\/thead><tbody><tr><td><div class=\"image-cell\"><img decoding=\"async\" src=\"https:\/\/as-schwabe.de\/wp-content\/uploads\/2024\/12\/as-schwabe-technik-produkte-einsatzgebiet-aussen-icon.svg\" alt=\"[2]\" \/><img decoding=\"async\" src=\"https:\/\/as-schwabe.de\/wp-content\/uploads\/2024\/12\/garten.svg\" alt=\"[9]\" \/><\/div><\/td><\/tr><\/tbody><\/table><\/div><p><strong>LCD display WITH DATA OVERVIEW<\/strong><br \/>The LCD display informs you about all relevant aspects of the charging process:<\/p><ul><li>Current voltage<\/li><li>Set maximum current<\/li><li>Current charging current<\/li><li>kWh charged since start of charging<\/li><li>Current temperature of the control unit<\/li><li>Info about earthing<\/li><\/ul><p><strong>LED DISPLAY CHARGING STATUS<\/strong><br \/>The LED display shows the current charging status. If the device is ready for operation, the charging process starts at the same time. Any faults that occur can be quickly identified by the display in different colours.<\/p><p><strong>SELECTABLE AMPERE LEVEL<\/strong><br \/>6A\/8A\/10A\/16A<br \/>The charging current can be set individually depending on the available power source. To do this, simply tap the touch-sensitive surface on the front of the control unit<\/p><p><strong>FLEXIBILITY<\/strong><br \/>When you are travelling or visiting relatives and friends, you no longer have to worry about charging your electric car. With this mobile charger, you can easily charge at almost all available power sources in all European countries. Depending on the model, all you need is an earthed socket or a CEE socket.<\/p><p><strong>TIMER FUNCTION<\/strong><br \/>Our mobile chargers have a timer function that allows the charging process to be started immediately or with a time delay of 2, 4 or 6 hours.<\/p><p><strong>HIGH SECURITY<\/strong><br \/>Unser EV-Ladeger\u00e4t besteht aus hochfestem ABS-Material, und ist dadurch deutlich langlebiger als herk\u00f6mmliche Produkte. Das Ladeger\u00e4t gew\u00e4hrleistet den Schutz gegen \u00dcbertemperatur, Fehlerstr\u00f6me, unzul\u00e4ssig hohen Ladestrom, \u00dcberspannung, Unterspannung und schlechter Erdung. Zudem entsprechen unsere Produkte der Schutzart IP66.<\/p>\t\t\t\t\t\t\t\t<\/div>\n\t\t\t\t\t<\/div>\n\t\t\t\t<\/div>\n\t\t\t\t<\/div>","protected":false},"excerpt":{"rendered":"<ul>\n<li>Operating temperature range -30\u00b0C to +50\u00b0C<\/li>\n<li>Vehicle cable extremely weather-resistant and durable, suitable for regular use<\/li>\n<li>CEE 16A plug to type 2<\/li>\n<li>geeignet f\u00fcr dreiphasiges Laden mit bis zu 11 kW bei 400 V und max. 16 A.<\/li>\n<li>Charging current adjustable 6A\/8A\/10A\/12A\/16A<\/li>\n<li>Storage bag included<\/li>\n<li>ausgef\u00fchrt nach IEC 61851-1, IEC 62196-2, IEC 62752<\/li>\n<li>Schutzart der ICCB: IP66<\/li>\n<li>5 Meter Ladekabel<\/li>\n<\/ul>\n<p><strong>Can be combined with the following adapters:<\/strong><br \/>\n<a href=\"t3:\/\/record?identifier=tx_rsnproducts&amp;uid=945\">E2<\/a>, <a href=\"t3:\/\/record?identifier=tx_rsnproducts&amp;uid=948\">E4<\/a>, <a href=\"t3:\/\/record?identifier=tx_rsnproducts&amp;uid=947\">E5<\/a>, <a href=\"t3:\/\/record?identifier=tx_rsnproducts&amp;uid=949\">E6<\/a><\/p>","protected":false},"featured_media":36743,"template":"","meta":{"inline_featured_image":false},"genre":[],"product_cat":[27],"product_tag":[],"class_list":{"0":"post-36742","1":"product","2":"type-product","3":"status-publish","4":"has-post-thumbnail","6":"product_cat-emobility","8":"first","9":"instock","10":"shipping-taxable","11":"product-type-simple"},"aioseo_notices":[],"_links":{"self":[{"href":"https:\/\/as-schwabe.de\/eng\/wp-json\/wp\/v2\/product\/36742","targetHints":{"allow":["GET"]}}],"collection":[{"href":"https:\/\/as-schwabe.de\/eng\/wp-json\/wp\/v2\/product"}],"about":[{"href":"https:\/\/as-schwabe.de\/eng\/wp-json\/wp\/v2\/types\/product"}],"version-history":[{"count":5,"href":"https:\/\/as-schwabe.de\/eng\/wp-json\/wp\/v2\/product\/36742\/revisions"}],"predecessor-version":[{"id":36750,"href":"https:\/\/as-schwabe.de\/eng\/wp-json\/wp\/v2\/product\/36742\/revisions\/36750"}],"wp:featuredmedia":[{"embeddable":true,"href":"https:\/\/as-schwabe.de\/eng\/wp-json\/wp\/v2\/media\/36743"}],"wp:attachment":[{"href":"https:\/\/as-schwabe.de\/eng\/wp-json\/wp\/v2\/media?parent=36742"}],"wp:term":[{"taxonomy":"product_brand","embeddable":true,"href":"https:\/\/as-schwabe.de\/eng\/wp-json\/wp\/v2\/genre?post=36742"},{"taxonomy":"product_cat","embeddable":true,"href":"https:\/\/as-schwabe.de\/eng\/wp-json\/wp\/v2\/product_cat?post=36742"},{"taxonomy":"product_tag","embeddable":true,"href":"https:\/\/as-schwabe.de\/eng\/wp-json\/wp\/v2\/product_tag?post=36742"}],"curies":[{"name":"wp","href":"https:\/\/api.w.org\/{rel}","templated":true}]}}