{"id":14055,"date":"2025-09-25T08:17:05","date_gmt":"2025-09-25T08:17:05","guid":{"rendered":"https:\/\/as-schwabe.de\/produkt\/przedluzacz-bebnowy-plastikowy-h07rn-f-3g15-40-m\/"},"modified":"2025-09-25T09:39:06","modified_gmt":"2025-09-25T09:39:06","slug":"przedluzacz-bebnowy-plastikowy-h07rn-f-3g15-40-m","status":"publish","type":"product","link":"https:\/\/as-schwabe.de\/eng\/product\/przedluzacz-bebnowy-plastikowy-h07rn-f-3g15-40-m\/","title":{"rendered":"Przed\u0142u\u017cacz b\u0119bnowy plastikowy H07RN-F 3G1,5 40 m"},"content":{"rendered":"<p>Przed\u0142u\u017cacz b\u0119bnowy plastikowy 260mm\u00d8 - model promocyjny<\/p>\n<p>Wej\u015bcie: H07RN-F 3G1.5 czarny 40 m z wtyczk\u0105 IP44 230 V, 16 A, 2P+Z<\/p>\n<p> stela\u017c metalowy, szpula plastikowa w kolorze niebieskim<\/p>\n<p> uchwyt z tworzywa<\/p>\n<p> hamulec<\/p>\n<p>Wyj\u015bcie: 3x gniazdo IP44 z klapk\u0105 niebiesk\u0105 z uziemieniem 230 V, 16 A, 2P+Z<\/p>\n<p> termic<\/p>\n<p> panel czarny<\/p>\n<p> maks. 230 V, 16 A, 3500 W<\/p>\n<p> IP44 - do u\u017cytku na zewn\u0105trz i na budowie<\/p>","protected":false},"excerpt":{"rendered":"<div class=\"icons\" style=\"display: flex; flex-wrap: wrap; gap: 5px; align-items: center; margin-top: 10px;\"><img decoding=\"async\" src=\"https:\/\/as-schwabe.de\/wp-content\/uploads\/ikony\/znak_SCH.png\" alt=\"\" width=\"50\" height=\"50\" \/><img decoding=\"async\" src=\"https:\/\/as-schwabe.de\/wp-content\/uploads\/ikony\/znak_CE.png\" alt=\"\" width=\"50\" height=\"50\" \/><img decoding=\"async\" src=\"https:\/\/as-schwabe.de\/wp-content\/uploads\/ikony\/znak_IP44.png\" alt=\"\" width=\"50\" height=\"50\" \/><img loading=\"lazy\" decoding=\"async\" src=\"https:\/\/as-schwabe.de\/wp-content\/uploads\/ikony\/znak_PB.png\" alt=\"\" width=\"50\" height=\"50\" \/><img loading=\"lazy\" decoding=\"async\" src=\"https:\/\/as-schwabe.de\/wp-content\/uploads\/ikony\/znak_Z.png\" alt=\"\" width=\"50\" height=\"50\" \/><img loading=\"lazy\" decoding=\"async\" src=\"https:\/\/as-schwabe.de\/wp-content\/uploads\/ikony\/znak_D.png\" alt=\"\" width=\"50\" height=\"50\" \/><img loading=\"lazy\" decoding=\"async\" src=\"https:\/\/as-schwabe.de\/wp-content\/uploads\/ikony\/znak_K2.png\" alt=\"\" width=\"50\" height=\"50\" \/><img loading=\"lazy\" decoding=\"async\" src=\"https:\/\/as-schwabe.de\/wp-content\/uploads\/ikony\/znak_DG.png\" alt=\"\" width=\"50\" height=\"50\" \/><img loading=\"lazy\" decoding=\"async\" src=\"https:\/\/as-schwabe.de\/wp-content\/uploads\/ikony\/znak_DE.png\" alt=\"\" width=\"50\" height=\"40\" \/><\/div>\n<ul>\n<li>korpus b\u0119bna wykonany z wytrzyma\u0142ego, bardzo odpornego na uszkodzenia specjalnego tworzywa sztucznego<\/li>\n<li> rama z ergonomicznie ukszta\u0142towanym uchwytem i prowadnic\u0105 kabla<\/li>\n<li> z wbudowanym wy\u0142\u0105cznikiem termicznym<\/li>\n<li> z wytrzyma\u0142\u0105, poch\u0142aniaj\u0105c\u0105 wstrz\u0105sy i ocynkowan\u0105 pojedyncz\u0105 ram\u0105 podstawy z hamulcem postojowym<\/li>\n<li> test products according to EN 61242, DIN VDE 0620-2-1, DIN EN 50525-2, IEC 60309<\/li>\n<li> IP44: chroniony przed cia\u0142ami obcymi i bryzgami wody <\/li>\n<li> z wtyczk\u0105 z uziemieniem<\/li>\n<li> 3x gniazdo z uziemieniem i klapk\u0105 zabezpieczaj\u0105c\u0105 na zawiasach z symbolem m\u0142otka - podwy\u017cszona wytrzyma\u0142o\u015b\u0107 <\/li>\n<li> 230 V, 16 A, max. 3500 W<\/li>\n<\/ul>","protected":false},"featured_media":26020,"template":"","meta":{"inline_featured_image":false},"genre":[],"product_cat":[21],"product_tag":[],"class_list":{"0":"post-14055","1":"product","2":"type-product","3":"status-publish","4":"has-post-thumbnail","6":"product_cat-kabeltrommeln","8":"first","9":"instock","10":"shipping-taxable","11":"purchasable","12":"product-type-simple"},"aioseo_notices":[],"_links":{"self":[{"href":"https:\/\/as-schwabe.de\/eng\/wp-json\/wp\/v2\/product\/14055","targetHints":{"allow":["GET"]}}],"collection":[{"href":"https:\/\/as-schwabe.de\/eng\/wp-json\/wp\/v2\/product"}],"about":[{"href":"https:\/\/as-schwabe.de\/eng\/wp-json\/wp\/v2\/types\/product"}],"version-history":[{"count":0,"href":"https:\/\/as-schwabe.de\/eng\/wp-json\/wp\/v2\/product\/14055\/revisions"}],"wp:featuredmedia":[{"embeddable":true,"href":"https:\/\/as-schwabe.de\/eng\/wp-json\/wp\/v2\/media\/26020"}],"wp:attachment":[{"href":"https:\/\/as-schwabe.de\/eng\/wp-json\/wp\/v2\/media?parent=14055"}],"wp:term":[{"taxonomy":"product_brand","embeddable":true,"href":"https:\/\/as-schwabe.de\/eng\/wp-json\/wp\/v2\/genre?post=14055"},{"taxonomy":"product_cat","embeddable":true,"href":"https:\/\/as-schwabe.de\/eng\/wp-json\/wp\/v2\/product_cat?post=14055"},{"taxonomy":"product_tag","embeddable":true,"href":"https:\/\/as-schwabe.de\/eng\/wp-json\/wp\/v2\/product_tag?post=14055"}],"curies":[{"name":"wp","href":"https:\/\/api.w.org\/{rel}","templated":true}]}}