{"id":6062,"date":"2024-12-22T23:58:07","date_gmt":"2024-12-22T23:58:07","guid":{"rendered":"https:\/\/as2025.as-schwabe.de\/?page_id=6062"},"modified":"2025-02-14T13:23:28","modified_gmt":"2025-02-14T13:23:28","slug":"mammoth-drums","status":"publish","type":"page","link":"https:\/\/as-schwabe.de\/eng\/service\/innovations\/mammoth-drums\/","title":{"rendered":"Mammoth drums"},"content":{"rendered":"<div data-elementor-type=\"wp-page\" data-elementor-id=\"6062\" class=\"elementor elementor-6062\" data-elementor-post-type=\"page\">\n\t\t\t\t\t\t<div class=\"elementor-element elementor-element-4013d93 e-flex e-con-boxed e-con e-parent\" data-id=\"4013d93\" data-element_type=\"container\">\r\n\t\t\t\t\t<div class=\"e-con-inner\">\r\n\t\t\t\t\t<div class=\"elementor-element elementor-element-f61ccb2 elementor-widget elementor-widget-text-editor\" data-id=\"f61ccb2\" data-element_type=\"widget\" data-widget_type=\"text-editor.default\">\n\t\t\t\t\t\t\t\t\t<div id=\"c1836\" class=\"headline-section frame frame-default frame-type-header frame-layout-0\"><header><div id=\"c1842\" class=\"frame frame-default frame-type-textpic frame-layout-0\"><div class=\"ce-textpic ce-left ce-above\"><div class=\"ce-bodytext\"><h1>Mammoth drums<\/h1><h4>Frame \/ Body<img fetchpriority=\"high\" decoding=\"async\" class=\"alignright wp-image-4568\" src=\"https:\/\/as-schwabe.de\/wp-content\/uploads\/2024\/12\/Mammut_Fahrgestell_1200x810px.jpg\" alt=\"\" width=\"400\" height=\"270\" \/><\/h4><ul><li>Extremely robust, patented drum body made of TARMA-PLAST hard plastic.<\/li><li>Patented, fold-out and plastic-coated chassis in red safety colour made of hardened steel.<\/li><li>2 large transport handles for easy transport with 2 people.<\/li><li>The ergonomic, fold-out handle makes the drum very easy to move, even on uneven surfaces.<\/li><li>Wheels suitable for heavy-duty construction site terrain.<\/li><li>Easy and safe unrolling of the drum due to the arrangement of the drum body in the direction of travel.<\/li><li>Square, space-saving design for easy transport in vehicles.<\/li><li>Large fold-down crank handle for convenient reeling of the drum.<\/li><li>Solid brake with locking mechanism for safe transport.<\/li><\/ul><h4>Deployments:<\/h4><ul><li>High-quality VDE-tested attachments, problem-free, fast procurement of spare parts thanks to in-house production.<\/li><li>Visual function display of the power feed.<\/li><li>Visual overheating indicator<\/li><li>For outdoor use (commercial\/construction site) IP44<\/li><\/ul><p class=\"translation-block\">Take a look at our various Mammut models or in our <span style=\"text-decoration: underline\"><strong><a href=\"https:\/\/as-schwabe.de\/wp-content\/uploads\/2024\/12\/Mammut-Trommel_2019_D.pdf\" target=\"_blank\" rel=\"noopener\">Mammut flyer<\/a><\/strong><\/span>.<\/p><\/div><\/div><\/div><\/header><\/div>\t\t\t\t\t\t\t\t<\/div>\n\t\t\t\t<div class=\"elementor-element elementor-element-a5beb4d e-con-full e-flex e-con e-child\" data-id=\"a5beb4d\" data-element_type=\"container\">\r\n\t\t\t\t<div class=\"elementor-element elementor-element-63fba6e elementor-widget elementor-widget-text-editor\" data-id=\"63fba6e\" data-element_type=\"widget\" data-widget_type=\"text-editor.default\">\n\t\t\t\t\t\t\t\t\t<h3><a href=\"\/eng\/product-category-2\/cable-drums\/mammoth-cable-reels\/\">Click here for the products<\/a><\/h3>\t\t\t\t\t\t\t\t<\/div>\n\t\t\t\t<div class=\"elementor-element elementor-element-ec9b905 elementor-widget elementor-widget-wolmart_widget_products\" data-id=\"ec9b905\" data-element_type=\"widget\" data-widget_type=\"wolmart_widget_products.default\">\n\t\t\t\t<div class=\"elementor-widget-container\">\n\t\t\t\t\t<div class=\"woocommerce columns-3\"><span class=\"wpfHidden\" data-shortcode-attribute=\"{&quot;limit&quot;:&quot;3&quot;,&quot;columns&quot;:&quot;3&quot;,&quot;rows&quot;:&quot;&quot;,&quot;orderby&quot;:&quot;post__in&quot;,&quot;order&quot;:&quot;&quot;,&quot;ids&quot;:&quot;9130,9120,9046&quot;,&quot;skus&quot;:&quot;&quot;,&quot;category&quot;:&quot;&quot;,&quot;cat_operator&quot;:&quot;IN&quot;,&quot;attribute&quot;:&quot;&quot;,&quot;terms&quot;:&quot;&quot;,&quot;terms_operator&quot;:&quot;IN&quot;,&quot;tag&quot;:&quot;&quot;,&quot;tag_operator&quot;:&quot;IN&quot;,&quot;visibility&quot;:&quot;visible&quot;,&quot;class&quot;:&quot;&quot;,&quot;page&quot;:1,&quot;paginate&quot;:false,&quot;cache&quot;:false}\"><\/span><ul class=\"gutter-no slider-wrapper products gutter-sm  row cols-lg-3 cols-md-3 cols-sm-2 cols-1 cols-xl-3\" data-slider-options=\"{&quot;effect&quot;:&quot;slide&quot;,&quot;spaceBetween&quot;:0,&quot;slidesPerView&quot;:3,&quot;breakpoints&quot;:{&quot;992&quot;:{&quot;slidesPerView&quot;:3},&quot;768&quot;:{&quot;slidesPerView&quot;:3},&quot;576&quot;:{&quot;slidesPerView&quot;:2},&quot;0&quot;:{&quot;slidesPerView&quot;:1},&quot;1200&quot;:{&quot;slidesPerView&quot;:3}},&quot;statusClass&quot;:&quot;slider-nav-outer&quot;}\">\r\n<li class=\"product-wrap\" data-grid-idx=\"&quot;1&quot;\">\r\n\r\n\t\r\n\t<div class=\"product-loop content-center product-overlay product-catalog product type-product post-9130 status-publish first instock product_cat-kabeltrommeln product_cat-mammut-kabeltrommeln product_cat-mit-tragegestell has-post-thumbnail shipping-taxable product-type-simple\" data-product-id=\"9130\">\r\n\t\t<figure class=\"product-media\"><a href=\"https:\/\/as-schwabe.de\/eng\/product\/mammut-drum-6-with-support-frame-400v-32a\/\" class=\"woocommerce-LoopProduct-link woocommerce-loop-product__link\"><img decoding=\"async\" width=\"1200\" height=\"1200\" src=\"https:\/\/as-schwabe.de\/wp-content\/uploads\/2024\/12\/26105.webp\" class=\"attachment-full size-full\" alt=\"Mammut drum 6 with support frame 400V\/32A\" \/><img decoding=\"async\" width=\"1200\" height=\"1200\" src=\"https:\/\/as-schwabe.de\/wp-content\/uploads\/2024\/12\/Mammut_Feststekkmechanismus_1200x810px.webp\" class=\"attachment-full size-full\" alt=\"\" \/><\/a><div class=\"product-action-vertical\"><button class=\"btn-product-icon btn-quickview\" data-product=\"9130\" title=\"Quick View\">Quick View<\/button><\/div><\/figure><div class=\"product-details\"><h3 class=\"woocommerce-loop-product__title\"><a href=\"https:\/\/as-schwabe.de\/eng\/product\/mammut-drum-6-with-support-frame-400v-32a\/\">Mammut drum 6 with support frame 400V\/32A<\/a><\/h3><div class=\"product-action\"><a href=\"https:\/\/as-schwabe.de\/eng\/product\/mammut-drum-6-with-support-frame-400v-32a\/\" aria-describedby=\"woocommerce_loop_add_to_cart_link_describedby_9130\" data-quantity=\"1\" class=\"btn-product product_type_simple product_read_more\" data-product_id=\"9130\" data-product_sku=\"26105\" aria-label=\"Read more about \u201cMammut Trommel 6 mit Tragegestell  400V\/32A\u201d\" rel=\"nofollow\" data-success_message=\"\" data-no-translation=\"\" data-trp-gettext=\"\" data-no-translation-aria-label=\"\">Read more<\/a><span id=\"woocommerce_loop_add_to_cart_link_describedby_9130\" class=\"screen-reader-text\">\r\n\t<\/span>\r\n<\/div><\/div>\t<\/div>\r\n\t\t<\/li>\r\n\r\n\r\n<li class=\"product-wrap\" data-grid-idx=\"&quot;2&quot;\">\r\n\r\n\t\r\n\t<div class=\"product-loop content-center product-overlay product-catalog product type-product post-9120 status-publish instock product_cat-kabeltrommeln product_cat-mammut-kabeltrommeln product_cat-mit-fahrgestell has-post-thumbnail shipping-taxable product-type-simple\" data-product-id=\"9120\">\r\n\t\t<figure class=\"product-media\"><a href=\"https:\/\/as-schwabe.de\/eng\/product\/mammoth-drum-6-with-trolley-400v-32a\/\" class=\"woocommerce-LoopProduct-link woocommerce-loop-product__link\"><img loading=\"lazy\" decoding=\"async\" width=\"1200\" height=\"1200\" src=\"https:\/\/as-schwabe.de\/wp-content\/uploads\/2024\/12\/26205.webp\" class=\"attachment-full size-full\" alt=\"Mammut drum 6 with chassis 400V\/32A\" \/><img loading=\"lazy\" decoding=\"async\" width=\"1200\" height=\"1200\" src=\"https:\/\/as-schwabe.de\/wp-content\/uploads\/2024\/12\/Mammut_Fahrgestell_1200x810px.webp\" class=\"attachment-full size-full\" alt=\"\" \/><\/a><div class=\"product-action-vertical\"><button class=\"btn-product-icon btn-quickview\" data-product=\"9120\" title=\"Quick View\">Quick View<\/button><\/div><\/figure><div class=\"product-details\"><h3 class=\"woocommerce-loop-product__title\"><a href=\"https:\/\/as-schwabe.de\/eng\/product\/mammoth-drum-6-with-trolley-400v-32a\/\">Mammut drum 6 with chassis 400V\/32A<\/a><\/h3><div class=\"product-action\"><a href=\"https:\/\/as-schwabe.de\/eng\/product\/mammoth-drum-6-with-trolley-400v-32a\/\" aria-describedby=\"woocommerce_loop_add_to_cart_link_describedby_9120\" data-quantity=\"1\" class=\"btn-product product_type_simple product_read_more\" data-product_id=\"9120\" data-product_sku=\"26205\" aria-label=\"Read more about \u201cMammut Trommel 6 mit Fahrgestell  400V\/32A\u201d\" rel=\"nofollow\" data-success_message=\"\" data-no-translation=\"\" data-trp-gettext=\"\" data-no-translation-aria-label=\"\">Read more<\/a><span id=\"woocommerce_loop_add_to_cart_link_describedby_9120\" class=\"screen-reader-text\">\r\n\t<\/span>\r\n<\/div><\/div>\t<\/div>\r\n\t\t<\/li>\r\n\r\n\r\n<li class=\"product-wrap\" data-grid-idx=\"&quot;3&quot;\">\r\n\r\n\t\r\n\t<div class=\"product-loop content-center product-overlay product-catalog product type-product post-9046 status-publish last instock product_cat-kabeltrommeln product_cat-leertrommeln has-post-thumbnail shipping-taxable product-type-simple\" data-product-id=\"9046\">\r\n\t\t<figure class=\"product-media\"><a href=\"https:\/\/as-schwabe.de\/eng\/product\/mammoth-empty-drum-chassis\/\" class=\"woocommerce-LoopProduct-link woocommerce-loop-product__link\"><img loading=\"lazy\" decoding=\"async\" width=\"1200\" height=\"1200\" src=\"https:\/\/as-schwabe.de\/wp-content\/uploads\/2024\/12\/26020.webp\" class=\"attachment-full size-full\" alt=\"Mammoth empty drum chassis\" \/><img loading=\"lazy\" decoding=\"async\" width=\"1200\" height=\"1200\" src=\"https:\/\/as-schwabe.de\/wp-content\/uploads\/2024\/12\/Mammut_Fahrgestell_1200x810px.webp\" class=\"attachment-full size-full\" alt=\"\" \/><\/a><div class=\"product-action-vertical\"><button class=\"btn-product-icon btn-quickview\" data-product=\"9046\" title=\"Quick View\">Quick View<\/button><\/div><\/figure><div class=\"product-details\"><h3 class=\"woocommerce-loop-product__title\"><a href=\"https:\/\/as-schwabe.de\/eng\/product\/mammoth-empty-drum-chassis\/\">Mammoth empty drum chassis<\/a><\/h3><div class=\"product-action\"><a href=\"https:\/\/as-schwabe.de\/eng\/product\/mammoth-empty-drum-chassis\/\" aria-describedby=\"woocommerce_loop_add_to_cart_link_describedby_9046\" data-quantity=\"1\" class=\"btn-product product_type_simple product_read_more\" data-product_id=\"9046\" data-product_sku=\"26020\" aria-label=\"Read more about \u201cMammut Leertrommel Fahrgestell\u201d\" rel=\"nofollow\" data-success_message=\"\" data-no-translation=\"\" data-trp-gettext=\"\" data-no-translation-aria-label=\"\">Read more<\/a><span id=\"woocommerce_loop_add_to_cart_link_describedby_9046\" class=\"screen-reader-text\">\r\n\t<\/span>\r\n<\/div><\/div>\t<\/div>\r\n\t\t<\/li>\r\n\r\n<\/ul><\/div>\t\t\t\t<\/div>\n\t\t\t\t<\/div>\n\t\t\t\t<\/div>\n\t\t\t\t\t<\/div>\n\t\t\t\t<\/div>\n\t\t\t\t<\/div>","protected":false},"excerpt":{"rendered":"<p>Mam\u00admut-Trom\u00admeln Gestell \/ K\u00f6rper Extrem robuster, patentierter Trommelk\u00f6rper aus TARMA-PLAST Hartkunststoff. Patentiertes, ausklappbares und kunststoffbeschichtetes Fahrgestell in roter Sicherheitsfarbe aus geh\u00e4rtetem Stahl. 2 gro\u00dfe Transportgriffe f\u00fcr einfaches Transportieren mit 2 Personen. Durch den ergonomischen und ausklappbaren Griff l\u00e4sst sich die Trommel auch auf unebenem Untergrund sehr leicht bewegen. R\u00e4der f\u00fcr schweres Baustellengel\u00e4nde geeignet. Leichtes und [&hellip;]<\/p>","protected":false},"author":1,"featured_media":0,"parent":3513,"menu_order":0,"comment_status":"closed","ping_status":"closed","template":"","meta":{"inline_featured_image":false,"footnotes":""},"class_list":["post-6062","page","type-page","status-publish","hentry"],"aioseo_notices":[],"_links":{"self":[{"href":"https:\/\/as-schwabe.de\/eng\/wp-json\/wp\/v2\/pages\/6062","targetHints":{"allow":["GET"]}}],"collection":[{"href":"https:\/\/as-schwabe.de\/eng\/wp-json\/wp\/v2\/pages"}],"about":[{"href":"https:\/\/as-schwabe.de\/eng\/wp-json\/wp\/v2\/types\/page"}],"author":[{"embeddable":true,"href":"https:\/\/as-schwabe.de\/eng\/wp-json\/wp\/v2\/users\/1"}],"replies":[{"embeddable":true,"href":"https:\/\/as-schwabe.de\/eng\/wp-json\/wp\/v2\/comments?post=6062"}],"version-history":[{"count":0,"href":"https:\/\/as-schwabe.de\/eng\/wp-json\/wp\/v2\/pages\/6062\/revisions"}],"up":[{"embeddable":true,"href":"https:\/\/as-schwabe.de\/eng\/wp-json\/wp\/v2\/pages\/3513"}],"wp:attachment":[{"href":"https:\/\/as-schwabe.de\/eng\/wp-json\/wp\/v2\/media?parent=6062"}],"curies":[{"name":"wp","href":"https:\/\/api.w.org\/{rel}","templated":true}]}}