{"id":5989,"date":"2024-12-22T21:37:28","date_gmt":"2024-12-22T21:37:28","guid":{"rendered":"https:\/\/as2025.as-schwabe.de\/?page_id=5989"},"modified":"2025-02-05T07:59:46","modified_gmt":"2025-02-05T07:59:46","slug":"field-service","status":"publish","type":"page","link":"https:\/\/as-schwabe.de\/eng\/service\/sales-support\/field-service\/","title":{"rendered":"Field service"},"content":{"rendered":"<div data-elementor-type=\"wp-page\" data-elementor-id=\"5989\" class=\"elementor elementor-5989\" data-elementor-post-type=\"page\">\n\t\t\t\t\t\t<div class=\"elementor-element elementor-element-2cc6f45 e-flex e-con-boxed e-con e-parent\" data-id=\"2cc6f45\" data-element_type=\"container\">\r\n\t\t\t\t\t<div class=\"e-con-inner\">\r\n\t\t\t\t\t<div class=\"elementor-element elementor-element-2a80f9a elementor-widget elementor-widget-heading\" data-id=\"2a80f9a\" data-element_type=\"widget\" data-widget_type=\"heading.default\">\n\t\t\t\t\t<h1 class=\"elementor-heading-title elementor-size-default\">Field service<\/h1>\t\t\t\t<\/div>\n\t\t\t\t\t<\/div>\n\t\t\t\t<\/div>\n\t\t\t\t<div class=\"elementor-element elementor-element-3be1f96 e-flex e-con-boxed e-con e-parent\" data-id=\"3be1f96\" data-element_type=\"container\">\r\n\t\t\t\t\t<div class=\"e-con-inner\">\r\n\t\t\t\t\t<div class=\"elementor-element elementor-element-61fba53 elementor-widget elementor-widget-spacer\" data-id=\"61fba53\" data-element_type=\"widget\" data-widget_type=\"spacer.default\">\n\t\t\t\t\t\t\t<div class=\"elementor-spacer\">\n\t\t\t<div class=\"elementor-spacer-inner\"><\/div>\n\t\t<\/div>\n\t\t\t\t\t\t<\/div>\n\t\t\t\t\t<\/div>\n\t\t\t\t<\/div>\n\t\t\t\t<div class=\"elementor-element elementor-element-11023cf e-flex e-con-boxed e-con e-parent\" data-id=\"11023cf\" data-element_type=\"container\">\r\n\t\t\t\t\t<div class=\"e-con-inner\">\r\n\t\t\t\t\t<div class=\"elementor-element elementor-element-de5b81d elementor-widget elementor-widget-heading\" data-id=\"de5b81d\" data-element_type=\"widget\" data-widget_type=\"heading.default\">\n\t\t\t\t\t<h2 class=\"elementor-heading-title elementor-size-default\">Qualified specialist staff<\/h2>\t\t\t\t<\/div>\n\t\t\t\t\t<\/div>\n\t\t\t\t<\/div>\n\t\t\t\t<div class=\"elementor-element elementor-element-2a8d0c0 e-flex e-con-boxed e-con e-parent\" data-id=\"2a8d0c0\" data-element_type=\"container\">\r\n\t\t\t\t\t<div class=\"e-con-inner\">\r\n\t\t\t\t\t<div class=\"elementor-element elementor-element-84d4e49 elementor-widget elementor-widget-spacer\" data-id=\"84d4e49\" data-element_type=\"widget\" data-widget_type=\"spacer.default\">\n\t\t\t\t\t\t\t<div class=\"elementor-spacer\">\n\t\t\t<div class=\"elementor-spacer-inner\"><\/div>\n\t\t<\/div>\n\t\t\t\t\t\t<\/div>\n\t\t\t\t\t<\/div>\n\t\t\t\t<\/div>\n\t\t\t\t<div class=\"elementor-element elementor-element-5c2dfd8 e-flex e-con-boxed e-con e-parent\" data-id=\"5c2dfd8\" data-element_type=\"container\">\r\n\t\t\t\t\t<div class=\"e-con-inner\">\r\n\t\t\t\t\t<div class=\"elementor-element elementor-element-6b3e75f elementor-widget elementor-widget-text-editor\" data-id=\"6b3e75f\" data-element_type=\"widget\" data-widget_type=\"text-editor.default\">\n\t\t\t\t\t\t\t\t\t<p class=\"translation-block\">Our qualified sales representatives take time for you - without any pressure. Find out more about <span style=\"text-align: var(--text-align);background-color: var(--wolmart-page-wrapper-bg-color,#fff);letter-spacing: var(--wolmart-body-letter-spacing);text-transform: var(--wolmart-body-text-transform)\">product innovations, get technical advice or find suitable products for your customers and areas of application. Our employees are always there for you. <br>Whether on the phone or during a personal visit. <\/span><span style=\"text-align: var(--text-align);background-color: var(--wolmart-page-wrapper-bg-color,#fff);letter-spacing: var(--wolmart-body-letter-spacing);text-transform: var(--wolmart-body-text-transform)\">Of course, we also look forward to welcoming you to our fully equipped showroom and giving you a tour of our company.<\/span><\/p>\t\t\t\t\t\t\t\t<\/div>\n\t\t\t\t\t<\/div>\n\t\t\t\t<\/div>\n\t\t\t\t<div class=\"elementor-element elementor-element-ab69189 e-flex e-con-boxed e-con e-parent\" data-id=\"ab69189\" data-element_type=\"container\">\r\n\t\t\t\t\t<div class=\"e-con-inner\">\r\n\t\t\t\t\t<div class=\"elementor-element elementor-element-241e4e8 elementor-widget elementor-widget-spacer\" data-id=\"241e4e8\" data-element_type=\"widget\" data-widget_type=\"spacer.default\">\n\t\t\t\t\t\t\t<div class=\"elementor-spacer\">\n\t\t\t<div class=\"elementor-spacer-inner\"><\/div>\n\t\t<\/div>\n\t\t\t\t\t\t<\/div>\n\t\t\t\t\t<\/div>\n\t\t\t\t<\/div>\n\t\t\t\t<div class=\"elementor-element elementor-element-9eaa17a e-flex e-con-boxed e-con e-parent\" data-id=\"9eaa17a\" data-element_type=\"container\">\r\n\t\t\t\t\t<div class=\"e-con-inner\">\r\n\t\t\t\t\t<div class=\"elementor-element elementor-element-57a17d4 elementor-widget elementor-widget-image\" data-id=\"57a17d4\" data-element_type=\"widget\" data-widget_type=\"image.default\">\n\t\t\t\t\t\t\t\t\t\t\t\t\t\t\t<img fetchpriority=\"high\" decoding=\"async\" width=\"800\" height=\"575\" src=\"https:\/\/as-schwabe.de\/wp-content\/uploads\/2024\/12\/csm_as-schwabe-technik-produkte-service.jpg\" class=\"attachment-large size-large wp-image-5991\" alt=\"\" srcset=\"https:\/\/as-schwabe.de\/wp-content\/uploads\/2024\/12\/csm_as-schwabe-technik-produkte-service.jpg 800w, https:\/\/as-schwabe.de\/wp-content\/uploads\/2024\/12\/csm_as-schwabe-technik-produkte-service-600x431.jpg 600w, https:\/\/as-schwabe.de\/wp-content\/uploads\/2024\/12\/csm_as-schwabe-technik-produkte-service-768x552.jpg 768w\" sizes=\"(max-width: 800px) 100vw, 800px\" \/>\t\t\t\t\t\t\t\t\t\t\t\t\t\t\t<\/div>\n\t\t\t\t\t<\/div>\n\t\t\t\t<\/div>\n\t\t\t\t<\/div>","protected":false},"excerpt":{"rendered":"<p>Au\u00ad\u00dfen\u00addienst Qua\u00adli\u00adfi\u00adzier\u00adtes Fach\u00adper\u00adso\u00adnal Unser qualifizierter Au\u00dfendienst nimmt sich Zeit f\u00fcr Sie \u2013 ganz ohne Druck. Informieren Sie sich \u00fcber&nbsp;Produktneuheiten, lassen Sie sich technisch beraten oder finden Sie passende Produkte f\u00fcr Ihre Kunden und Anwendungsgebiete. Unsere Mitarbeiter sind immer f\u00fcr Sie da. Ob am Telefon oder bei einem pers\u00f6nlichen Besuch.&nbsp;Selbstverst\u00e4ndlich freuen wir uns auch, Sie in [&hellip;]<\/p>","protected":false},"author":1,"featured_media":0,"parent":3531,"menu_order":0,"comment_status":"closed","ping_status":"closed","template":"","meta":{"inline_featured_image":false,"footnotes":""},"class_list":["post-5989","page","type-page","status-publish","hentry"],"aioseo_notices":[],"_links":{"self":[{"href":"https:\/\/as-schwabe.de\/eng\/wp-json\/wp\/v2\/pages\/5989","targetHints":{"allow":["GET"]}}],"collection":[{"href":"https:\/\/as-schwabe.de\/eng\/wp-json\/wp\/v2\/pages"}],"about":[{"href":"https:\/\/as-schwabe.de\/eng\/wp-json\/wp\/v2\/types\/page"}],"author":[{"embeddable":true,"href":"https:\/\/as-schwabe.de\/eng\/wp-json\/wp\/v2\/users\/1"}],"replies":[{"embeddable":true,"href":"https:\/\/as-schwabe.de\/eng\/wp-json\/wp\/v2\/comments?post=5989"}],"version-history":[{"count":0,"href":"https:\/\/as-schwabe.de\/eng\/wp-json\/wp\/v2\/pages\/5989\/revisions"}],"up":[{"embeddable":true,"href":"https:\/\/as-schwabe.de\/eng\/wp-json\/wp\/v2\/pages\/3531"}],"wp:attachment":[{"href":"https:\/\/as-schwabe.de\/eng\/wp-json\/wp\/v2\/media?parent=5989"}],"curies":[{"name":"wp","href":"https:\/\/api.w.org\/{rel}","templated":true}]}}