{"id":5946,"date":"2024-12-22T20:56:23","date_gmt":"2024-12-22T20:56:23","guid":{"rendered":"https:\/\/as2025.as-schwabe.de\/?page_id=5946"},"modified":"2025-01-22T00:01:01","modified_gmt":"2025-01-22T00:01:01","slug":"action-sets","status":"publish","type":"page","link":"https:\/\/as-schwabe.de\/eng\/service\/sales-support\/action-sets\/","title":{"rendered":"Promotional sets"},"content":{"rendered":"<div data-elementor-type=\"wp-page\" data-elementor-id=\"5946\" class=\"elementor elementor-5946\" data-elementor-post-type=\"page\">\n\t\t\t\t\t\t<div class=\"elementor-element elementor-element-2994c35 e-flex e-con-boxed e-con e-parent\" data-id=\"2994c35\" data-element_type=\"container\">\r\n\t\t\t\t\t<div class=\"e-con-inner\">\r\n\t\t\t\t\t<div class=\"elementor-element elementor-element-3b76d97 elementor-widget elementor-widget-heading\" data-id=\"3b76d97\" data-element_type=\"widget\" data-widget_type=\"heading.default\">\n\t\t\t\t\t<h1 class=\"elementor-heading-title elementor-size-default\">Promotional sets<\/h1>\t\t\t\t<\/div>\n\t\t\t\t\t<\/div>\n\t\t\t\t<\/div>\n\t\t\t\t<div class=\"elementor-element elementor-element-0388561 e-con-full e-flex e-con e-parent\" data-id=\"0388561\" data-element_type=\"container\">\r\n\t\t\t\t<div class=\"elementor-element elementor-element-625cb63 elementor-widget elementor-widget-spacer\" data-id=\"625cb63\" data-element_type=\"widget\" data-widget_type=\"spacer.default\">\n\t\t\t\t\t\t\t<div class=\"elementor-spacer\">\n\t\t\t<div class=\"elementor-spacer-inner\"><\/div>\n\t\t<\/div>\n\t\t\t\t\t\t<\/div>\n\t\t\t\t<\/div>\n\t\t\t\t<div class=\"elementor-element elementor-element-3e31386 e-flex e-con-boxed e-con e-parent\" data-id=\"3e31386\" data-element_type=\"container\">\r\n\t\t\t\t\t<div class=\"e-con-inner\">\r\n\t\t\t\t\t<div class=\"elementor-element elementor-element-b4c7a5e elementor-widget elementor-widget-heading\" data-id=\"b4c7a5e\" data-element_type=\"widget\" data-widget_type=\"heading.default\">\n\t\t\t\t\t<h2 class=\"elementor-heading-title elementor-size-default\">Our promotional sets with customised cable labelling<\/h2>\t\t\t\t<\/div>\n\t\t\t\t\t<\/div>\n\t\t\t\t<\/div>\n\t\t\t\t<div class=\"elementor-element elementor-element-275f4bc e-con-full e-flex e-con e-parent\" data-id=\"275f4bc\" data-element_type=\"container\">\r\n\t\t\t\t<div class=\"elementor-element elementor-element-d3f49f4 elementor-widget elementor-widget-spacer\" data-id=\"d3f49f4\" data-element_type=\"widget\" data-widget_type=\"spacer.default\">\n\t\t\t\t\t\t\t<div class=\"elementor-spacer\">\n\t\t\t<div class=\"elementor-spacer-inner\"><\/div>\n\t\t<\/div>\n\t\t\t\t\t\t<\/div>\n\t\t\t\t<\/div>\n\t\t\t\t<div class=\"elementor-element elementor-element-296cbbf e-flex e-con-boxed e-con e-parent\" data-id=\"296cbbf\" data-element_type=\"container\">\r\n\t\t\t\t\t<div class=\"e-con-inner\">\r\n\t\t\t\t\t<div class=\"elementor-element elementor-element-b8b3378 elementor-widget elementor-widget-text-editor\" data-id=\"b8b3378\" data-element_type=\"widget\" data-widget_type=\"text-editor.default\">\n\t\t\t\t\t\t\t\t\t<p class=\"translation-block\">We have put together four different promotional sets, which we call Powerteams, that you can use for your sales. The special thing about the Powerteams - when ordering a Powerteam, the customer can use our <a href=\"\/eng\/service\/leitungbeschriftung\/\" target=\"_self\">cable labelling service<\/a> free of charge. There is a blank space on the back of the Powerteam flyers for the desired labelling.<\/p><p>If you require larger quantities of Powerteam flyers, we will be happy to print a version with your company logo and contact details.<\/p>\t\t\t\t\t\t\t\t<\/div>\n\t\t\t\t\t<\/div>\n\t\t\t\t<\/div>\n\t\t\t\t<div class=\"elementor-element elementor-element-b5209af e-con-full e-flex e-con e-parent\" data-id=\"b5209af\" data-element_type=\"container\">\r\n\t\t\t\t<div class=\"elementor-element elementor-element-0683afc elementor-widget elementor-widget-spacer\" data-id=\"0683afc\" data-element_type=\"widget\" data-widget_type=\"spacer.default\">\n\t\t\t\t\t\t\t<div class=\"elementor-spacer\">\n\t\t\t<div class=\"elementor-spacer-inner\"><\/div>\n\t\t<\/div>\n\t\t\t\t\t\t<\/div>\n\t\t\t\t<\/div>\n\t\t\t\t<div class=\"elementor-element elementor-element-4ca62f8 e-flex e-con-boxed e-con e-parent\" data-id=\"4ca62f8\" data-element_type=\"container\">\r\n\t\t\t\t\t<div class=\"e-con-inner\">\r\n\t\t\t\t\t<div class=\"elementor-element elementor-element-e36baac elementor-widget-divider--view-line elementor-widget elementor-widget-divider\" data-id=\"e36baac\" data-element_type=\"widget\" data-widget_type=\"divider.default\">\n\t\t\t\t\t\t\t<div class=\"elementor-divider\">\n\t\t\t<span class=\"elementor-divider-separator\">\n\t\t\t\t\t\t<\/span>\n\t\t<\/div>\n\t\t\t\t\t\t<\/div>\n\t\t\t\t\t<\/div>\n\t\t\t\t<\/div>\n\t\t\t\t<div class=\"elementor-element elementor-element-1b039d0 e-flex e-con-boxed e-con e-parent\" data-id=\"1b039d0\" data-element_type=\"container\">\r\n\t\t\t\t\t<div class=\"e-con-inner\">\r\n\t\t\t\t\t<div class=\"elementor-element elementor-element-5f4a651 e-con-full e-flex e-con e-child\" data-id=\"5f4a651\" data-element_type=\"container\">\r\n\t\t\t\t<div class=\"elementor-element elementor-element-c64e80a e-con-full e-flex e-con e-child\" data-id=\"c64e80a\" data-element_type=\"container\">\r\n\t\t\t\t<div class=\"elementor-element elementor-element-e9bf84e elementor-widget elementor-widget-image\" data-id=\"e9bf84e\" data-element_type=\"widget\" data-widget_type=\"image.default\">\n\t\t\t\t\t\t\t\t\t\t\t\t\t\t\t<img decoding=\"async\" width=\"150\" height=\"212\" src=\"https:\/\/as-schwabe.de\/wp-content\/uploads\/2024\/12\/thmb_Powerteam1_online-150x212.jpg\" class=\"attachment-wolmart-product-thumbnail size-wolmart-product-thumbnail wp-image-5950\" alt=\"\" \/>\t\t\t\t\t\t\t\t\t\t\t\t\t\t\t<\/div>\n\t\t\t\t<\/div>\n\t\t\t\t<div class=\"elementor-element elementor-element-b1173d3 e-con-full e-flex e-con e-child\" data-id=\"b1173d3\" data-element_type=\"container\">\r\n\t\t\t\t<div class=\"elementor-element elementor-element-65a9587 elementor-widget elementor-widget-text-editor\" data-id=\"65a9587\" data-element_type=\"widget\" data-widget_type=\"text-editor.default\">\n\t\t\t\t\t\t\t\t\t<div class=\"col-md-6 col-sm-6 col-xs-12\"><div class=\"wow fadeIn\"><div id=\"c1021\" class=\"frame frame-default frame-type-themeasschwabe_file frame-layout-0\"><div class=\"row file-section\"><div class=\"col-md-12\"><div class=\"file-details\"><h2 class=\"file-headline\"><strong>Powerteam 1<\/strong><\/h2><\/div><\/div><\/div><\/div><\/div><\/div>\t\t\t\t\t\t\t\t<\/div>\n\t\t\t\t<div class=\"elementor-element elementor-element-088ba05 elementor-widget elementor-widget-wolmart_widget_button\" data-id=\"088ba05\" data-element_type=\"widget\" data-settings=\"{&quot;_animation&quot;:&quot;none&quot;,&quot;_animation_delay&quot;:800}\" data-widget_type=\"wolmart_widget_button.default\">\n\t\t\t\t<div class=\"elementor-widget-container\">\n\t\t\t\t\t<a class=\"btn btn-ellipse btn-white btn-infinite btn-icon-right btn-slide-left\" href=\"\/wp-content\/uploads\/2025\/01\/Flyer_Powerteam1.pdf\" >download<i class=\"w-icon-angle-right\"><\/i><\/a>\t\t\t\t<\/div>\n\t\t\t\t<\/div>\n\t\t\t\t<\/div>\n\t\t\t\t<div class=\"elementor-element elementor-element-56e7070 e-con-full e-flex e-con e-child\" data-id=\"56e7070\" data-element_type=\"container\">\r\n\t\t\t\t<div class=\"elementor-element elementor-element-4da610f elementor-widget elementor-widget-text-editor\" data-id=\"4da610f\" data-element_type=\"widget\" data-widget_type=\"text-editor.default\">\n\t\t\t\t\t\t\t\t\t<span style=\"\"><strong>Set consisting of:<\/strong><\/span>\n<ul>\n \t<li><span style=\"\">2x 40 m Xperts metal cable reel with IronCoat protective insulation<\/span><\/li>\n \t<li><span style=\": #000000;\">1x 25 m extension cable<\/span><\/li>\n \t<li><span style=\"\">Including individual cable labelling<\/span><\/li>\n<\/ul>\t\t\t\t\t\t\t\t<\/div>\n\t\t\t\t<\/div>\n\t\t\t\t<\/div>\n\t\t\t\t<div class=\"elementor-element elementor-element-58aa97d elementor-widget-divider--view-line elementor-widget elementor-widget-divider\" data-id=\"58aa97d\" data-element_type=\"widget\" data-widget_type=\"divider.default\">\n\t\t\t\t\t\t\t<div class=\"elementor-divider\">\n\t\t\t<span class=\"elementor-divider-separator\">\n\t\t\t\t\t\t<\/span>\n\t\t<\/div>\n\t\t\t\t\t\t<\/div>\n\t\t\t\t<div class=\"elementor-element elementor-element-ed8906e e-con-full e-flex e-con e-child\" data-id=\"ed8906e\" data-element_type=\"container\">\r\n\t\t\t\t<div class=\"elementor-element elementor-element-767b5cb e-con-full e-flex e-con e-child\" data-id=\"767b5cb\" data-element_type=\"container\">\r\n\t\t\t\t<div class=\"elementor-element elementor-element-551c839 elementor-widget elementor-widget-image\" data-id=\"551c839\" data-element_type=\"widget\" data-widget_type=\"image.default\">\n\t\t\t\t\t\t\t\t\t\t\t\t\t\t\t<img decoding=\"async\" width=\"150\" height=\"212\" src=\"https:\/\/as-schwabe.de\/wp-content\/uploads\/2024\/12\/thmb_PowerteamM_Online-150x212.jpg\" class=\"attachment-wolmart-product-thumbnail size-wolmart-product-thumbnail wp-image-5949\" alt=\"\" \/>\t\t\t\t\t\t\t\t\t\t\t\t\t\t\t<\/div>\n\t\t\t\t<\/div>\n\t\t\t\t<div class=\"elementor-element elementor-element-6f5a789 e-con-full e-flex e-con e-child\" data-id=\"6f5a789\" data-element_type=\"container\">\r\n\t\t\t\t<div class=\"elementor-element elementor-element-17fac45 elementor-widget elementor-widget-text-editor\" data-id=\"17fac45\" data-element_type=\"widget\" data-widget_type=\"text-editor.default\">\n\t\t\t\t\t\t\t\t\t<h2>Powerteam M<\/h2>\t\t\t\t\t\t\t\t<\/div>\n\t\t\t\t<div class=\"elementor-element elementor-element-2e84f5d elementor-widget elementor-widget-wolmart_widget_button\" data-id=\"2e84f5d\" data-element_type=\"widget\" data-settings=\"{&quot;_animation&quot;:&quot;none&quot;,&quot;_animation_delay&quot;:800}\" data-widget_type=\"wolmart_widget_button.default\">\n\t\t\t\t<div class=\"elementor-widget-container\">\n\t\t\t\t\t<a class=\"btn btn-ellipse btn-white btn-infinite btn-icon-right btn-slide-left\" href=\"\/wp-content\/uploads\/2025\/01\/Flyer_PowerteamM.pdf\" >download<i class=\"w-icon-angle-right\"><\/i><\/a>\t\t\t\t<\/div>\n\t\t\t\t<\/div>\n\t\t\t\t<\/div>\n\t\t\t\t<div class=\"elementor-element elementor-element-9a7929c e-con-full e-flex e-con e-child\" data-id=\"9a7929c\" data-element_type=\"container\">\r\n\t\t\t\t<div class=\"elementor-element elementor-element-07be5b1 elementor-widget elementor-widget-text-editor\" data-id=\"07be5b1\" data-element_type=\"widget\" data-widget_type=\"text-editor.default\">\n\t\t\t\t\t\t\t\t\t<p><strong>Set consisting of:<\/strong><\/p><ul><li>1x 40 m Xperts cable reel<\/li><li>1x 25 m extension cable<\/li><li>1x 4.5 m distribution socket<\/li><li>1x 20 W mobile LED work light<\/li><li>Individual cable labelling free of charge<\/li><\/ul>\t\t\t\t\t\t\t\t<\/div>\n\t\t\t\t<\/div>\n\t\t\t\t<\/div>\n\t\t\t\t<div class=\"elementor-element elementor-element-4061293 elementor-widget-divider--view-line elementor-widget elementor-widget-divider\" data-id=\"4061293\" data-element_type=\"widget\" data-widget_type=\"divider.default\">\n\t\t\t\t\t\t\t<div class=\"elementor-divider\">\n\t\t\t<span class=\"elementor-divider-separator\">\n\t\t\t\t\t\t<\/span>\n\t\t<\/div>\n\t\t\t\t\t\t<\/div>\n\t\t\t\t<div class=\"elementor-element elementor-element-3c1c3b8 e-con-full e-flex e-con e-child\" data-id=\"3c1c3b8\" data-element_type=\"container\">\r\n\t\t\t\t<div class=\"elementor-element elementor-element-2296654 e-con-full e-flex e-con e-child\" data-id=\"2296654\" data-element_type=\"container\">\r\n\t\t\t\t<div class=\"elementor-element elementor-element-b5b54d5 elementor-widget elementor-widget-image\" data-id=\"b5b54d5\" data-element_type=\"widget\" data-widget_type=\"image.default\">\n\t\t\t\t\t\t\t\t\t\t\t\t\t\t\t<img decoding=\"async\" width=\"150\" height=\"212\" src=\"https:\/\/as-schwabe.de\/wp-content\/uploads\/2024\/12\/Thmb_PowerteamBQ_online-1-150x212.jpg\" class=\"attachment-wolmart-product-thumbnail size-wolmart-product-thumbnail wp-image-5948\" alt=\"\" \/>\t\t\t\t\t\t\t\t\t\t\t\t\t\t\t<\/div>\n\t\t\t\t<\/div>\n\t\t\t\t<div class=\"elementor-element elementor-element-4f4b25b e-con-full e-flex e-con e-child\" data-id=\"4f4b25b\" data-element_type=\"container\">\r\n\t\t\t\t<div class=\"elementor-element elementor-element-4a96c96 elementor-widget elementor-widget-text-editor\" data-id=\"4a96c96\" data-element_type=\"widget\" data-widget_type=\"text-editor.default\">\n\t\t\t\t\t\t\t\t\t<div class=\"col-md-6 col-sm-6 col-xs-12\"><div class=\"wow fadeIn\"><div id=\"c1023\" class=\"frame frame-default frame-type-themeasschwabe_file frame-layout-0\"><div class=\"row file-section\"><div class=\"col-md-12\"><div class=\"file-details\"><h2 class=\"file-headline\"><strong>Powerteam BQ<\/strong><\/h2><\/div><\/div><\/div><\/div><\/div><\/div>\t\t\t\t\t\t\t\t<\/div>\n\t\t\t\t<div class=\"elementor-element elementor-element-255ed4e elementor-widget elementor-widget-wolmart_widget_button\" data-id=\"255ed4e\" data-element_type=\"widget\" data-settings=\"{&quot;_animation&quot;:&quot;none&quot;,&quot;_animation_delay&quot;:800}\" data-widget_type=\"wolmart_widget_button.default\">\n\t\t\t\t<div class=\"elementor-widget-container\">\n\t\t\t\t\t<a class=\"btn btn-ellipse btn-white btn-infinite btn-icon-right btn-slide-left\" href=\"\/wp-content\/uploads\/2025\/01\/Flyer_PowerteamBQ.pdf\" >download<i class=\"w-icon-angle-right\"><\/i><\/a>\t\t\t\t<\/div>\n\t\t\t\t<\/div>\n\t\t\t\t<\/div>\n\t\t\t\t<div class=\"elementor-element elementor-element-755fe6e e-con-full e-flex e-con e-child\" data-id=\"755fe6e\" data-element_type=\"container\">\r\n\t\t\t\t<div class=\"elementor-element elementor-element-7d61868 elementor-widget elementor-widget-text-editor\" data-id=\"7d61868\" data-element_type=\"widget\" data-widget_type=\"text-editor.default\">\n\t\t\t\t\t\t\t\t\t<p><strong>Set consisting of:<\/strong><\/p><ul><li>3x Xperts metal cable reels with IronCoat protective insulation with 40 m H07BQ-F 3G1.5 (set 1)<br \/><strong>or<\/strong><\/li><li>with 40 m H07BQ-F 3G2.5 (set 2)<\/li><li>Individual cable labelling free of charge<\/li><\/ul>\t\t\t\t\t\t\t\t<\/div>\n\t\t\t\t<\/div>\n\t\t\t\t<\/div>\n\t\t\t\t\t<\/div>\n\t\t\t\t<\/div>\n\t\t\t\t<div class=\"elementor-element elementor-element-b6824eb e-flex e-con-boxed e-con e-parent\" data-id=\"b6824eb\" data-element_type=\"container\">\r\n\t\t\t\t\t<div class=\"e-con-inner\">\r\n\t\t\t\t\t<div class=\"elementor-element elementor-element-4176fa7 elementor-widget-divider--view-line elementor-widget elementor-widget-divider\" data-id=\"4176fa7\" data-element_type=\"widget\" data-widget_type=\"divider.default\">\n\t\t\t\t\t\t\t<div class=\"elementor-divider\">\n\t\t\t<span class=\"elementor-divider-separator\">\n\t\t\t\t\t\t<\/span>\n\t\t<\/div>\n\t\t\t\t\t\t<\/div>\n\t\t\t\t\t<\/div>\n\t\t\t\t<\/div>\n\t\t\t\t<\/div>","protected":false},"excerpt":{"rendered":"<p>Ak\u00adti\u00adons-Sets Un\u00adse\u00adre Ak\u00adti\u00adons-Sets mit in\u00addi\u00advi\u00addu\u00adel\u00adler Ka\u00adbel\u00adbe\u00adschrif\u00adtung Wir haben vier unterschiedliche Aktions-Sets, die wir als Powerteams bezeichnen, zusammengestellt, die Sie f\u00fcr Ihren Vertrieb nutzen k\u00f6nnen. Das besondere bei den Powerteams \u2013 bei der Bestellung eines Powerteams kann der Kunde unseren\u00a0Kabelbeschriftungsservice\u00a0kostenlos nutzen. Auf der R\u00fcckseite der Powerteam-Flyer findet sich f\u00fcr die Angabe der gew\u00fcnschten Beschriftung ein leeres [&hellip;]<\/p>","protected":false},"author":1,"featured_media":0,"parent":3531,"menu_order":0,"comment_status":"closed","ping_status":"closed","template":"","meta":{"inline_featured_image":false,"footnotes":""},"class_list":["post-5946","page","type-page","status-publish","hentry"],"aioseo_notices":[],"_links":{"self":[{"href":"https:\/\/as-schwabe.de\/eng\/wp-json\/wp\/v2\/pages\/5946","targetHints":{"allow":["GET"]}}],"collection":[{"href":"https:\/\/as-schwabe.de\/eng\/wp-json\/wp\/v2\/pages"}],"about":[{"href":"https:\/\/as-schwabe.de\/eng\/wp-json\/wp\/v2\/types\/page"}],"author":[{"embeddable":true,"href":"https:\/\/as-schwabe.de\/eng\/wp-json\/wp\/v2\/users\/1"}],"replies":[{"embeddable":true,"href":"https:\/\/as-schwabe.de\/eng\/wp-json\/wp\/v2\/comments?post=5946"}],"version-history":[{"count":0,"href":"https:\/\/as-schwabe.de\/eng\/wp-json\/wp\/v2\/pages\/5946\/revisions"}],"up":[{"embeddable":true,"href":"https:\/\/as-schwabe.de\/eng\/wp-json\/wp\/v2\/pages\/3531"}],"wp:attachment":[{"href":"https:\/\/as-schwabe.de\/eng\/wp-json\/wp\/v2\/media?parent=5946"}],"curies":[{"name":"wp","href":"https:\/\/api.w.org\/{rel}","templated":true}]}}