{"id":3865,"date":"2024-12-20T09:06:45","date_gmt":"2024-12-20T09:06:45","guid":{"rendered":"https:\/\/as2025.as-schwabe.de\/?page_id=3865"},"modified":"2025-08-27T12:53:15","modified_gmt":"2025-08-27T12:53:15","slug":"ironcoat-metal-cable-reels","status":"publish","type":"page","link":"https:\/\/as-schwabe.de\/eng\/service\/innovations\/ironcoat-metal-cable-reels\/","title":{"rendered":"IronCoat metal cable reels"},"content":{"rendered":"<div data-elementor-type=\"wp-page\" data-elementor-id=\"3865\" class=\"elementor elementor-3865\" data-elementor-post-type=\"page\">\n\t\t\t\t\t\t<div class=\"elementor-element elementor-element-18a899a e-flex e-con-boxed e-con e-parent\" data-id=\"18a899a\" data-element_type=\"container\">\r\n\t\t\t\t\t<div class=\"e-con-inner\">\r\n\t\t\t\t\t<div class=\"elementor-element elementor-element-59e3b6c e-con-full e-flex e-con e-child\" data-id=\"59e3b6c\" data-element_type=\"container\">\r\n\t\t\t\t<div class=\"elementor-element elementor-element-5f84083 elementor-widget elementor-widget-heading\" data-id=\"5f84083\" data-element_type=\"widget\" data-widget_type=\"heading.default\">\n\t\t\t\t\t<h1 class=\"elementor-heading-title elementor-size-default\">Metal cable reels with IronCoat protective insulation<\/h1>\t\t\t\t<\/div>\n\t\t\t\t<div class=\"elementor-element elementor-element-eb0785d elementor-widget elementor-widget-spacer\" data-id=\"eb0785d\" data-element_type=\"widget\" data-widget_type=\"spacer.default\">\n\t\t\t\t\t\t\t<div class=\"elementor-spacer\">\n\t\t\t<div class=\"elementor-spacer-inner\"><\/div>\n\t\t<\/div>\n\t\t\t\t\t\t<\/div>\n\t\t\t\t<div class=\"elementor-element elementor-element-5da47fd elementor-widget elementor-widget-image\" data-id=\"5da47fd\" data-element_type=\"widget\" data-widget_type=\"image.default\">\n\t\t\t\t\t\t\t\t\t\t\t\t\t\t\t<img fetchpriority=\"high\" decoding=\"async\" width=\"1920\" height=\"721\" src=\"https:\/\/as-schwabe.de\/wp-content\/uploads\/2024\/12\/Info_Header_IronCoat_2.jpg\" class=\"attachment-full size-full wp-image-3711\" alt=\"\" srcset=\"https:\/\/as-schwabe.de\/wp-content\/uploads\/2024\/12\/Info_Header_IronCoat_2.jpg 1920w, https:\/\/as-schwabe.de\/wp-content\/uploads\/2024\/12\/Info_Header_IronCoat_2-600x225.jpg 600w, https:\/\/as-schwabe.de\/wp-content\/uploads\/2024\/12\/Info_Header_IronCoat_2-1024x385.jpg 1024w, https:\/\/as-schwabe.de\/wp-content\/uploads\/2024\/12\/Info_Header_IronCoat_2-768x288.jpg 768w, https:\/\/as-schwabe.de\/wp-content\/uploads\/2024\/12\/Info_Header_IronCoat_2-1536x577.jpg 1536w\" sizes=\"(max-width: 1920px) 100vw, 1920px\" \/>\t\t\t\t\t\t\t\t\t\t\t\t\t\t\t<\/div>\n\t\t\t\t<div class=\"elementor-element elementor-element-0e9fad7 elementor-widget elementor-widget-spacer\" data-id=\"0e9fad7\" data-element_type=\"widget\" data-widget_type=\"spacer.default\">\n\t\t\t\t\t\t\t<div class=\"elementor-spacer\">\n\t\t\t<div class=\"elementor-spacer-inner\"><\/div>\n\t\t<\/div>\n\t\t\t\t\t\t<\/div>\n\t\t\t\t<\/div>\n\t\t\t\t<div class=\"elementor-element elementor-element-4d7f37d e-con-full e-flex e-con e-child\" data-id=\"4d7f37d\" data-element_type=\"container\">\r\n\t\t\t\t<div class=\"elementor-element elementor-element-72b2a52 elementor-widget elementor-widget-spacer\" data-id=\"72b2a52\" data-element_type=\"widget\" data-widget_type=\"spacer.default\">\n\t\t\t\t\t\t\t<div class=\"elementor-spacer\">\n\t\t\t<div class=\"elementor-spacer-inner\"><\/div>\n\t\t<\/div>\n\t\t\t\t\t\t<\/div>\n\t\t\t\t<\/div>\n\t\t\t\t<div class=\"elementor-element elementor-element-66c430b e-con-full e-flex e-con e-child\" data-id=\"66c430b\" data-element_type=\"container\">\r\n\t\t\t\t<div class=\"elementor-element elementor-element-27588e6 elementor-widget elementor-widget-text-editor\" data-id=\"27588e6\" data-element_type=\"widget\" data-widget_type=\"text-editor.default\">\n\t\t\t\t\t\t\t\t\t<h3 class=\"\">Metal cable reels from the IronCoat series are approved for use on commercial construction sites!<\/h3>\t\t\t\t\t\t\t\t<\/div>\n\t\t\t\t<\/div>\n\t\t\t\t<div class=\"elementor-element elementor-element-e7cf274 e-con-full e-flex e-con e-child\" data-id=\"e7cf274\" data-element_type=\"container\">\r\n\t\t\t\t<div class=\"elementor-element elementor-element-4117130 elementor-widget elementor-widget-text-editor\" data-id=\"4117130\" data-element_type=\"widget\" data-widget_type=\"text-editor.default\">\n\t\t\t\t\t\t\t\t\t<p>IronCoat metal cable reels combine the advantages of a classic sheet steel cable reel with a\u00a0<strong>improved protection against dangerous contact voltages.<\/strong><\/p><p class=\"translation-block\">The special, <strong>patented IronCoat protective insulation<\/strong> of the side parts <strong>protects against electric shocks<\/strong> caused by defective cable strands when the cable is coiled. As a result, no current can be emitted from the inside to parts of the cable reel that can be touched over a large area, which ensures <strong>protection against serious damage to health<\/strong>. Our metal cable reels with IronCoat protective insulation thus represent a significant step in the further development of cable reels <strong>for professional use in harsh environmental conditions<\/strong> on construction and assembly sites<\/p>\t\t\t\t\t\t\t\t<\/div>\n\t\t\t\t<\/div>\n\t\t\t\t<div class=\"elementor-element elementor-element-f75d2aa e-con-full e-flex e-con e-child\" data-id=\"f75d2aa\" data-element_type=\"container\">\r\n\t\t\t\t<div class=\"elementor-element elementor-element-b830be1 elementor-widget elementor-widget-spacer\" data-id=\"b830be1\" data-element_type=\"widget\" data-widget_type=\"spacer.default\">\n\t\t\t\t\t\t\t<div class=\"elementor-spacer\">\n\t\t\t<div class=\"elementor-spacer-inner\"><\/div>\n\t\t<\/div>\n\t\t\t\t\t\t<\/div>\n\t\t\t\t<\/div>\n\t\t\t\t<div class=\"elementor-element elementor-element-42053c1 e-con-full e-flex e-con e-child\" data-id=\"42053c1\" data-element_type=\"container\">\r\n\t\t\t\t<div class=\"elementor-element elementor-element-fa09880 elementor-widget elementor-widget-image\" data-id=\"fa09880\" data-element_type=\"widget\" data-widget_type=\"image.default\">\n\t\t\t\t\t\t\t\t\t\t\t\t\t\t\t<img decoding=\"async\" width=\"1080\" height=\"1080\" src=\"https:\/\/as-schwabe.de\/wp-content\/uploads\/2025\/08\/23320-4.jpeg\" class=\"attachment-full size-full wp-image-13936\" alt=\"\" srcset=\"https:\/\/as-schwabe.de\/wp-content\/uploads\/2025\/08\/23320-4.jpeg 1080w, https:\/\/as-schwabe.de\/wp-content\/uploads\/2025\/08\/23320-4-600x600.jpeg 600w, https:\/\/as-schwabe.de\/wp-content\/uploads\/2025\/08\/23320-4-1024x1024.jpeg 1024w, https:\/\/as-schwabe.de\/wp-content\/uploads\/2025\/08\/23320-4-768x768.jpeg 768w\" sizes=\"(max-width: 1080px) 100vw, 1080px\" \/>\t\t\t\t\t\t\t\t\t\t\t\t\t\t\t<\/div>\n\t\t\t\t<\/div>\n\t\t\t\t<div class=\"elementor-element elementor-element-7a38698 e-con-full e-flex e-con e-child\" data-id=\"7a38698\" data-element_type=\"container\">\r\n\t\t\t\t<div class=\"elementor-element elementor-element-c5bc7a8 elementor-widget elementor-widget-spacer\" data-id=\"c5bc7a8\" data-element_type=\"widget\" data-widget_type=\"spacer.default\">\n\t\t\t\t\t\t\t<div class=\"elementor-spacer\">\n\t\t\t<div class=\"elementor-spacer-inner\"><\/div>\n\t\t<\/div>\n\t\t\t\t\t\t<\/div>\n\t\t\t\t<\/div>\n\t\t\t\t<div class=\"elementor-element elementor-element-b9e3a60 e-con-full e-flex e-con e-child\" data-id=\"b9e3a60\" data-element_type=\"container\">\r\n\t\t\t\t<\/div>\n\t\t\t\t<div class=\"elementor-element elementor-element-47507f2 e-con-full e-flex e-con e-child\" data-id=\"47507f2\" data-element_type=\"container\">\r\n\t\t\t\t<div class=\"elementor-element elementor-element-eae9078 e-con-full e-flex e-con e-child\" data-id=\"eae9078\" data-element_type=\"container\">\r\n\t\t\t\t<div class=\"elementor-element elementor-element-9800406 elementor-widget elementor-widget-image\" data-id=\"9800406\" data-element_type=\"widget\" data-widget_type=\"image.default\">\n\t\t\t\t\t\t\t\t\t\t\t\t\t\t\t<img decoding=\"async\" width=\"417\" height=\"417\" src=\"https:\/\/as-schwabe.de\/wp-content\/uploads\/2024\/12\/Details_Xperts_IronCoat.jpg\" class=\"attachment-full size-full wp-image-3713\" alt=\"\" \/>\t\t\t\t\t\t\t\t\t\t\t\t\t\t\t<\/div>\n\t\t\t\t<\/div>\n\t\t\t\t<div class=\"elementor-element elementor-element-f4e89d0 e-con-full e-flex e-con e-child\" data-id=\"f4e89d0\" data-element_type=\"container\">\r\n\t\t\t\t<div class=\"elementor-element elementor-element-26cd3e9 ml-lg-6 elementor-widget elementor-widget-heading\" data-id=\"26cd3e9\" data-element_type=\"widget\" data-widget_type=\"heading.default\">\n\t\t\t\t\t<h2 class=\"elementor-heading-title elementor-size-default\">The perfect combination!<\/h2>\t\t\t\t<\/div>\n\t\t\t\t<div class=\"elementor-element elementor-element-1b927b9 ml-lg-6 elementor-widget elementor-widget-heading\" data-id=\"1b927b9\" data-element_type=\"widget\" data-widget_type=\"heading.default\">\n\t\t\t\t\t<h2 class=\"elementor-heading-title elementor-size-default\">Xpert's metal cable reels with IronCoat protective insulation<\/h2>\t\t\t\t<\/div>\n\t\t\t\t<div class=\"elementor-element elementor-element-cbed5be elementor-widget__width-initial ml-lg-6 elementor-widget elementor-widget-text-editor\" data-id=\"cbed5be\" data-element_type=\"widget\" data-widget_type=\"text-editor.default\">\n\t\t\t\t\t\t\t\t\tThe frame of our Xperts cable reels has been\u00a0<strong>Especially for use on construction sites<\/strong>\u00a0constructed. The combination of functional design and high-quality materials makes the\u00a0<strong>Xpert's cable drums are extremely robust, stable and weather-resistant<\/strong>. In combination with our\u00a0<strong>patented IronCoat protective insulation<\/strong>\u00a0the Xperts metal cable reels are the ideal partner for any construction site. In our\u00a0<strong><a class=\"xperts\" href=\"#\">Brochure<\/a><\/strong> you will find all models at a glance.\n<a  class=\"_3d-flip-book fb3d-activate-thumbnail fb3d-link-lightbox-mode\" data-id=\"6782\" data-mode=\"link-lightbox\" data-title=\"false\" data-template=\"short-white-book-view\" data-lightbox=\"dark-shadow\" data-urlparam=\"fb3d-page\" data-page-n=\"0\" data-pdf=\"\" data-tax=\"null\" data-thumbnail=\"\" data-cols=\"3\" data-book-template=\"default\" data-trigger=\"xperts\"><\/a><script type=\"text\/javascript\">window.FB3D_CLIENT_DATA = window.FB3D_CLIENT_DATA || [];FB3D_CLIENT_DATA.push('eyJwb3N0cyI6eyI2NzgyIjp7IklEIjo2NzgyLCJ0aXRsZSI6IlhwZXJ0cyBLYVx1MDBhZGJlbFx1MDBhZHRyb21cdTAwYWRtZWxuIiwidHlwZSI6InBkZiIsInJlYWR5X2Z1bmN0aW9uIjoiIiwiYm9va19zdHlsZSI6ImZsYXQiLCJib29rX3RlbXBsYXRlIjoibm9uZSIsIm91dGxpbmUiOltdLCJkYXRhIjp7InBvc3RfSUQiOiItMSIsImd1aWQiOiJcL3dwLWNvbnRlbnRcL3VwbG9hZHNcLzIwMjRcLzEyXC9hcy1zY2h3YWJlX1hwZXJ0c19LYWJlbHRyb21tZWxuXzIwMjAucGRmIiwicGRmX3BhZ2VzIjoiNiIsInBhZ2VzX2N1c3RvbWl6YXRpb24iOiJub25lIn0sInRodW1ibmFpbCI6eyJkYXRhIjp7InBvc3RfSUQiOiIwIn0sInR5cGUiOiJhdXRvIn0sInByb3BzIjp7ImJhY2tncm91bmRDb2xvciI6ImF1dG8iLCJiYWNrZ3JvdW5kSW1hZ2UiOiJhdXRvIiwiYmFja2dyb3VuZFN0eWxlIjoiYXV0byIsImhpZ2hsaWdodExpbmtzIjoiYXV0byIsImxpZ2h0aW5nIjoiYXV0byIsInNpbmdsZVBhZ2VNb2RlIjoiYXV0byIsImNhY2hlZFBhZ2VzIjoiYXV0byIsInJlbmRlckluYWN0aXZlUGFnZXMiOiJhdXRvIiwicmVuZGVySW5hY3RpdmVQYWdlc09uTW9iaWxlIjoiYXV0byIsInJlbmRlcldoaWxlRmxpcHBpbmciOiJhdXRvIiwicHJlbG9hZFBhZ2VzIjoiYXV0byIsImF1dG9QbGF5RHVyYXRpb24iOiJhdXRvIiwicnRsIjoiYXV0byIsImludGVyYWN0aXZlQ29ybmVycyI6ImF1dG8iLCJtYXhEZXB0aCI6ImF1dG8iLCJzaGVldCI6eyJzdGFydFZlbG9jaXR5IjoiYXV0byIsIndhdmUiOiJhdXRvIiwic2hhcGUiOiJhdXRvIiwid2lkdGhUZXhlbHMiOiJhdXRvIiwiY29sb3IiOiJhdXRvIiwic2lkZSI6ImF1dG8iLCJzdHJldGNoSW1hZ2VzIjoiYXV0byIsImNvcm5lckRldmlhdGlvbiI6ImF1dG8iLCJmbGV4aWJpbGl0eSI6ImF1dG8iLCJmbGV4aWJsZUNvcm5lciI6ImF1dG8iLCJiZW5kaW5nIjoiYXV0byIsImhlaWdodFRleGVscyI6ImF1dG8ifSwiY292ZXIiOnsid2F2ZSI6ImF1dG8iLCJjb2xvciI6ImF1dG8iLCJzaWRlIjoiYXV0byIsInN0cmV0Y2hJbWFnZXMiOiJhdXRvIiwiYmluZGVyVGV4dHVyZSI6ImF1dG8iLCJkZXB0aCI6ImF1dG8iLCJwYWRkaW5nIjoiYXV0byIsInN0YXJ0VmVsb2NpdHkiOiJhdXRvIiwiZmxleGliaWxpdHkiOiJhdXRvIiwiZmxleGlibGVDb3JuZXIiOiJhdXRvIiwiYmVuZGluZyI6ImF1dG8iLCJ3aWR0aFRleGVscyI6ImF1dG8iLCJoZWlnaHRUZXhlbHMiOiJhdXRvIiwibWFzcyI6ImF1dG8iLCJzaGFwZSI6ImF1dG8ifSwicGFnZSI6eyJ3YXZlIjoiYXV0byIsImNvbG9yIjoiYXV0byIsInNpZGUiOiJhdXRvIiwic3RyZXRjaEltYWdlcyI6ImF1dG8iLCJkZXB0aCI6ImF1dG8iLCJzdGFydFZlbG9jaXR5IjoiYXV0byIsImZsZXhpYmlsaXR5IjoiYXV0byIsImZsZXhpYmxlQ29ybmVyIjoiYXV0byIsImJlbmRpbmciOiJhdXRvIiwid2lkdGhUZXhlbHMiOiJhdXRvIiwiaGVpZ2h0VGV4ZWxzIjoiYXV0byIsIm1hc3MiOiJhdXRvIiwic2hhcGUiOiJhdXRvIn0sImhlaWdodCI6ImF1dG8iLCJ3aWR0aCI6ImF1dG8iLCJncmF2aXR5IjoiYXV0byIsInBhZ2VzRm9yUHJlZGljdGluZyI6ImF1dG8ifSwiY29udHJvbFByb3BzIjp7ImFjdGlvbnMiOnsiY21kVG9jIjp7ImVuYWJsZWQiOiJhdXRvIiwiZW5hYmxlZEluTmFycm93IjoiYXV0byIsImFjdGl2ZSI6ImF1dG8iLCJkZWZhdWx0VGFiIjoiYXV0byJ9LCJjbWRBdXRvUGxheSI6eyJlbmFibGVkIjoiYXV0byIsImVuYWJsZWRJbk5hcnJvdyI6ImF1dG8iLCJhY3RpdmUiOiJhdXRvIn0sImNtZFNhdmUiOnsiZW5hYmxlZCI6ImF1dG8iLCJlbmFibGVkSW5OYXJyb3ciOiJhdXRvIn0sImNtZFByaW50Ijp7ImVuYWJsZWQiOiJhdXRvIiwiZW5hYmxlZEluTmFycm93IjoiYXV0byJ9LCJjbWRTaW5nbGVQYWdlIjp7ImVuYWJsZWQiOiJhdXRvIiwiZW5hYmxlZEluTmFycm93IjoiYXV0byIsImFjdGl2ZSI6ImF1dG8iLCJhY3RpdmVGb3JNb2JpbGUiOiJhdXRvIn0sIndpZFRvb2xiYXIiOnsiZW5hYmxlZCI6ImF1dG8iLCJlbmFibGVkSW5OYXJyb3ciOiJhdXRvIn19fSwiYXV0b1RodW1ibmFpbCI6Imh0dHBzOlwvXC9hcy1zY2h3YWJlLmRlXC93cC1jb250ZW50XC91cGxvYWRzXC8zZC1mbGlwLWJvb2tcL2F1dG8tdGh1bWJuYWlsc1wvNjc4Mi5wbmciLCJwb3N0X25hbWUiOiJ4cGVydHMta2FiZWx0cm9tbWVsbiIsInBvc3RfdHlwZSI6IjNkLWZsaXAtYm9vayJ9fSwicGFnZXMiOltdLCJmaXJzdFBhZ2VzIjpbXX0=');window.FB3D_CLIENT_LOCALE && FB3D_CLIENT_LOCALE.render && FB3D_CLIENT_LOCALE.render();<\/script>\t\t\t\t\t\t\t\t<\/div>\n\t\t\t\t<\/div>\n\t\t\t\t<\/div>\n\t\t\t\t<div class=\"elementor-element elementor-element-943ece8 e-con-full e-flex e-con e-child\" data-id=\"943ece8\" data-element_type=\"container\">\r\n\t\t\t\t<div class=\"elementor-element elementor-element-38b2c40 elementor-widget elementor-widget-text-editor\" data-id=\"38b2c40\" data-element_type=\"widget\" data-widget_type=\"text-editor.default\">\n\t\t\t\t\t\t\t\t\t<h3 class=\"https:\/\/as-schwabe.de\/product-tag\/ironcoat\/\"><a href=\"https:\/\/as-schwabe.de\/eng\/product-category-2\/cable-drums\/\">Click here for the products<\/a><\/h3>\t\t\t\t\t\t\t\t<\/div>\n\t\t\t\t<div class=\"elementor-element elementor-element-4607563 elementor-widget elementor-widget-wolmart_widget_products\" data-id=\"4607563\" data-element_type=\"widget\" data-widget_type=\"wolmart_widget_products.default\">\n\t\t\t\t<div class=\"elementor-widget-container\">\n\t\t\t\t\t<div class=\"woocommerce columns-3\"><span class=\"wpfHidden\" data-shortcode-attribute=\"{&quot;limit&quot;:&quot;3&quot;,&quot;columns&quot;:&quot;3&quot;,&quot;rows&quot;:&quot;&quot;,&quot;orderby&quot;:&quot;post__in&quot;,&quot;order&quot;:&quot;&quot;,&quot;ids&quot;:&quot;10000,8878,8864&quot;,&quot;skus&quot;:&quot;&quot;,&quot;category&quot;:&quot;&quot;,&quot;cat_operator&quot;:&quot;IN&quot;,&quot;attribute&quot;:&quot;&quot;,&quot;terms&quot;:&quot;&quot;,&quot;terms_operator&quot;:&quot;IN&quot;,&quot;tag&quot;:&quot;&quot;,&quot;tag_operator&quot;:&quot;IN&quot;,&quot;visibility&quot;:&quot;visible&quot;,&quot;class&quot;:&quot;&quot;,&quot;page&quot;:1,&quot;paginate&quot;:false,&quot;cache&quot;:false}\"><\/span><ul class=\"gutter-no slider-wrapper products gutter-sm  row cols-lg-3 cols-md-3 cols-sm-2 cols-1 cols-xl-3\" data-slider-options=\"{&quot;effect&quot;:&quot;slide&quot;,&quot;spaceBetween&quot;:0,&quot;slidesPerView&quot;:3,&quot;breakpoints&quot;:{&quot;992&quot;:{&quot;slidesPerView&quot;:3},&quot;768&quot;:{&quot;slidesPerView&quot;:3},&quot;576&quot;:{&quot;slidesPerView&quot;:2},&quot;0&quot;:{&quot;slidesPerView&quot;:1},&quot;1200&quot;:{&quot;slidesPerView&quot;:3}},&quot;statusClass&quot;:&quot;slider-nav-outer&quot;}\">\r\n<li class=\"product-wrap\" data-grid-idx=\"&quot;1&quot;\">\r\n\r\n\t\r\n\t<div class=\"product-loop content-center product-overlay product-catalog product type-product post-10000 status-publish first instock product_cat-400-v-metall-kabeltrommeln product_cat-fuer-gewerbe-baustellen product_cat-kabeltrommeln product_tag-ironcoat product_tag-xperts has-post-thumbnail shipping-taxable product-type-simple\" data-product-id=\"10000\">\r\n\t\t<figure class=\"product-media\"><a href=\"https:\/\/as-schwabe.de\/eng\/product\/ironcoat-xperts-cee-cable-reel-with-polyurethane-cable\/\" class=\"woocommerce-LoopProduct-link woocommerce-loop-product__link\"><img loading=\"lazy\" decoding=\"async\" width=\"1200\" height=\"1200\" src=\"https:\/\/as-schwabe.de\/wp-content\/uploads\/2025\/01\/23993_23994_23998_1200x810.webp\" class=\"attachment-full size-full\" alt=\"IronCoat Xperts CEE cable reel with polyurethane cable\" \/><img loading=\"lazy\" decoding=\"async\" width=\"1200\" height=\"1200\" src=\"https:\/\/as-schwabe.de\/wp-content\/uploads\/2025\/01\/23993_23994_23998_1200x810_2.webp\" class=\"attachment-full size-full\" alt=\"\" \/><\/a><div class=\"product-action-vertical\"><button class=\"btn-product-icon btn-quickview\" data-product=\"10000\" title=\"Quick View\">Quick View<\/button><\/div><\/figure><div class=\"product-details\"><h3 class=\"woocommerce-loop-product__title\"><a href=\"https:\/\/as-schwabe.de\/eng\/product\/ironcoat-xperts-cee-cable-reel-with-polyurethane-cable\/\">IronCoat Xperts CEE cable reel with polyurethane cable<\/a><\/h3><div class=\"product-action\"><a href=\"https:\/\/as-schwabe.de\/eng\/product\/ironcoat-xperts-cee-cable-reel-with-polyurethane-cable\/\" aria-describedby=\"woocommerce_loop_add_to_cart_link_describedby_10000\" data-quantity=\"1\" class=\"btn-product product_type_simple product_read_more\" data-product_id=\"10000\" data-product_sku=\"23994,23998,23993\" aria-label=\"Read more about \u201cIronCoat Xperts CEE Kabeltrommel mit Polyurethanleitung\u201d\" rel=\"nofollow\" data-success_message=\"\" data-no-translation=\"\" data-trp-gettext=\"\" data-no-translation-aria-label=\"\">Read more<\/a><span id=\"woocommerce_loop_add_to_cart_link_describedby_10000\" class=\"screen-reader-text\">\r\n\t<\/span>\r\n<\/div><\/div>\t<\/div>\r\n\t\t<\/li>\r\n\r\n\r\n<li class=\"product-wrap\" data-grid-idx=\"&quot;2&quot;\">\r\n\r\n\t\r\n\t<div class=\"product-loop content-center product-overlay product-catalog product type-product post-8878 status-publish instock product_cat-230-v-metall-kabeltrommeln product_cat-fuer-gewerbe-baustellen product_cat-kabeltrommeln product_tag-ironcoat product_tag-xperts has-post-thumbnail shipping-taxable product-type-simple\" data-product-id=\"8878\">\r\n\t\t<figure class=\"product-media\"><a href=\"https:\/\/as-schwabe.de\/eng\/product\/ironcoat-xperts-cable-reels-with-rubber-cable\/\" class=\"woocommerce-LoopProduct-link woocommerce-loop-product__link\"><img loading=\"lazy\" decoding=\"async\" width=\"1200\" height=\"1200\" src=\"https:\/\/as-schwabe.de\/wp-content\/uploads\/2025\/01\/22729_1200x810.webp\" class=\"attachment-full size-full\" alt=\"IronCoat Xperts cable drums with rubber cable\" \/><img loading=\"lazy\" decoding=\"async\" width=\"1200\" height=\"1200\" src=\"https:\/\/as-schwabe.de\/wp-content\/uploads\/2025\/01\/22729_1200x810_1.webp\" class=\"attachment-full size-full\" alt=\"\" \/><\/a><div class=\"product-action-vertical\"><button class=\"btn-product-icon btn-quickview\" data-product=\"8878\" title=\"Quick View\">Quick View<\/button><\/div><\/figure><div class=\"product-details\"><h3 class=\"woocommerce-loop-product__title\"><a href=\"https:\/\/as-schwabe.de\/eng\/product\/ironcoat-xperts-cable-reels-with-rubber-cable\/\">IronCoat Xperts cable drums with rubber cable<\/a><\/h3><div class=\"product-action\"><a href=\"https:\/\/as-schwabe.de\/eng\/product\/ironcoat-xperts-cable-reels-with-rubber-cable\/\" aria-describedby=\"woocommerce_loop_add_to_cart_link_describedby_8878\" data-quantity=\"1\" class=\"btn-product product_type_simple product_read_more\" data-product_id=\"8878\" data-product_sku=\"22729,23321,22725,22723,23320\" aria-label=\"Read more about \u201cIronCoat Xperts Kabeltrommeln mit Gummileitung\u201d\" rel=\"nofollow\" data-success_message=\"\" data-no-translation=\"\" data-trp-gettext=\"\" data-no-translation-aria-label=\"\">Read more<\/a><span id=\"woocommerce_loop_add_to_cart_link_describedby_8878\" class=\"screen-reader-text\">\r\n\t<\/span>\r\n<\/div><\/div>\t<\/div>\r\n\t\t<\/li>\r\n\r\n\r\n<li class=\"product-wrap\" data-grid-idx=\"&quot;3&quot;\">\r\n\r\n\t\r\n\t<div class=\"product-loop content-center product-overlay product-catalog product type-product post-8864 status-publish last instock product_cat-230-v-metall-kabeltrommeln product_cat-fuer-gewerbe-baustellen product_cat-kabeltrommeln product_tag-ironcoat has-post-thumbnail shipping-taxable product-type-simple\" data-product-id=\"8864\">\r\n\t\t<figure class=\"product-media\"><a href=\"https:\/\/as-schwabe.de\/eng\/product\/ironcoat-cable-reel-with-rubber-cable\/\" class=\"woocommerce-LoopProduct-link woocommerce-loop-product__link\"><img loading=\"lazy\" decoding=\"async\" width=\"1200\" height=\"1200\" src=\"https:\/\/as-schwabe.de\/wp-content\/uploads\/2024\/12\/10313_10314_10325_10333_1200x810px.webp\" class=\"attachment-full size-full\" alt=\"IronCoat cable reel with rubber cable\" \/><img loading=\"lazy\" decoding=\"async\" width=\"1200\" height=\"1200\" src=\"https:\/\/as-schwabe.de\/wp-content\/uploads\/2025\/01\/10313_IronCoat_Info_1200x810px_01-scaled.webp\" class=\"attachment-full size-full\" alt=\"\" \/><\/a><div class=\"product-action-vertical\"><button class=\"btn-product-icon btn-quickview\" data-product=\"8864\" title=\"Quick View\">Quick View<\/button><\/div><\/figure><div class=\"product-details\"><h3 class=\"woocommerce-loop-product__title\"><a href=\"https:\/\/as-schwabe.de\/eng\/product\/ironcoat-cable-reel-with-rubber-cable\/\">IronCoat cable reel with rubber cable<\/a><\/h3><div class=\"product-action\"><a href=\"https:\/\/as-schwabe.de\/eng\/product\/ironcoat-cable-reel-with-rubber-cable\/\" aria-describedby=\"woocommerce_loop_add_to_cart_link_describedby_8864\" data-quantity=\"1\" class=\"btn-product product_type_simple product_read_more\" data-product_id=\"8864\" data-product_sku=\"10313,10314,10325,10333\" aria-label=\"Read more about \u201cIronCoat Kabeltrommel mit Gummileitung\u201d\" rel=\"nofollow\" data-success_message=\"\" data-no-translation=\"\" data-trp-gettext=\"\" data-no-translation-aria-label=\"\">Read more<\/a><span id=\"woocommerce_loop_add_to_cart_link_describedby_8864\" class=\"screen-reader-text\">\r\n\t<\/span>\r\n<\/div><\/div>\t<\/div>\r\n\t\t<\/li>\r\n\r\n<\/ul><\/div>\t\t\t\t<\/div>\n\t\t\t\t<\/div>\n\t\t\t\t<\/div>\n\t\t\t\t\t<\/div>\n\t\t\t\t<\/div>\n\t\t\t\t<\/div>","protected":false},"excerpt":{"rendered":"<p>Me\u00adtall\u00adka\u00adbel\u00adtrom\u00admeln mit Iron\u00adCoat Schutz\u00adiso\u00adlie\u00adrung Metallkabeltrommeln der Serie IronCoat sind f\u00fcr die Nutzung auf gewerblichen Baustellen zugelassen! IronCoat Metallkabeltrommeln verbinden die Vorteile einer klassischen Stahlblechkabeltrommel mit einem\u00a0verbesserten Schutz gegen gef\u00e4hrliche Ber\u00fchrungsspannungen. Die spezielle,\u00a0patentierte IronCoat Schutzisolierung\u00a0der Seitenteile\u00a0sch\u00fctzt vor Stromschl\u00e4gen\u00a0durch defekte Kabelstr\u00e4nge bei aufgerollter Leitung. Dadurch kann kein Strom von innen an gro\u00dffl\u00e4chig ber\u00fchrbare Teile der Kabeltrommel abgegeben [&hellip;]<\/p>","protected":false},"author":1,"featured_media":0,"parent":3513,"menu_order":0,"comment_status":"closed","ping_status":"closed","template":"","meta":{"inline_featured_image":false,"footnotes":""},"class_list":["post-3865","page","type-page","status-publish","hentry"],"aioseo_notices":[],"_links":{"self":[{"href":"https:\/\/as-schwabe.de\/eng\/wp-json\/wp\/v2\/pages\/3865","targetHints":{"allow":["GET"]}}],"collection":[{"href":"https:\/\/as-schwabe.de\/eng\/wp-json\/wp\/v2\/pages"}],"about":[{"href":"https:\/\/as-schwabe.de\/eng\/wp-json\/wp\/v2\/types\/page"}],"author":[{"embeddable":true,"href":"https:\/\/as-schwabe.de\/eng\/wp-json\/wp\/v2\/users\/1"}],"replies":[{"embeddable":true,"href":"https:\/\/as-schwabe.de\/eng\/wp-json\/wp\/v2\/comments?post=3865"}],"version-history":[{"count":0,"href":"https:\/\/as-schwabe.de\/eng\/wp-json\/wp\/v2\/pages\/3865\/revisions"}],"up":[{"embeddable":true,"href":"https:\/\/as-schwabe.de\/eng\/wp-json\/wp\/v2\/pages\/3513"}],"wp:attachment":[{"href":"https:\/\/as-schwabe.de\/eng\/wp-json\/wp\/v2\/media?parent=3865"}],"curies":[{"name":"wp","href":"https:\/\/api.w.org\/{rel}","templated":true}]}}