{"id":36238,"date":"2025-11-24T08:24:10","date_gmt":"2025-11-24T08:24:10","guid":{"rendered":"https:\/\/as-schwabe.de\/?page_id=36238"},"modified":"2025-11-24T08:41:16","modified_gmt":"2025-11-24T08:41:16","slug":"heizkabel","status":"publish","type":"page","link":"https:\/\/as-schwabe.de\/eng\/heizkabel\/","title":{"rendered":"Heizkabel"},"content":{"rendered":"<div data-elementor-type=\"wp-page\" data-elementor-id=\"36238\" class=\"elementor elementor-36238\" data-elementor-post-type=\"page\">\n\t\t\t\t\t\t<div class=\"elementor-element elementor-element-f88fdb4 e-flex e-con-boxed e-con e-parent\" data-id=\"f88fdb4\" data-element_type=\"container\">\r\n\t\t\t\t\t<div class=\"e-con-inner\">\r\n\t\t\t\t\t<div class=\"elementor-element elementor-element-6cfcdf2 elementor-widget elementor-widget-html\" data-id=\"6cfcdf2\" data-element_type=\"widget\" data-widget_type=\"html.default\">\n\t\t\t\t\t<meta http-equiv=\"refresh\" content=\"0; url=https:\/\/www.amazon.de\/Frostschutz-Heizkabel-EIS-Stop-Heizkabel-Heizleitung-Schutzkontaktstecker-selbstregulierendes\/dp\/B00AC4YXUW\/ref=sr_1_2?__mk_de_DE=\u00c5M\u00c5\u017d\u00d5\u00d1&crid=XEYLLFSCB2T7&dib=eyJ2IjoiMSJ9.S8r36gbMZB1XRzzbNVpcTW_yZ3s821bGkifwmME5msHkWmQvtJcOQnuhtL9w7YyujtC0QfrSgDKdZzBa8DTuKjhapCGPXCpjo0ITRGdK0YQg6vhAOeqDIauzPSNnP3L-qInDyHg5_Sd0plNNYLGXd8nGlQwa1J34x1BxELPmtEYduIqj3tbUlRYuZyFKY6oe7s96Chojb7cR-GQSLzvveooSGMwpROICYrSyrKaAuVywqTEi3NIwMeRiT0BtWA68sQHJhZnnqVbws2PUR2qHqTKWaC6G7SBEqK2lHQMpiyY.PnJM-ZtanIcZFkC43D6-u5jMejLkUnTKb8pbTfZ_mK4&dib_tag=se&keywords=67010&qid=1763973562&sprefix=67010%2Caps%2C101&sr=8-2\">\r\n\t\t\t\t<\/div>\n\t\t\t\t\t<\/div>\n\t\t\t\t<\/div>\n\t\t\t\t<\/div>","protected":false},"excerpt":{"rendered":"","protected":false},"author":6,"featured_media":0,"parent":0,"menu_order":0,"comment_status":"closed","ping_status":"closed","template":"","meta":{"inline_featured_image":false,"footnotes":""},"class_list":["post-36238","page","type-page","status-publish","hentry"],"aioseo_notices":[],"_links":{"self":[{"href":"https:\/\/as-schwabe.de\/eng\/wp-json\/wp\/v2\/pages\/36238","targetHints":{"allow":["GET"]}}],"collection":[{"href":"https:\/\/as-schwabe.de\/eng\/wp-json\/wp\/v2\/pages"}],"about":[{"href":"https:\/\/as-schwabe.de\/eng\/wp-json\/wp\/v2\/types\/page"}],"author":[{"embeddable":true,"href":"https:\/\/as-schwabe.de\/eng\/wp-json\/wp\/v2\/users\/6"}],"replies":[{"embeddable":true,"href":"https:\/\/as-schwabe.de\/eng\/wp-json\/wp\/v2\/comments?post=36238"}],"version-history":[{"count":0,"href":"https:\/\/as-schwabe.de\/eng\/wp-json\/wp\/v2\/pages\/36238\/revisions"}],"wp:attachment":[{"href":"https:\/\/as-schwabe.de\/eng\/wp-json\/wp\/v2\/media?parent=36238"}],"curies":[{"name":"wp","href":"https:\/\/api.w.org\/{rel}","templated":true}]}}