{"id":3592,"date":"2024-12-18T17:54:04","date_gmt":"2024-12-18T17:54:04","guid":{"rendered":"https:\/\/as2025.as-schwabe.de\/?page_id=3592"},"modified":"2025-08-29T11:27:04","modified_gmt":"2025-08-29T11:27:04","slug":"camping","status":"publish","type":"page","link":"https:\/\/as-schwabe.de\/eng\/company\/information\/camping\/","title":{"rendered":"Camping"},"content":{"rendered":"<div data-elementor-type=\"wp-page\" data-elementor-id=\"3592\" class=\"elementor elementor-3592\" data-elementor-post-type=\"page\">\n\t\t\t\t\t\t<div class=\"elementor-element elementor-element-4412dcb e-flex e-con-boxed e-con e-parent\" data-id=\"4412dcb\" data-element_type=\"container\">\r\n\t\t\t\t\t<div class=\"e-con-inner\">\r\n\t\t\t\t\t<div class=\"elementor-element elementor-element-b6daea6 elementor-widget elementor-widget-heading\" data-id=\"b6daea6\" data-element_type=\"widget\" data-widget_type=\"heading.default\">\n\t\t\t\t\t<h1 class=\"elementor-heading-title elementor-size-default\">Camping holiday<\/h1>\t\t\t\t<\/div>\n\t\t\t\t<div class=\"elementor-element elementor-element-03b9cc6 elementor-widget elementor-widget-spacer\" data-id=\"03b9cc6\" data-element_type=\"widget\" data-widget_type=\"spacer.default\">\n\t\t\t\t\t\t\t<div class=\"elementor-spacer\">\n\t\t\t<div class=\"elementor-spacer-inner\"><\/div>\n\t\t<\/div>\n\t\t\t\t\t\t<\/div>\n\t\t\t\t<div class=\"elementor-element elementor-element-1123dfd elementor-widget elementor-widget-heading\" data-id=\"1123dfd\" data-element_type=\"widget\" data-widget_type=\"heading.default\">\n\t\t\t\t\t<h3 class=\"elementor-heading-title elementor-size-default\">with the right power supply<\/h3>\t\t\t\t<\/div>\n\t\t\t\t<div class=\"elementor-element elementor-element-0024063 elementor-widget elementor-widget-text-editor\" data-id=\"0024063\" data-element_type=\"widget\" data-widget_type=\"text-editor.default\">\n\t\t\t\t\t\t\t\t\t<p>If you want to spend your camping holiday without any nasty surprises, check your equipment for completeness and functionality before you leave. The mobile power supply equipment should not be neglected. To ensure that you only take electrical products with you that you are allowed to use on the campsite, we explain what is permitted in the camping area.<\/p>\t\t\t\t\t\t\t\t<\/div>\n\t\t\t\t<div class=\"elementor-element elementor-element-58c85cf elementor-widget elementor-widget-image\" data-id=\"58c85cf\" data-element_type=\"widget\" data-widget_type=\"image.default\">\n\t\t\t\t\t\t\t\t\t\t\t\t\t\t\t<img fetchpriority=\"high\" decoding=\"async\" width=\"970\" height=\"300\" src=\"https:\/\/as-schwabe.de\/wp-content\/uploads\/2024\/12\/ASS-000-19-A_Bereich-Camping-Umsetzung-1.jpg\" class=\"attachment-full size-full wp-image-3730\" alt=\"\" srcset=\"https:\/\/as-schwabe.de\/wp-content\/uploads\/2024\/12\/ASS-000-19-A_Bereich-Camping-Umsetzung-1.jpg 970w, https:\/\/as-schwabe.de\/wp-content\/uploads\/2024\/12\/ASS-000-19-A_Bereich-Camping-Umsetzung-1-600x186.jpg 600w, https:\/\/as-schwabe.de\/wp-content\/uploads\/2024\/12\/ASS-000-19-A_Bereich-Camping-Umsetzung-1-768x238.jpg 768w\" sizes=\"(max-width: 970px) 100vw, 970px\" \/>\t\t\t\t\t\t\t\t\t\t\t\t\t\t\t<\/div>\n\t\t\t\t<div class=\"elementor-element elementor-element-55c2fe2 elementor-widget elementor-widget-spacer\" data-id=\"55c2fe2\" data-element_type=\"widget\" data-widget_type=\"spacer.default\">\n\t\t\t\t\t\t\t<div class=\"elementor-spacer\">\n\t\t\t<div class=\"elementor-spacer-inner\"><\/div>\n\t\t<\/div>\n\t\t\t\t\t\t<\/div>\n\t\t\t\t\t<\/div>\n\t\t\t\t<\/div>\n\t\t\t\t<div class=\"elementor-element elementor-element-f8f4d37 e-con-full e-flex e-con e-child\" data-id=\"f8f4d37\" data-element_type=\"container\">\r\n\t\t\t\t<div class=\"elementor-element elementor-element-ad6c40d e-con-full e-flex e-con e-child\" data-id=\"ad6c40d\" data-element_type=\"container\">\r\n\t\t\t\t<div class=\"elementor-element elementor-element-537c1a0 elementor-widget elementor-widget-image\" data-id=\"537c1a0\" data-element_type=\"widget\" data-widget_type=\"image.default\">\n\t\t\t\t\t\t\t\t\t\t\t\t\t\t\t<img decoding=\"async\" width=\"135\" height=\"152\" src=\"https:\/\/as-schwabe.de\/wp-content\/uploads\/2024\/12\/Icon_Camping_Kabelquerschnitt.jpg\" class=\"attachment-full size-full wp-image-3740\" alt=\"\" \/>\t\t\t\t\t\t\t\t\t\t\t\t\t\t\t<\/div>\n\t\t\t\t<div class=\"elementor-element elementor-element-b40c6a1 elementor-widget elementor-widget-image\" data-id=\"b40c6a1\" data-element_type=\"widget\" data-widget_type=\"image.default\">\n\t\t\t\t\t\t\t\t\t\t\t\t\t\t\t<img decoding=\"async\" width=\"135\" height=\"148\" src=\"https:\/\/as-schwabe.de\/wp-content\/uploads\/2024\/12\/Logo_Made_in_GER.jpg\" class=\"attachment-full size-full wp-image-3741\" alt=\"\" \/>\t\t\t\t\t\t\t\t\t\t\t\t\t\t\t<\/div>\n\t\t\t\t<\/div>\n\t\t\t\t<div class=\"elementor-element elementor-element-3e31798 e-con-full e-flex e-con e-child\" data-id=\"3e31798\" data-element_type=\"container\">\r\n\t\t\t\t<div class=\"elementor-element elementor-element-0a375ce elementor-widget elementor-widget-text-editor\" data-id=\"0a375ce\" data-element_type=\"widget\" data-widget_type=\"text-editor.default\">\n\t\t\t\t\t\t\t\t\t<p class=\"translation-block\">Generally applicable guidelines for power supply on campsites and in motorhomes must be observed. According to DIN standard VDE 0100-721, so-called heavy rubber hose cables with the <strong>cable designation H07RN-F<\/strong> or higher with a <strong>cable cross-section of 2.5 mm\u00b2<\/strong> (3G2.5) are required. In addition, the <strong>maximum length of 25 m<\/strong> cable <strong>plus <\/strong>1.5 m adapter cable<\/strong> must not be exceeded.<\/p>\t\t\t\t\t\t\t\t<\/div>\n\t\t\t\t<\/div>\n\t\t\t\t<\/div>\n\t\t\t\t<div class=\"elementor-element elementor-element-3f01ad4 e-flex e-con-boxed e-con e-parent\" data-id=\"3f01ad4\" data-element_type=\"container\">\r\n\t\t\t\t\t<div class=\"e-con-inner\">\r\n\t\t\t\t\t<div class=\"elementor-element elementor-element-42a358d elementor-widget elementor-widget-spacer\" data-id=\"42a358d\" data-element_type=\"widget\" data-widget_type=\"spacer.default\">\n\t\t\t\t\t\t\t<div class=\"elementor-spacer\">\n\t\t\t<div class=\"elementor-spacer-inner\"><\/div>\n\t\t<\/div>\n\t\t\t\t\t\t<\/div>\n\t\t\t\t\t<\/div>\n\t\t\t\t<\/div>\n\t\t\t\t<div class=\"elementor-element elementor-element-7a2a667 e-flex e-con-boxed e-con e-parent\" data-id=\"7a2a667\" data-element_type=\"container\">\r\n\t\t\t\t\t<div class=\"e-con-inner\">\r\n\t\t\t\t\t<div class=\"elementor-element elementor-element-b2d47af elementor-widget elementor-widget-text-editor\" data-id=\"b2d47af\" data-element_type=\"widget\" data-widget_type=\"text-editor.default\">\n\t\t\t\t\t\t\t\t\t<p class=\"translation-block\">These requirements are part of all <strong>camping site regulations<\/strong>. In the event of non-compliance, you may be asked by the campsite owner to rent an expensive <strong>cable<\/strong> on site or to <strong>buy one<\/strong>, usually at an inflated price. If you refuse this offer from the campsite operator, you may be denied <strong>access to shore power<\/strong>. If you nevertheless gain unauthorised access to shore power, you are liable to prosecution, which usually results in <strong>an expulsion from the site<\/strong>.<\/p><p class=\"translation-block\">Compliance with the guidelines described above is particularly important for insurance reasons. For example, cable cross-sections that are too small can lead to a fire if the current load is too high. If damage occurs to your motorhome or campsite due to <strong>unauthorised cables<\/strong>, <strong>the insurance cover will lapse<\/strong> and you will be liable for the damage and the costs yourself.<\/p>\t\t\t\t\t\t\t\t<\/div>\n\t\t\t\t\t<\/div>\n\t\t\t\t<\/div>\n\t\t\t\t<div class=\"elementor-element elementor-element-3bf420c e-con-full e-flex e-con e-child\" data-id=\"3bf420c\" data-element_type=\"container\">\r\n\t\t\t\t<div class=\"elementor-element elementor-element-f12ee71 e-con-full e-flex e-con e-child\" data-id=\"f12ee71\" data-element_type=\"container\">\r\n\t\t\t\t<div class=\"elementor-element elementor-element-4adef77 elementor-widget elementor-widget-image\" data-id=\"4adef77\" data-element_type=\"widget\" data-widget_type=\"image.default\">\n\t\t\t\t\t\t\t\t\t\t\t\t\t\t\t<img loading=\"lazy\" decoding=\"async\" width=\"135\" height=\"148\" src=\"https:\/\/as-schwabe.de\/wp-content\/uploads\/2024\/12\/Icon_Camping_Kabellaenge.jpg\" class=\"attachment-full size-full wp-image-3742\" alt=\"\" \/>\t\t\t\t\t\t\t\t\t\t\t\t\t\t\t<\/div>\n\t\t\t\t<div class=\"elementor-element elementor-element-7b7cef8 elementor-widget elementor-widget-image\" data-id=\"7b7cef8\" data-element_type=\"widget\" data-widget_type=\"image.default\">\n\t\t\t\t\t\t\t\t\t\t\t\t\t\t\t<img decoding=\"async\" width=\"135\" height=\"148\" src=\"https:\/\/as-schwabe.de\/wp-content\/uploads\/2024\/12\/Logo_Made_in_GER.jpg\" class=\"attachment-full size-full wp-image-3741\" alt=\"\" \/>\t\t\t\t\t\t\t\t\t\t\t\t\t\t\t<\/div>\n\t\t\t\t<\/div>\n\t\t\t\t<div class=\"elementor-element elementor-element-8c1412f e-con-full e-flex e-con e-child\" data-id=\"8c1412f\" data-element_type=\"container\">\r\n\t\t\t\t<div class=\"elementor-element elementor-element-06d172f elementor-widget elementor-widget-text-editor\" data-id=\"06d172f\" data-element_type=\"widget\" data-widget_type=\"text-editor.default\">\n\t\t\t\t\t\t\t\t\t<p class=\"translation-block\">In terms of <strong>safety<\/strong> when handling electricity, it is also advisable to use electrical products with a <strong>cable length of no less than<\/strong> <strong>1.5 m<\/strong>. This cable length makes it possible, for example, to connect extension cables to a higher wall socket or feed socket and to lay the <strong>cable with the coupling on the floor<\/strong>.<\/p>\t\t\t\t\t\t\t\t<\/div>\n\t\t\t\t<\/div>\n\t\t\t\t<\/div>\n\t\t\t\t<div class=\"elementor-element elementor-element-8d9697e e-flex e-con-boxed e-con e-parent\" data-id=\"8d9697e\" data-element_type=\"container\">\r\n\t\t\t\t\t<div class=\"e-con-inner\">\r\n\t\t\t\t\t<div class=\"elementor-element elementor-element-9d53595 elementor-widget elementor-widget-spacer\" data-id=\"9d53595\" data-element_type=\"widget\" data-widget_type=\"spacer.default\">\n\t\t\t\t\t\t\t<div class=\"elementor-spacer\">\n\t\t\t<div class=\"elementor-spacer-inner\"><\/div>\n\t\t<\/div>\n\t\t\t\t\t\t<\/div>\n\t\t\t\t\t<\/div>\n\t\t\t\t<\/div>\n\t\t\t\t<div class=\"elementor-element elementor-element-b5c88dd e-flex e-con-boxed e-con e-parent\" data-id=\"b5c88dd\" data-element_type=\"container\">\r\n\t\t\t\t\t<div class=\"e-con-inner\">\r\n\t\t\t\t\t<div class=\"elementor-element elementor-element-77f3054 elementor-widget elementor-widget-text-editor\" data-id=\"77f3054\" data-element_type=\"widget\" data-widget_type=\"text-editor.default\">\n\t\t\t\t\t\t\t\t\t<p class=\"translation-block\">The advantage is that once a consumer has been connected, there is no tensile load on the connection between the plug and coupling. In addition, there is no strain on the supply plug. Tension on these two connections should always be avoided, as <strong>loose contact connections <\/strong>in the worst case scenario<\/strong> can cause <strong>socket fires<\/strong>. <strong>Short circuits<\/strong> can also cause <strong>damage to the connected devices<\/strong>. If you want to be on the safe side, follow our tip and use products with a minimum cable length of 1.5 metres.<\/p>\t\t\t\t\t\t\t\t<\/div>\n\t\t\t\t\t<\/div>\n\t\t\t\t<\/div>\n\t\t\t\t<div class=\"elementor-element elementor-element-fe8113b e-flex e-con-boxed e-con e-parent\" data-id=\"fe8113b\" data-element_type=\"container\">\r\n\t\t\t\t\t<div class=\"e-con-inner\">\r\n\t\t\t\t\t<div class=\"elementor-element elementor-element-99696b3 elementor-widget elementor-widget-wolmart_widget_button\" data-id=\"99696b3\" data-element_type=\"widget\" data-settings=\"{&quot;_animation&quot;:&quot;none&quot;,&quot;_animation_delay&quot;:800}\" data-widget_type=\"wolmart_widget_button.default\">\n\t\t\t\t<div class=\"elementor-widget-container\">\n\t\t\t\t\t<a class=\"btn btn-ellipse btn-white btn-infinite btn-icon-right btn-slide-left\" href=\"https:\/\/as-schwabe.de\/eng\/product-category-2\/camping-caravan\/\" >To the camping programme<i class=\"w-icon-angle-right\"><\/i><\/a>\t\t\t\t<\/div>\n\t\t\t\t<\/div>\n\t\t\t\t\t<\/div>\n\t\t\t\t<\/div>\n\t\t\t\t<\/div>","protected":false},"excerpt":{"rendered":"<p>Cam\u00adping\u00adur\u00adlaub mit der rich\u00adti\u00adgen Strom\u00adver\u00adsor\u00adgung Wer seinen Campingurlaub ohne b\u00f6se \u00dcberraschungen verbringen m\u00f6chte, pr\u00fcft vor der Abreise sein Equipment auf Vollst\u00e4ndigkeit und Funktionsf\u00e4higkeit. Nicht zu vernachl\u00e4ssigen ist dabei die Ausstattung rund um die mobile Stromversorgung. Damit Sie nur elektrotechnische Produkte mitnehmen, die Sie auf dem Campingplatz auch verwenden d\u00fcrfen, kl\u00e4ren wir Sie dar\u00fcber auf, was [&hellip;]<\/p>","protected":false},"author":1,"featured_media":0,"parent":3492,"menu_order":0,"comment_status":"closed","ping_status":"closed","template":"","meta":{"inline_featured_image":false,"footnotes":""},"class_list":["post-3592","page","type-page","status-publish","hentry"],"aioseo_notices":[],"_links":{"self":[{"href":"https:\/\/as-schwabe.de\/eng\/wp-json\/wp\/v2\/pages\/3592","targetHints":{"allow":["GET"]}}],"collection":[{"href":"https:\/\/as-schwabe.de\/eng\/wp-json\/wp\/v2\/pages"}],"about":[{"href":"https:\/\/as-schwabe.de\/eng\/wp-json\/wp\/v2\/types\/page"}],"author":[{"embeddable":true,"href":"https:\/\/as-schwabe.de\/eng\/wp-json\/wp\/v2\/users\/1"}],"replies":[{"embeddable":true,"href":"https:\/\/as-schwabe.de\/eng\/wp-json\/wp\/v2\/comments?post=3592"}],"version-history":[{"count":0,"href":"https:\/\/as-schwabe.de\/eng\/wp-json\/wp\/v2\/pages\/3592\/revisions"}],"up":[{"embeddable":true,"href":"https:\/\/as-schwabe.de\/eng\/wp-json\/wp\/v2\/pages\/3492"}],"wp:attachment":[{"href":"https:\/\/as-schwabe.de\/eng\/wp-json\/wp\/v2\/media?parent=3592"}],"curies":[{"name":"wp","href":"https:\/\/api.w.org\/{rel}","templated":true}]}}