{"id":3591,"date":"2024-12-18T17:53:48","date_gmt":"2024-12-18T17:53:48","guid":{"rendered":"https:\/\/as2025.as-schwabe.de\/?page_id=3591"},"modified":"2025-01-12T21:34:44","modified_gmt":"2025-01-12T21:34:44","slug":"prcd","status":"publish","type":"page","link":"https:\/\/as-schwabe.de\/eng\/company\/information\/prcd\/","title":{"rendered":"PRCD"},"content":{"rendered":"<div data-elementor-type=\"wp-page\" data-elementor-id=\"3591\" class=\"elementor elementor-3591\" data-elementor-post-type=\"page\">\n\t\t\t\t\t\t<div class=\"elementor-element elementor-element-c891001 e-flex e-con-boxed e-con e-parent\" data-id=\"c891001\" data-element_type=\"container\">\r\n\t\t\t\t\t<div class=\"e-con-inner\">\r\n\t\t\t\t\t<div class=\"elementor-element elementor-element-1fa29f1 elementor-widget elementor-widget-heading\" data-id=\"1fa29f1\" data-element_type=\"widget\" data-widget_type=\"heading.default\">\n\t\t\t\t\t<h1 class=\"elementor-heading-title elementor-size-default\">PRCD and PRCD-S<\/h1>\t\t\t\t<\/div>\n\t\t\t\t\t<\/div>\n\t\t\t\t<\/div>\n\t\t\t\t<div class=\"elementor-element elementor-element-3e44154 e-flex e-con-boxed e-con e-parent\" data-id=\"3e44154\" data-element_type=\"container\">\r\n\t\t\t\t\t<div class=\"e-con-inner\">\r\n\t\t\t\t\t<div class=\"elementor-element elementor-element-3b63172 elementor-widget elementor-widget-heading\" data-id=\"3b63172\" data-element_type=\"widget\" data-widget_type=\"heading.default\">\n\t\t\t\t\t<h2 class=\"elementor-heading-title elementor-size-default\">Personal protection to protect against electrical accidents<\/h2>\t\t\t\t<\/div>\n\t\t\t\t\t<\/div>\n\t\t\t\t<\/div>\n\t\t\t\t<div class=\"elementor-element elementor-element-c2b6ab0 e-flex e-con-boxed e-con e-parent\" data-id=\"c2b6ab0\" data-element_type=\"container\">\r\n\t\t\t\t\t<div class=\"e-con-inner\">\r\n\t\t\t\t\t<div class=\"elementor-element elementor-element-b38957a elementor-widget elementor-widget-spacer\" data-id=\"b38957a\" data-element_type=\"widget\" data-widget_type=\"spacer.default\">\n\t\t\t\t\t\t\t<div class=\"elementor-spacer\">\n\t\t\t<div class=\"elementor-spacer-inner\"><\/div>\n\t\t<\/div>\n\t\t\t\t\t\t<\/div>\n\t\t\t\t\t<\/div>\n\t\t\t\t<\/div>\n\t\t\t\t<div class=\"elementor-element elementor-element-1ede41a e-flex e-con-boxed e-con e-parent\" data-id=\"1ede41a\" data-element_type=\"container\">\r\n\t\t\t\t\t<div class=\"e-con-inner\">\r\n\t\t\t\t\t<div class=\"elementor-element elementor-element-4ee481d elementor-widget elementor-widget-image\" data-id=\"4ee481d\" data-element_type=\"widget\" data-widget_type=\"image.default\">\n\t\t\t\t\t\t\t\t\t\t\t\t\t\t\t\t<a href=\"\/eng\/product-category\/personal-protection\/\">\n\t\t\t\t\t\t\t<img fetchpriority=\"high\" decoding=\"async\" width=\"1920\" height=\"721\" src=\"https:\/\/as-schwabe.de\/wp-content\/uploads\/2024\/12\/Info_Header_PRCD_S.jpg\" class=\"attachment-full size-full wp-image-3746\" alt=\"\" srcset=\"https:\/\/as-schwabe.de\/wp-content\/uploads\/2024\/12\/Info_Header_PRCD_S.jpg 1920w, https:\/\/as-schwabe.de\/wp-content\/uploads\/2024\/12\/Info_Header_PRCD_S-600x225.jpg 600w, https:\/\/as-schwabe.de\/wp-content\/uploads\/2024\/12\/Info_Header_PRCD_S-1024x385.jpg 1024w, https:\/\/as-schwabe.de\/wp-content\/uploads\/2024\/12\/Info_Header_PRCD_S-768x288.jpg 768w, https:\/\/as-schwabe.de\/wp-content\/uploads\/2024\/12\/Info_Header_PRCD_S-1536x577.jpg 1536w\" sizes=\"(max-width: 1920px) 100vw, 1920px\" \/>\t\t\t\t\t\t\t\t<\/a>\n\t\t\t\t\t\t\t\t\t\t\t\t\t\t\t<\/div>\n\t\t\t\t\t<\/div>\n\t\t\t\t<\/div>\n\t\t\t\t<div class=\"elementor-element elementor-element-1f2e692 e-flex e-con-boxed e-con e-parent\" data-id=\"1f2e692\" data-element_type=\"container\">\r\n\t\t\t\t\t<div class=\"e-con-inner\">\r\n\t\t\t\t\t<div class=\"elementor-element elementor-element-eb9b80f elementor-widget elementor-widget-spacer\" data-id=\"eb9b80f\" data-element_type=\"widget\" data-widget_type=\"spacer.default\">\n\t\t\t\t\t\t\t<div class=\"elementor-spacer\">\n\t\t\t<div class=\"elementor-spacer-inner\"><\/div>\n\t\t<\/div>\n\t\t\t\t\t\t<\/div>\n\t\t\t\t\t<\/div>\n\t\t\t\t<\/div>\n\t\t\t\t<div class=\"elementor-element elementor-element-4aba414 e-flex e-con-boxed e-con e-parent\" data-id=\"4aba414\" data-element_type=\"container\">\r\n\t\t\t\t\t<div class=\"e-con-inner\">\r\n\t\t\t\t\t<div class=\"elementor-element elementor-element-c9a7390 elementor-widget elementor-widget-heading\" data-id=\"c9a7390\" data-element_type=\"widget\" data-widget_type=\"heading.default\">\n\t\t\t\t\t<h2 class=\"elementor-heading-title elementor-size-default\">What is a PRCD-S?<\/h2>\t\t\t\t<\/div>\n\t\t\t\t\t<\/div>\n\t\t\t\t<\/div>\n\t\t\t\t<div class=\"elementor-element elementor-element-dd5622a e-flex e-con-boxed e-con e-parent\" data-id=\"dd5622a\" data-element_type=\"container\">\r\n\t\t\t\t\t<div class=\"e-con-inner\">\r\n\t\t\t\t\t<div class=\"elementor-element elementor-element-b6e0e25 elementor-widget elementor-widget-spacer\" data-id=\"b6e0e25\" data-element_type=\"widget\" data-widget_type=\"spacer.default\">\n\t\t\t\t\t\t\t<div class=\"elementor-spacer\">\n\t\t\t<div class=\"elementor-spacer-inner\"><\/div>\n\t\t<\/div>\n\t\t\t\t\t\t<\/div>\n\t\t\t\t\t<\/div>\n\t\t\t\t<\/div>\n\t\t\t\t<div class=\"elementor-element elementor-element-014df31 e-flex e-con-boxed e-con e-parent\" data-id=\"014df31\" data-element_type=\"container\">\r\n\t\t\t\t\t<div class=\"e-con-inner\">\r\n\t\t\t\t\t<div class=\"elementor-element elementor-element-41d74b6 elementor-widget elementor-widget-text-editor\" data-id=\"41d74b6\" data-element_type=\"widget\" data-widget_type=\"text-editor.default\">\n\t\t\t\t\t\t\t\t\t<p>Portable residual current devices with protective conductor detection or protective conductor monitoring are known as PRCD-S (Portable Residual Current Device-Safety). They are used to protect people from electrical accidents and are connected like an extension cable between an electrical load, e.g. a power tool, and a socket outlet.<\/p>\t\t\t\t\t\t\t\t<\/div>\n\t\t\t\t\t<\/div>\n\t\t\t\t<\/div>\n\t\t\t\t<div class=\"elementor-element elementor-element-7a9f217 e-flex e-con-boxed e-con e-parent\" data-id=\"7a9f217\" data-element_type=\"container\">\r\n\t\t\t\t\t<div class=\"e-con-inner\">\r\n\t\t\t\t\t<div class=\"elementor-element elementor-element-3223719 elementor-widget elementor-widget-spacer\" data-id=\"3223719\" data-element_type=\"widget\" data-widget_type=\"spacer.default\">\n\t\t\t\t\t\t\t<div class=\"elementor-spacer\">\n\t\t\t<div class=\"elementor-spacer-inner\"><\/div>\n\t\t<\/div>\n\t\t\t\t\t\t<\/div>\n\t\t\t\t\t<\/div>\n\t\t\t\t<\/div>\n\t\t\t\t<div class=\"elementor-element elementor-element-30210d4 e-flex e-con-boxed e-con e-parent\" data-id=\"30210d4\" data-element_type=\"container\">\r\n\t\t\t\t\t<div class=\"e-con-inner\">\r\n\t\t\t\t\t<div class=\"elementor-element elementor-element-41b54fa elementor-widget elementor-widget-heading\" data-id=\"41b54fa\" data-element_type=\"widget\" data-widget_type=\"heading.default\">\n\t\t\t\t\t<h2 class=\"elementor-heading-title elementor-size-default\">How does a PRCD-S work?<\/h2>\t\t\t\t<\/div>\n\t\t\t\t\t<\/div>\n\t\t\t\t<\/div>\n\t\t\t\t<div class=\"elementor-element elementor-element-c244cc6 e-flex e-con-boxed e-con e-parent\" data-id=\"c244cc6\" data-element_type=\"container\">\r\n\t\t\t\t\t<div class=\"e-con-inner\">\r\n\t\t\t\t\t<div class=\"elementor-element elementor-element-5be60a5 elementor-widget elementor-widget-spacer\" data-id=\"5be60a5\" data-element_type=\"widget\" data-widget_type=\"spacer.default\">\n\t\t\t\t\t\t\t<div class=\"elementor-spacer\">\n\t\t\t<div class=\"elementor-spacer-inner\"><\/div>\n\t\t<\/div>\n\t\t\t\t\t\t<\/div>\n\t\t\t\t\t<\/div>\n\t\t\t\t<\/div>\n\t\t\t\t<div class=\"elementor-element elementor-element-09f6aaf e-flex e-con-boxed e-con e-parent\" data-id=\"09f6aaf\" data-element_type=\"container\">\r\n\t\t\t\t\t<div class=\"e-con-inner\">\r\n\t\t\t\t\t<div class=\"elementor-element elementor-element-91690f6 elementor-widget elementor-widget-text-editor\" data-id=\"91690f6\" data-element_type=\"widget\" data-widget_type=\"text-editor.default\">\n\t\t\t\t\t\t\t\t\t<div id=\"c837\" class=\"frame frame-default frame-type-text frame-layout-0\"><p>When attempting to switch on the PRCD-S, the wiring of the supply line is checked. The PRCD-S can only be switched on if the wiring is faultless. Only then can the connected appliance be switched on. With this function, the PRCD-S prevents accidents caused by faulty electrical installations, such as a missing protective earth conductor. Such faults can usually only be recognised by closer inspection and are therefore particularly dangerous.<\/p><\/div><div id=\"c838\" class=\"frame frame-default frame-type-themeasschwabe_fluidcols1 frame-layout-0\"><div class=\"row fluid-1-cols\"><div class=\"col-xs-12\"><div class=\"wow fadeIn\"><div id=\"c839\" class=\"frame frame-default frame-type-text frame-layout-0\"><p>A PRCD-S only offers this protection if it is switched on without gloves, i.e. with direct skin contact, as a measurement of the earth potential through the user's body is carried out during the switch-on process.<\/p><p>During operation of the electrical consumer unit, the PRCD-S assumes the function of a residual current circuit breaker and thus protects the user against dangerous currents that can be caused by defective electrical equipment.<\/p><p>The PRCD-S also has an undervoltage release. This prevents devices, such as cut-off grinders, from switching back on automatically after a power failure as soon as power is available again.<\/p><\/div><\/div><\/div><\/div><\/div>\t\t\t\t\t\t\t\t<\/div>\n\t\t\t\t\t<\/div>\n\t\t\t\t<\/div>\n\t\t\t\t<div class=\"elementor-element elementor-element-085146a e-flex e-con-boxed e-con e-parent\" data-id=\"085146a\" data-element_type=\"container\">\r\n\t\t\t\t\t<div class=\"e-con-inner\">\r\n\t\t\t\t\t<div class=\"elementor-element elementor-element-975bf0e elementor-widget elementor-widget-spacer\" data-id=\"975bf0e\" data-element_type=\"widget\" data-widget_type=\"spacer.default\">\n\t\t\t\t\t\t\t<div class=\"elementor-spacer\">\n\t\t\t<div class=\"elementor-spacer-inner\"><\/div>\n\t\t<\/div>\n\t\t\t\t\t\t<\/div>\n\t\t\t\t\t<\/div>\n\t\t\t\t<\/div>\n\t\t\t\t<div class=\"elementor-element elementor-element-6f3446e e-flex e-con-boxed e-con e-parent\" data-id=\"6f3446e\" data-element_type=\"container\">\r\n\t\t\t\t\t<div class=\"e-con-inner\">\r\n\t\t\t\t\t<div class=\"elementor-element elementor-element-b338317 elementor-widget elementor-widget-heading\" data-id=\"b338317\" data-element_type=\"widget\" data-widget_type=\"heading.default\">\n\t\t\t\t\t<h2 class=\"elementor-heading-title elementor-size-default\">What is the difference between a PRCD and a PRCD-S?<\/h2>\t\t\t\t<\/div>\n\t\t\t\t\t<\/div>\n\t\t\t\t<\/div>\n\t\t\t\t<div class=\"elementor-element elementor-element-4704ba4 e-flex e-con-boxed e-con e-parent\" data-id=\"4704ba4\" data-element_type=\"container\">\r\n\t\t\t\t\t<div class=\"e-con-inner\">\r\n\t\t\t\t\t<div class=\"elementor-element elementor-element-c882db1 elementor-widget elementor-widget-spacer\" data-id=\"c882db1\" data-element_type=\"widget\" data-widget_type=\"spacer.default\">\n\t\t\t\t\t\t\t<div class=\"elementor-spacer\">\n\t\t\t<div class=\"elementor-spacer-inner\"><\/div>\n\t\t<\/div>\n\t\t\t\t\t\t<\/div>\n\t\t\t\t\t<\/div>\n\t\t\t\t<\/div>\n\t\t\t\t<div class=\"elementor-element elementor-element-bc2cad4 e-flex e-con-boxed e-con e-parent\" data-id=\"bc2cad4\" data-element_type=\"container\">\r\n\t\t\t\t\t<div class=\"e-con-inner\">\r\n\t\t\t\t\t<div class=\"elementor-element elementor-element-78d1cc2 elementor-widget elementor-widget-text-editor\" data-id=\"78d1cc2\" data-element_type=\"widget\" data-widget_type=\"text-editor.default\">\n\t\t\t\t\t\t\t\t\t<div id=\"c837\" class=\"frame frame-default frame-type-text frame-layout-0\"><p><strong>PRCD<\/strong><br \/>The PRCD is a portable personal protection switch with an electronic residual current release and undervoltage release.<\/p><ul><li>It recognises residual currents that occur, for example, when a faulty electrical appliance is touched and interrupts the current so quickly that life-threatening accidents can be prevented.<\/li><li>It also has an undervoltage release that switches off in the event of a mains voltage failure to prevent secondary accidents.<br \/>\u00a0<\/li><\/ul><p><strong>PRCD-S<\/strong><br \/>The PRCD-S is an all-pole switching, portable residual current device with electronic residual current evaluation, designed as an intermediate cord device.<br \/>Additional functions compared to the PRCD:<\/p><ul><li>Check the socket outlet to ensure that phase L, neutral conductor N and protective conductor PE are present, correctly connected and not reversed.<\/li><li>Only allows power to be drawn from a safe socket.<\/li><li>Checks the protective conductor when switching on.<\/li><li>Monitors the protective conductor during operation.<\/li><li>Cannot be switched on if a fault is detected.<\/li><li>Switches off automatically as soon as a fault occurs (e.g. protective conductor breakage).<\/li><li>Does not switch off if external voltage is applied to the protective conductor, e.g. by drilling into an external cable. As the PRCD-S does not switch off in this case, the upstream protective device may respond and interrupt the circuit.<\/li><\/ul><p>The employers' liability insurance associations recommend protective distribution boards and portable protective devices with protective conductor monitoring (PRCD-S) as a supply point on small construction sites!<\/p><\/div>\t\t\t\t\t\t\t\t<\/div>\n\t\t\t\t\t<\/div>\n\t\t\t\t<\/div>\n\t\t\t\t<div class=\"elementor-element elementor-element-d03b392 e-flex e-con-boxed e-con e-parent\" data-id=\"d03b392\" data-element_type=\"container\">\r\n\t\t\t\t\t<div class=\"e-con-inner\">\r\n\t\t\t\t\t<div class=\"elementor-element elementor-element-628f051 elementor-widget elementor-widget-spacer\" data-id=\"628f051\" data-element_type=\"widget\" data-widget_type=\"spacer.default\">\n\t\t\t\t\t\t\t<div class=\"elementor-spacer\">\n\t\t\t<div class=\"elementor-spacer-inner\"><\/div>\n\t\t<\/div>\n\t\t\t\t\t\t<\/div>\n\t\t\t\t\t<\/div>\n\t\t\t\t<\/div>\n\t\t\t\t<div class=\"elementor-element elementor-element-d86d413 e-flex e-con-boxed e-con e-parent\" data-id=\"d86d413\" data-element_type=\"container\">\r\n\t\t\t\t\t<div class=\"e-con-inner\">\r\n\t\t\t\t\t<div class=\"elementor-element elementor-element-a245c4b elementor-widget elementor-widget-heading\" data-id=\"a245c4b\" data-element_type=\"widget\" data-widget_type=\"heading.default\">\n\t\t\t\t\t<h2 class=\"elementor-heading-title elementor-size-default\">Why do we strongly recommend using it?<\/h2>\t\t\t\t<\/div>\n\t\t\t\t\t<\/div>\n\t\t\t\t<\/div>\n\t\t\t\t<div class=\"elementor-element elementor-element-42c4aca e-flex e-con-boxed e-con e-parent\" data-id=\"42c4aca\" data-element_type=\"container\">\r\n\t\t\t\t\t<div class=\"e-con-inner\">\r\n\t\t\t\t\t<div class=\"elementor-element elementor-element-50dbc34 elementor-widget elementor-widget-spacer\" data-id=\"50dbc34\" data-element_type=\"widget\" data-widget_type=\"spacer.default\">\n\t\t\t\t\t\t\t<div class=\"elementor-spacer\">\n\t\t\t<div class=\"elementor-spacer-inner\"><\/div>\n\t\t<\/div>\n\t\t\t\t\t\t<\/div>\n\t\t\t\t\t<\/div>\n\t\t\t\t<\/div>\n\t\t\t\t<div class=\"elementor-element elementor-element-80106d3 e-flex e-con-boxed e-con e-parent\" data-id=\"80106d3\" data-element_type=\"container\">\r\n\t\t\t\t\t<div class=\"e-con-inner\">\r\n\t\t\t\t\t<div class=\"elementor-element elementor-element-7632557 elementor-widget elementor-widget-text-editor\" data-id=\"7632557\" data-element_type=\"widget\" data-widget_type=\"text-editor.default\">\n\t\t\t\t\t\t\t\t\t<div id=\"c837\" class=\"frame frame-default frame-type-text frame-layout-0\"><div id=\"c842\" class=\"frame frame-default frame-type-themeasschwabe_fluidcols1 frame-layout-0\"><div class=\"row fluid-1-cols\"><div class=\"col-xs-12\"><div class=\"wow fadeIn\"><div id=\"c844\" class=\"frame frame-default frame-type-text frame-layout-0\"><p>The Institute for Research into Electrical Accidents (BG ETEM) counted more than 3800 electrical accidents in 2018. Many of these can be avoided by using a PRCD-S. In order to increase safety, especially on construction sites, the BG BAU has therefore drawn up an accident prevention regulation which states that:<\/p><blockquote><p>\"A company must ensure that the electrical systems and equipment may only be operated in accordance with the electrotechnical regulations and that any defects identified must be rectified immediately. If there is an urgent danger, the defective equipment must not be used.\"<\/p><\/blockquote><\/div><\/div><\/div><\/div><\/div><div id=\"c845\" class=\"frame frame-default frame-type-text frame-layout-0 frame-space-after-medium\"><p>To comply with this regulation, use cables with built-in PRCD-S on the construction site! Companies and employees are therefore on the safe side, investing directly in health and saving money in the long term.<\/p><\/div><\/div>\t\t\t\t\t\t\t\t<\/div>\n\t\t\t\t\t<\/div>\n\t\t\t\t<\/div>\n\t\t\t\t<div class=\"elementor-element elementor-element-e7f3111 e-flex e-con-boxed e-con e-parent\" data-id=\"e7f3111\" data-element_type=\"container\">\r\n\t\t\t\t\t<div class=\"e-con-inner\">\r\n\t\t\t\t\t<div class=\"elementor-element elementor-element-7554611 elementor-widget elementor-widget-spacer\" data-id=\"7554611\" data-element_type=\"widget\" data-widget_type=\"spacer.default\">\n\t\t\t\t\t\t\t<div class=\"elementor-spacer\">\n\t\t\t<div class=\"elementor-spacer-inner\"><\/div>\n\t\t<\/div>\n\t\t\t\t\t\t<\/div>\n\t\t\t\t\t<\/div>\n\t\t\t\t<\/div>\n\t\t\t\t<div class=\"elementor-element elementor-element-f197cdf e-flex e-con-boxed e-con e-parent\" data-id=\"f197cdf\" data-element_type=\"container\">\r\n\t\t\t\t\t<div class=\"e-con-inner\">\r\n\t\t\t\t\t<div class=\"elementor-element elementor-element-409b939 elementor-widget elementor-widget-heading\" data-id=\"409b939\" data-element_type=\"widget\" data-widget_type=\"heading.default\">\n\t\t\t\t\t<h2 class=\"elementor-heading-title elementor-size-default\">Protecting health and safety in the workplace with PRCD-S<\/h2>\t\t\t\t<\/div>\n\t\t\t\t\t<\/div>\n\t\t\t\t<\/div>\n\t\t\t\t<div class=\"elementor-element elementor-element-50ece38 e-flex e-con-boxed e-con e-parent\" data-id=\"50ece38\" data-element_type=\"container\">\r\n\t\t\t\t\t<div class=\"e-con-inner\">\r\n\t\t\t\t\t<div class=\"elementor-element elementor-element-77c47fb elementor-widget elementor-widget-spacer\" data-id=\"77c47fb\" data-element_type=\"widget\" data-widget_type=\"spacer.default\">\n\t\t\t\t\t\t\t<div class=\"elementor-spacer\">\n\t\t\t<div class=\"elementor-spacer-inner\"><\/div>\n\t\t<\/div>\n\t\t\t\t\t\t<\/div>\n\t\t\t\t\t<\/div>\n\t\t\t\t<\/div>\n\t\t\t\t<div class=\"elementor-element elementor-element-cd24ab5 e-flex e-con-boxed e-con e-parent\" data-id=\"cd24ab5\" data-element_type=\"container\">\r\n\t\t\t\t\t<div class=\"e-con-inner\">\r\n\t\t\t\t\t<div class=\"elementor-element elementor-element-b77016b elementor-widget elementor-widget-text-editor\" data-id=\"b77016b\" data-element_type=\"widget\" data-widget_type=\"text-editor.default\">\n\t\t\t\t\t\t\t\t\t<div class=\"quote-text\"><div class=\"quote-text\"><div class=\"quote-text\"><p><strong><span style=\"font-size: 18px;\">\"According to BG BAU, for every euro invested in prevention, two euros are saved!\"<\/span><\/strong><\/p><\/div><div class=\"quote-author\"><p>(BG Bau aktuell magazine 3\/2019)<\/p><\/div><\/div><\/div>\t\t\t\t\t\t\t\t<\/div>\n\t\t\t\t\t<\/div>\n\t\t\t\t<\/div>\n\t\t\t\t<div class=\"elementor-element elementor-element-ff51334 e-flex e-con-boxed e-con e-parent\" data-id=\"ff51334\" data-element_type=\"container\">\r\n\t\t\t\t\t<div class=\"e-con-inner\">\r\n\t\t\t\t\t<div class=\"elementor-element elementor-element-410c24c elementor-widget elementor-widget-spacer\" data-id=\"410c24c\" data-element_type=\"widget\" data-widget_type=\"spacer.default\">\n\t\t\t\t\t\t\t<div class=\"elementor-spacer\">\n\t\t\t<div class=\"elementor-spacer-inner\"><\/div>\n\t\t<\/div>\n\t\t\t\t\t\t<\/div>\n\t\t\t\t\t<\/div>\n\t\t\t\t<\/div>\n\t\t\t\t<div class=\"elementor-element elementor-element-fbd6017 e-con-full e-flex e-con e-parent\" data-id=\"fbd6017\" data-element_type=\"container\">\r\n\t\t\t\t<div class=\"elementor-element elementor-element-0dc3c9e elementor-widget elementor-widget-text-editor\" data-id=\"0dc3c9e\" data-element_type=\"widget\" data-widget_type=\"text-editor.default\">\n\t\t\t\t\t\t\t\t\t<div class=\"col-md-6 col-sm-6 col-xs-12\"><div class=\"wow fadeIn\"><div id=\"c848\" class=\"frame frame-default frame-type-text frame-layout-0\"><p>BG BAU is the statutory accident insurance organisation for the construction industry and construction-related services in Germany. It has been promoting investment in occupational safety through various premiums for years.<\/p><p>In order to reduce the immense number of electrical accidents in the construction industry, the use of personal protection circuit breakers, PRCD-S for short, is rewarded. When purchasing a product with PRCD-S protection, the BG BAU reimburses its members 50 % of the acquisition costs per measure up to a maximum of EUR 50 as long as subsidies are available. (Status 2019)\u00a0<\/p><\/div><\/div><\/div><div>\u00a0<\/div><div class=\"col-md-6 col-sm-6 col-xs-12 last-col\"><div class=\"wow fadeIn\"><div id=\"c850\" class=\"frame frame-default frame-type-text frame-layout-0\"><p>The following impacts on a company can be avoided through preventive occupational health and safety measures:<\/p><ul><li>Costs due to loss of working hours in the event of death or absence<\/li><li>Negative impact on the order situation due to lack of capacity and possible legal consequences<\/li><li>Costly search for replacement staff and their time-consuming training as skilled workers<\/li><li>recurring absences or long-term illnesses of employees with work-related illnesses<\/li><li>Loss of employee performance due to work-related illnesses<\/li><\/ul><\/div><\/div><\/div>\t\t\t\t\t\t\t\t<\/div>\n\t\t\t\t<div class=\"elementor-element elementor-element-4baf556 elementor-widget elementor-widget-wolmart_widget_button\" data-id=\"4baf556\" data-element_type=\"widget\" data-settings=\"{&quot;_animation&quot;:&quot;none&quot;,&quot;_animation_delay&quot;:800}\" data-widget_type=\"wolmart_widget_button.default\">\n\t\t\t\t<div class=\"elementor-widget-container\">\n\t\t\t\t\t<a class=\"btn btn-ellipse btn-white btn-infinite btn-icon-right btn-slide-left\" href=\"https:\/\/tiny.pl\/fmqdj8hx\" >More information on BG Bau funding<i class=\"w-icon-angle-right\"><\/i><\/a>\t\t\t\t<\/div>\n\t\t\t\t<\/div>\n\t\t\t\t<\/div>\n\t\t\t\t<\/div>","protected":false},"excerpt":{"rendered":"<p>PRCD und PRCD-S Per\u00adso\u00adnen\u00adschutz zum Schutz vor Elek\u00adtroun\u00adf\u00e4l\u00adlen Was ist ein PRCD-S? Als PRCD-S (Portable Residual Current Device-Safety) werden ortsver\u00e4nderliche Fehlerstromschutzeinrichtungen mit Schutzleitererkennung bzw. Schutzleiter\u00fcberwachung bezeichnet. Sie dienen dem Schutz von Personen vor Elektrounf\u00e4llen und werden wie ein Verl\u00e4ngerungskabel zwischen einen elektrischen Verbraucher, z. B. ein Elektrowerkzeug, und einer Steckdose angeschlossen. Wie funktioniert ein PRCD-S? [&hellip;]<\/p>","protected":false},"author":1,"featured_media":0,"parent":3492,"menu_order":0,"comment_status":"closed","ping_status":"closed","template":"","meta":{"inline_featured_image":false,"footnotes":""},"class_list":["post-3591","page","type-page","status-publish","hentry"],"aioseo_notices":[],"_links":{"self":[{"href":"https:\/\/as-schwabe.de\/eng\/wp-json\/wp\/v2\/pages\/3591","targetHints":{"allow":["GET"]}}],"collection":[{"href":"https:\/\/as-schwabe.de\/eng\/wp-json\/wp\/v2\/pages"}],"about":[{"href":"https:\/\/as-schwabe.de\/eng\/wp-json\/wp\/v2\/types\/page"}],"author":[{"embeddable":true,"href":"https:\/\/as-schwabe.de\/eng\/wp-json\/wp\/v2\/users\/1"}],"replies":[{"embeddable":true,"href":"https:\/\/as-schwabe.de\/eng\/wp-json\/wp\/v2\/comments?post=3591"}],"version-history":[{"count":0,"href":"https:\/\/as-schwabe.de\/eng\/wp-json\/wp\/v2\/pages\/3591\/revisions"}],"up":[{"embeddable":true,"href":"https:\/\/as-schwabe.de\/eng\/wp-json\/wp\/v2\/pages\/3492"}],"wp:attachment":[{"href":"https:\/\/as-schwabe.de\/eng\/wp-json\/wp\/v2\/media?parent=3591"}],"curies":[{"name":"wp","href":"https:\/\/api.w.org\/{rel}","templated":true}]}}