{"id":3530,"date":"2024-12-18T16:08:59","date_gmt":"2024-12-18T16:08:59","guid":{"rendered":"https:\/\/as2025.as-schwabe.de\/?page_id=3530"},"modified":"2025-01-21T12:37:24","modified_gmt":"2025-01-21T12:37:24","slug":"customisation","status":"publish","type":"page","link":"https:\/\/as-schwabe.de\/eng\/service\/customisation\/","title":{"rendered":"Special production"},"content":{"rendered":"<div data-elementor-type=\"wp-page\" data-elementor-id=\"3530\" class=\"elementor elementor-3530\" data-elementor-post-type=\"page\">\n\t\t\t\t\t\t<div class=\"elementor-element elementor-element-3c67b1a e-con-full e-flex e-con e-parent\" data-id=\"3c67b1a\" data-element_type=\"container\">\r\n\t\t\t\t<div class=\"elementor-element elementor-element-739b3ab elementor-widget elementor-widget-text-editor\" data-id=\"739b3ab\" data-element_type=\"widget\" data-widget_type=\"text-editor.default\">\n\t\t\t\t\t\t\t\t\t<div id=\"c1168\" class=\"frame frame-default frame-type-image frame-layout-0\">\n    <div class=\"ce-image ce-left ce-above\">\n        <div class=\"ce-gallery\" data-ce-columns=\"1\" data-ce-images=\"1\">\n            <div class=\"ce-row\">\n                <div class=\"ce-column\">\n                    <figure class=\"image\">\n                        <img fetchpriority=\"high\" decoding=\"async\" class=\"alignnone size-full wp-image-5938\" src=\"https:\/\/as-schwabe.de\/wp-content\/uploads\/2024\/12\/Image_Sonderanfertigung_2020_schmal-scaled.jpg\" alt=\"\" width=\"2560\" height=\"987\" srcset=\"https:\/\/as-schwabe.de\/wp-content\/uploads\/2024\/12\/Image_Sonderanfertigung_2020_schmal-scaled.jpg 2560w, https:\/\/as-schwabe.de\/wp-content\/uploads\/2024\/12\/Image_Sonderanfertigung_2020_schmal-scaled-600x231.jpg 600w, https:\/\/as-schwabe.de\/wp-content\/uploads\/2024\/12\/Image_Sonderanfertigung_2020_schmal-1024x395.jpg 1024w, https:\/\/as-schwabe.de\/wp-content\/uploads\/2024\/12\/Image_Sonderanfertigung_2020_schmal-768x296.jpg 768w, https:\/\/as-schwabe.de\/wp-content\/uploads\/2024\/12\/Image_Sonderanfertigung_2020_schmal-1536x592.jpg 1536w, https:\/\/as-schwabe.de\/wp-content\/uploads\/2024\/12\/Image_Sonderanfertigung_2020_schmal-2048x789.jpg 2048w\" sizes=\"(max-width: 2560px) 100vw, 2560px\" \/>\n                    <\/figure>\n                <\/div>\n            <\/div>\n        <\/div>\n    <\/div>\n<\/div>\n<div id=\"c533\" class=\"frame frame-default frame-type-text frame-layout-0 frame-space-after-medium\">\n    <header>\n        <h2><strong>Customised products for trade and industry<\/strong><\/h2>\n    <\/header>\n    <p>\n        We are able to respond quickly and flexibly to your individual wishes, <strong>Customised solutions<\/strong> and <strong>Customised products<\/strong> to realise. For all questions relating to customised products,\n        customisation and <strong>Production<\/strong> our team is always on hand to help you. Our production is <strong>ISO 9001 certified<\/strong>. We would be happy to work with you to develop a professional solution. Get in touch with us.\n    <\/p>\n    <p><strong>We manufacture for you:<\/strong><\/p>\n    <ul>\n        <li>Standard Mains cable and appliance connection cables<\/li>\n        <li>Country-specific cable variants<\/li>\n        <li>Special plug cables<\/li>\n        <li>Solutions with PRCD and PRCD-S<\/li>\n        <li>Various individual strain relief and grommet solutions on the device side<\/li>\n        <li>Cables with connector systems and crimp contacts according to your specifications<\/li>\n        <li>We produce in our own production facilities according to your drawings<\/li>\n    <\/ul>\n<\/div>\n\t\t\t\t\t\t\t\t<\/div>\n\t\t\t\t<\/div>\n\t\t\t\t<\/div>","protected":false},"excerpt":{"rendered":"<p>Sonderanfertigung f\u00fcr Gewerbe und Industrie Wir sind in der Lage schnell und flexibel auf Ihre individuellen W\u00fcnsche einzugehen, Sonderl\u00f6sungen zu erarbeiten und Spezialanfertigungen umzusetzen. F\u00fcr alle Fragen rund um das Thema Spezialanfertigung, Konfektionierung und Produktion steht Ihnen unser Team jederzeit hilfreich zur Seite. Unsere Fertigung ist nach ISO 9001 zertifiziert. Gerne erarbeiten wir in Zusammenarbeit [&hellip;]<\/p>","protected":false},"author":1,"featured_media":0,"parent":3511,"menu_order":0,"comment_status":"closed","ping_status":"closed","template":"","meta":{"inline_featured_image":false,"footnotes":""},"class_list":["post-3530","page","type-page","status-publish","hentry"],"aioseo_notices":[],"_links":{"self":[{"href":"https:\/\/as-schwabe.de\/eng\/wp-json\/wp\/v2\/pages\/3530","targetHints":{"allow":["GET"]}}],"collection":[{"href":"https:\/\/as-schwabe.de\/eng\/wp-json\/wp\/v2\/pages"}],"about":[{"href":"https:\/\/as-schwabe.de\/eng\/wp-json\/wp\/v2\/types\/page"}],"author":[{"embeddable":true,"href":"https:\/\/as-schwabe.de\/eng\/wp-json\/wp\/v2\/users\/1"}],"replies":[{"embeddable":true,"href":"https:\/\/as-schwabe.de\/eng\/wp-json\/wp\/v2\/comments?post=3530"}],"version-history":[{"count":0,"href":"https:\/\/as-schwabe.de\/eng\/wp-json\/wp\/v2\/pages\/3530\/revisions"}],"up":[{"embeddable":true,"href":"https:\/\/as-schwabe.de\/eng\/wp-json\/wp\/v2\/pages\/3511"}],"wp:attachment":[{"href":"https:\/\/as-schwabe.de\/eng\/wp-json\/wp\/v2\/media?parent=3530"}],"curies":[{"name":"wp","href":"https:\/\/api.w.org\/{rel}","templated":true}]}}