{"id":13170,"date":"2025-09-25T07:26:40","date_gmt":"2025-09-25T07:26:40","guid":{"rendered":"https:\/\/as-schwabe.de\/?page_id=13170"},"modified":"2025-09-27T01:27:03","modified_gmt":"2025-09-27T01:27:03","slug":"produkty-2","status":"publish","type":"page","link":"https:\/\/as-schwabe.de\/eng\/produkty-2\/","title":{"rendered":"Products"},"content":{"rendered":"<div data-elementor-type=\"wp-page\" data-elementor-id=\"13170\" class=\"elementor elementor-13170\" data-elementor-post-type=\"page\">\n\t\t\t\t\t\t<div class=\"elementor-element elementor-element-6e3837f e-con-full e-flex e-con e-child\" data-id=\"6e3837f\" data-element_type=\"container\">\r\n\t\t\t\t<div class=\"elementor-element elementor-element-cc8c174 elementor-widget elementor-widget-heading\" data-id=\"cc8c174\" data-element_type=\"widget\" data-widget_type=\"heading.default\">\n\t\t\t\t\t<h1 class=\"elementor-heading-title elementor-size-default\">Producty<\/h1>\t\t\t\t<\/div>\n\t\t\t\t<div class=\"elementor-element elementor-element-f37d6aa elementor-widget elementor-widget-heading\" data-id=\"f37d6aa\" data-element_type=\"widget\" data-widget_type=\"heading.default\">\n\t\t\t\t\t<h2 class=\"elementor-heading-title elementor-size-default\"><h2 style=\"line-height: 1.5;letter-spacing: 1.26px;text-transform: none\">Wszystko, czego potrzebujesz, w jednym miejscu<span style=\"letter-spacing: 1.26px\"><\/span><\/h2><\/h2>\t\t\t\t<\/div>\n\t\t\t\t<div class=\"elementor-element elementor-element-181e6df elementor-widget elementor-widget-text-editor\" data-id=\"181e6df\" data-element_type=\"widget\" data-widget_type=\"text-editor.default\">\n\t\t\t\t\t\t\t\t\t<p>Nasza oferta obejmuje b\u0119bny kablowe, przed\u0142u\u017cacze, listwy zasilaj\u0105ce, osprz\u0119t CEE do campingu, reflektory LED, lampy robocze, kr\u0105\u017cki kablowe, o\u015bwietlenie, systemy pneumatyczne, programy ochrony osobistej i wiele wi\u0119cej. Energia to nasza pasja. Jako producent i dystrybutor jeste\u015bmy w stanie sprosta\u0107 ka\u017cdemu \u017cyczeniu klienta.<\/p>\t\t\t\t\t\t\t\t<\/div>\n\t\t\t\t<\/div>\n\t\t\t\t<div class=\"elementor-element elementor-element-5f23160 e-flex e-con-boxed e-con e-parent\" data-id=\"5f23160\" data-element_type=\"container\">\r\n\t\t\t\t\t<div class=\"e-con-inner\">\r\n\t\t\t\t\t<div class=\"elementor-element elementor-element-ea82da8 elementor-widget elementor-widget-wolmart_widget_categories\" data-id=\"ea82da8\" data-element_type=\"widget\" data-widget_type=\"wolmart_widget_categories.default\">\n\t\t\t\t<div class=\"elementor-widget-container\">\n\t\t\t\t\t<div class=\"woocommerce columns-3\"><\/div>\t\t\t\t<\/div>\n\t\t\t\t<\/div>\n\t\t\t\t\t<\/div>\n\t\t\t\t<\/div>\n\t\t\t\t<\/div>","protected":false},"excerpt":{"rendered":"<p>Pro\u00adduk\u00adty Wszystko, czego potrzebujesz, w jednym miejscu Nasza oferta obejmuje b\u0119bny kablowe, przed\u0142u\u017cacze, listwy zasilaj\u0105ce, osprz\u0119t CEE do campingu, reflektory LED, lampy robocze, kr\u0105\u017cki kablowe, o\u015bwietlenie, systemy pneumatyczne, programy ochrony osobistej i wiele wi\u0119cej. Energia to nasza pasja. Jako producent i dystrybutor jeste\u015bmy w stanie sprosta\u0107 ka\u017cdemu \u017cyczeniu klienta. Przed\u0142u\u017cacze b\u0119bnowe Produkty z zakresu elektrycznej [&hellip;]<\/p>","protected":false},"author":1,"featured_media":0,"parent":0,"menu_order":0,"comment_status":"closed","ping_status":"closed","template":"","meta":{"inline_featured_image":false,"footnotes":""},"class_list":["post-13170","page","type-page","status-publish","hentry"],"aioseo_notices":[],"_links":{"self":[{"href":"https:\/\/as-schwabe.de\/eng\/wp-json\/wp\/v2\/pages\/13170","targetHints":{"allow":["GET"]}}],"collection":[{"href":"https:\/\/as-schwabe.de\/eng\/wp-json\/wp\/v2\/pages"}],"about":[{"href":"https:\/\/as-schwabe.de\/eng\/wp-json\/wp\/v2\/types\/page"}],"author":[{"embeddable":true,"href":"https:\/\/as-schwabe.de\/eng\/wp-json\/wp\/v2\/users\/1"}],"replies":[{"embeddable":true,"href":"https:\/\/as-schwabe.de\/eng\/wp-json\/wp\/v2\/comments?post=13170"}],"version-history":[{"count":0,"href":"https:\/\/as-schwabe.de\/eng\/wp-json\/wp\/v2\/pages\/13170\/revisions"}],"wp:attachment":[{"href":"https:\/\/as-schwabe.de\/eng\/wp-json\/wp\/v2\/media?parent=13170"}],"curies":[{"name":"wp","href":"https:\/\/api.w.org\/{rel}","templated":true}]}}