{"id":13162,"date":"2025-07-30T11:21:55","date_gmt":"2025-07-30T11:21:55","guid":{"rendered":"https:\/\/as-schwabe.de\/?page_id=13162"},"modified":"2025-07-30T11:26:53","modified_gmt":"2025-07-30T11:26:53","slug":"denmark","status":"publish","type":"page","link":"https:\/\/as-schwabe.de\/eng\/service\/international\/denmark\/","title":{"rendered":"Denmark"},"content":{"rendered":"<div data-elementor-type=\"wp-page\" data-elementor-id=\"13162\" class=\"elementor elementor-13162\" data-elementor-post-type=\"page\">\n\t\t\t\t\t\t<div class=\"elementor-element elementor-element-f598a81 e-flex e-con-boxed e-con e-parent\" data-id=\"f598a81\" data-element_type=\"container\">\r\n\t\t\t\t\t<div class=\"e-con-inner\">\r\n\t\t\t\t\t<div class=\"elementor-element elementor-element-a8dcc7b elementor-widget elementor-widget-image\" data-id=\"a8dcc7b\" data-element_type=\"widget\" data-widget_type=\"image.default\">\n\t\t\t\t\t\t\t\t\t\t\t\t\t\t\t<img fetchpriority=\"high\" decoding=\"async\" width=\"1024\" height=\"384\" src=\"https:\/\/as-schwabe.de\/wp-content\/uploads\/2025\/07\/as-schwabe-drohnen-luftbilder360-de-001-2-1-1024x384.jpg\" class=\"attachment-large size-large wp-image-13639\" alt=\"\" srcset=\"https:\/\/as-schwabe.de\/wp-content\/uploads\/2025\/07\/as-schwabe-drohnen-luftbilder360-de-001-2-1-1024x384.jpg 1024w, https:\/\/as-schwabe.de\/wp-content\/uploads\/2025\/07\/as-schwabe-drohnen-luftbilder360-de-001-2-1-scaled-600x225.jpg 600w, https:\/\/as-schwabe.de\/wp-content\/uploads\/2025\/07\/as-schwabe-drohnen-luftbilder360-de-001-2-1-768x288.jpg 768w\" sizes=\"(max-width: 1024px) 100vw, 1024px\" \/>\t\t\t\t\t\t\t\t\t\t\t\t\t\t\t<\/div>\n\t\t\t\t<div class=\"elementor-element elementor-element-fdfd199 elementor-widget elementor-widget-text-editor\" data-id=\"fdfd199\" data-element_type=\"widget\" data-widget_type=\"text-editor.default\">\n\t\t\t\t\t\t\t\t\t<div id=\"c701\" class=\"frame frame-default frame-type-header frame-layout-0\"><header><div class=\"elementor-element elementor-element-151ad8a elementor-widget elementor-widget-text-editor\" data-id=\"151ad8a\" data-element_type=\"widget\" data-widget_type=\"text-editor.default\"><h2 class=\"blue\">as - Swabian<\/h2><\/div><div class=\"elementor-element elementor-element-8031eb2 elementor-widget elementor-widget-text-editor\" data-id=\"8031eb2\" data-element_type=\"widget\" data-widget_type=\"text-editor.default\"><h3>Elmateriale og belysning pro til professionelle<\/h3><\/div><div class=\"elementor-element elementor-element-3be14b6 elementor-widget elementor-widget-text-editor\" data-id=\"3be14b6\" data-element_type=\"widget\" data-widget_type=\"text-editor.default\"><p>as \u2013 Schwabe GmbH har i mere end 40 \u00e5r produceret og solgt elmateriale og belysning i overensstemmelse med tysk kvalitet. Vores produktserier er specielt tilpasset de h\u00f8je krav fra professionelle kunder og forhandles gennem kvalificerede fagforhandlere.<\/p><\/div><\/header><\/div><div id=\"c1163\" class=\"frame frame-default frame-type-image frame-layout-0\"><div class=\"ce-column\"><span style=\"font-family: 'Helvetica Neue LT Pro';\">Produktomr\u00e5der<\/span><\/div><\/div><div id=\"c1223\" class=\"frame frame-default frame-type-text frame-layout-0\"><div class=\"elementor-element elementor-element-78955e2 elementor-widget elementor-widget-text-editor\" data-id=\"78955e2\" data-element_type=\"widget\" data-widget_type=\"text-editor.default\"><p>Vores sortiment d\u00e6kker alle behov for mobil str\u00f8mforsyning i b\u00e5de enkelt- og trefasesystemer \u2013 f.eks. p\u00e5 byggepladser, i erhverv, industrien, v\u00e6rksteder osv. Det inkluderer kabeltromler, forl\u00e6ngerledninger, adaptere, byggepladsfordelere og CEE-stikforbindelser.<br \/>Inden for belysning tilbyder vi praktiske l\u00f8sninger, der sikrer sikkert arbejde p\u00e5 alle tidspunkter og steder: transportable LED-projekt\u00f8rer, stativer, arealbelysning, lommelygter m.m.<br \/>En produktserie med 230 V CEE-stik er desuden specielt designet til at sikre korrekt og sikker mobil str\u00f8mtilslutning inden for camping- og caravan-segmentet.Derudover tilbyder vi ogs\u00e5 produkter til hus og have.<\/p><\/div><\/div>\t\t\t\t\t\t\t\t<\/div>\n\t\t\t\t\t<\/div>\n\t\t\t\t<\/div>\n\t\t\t\t<div class=\"elementor-element elementor-element-1b082e3 e-flex e-con-boxed e-con e-parent\" data-id=\"1b082e3\" data-element_type=\"container\">\r\n\t\t\t\t\t<div class=\"e-con-inner\">\r\n\t\t\t\t\t<div class=\"elementor-element elementor-element-c2f5801 e-con-full e-flex e-con e-child\" data-id=\"c2f5801\" data-element_type=\"container\">\r\n\t\t\t\t<div class=\"elementor-element elementor-element-a7be6f3 elementor-widget elementor-widget-text-editor\" data-id=\"a7be6f3\" data-element_type=\"widget\" data-widget_type=\"text-editor.default\">\n\t\t\t\t\t\t\t\t\t<p style=\"text-align: center;\"><span style=\"font-family: 'Helvetica Neue LT Pro';\"><strong><span style=\"font-size: 14pt;\">Vores produktsortiment<\/span><\/strong><\/span><\/p><p><a  class=\"_3d-flip-book fb3d-activate-thumbnail fb3d-link-lightbox-mode\" data-id=\"13643\" data-mode=\"link-lightbox\" data-title=\"false\" data-template=\"short-white-book-view\" data-lightbox=\"dark-shadow\" data-urlparam=\"fb3d-page\" data-page-n=\"0\" data-pdf=\"\" data-tax=\"null\" data-thumbnail=\"\" data-cols=\"3\" data-book-template=\"default\" data-trigger=\"D\u00e4nemark\"><\/a><script type=\"text\/javascript\">window.FB3D_CLIENT_DATA = window.FB3D_CLIENT_DATA || [];FB3D_CLIENT_DATA.push('eyJwb3N0cyI6eyIxMzY0MyI6eyJJRCI6MTM2NDMsInRpdGxlIjoiYXMgLSBTY2h3YWJlIEthdGFsb2cgMjAyNSB8IEVsdGVrbmlrICYgQmVseXNuaW4iLCJ0eXBlIjoicGRmIiwicmVhZHlfZnVuY3Rpb24iOiIiLCJib29rX3N0eWxlIjoiZmxhdCIsImJvb2tfdGVtcGxhdGUiOiJub25lIiwib3V0bGluZSI6W10sImRhdGEiOnsicG9zdF9JRCI6IjEzNjQ0IiwiZ3VpZCI6Imh0dHBzOlwvXC9hcy1zY2h3YWJlLmRlXC93cC1jb250ZW50XC91cGxvYWRzXC8yMDI1XC8wN1wvS2F0YWxvZy1ESy0yMDI1X2RrLnBkZiIsInBkZl9wYWdlcyI6IjEyIiwicGFnZXNfY3VzdG9taXphdGlvbiI6Im5vbmUifSwidGh1bWJuYWlsIjp7ImRhdGEiOnsicG9zdF9JRCI6IjAifSwidHlwZSI6ImF1dG8ifSwicHJvcHMiOnsiYmFja2dyb3VuZENvbG9yIjoiYXV0byIsImJhY2tncm91bmRJbWFnZSI6ImF1dG8iLCJiYWNrZ3JvdW5kU3R5bGUiOiJhdXRvIiwiaGlnaGxpZ2h0TGlua3MiOiJhdXRvIiwibGlnaHRpbmciOiJhdXRvIiwic2luZ2xlUGFnZU1vZGUiOiJhdXRvIiwiY2FjaGVkUGFnZXMiOiJhdXRvIiwicmVuZGVySW5hY3RpdmVQYWdlcyI6ImF1dG8iLCJyZW5kZXJJbmFjdGl2ZVBhZ2VzT25Nb2JpbGUiOiJhdXRvIiwicmVuZGVyV2hpbGVGbGlwcGluZyI6ImF1dG8iLCJwcmVsb2FkUGFnZXMiOiJhdXRvIiwiYXV0b1BsYXlEdXJhdGlvbiI6ImF1dG8iLCJydGwiOiJhdXRvIiwiaW50ZXJhY3RpdmVDb3JuZXJzIjoiYXV0byIsIm1heERlcHRoIjoiYXV0byIsInNoZWV0Ijp7InN0YXJ0VmVsb2NpdHkiOiJhdXRvIiwid2F2ZSI6ImF1dG8iLCJzaGFwZSI6ImF1dG8iLCJ3aWR0aFRleGVscyI6ImF1dG8iLCJjb2xvciI6ImF1dG8iLCJzaWRlIjoiYXV0byIsInN0cmV0Y2hJbWFnZXMiOiJhdXRvIiwiY29ybmVyRGV2aWF0aW9uIjoiYXV0byIsImZsZXhpYmlsaXR5IjoiYXV0byIsImZsZXhpYmxlQ29ybmVyIjoiYXV0byIsImJlbmRpbmciOiJhdXRvIiwiaGVpZ2h0VGV4ZWxzIjoiYXV0byJ9LCJjb3ZlciI6eyJ3YXZlIjoiYXV0byIsImNvbG9yIjoiYXV0byIsInNpZGUiOiJhdXRvIiwic3RyZXRjaEltYWdlcyI6ImF1dG8iLCJiaW5kZXJUZXh0dXJlIjoiYXV0byIsImRlcHRoIjoiYXV0byIsInBhZGRpbmciOiJhdXRvIiwic3RhcnRWZWxvY2l0eSI6ImF1dG8iLCJmbGV4aWJpbGl0eSI6ImF1dG8iLCJmbGV4aWJsZUNvcm5lciI6ImF1dG8iLCJiZW5kaW5nIjoiYXV0byIsIndpZHRoVGV4ZWxzIjoiYXV0byIsImhlaWdodFRleGVscyI6ImF1dG8iLCJtYXNzIjoiYXV0byIsInNoYXBlIjoiYXV0byJ9LCJwYWdlIjp7IndhdmUiOiJhdXRvIiwiY29sb3IiOiJhdXRvIiwic2lkZSI6ImF1dG8iLCJzdHJldGNoSW1hZ2VzIjoiYXV0byIsImRlcHRoIjoiYXV0byIsInN0YXJ0VmVsb2NpdHkiOiJhdXRvIiwiZmxleGliaWxpdHkiOiJhdXRvIiwiZmxleGlibGVDb3JuZXIiOiJhdXRvIiwiYmVuZGluZyI6ImF1dG8iLCJ3aWR0aFRleGVscyI6ImF1dG8iLCJoZWlnaHRUZXhlbHMiOiJhdXRvIiwibWFzcyI6ImF1dG8iLCJzaGFwZSI6ImF1dG8ifSwiaGVpZ2h0IjoiYXV0byIsIndpZHRoIjoiYXV0byIsImdyYXZpdHkiOiJhdXRvIiwicGFnZXNGb3JQcmVkaWN0aW5nIjoiYXV0byJ9LCJjb250cm9sUHJvcHMiOnsiYWN0aW9ucyI6eyJjbWRUb2MiOnsiZW5hYmxlZCI6ImF1dG8iLCJlbmFibGVkSW5OYXJyb3ciOiJhdXRvIiwiYWN0aXZlIjoiYXV0byIsImRlZmF1bHRUYWIiOiJhdXRvIn0sImNtZEF1dG9QbGF5Ijp7ImVuYWJsZWQiOiJhdXRvIiwiZW5hYmxlZEluTmFycm93IjoiYXV0byIsImFjdGl2ZSI6ImF1dG8ifSwiY21kU2F2ZSI6eyJlbmFibGVkIjoiYXV0byIsImVuYWJsZWRJbk5hcnJvdyI6ImF1dG8ifSwiY21kUHJpbnQiOnsiZW5hYmxlZCI6ImF1dG8iLCJlbmFibGVkSW5OYXJyb3ciOiJhdXRvIn0sImNtZFNpbmdsZVBhZ2UiOnsiZW5hYmxlZCI6ImF1dG8iLCJlbmFibGVkSW5OYXJyb3ciOiJhdXRvIiwiYWN0aXZlIjoiYXV0byIsImFjdGl2ZUZvck1vYmlsZSI6ImF1dG8ifSwid2lkVG9vbGJhciI6eyJlbmFibGVkIjoiYXV0byIsImVuYWJsZWRJbk5hcnJvdyI6ImF1dG8ifX19LCJhdXRvVGh1bWJuYWlsIjoiaHR0cHM6XC9cL2FzLXNjaHdhYmUuZGVcL3dwLWNvbnRlbnRcL3VwbG9hZHNcLzNkLWZsaXAtYm9va1wvYXV0by10aHVtYm5haWxzXC8xMzY0My5wbmciLCJwb3N0X25hbWUiOiJkYWVuZW1hcmsta2F0YWxvZy0yMDI1IiwicG9zdF90eXBlIjoiM2QtZmxpcC1ib29rIn19LCJwYWdlcyI6W10sImZpcnN0UGFnZXMiOltdfQ==');window.FB3D_CLIENT_LOCALE && FB3D_CLIENT_LOCALE.render && FB3D_CLIENT_LOCALE.render();<\/script><\/p>\t\t\t\t\t\t\t\t<\/div>\n\t\t\t\t<div class=\"elementor-element elementor-element-a33a12f elementor-widget elementor-widget-text-editor\" data-id=\"a33a12f\" data-element_type=\"widget\" data-widget_type=\"text-editor.default\">\n\t\t\t\t\t\t\t\t\t<p><img decoding=\"async\" class=\"alignnone size-medium wp-image-13640 aligncenter\" src=\"https:\/\/as-schwabe.de\/wp-content\/uploads\/2025\/07\/titelbild-212x300.jpg\" alt=\"\" width=\"212\" height=\"300\" \/><\/p>\t\t\t\t\t\t\t\t<\/div>\n\t\t\t\t<div class=\"elementor-element elementor-element-a6b9cf8 elementor-widget elementor-widget-wolmart_widget_button\" data-id=\"a6b9cf8\" data-element_type=\"widget\" data-settings=\"{&quot;_animation&quot;:&quot;none&quot;,&quot;_animation_delay&quot;:800}\" data-widget_type=\"wolmart_widget_button.default\">\n\t\t\t\t<div class=\"elementor-widget-container\">\n\t\t\t\t\t<a class=\"btn btn-ellipse btn-white btn-infinite btn-icon-right btn-slide-left\" href=\"https:\/\/as-schwabe.de\/wp-content\/uploads\/2025\/07\/Katalog-DK-2025_dk.pdf\" >download<i class=\"w-icon-angle-right\"><\/i><\/a>\t\t\t\t<\/div>\n\t\t\t\t<\/div>\n\t\t\t\t<div class=\"elementor-element elementor-element-8eaf3f1 elementor-widget elementor-widget-wolmart_widget_button\" data-id=\"8eaf3f1\" data-element_type=\"widget\" data-settings=\"{&quot;_animation&quot;:&quot;none&quot;,&quot;_animation_delay&quot;:800}\" data-widget_type=\"wolmart_widget_button.default\">\n\t\t\t\t<div class=\"elementor-widget-container\">\n\t\t\t\t\t<a class=\"btn btn-ellipse btn-white D\u00e4nemark btn-infinite btn-icon-right btn-slide-left\" href=\"#\" >Scroll<i class=\"w-icon-angle-right\"><\/i><\/a>\t\t\t\t<\/div>\n\t\t\t\t<\/div>\n\t\t\t\t<\/div>\n\t\t\t\t<div class=\"elementor-element elementor-element-1b56e26 e-con-full e-flex e-con e-child\" data-id=\"1b56e26\" data-element_type=\"container\">\r\n\t\t\t\t<\/div>\n\t\t\t\t<div class=\"elementor-element elementor-element-b2080b6 e-con-full e-flex e-con e-child\" data-id=\"b2080b6\" data-element_type=\"container\">\r\n\t\t\t\t<\/div>\n\t\t\t\t\t<\/div>\n\t\t\t\t<\/div>\n\t\t\t\t<div class=\"elementor-element elementor-element-071d6c0 e-flex e-con-boxed e-con e-parent\" data-id=\"071d6c0\" data-element_type=\"container\">\r\n\t\t\t\t\t<div class=\"e-con-inner\">\r\n\t\t\t\t\t\t<\/div>\n\t\t\t\t<\/div>\n\t\t\t\t<div class=\"elementor-element elementor-element-022db07 e-flex e-con-boxed e-con e-parent\" data-id=\"022db07\" data-element_type=\"container\">\r\n\t\t\t\t\t<div class=\"e-con-inner\">\r\n\t\t\t\t\t<div class=\"elementor-element elementor-element-662e2ba elementor-widget-divider--view-line elementor-widget elementor-widget-divider\" data-id=\"662e2ba\" data-element_type=\"widget\" data-widget_type=\"divider.default\">\n\t\t\t\t\t\t\t<div class=\"elementor-divider\">\n\t\t\t<span class=\"elementor-divider-separator\">\n\t\t\t\t\t\t<\/span>\n\t\t<\/div>\n\t\t\t\t\t\t<\/div>\n\t\t\t\t\t<\/div>\n\t\t\t\t<\/div>\n\t\t\t\t<div class=\"elementor-element elementor-element-33c961a e-con-full e-flex e-con e-parent\" data-id=\"33c961a\" data-element_type=\"container\">\r\n\t\t\t\t<div class=\"elementor-element elementor-element-bac7901 elementor-widget__width-initial elementor-widget elementor-widget-text-editor\" data-id=\"bac7901\" data-element_type=\"widget\" data-widget_type=\"text-editor.default\">\n\t\t\t\t\t\t\t\t\t<section id=\"c1225\" class=\"frame\"><div class=\"row fluid-2-cols\" style=\"margin-bottom: 20px;\"><div class=\"col-md-6 col-sm-6 col-xs-12\"><div class=\"wow fadeIn\"><figure class=\"image\" style=\"margin-bottom: 20px;\"><img decoding=\"async\" class=\"aligncenter\" src=\"https:\/\/as-schwabe.de\/wp-content\/uploads\/2024\/12\/csm_CEE_400V_1200x810px-300x216.jpg\" alt=\"CEE 400V socket\" width=\"352\" height=\"253\" \/><\/figure><\/div><\/div><div class=\"col-md-6 col-sm-6 col-xs-12 last-col\"><div class=\"wow fadeIn\"><article><header><h3><span lang=\"EN-US\">Specialfremstilling<\/span><\/h3><p>For at im\u00f8dekomme s\u00e6rlige kunde\u00f8nsker tilbyder vi specialfremstillede l\u00f8sninger. Kontakt os \u2013 vi finder en l\u00f8sning, der passer til dine behov.<\/p><\/header><\/article><\/div><\/div><\/div><\/section><section id=\"c1228\" class=\"frame\"><div class=\"row fluid-2-cols\" style=\"margin-bottom: 20px;\"><div class=\"col-md-6 col-sm-6 col-xs-12\"><div class=\"wow fadeIn\"><figure class=\"image\" style=\"margin-bottom: 20px;\"><img loading=\"lazy\" decoding=\"async\" class=\"aligncenter\" src=\"https:\/\/as-schwabe.de\/wp-content\/uploads\/2024\/12\/csm_Uber_uns_Lager_1200x810-300x203.jpg\" alt=\"Warehouse view\" width=\"360\" height=\"243\" \/><\/figure><\/div><\/div><div class=\"col-md-6 col-sm-6 col-xs-12 last-col\"><div class=\"wow fadeIn\"><article><header><h3><span lang=\"EN-US\">H\u00f8j leveringssikkerhed<\/span><\/h3><\/header><p>Vores nye hovedkontor d\u00e6kker 11.500 m\u00b2 og ligger t\u00e6t p\u00e5 motorvejen. Takket v\u00e6re et stort lager med tusindvis af varer sikrer vi h\u00f8j tilg\u00e6ngelighed samt hurtige og p\u00e5lidelige leveringer.<\/p><\/article><\/div><\/div><\/div><\/section><section id=\"c1232\" class=\"frame\"><div class=\"row fluid-2-cols\"><div class=\"col-md-6 col-sm-6 col-xs-12\"><div class=\"wow fadeIn\"><figure class=\"image\" style=\"margin-bottom: 20px;\"><img loading=\"lazy\" decoding=\"async\" class=\"aligncenter\" src=\"https:\/\/as-schwabe.de\/wp-content\/uploads\/2024\/12\/csm_Power_Team_1_1200x810-300x203.jpg\" alt=\"Power Team 1\" width=\"353\" height=\"239\" \/><\/figure><\/div><\/div><div class=\"col-md-6 col-sm-6 col-xs-12 last-col\"><div class=\"wow fadeIn\"><article><header><h3>Services<\/h3><\/header><p>Eksklusive og unikke produkter, POS-materialer, planl\u00e6gning af hyldeplaceringer, kabelm\u00e6rkning \u2013 alt sammen services, der g\u00f8r det muligt for dig at skille dig ud og tilbyde dine kunder innovative l\u00f8sninger. Vores professionelle team st\u00e5r klar \u2013 kontakt os!\u00a0<\/p><\/article><\/div><\/div><\/div><\/section>\t\t\t\t\t\t\t\t<\/div>\n\t\t\t\t<\/div>\n\t\t\t\t<div class=\"elementor-element elementor-element-c2bf928 e-flex e-con-boxed e-con e-parent\" data-id=\"c2bf928\" data-element_type=\"container\">\r\n\t\t\t\t\t<div class=\"e-con-inner\">\r\n\t\t\t\t\t<div class=\"elementor-element elementor-element-dc1cbd0 elementor-widget-divider--view-line elementor-widget elementor-widget-divider\" data-id=\"dc1cbd0\" data-element_type=\"widget\" data-widget_type=\"divider.default\">\n\t\t\t\t\t\t\t<div class=\"elementor-divider\">\n\t\t\t<span class=\"elementor-divider-separator\">\n\t\t\t\t\t\t<\/span>\n\t\t<\/div>\n\t\t\t\t\t\t<\/div>\n\t\t\t\t\t<\/div>\n\t\t\t\t<\/div>\n\t\t\t\t<div class=\"elementor-element elementor-element-c073348 e-flex e-con-boxed e-con e-parent\" data-id=\"c073348\" data-element_type=\"container\">\r\n\t\t\t\t\t<div class=\"e-con-inner\">\r\n\t\t\t\t\t<div class=\"elementor-element elementor-element-9f1218a elementor-widget__width-initial elementor-widget elementor-widget-text-editor\" data-id=\"9f1218a\" data-element_type=\"widget\" data-widget_type=\"text-editor.default\">\n\t\t\t\t\t\t\t\t\t<div id=\"c1760\" class=\"frame frame-default frame-type-text frame-layout-0\"><header><h2><span lang=\"EN-US\">Skriv til os!<\/span><\/h2><\/header><div class=\"elementor-element elementor-element-011e7be mb-3 elementor-widget elementor-widget-wolmart_widget_heading\" data-id=\"011e7be\" data-element_type=\"widget\" data-widget_type=\"wolmart_widget_heading.default\"><div class=\"elementor-widget-container\"><div class=\"title-wrapper title-left\"><p>Udfyld formularen nedenfor, s\u00e5 kontakter vi dig hurtigst muligt.<br \/>Bem\u00e6rk venligst: Vi leverer udelukkende til forhandlere og ikke direkte til forbrugere.<br \/>*Obligatoriske oplysninger<\/p><\/div><\/div><\/div><\/div><div id=\"c1759\" class=\"frame frame-default frame-type-header frame-layout-0\"><header><h2 class=\"blue\">Deres oplysninger\u00a0<\/h2><\/header><\/div>\t\t\t\t\t\t\t\t<\/div>\n\t\t\t\t\t<\/div>\n\t\t\t\t<\/div>\n\t\t\t\t<div class=\"elementor-element elementor-element-94bafaa e-con-full e-flex e-con e-parent\" data-id=\"94bafaa\" data-element_type=\"container\">\r\n\t\t\t\t<div class=\"elementor-element elementor-element-c20a63e elementor-button-align-stretch elementor-widget elementor-widget-form\" data-id=\"c20a63e\" data-element_type=\"widget\" data-settings=\"{&quot;button_width&quot;:&quot;25&quot;,&quot;step_next_label&quot;:&quot;N\\u00e4chster&quot;,&quot;step_previous_label&quot;:&quot;Voriger&quot;,&quot;step_type&quot;:&quot;number_text&quot;,&quot;step_icon_shape&quot;:&quot;circle&quot;}\" data-no-translation=\"\" data-widget_type=\"form.default\">\n\t\t\t\t\t<style>.elementor-element-c20a63e{display:none !important}<\/style>\t\t\t\t<\/div>\n\t\t\t\t<\/div>\n\t\t\t\t<\/div>","protected":false},"excerpt":{"rendered":"<p>as \u2013 Schwa\u00adbe Elmateriale og belysning pro til professionelle as \u2013 Schwabe GmbH har i mere end 40 \u00e5r produceret og solgt elmateriale og belysning i overensstemmelse med tysk kvalitet. Vores produktserier er specielt tilpasset de h\u00f8je krav fra professionelle kunder og forhandles gennem kvalificerede fagforhandlere. Produktomr\u00e5der Vores sortiment d\u00e6kker alle behov for mobil str\u00f8mforsyning [&hellip;]<\/p>","protected":false},"author":6,"featured_media":0,"parent":3535,"menu_order":0,"comment_status":"closed","ping_status":"closed","template":"","meta":{"inline_featured_image":false,"footnotes":""},"class_list":["post-13162","page","type-page","status-publish","hentry"],"aioseo_notices":[],"_links":{"self":[{"href":"https:\/\/as-schwabe.de\/eng\/wp-json\/wp\/v2\/pages\/13162","targetHints":{"allow":["GET"]}}],"collection":[{"href":"https:\/\/as-schwabe.de\/eng\/wp-json\/wp\/v2\/pages"}],"about":[{"href":"https:\/\/as-schwabe.de\/eng\/wp-json\/wp\/v2\/types\/page"}],"author":[{"embeddable":true,"href":"https:\/\/as-schwabe.de\/eng\/wp-json\/wp\/v2\/users\/6"}],"replies":[{"embeddable":true,"href":"https:\/\/as-schwabe.de\/eng\/wp-json\/wp\/v2\/comments?post=13162"}],"version-history":[{"count":0,"href":"https:\/\/as-schwabe.de\/eng\/wp-json\/wp\/v2\/pages\/13162\/revisions"}],"up":[{"embeddable":true,"href":"https:\/\/as-schwabe.de\/eng\/wp-json\/wp\/v2\/pages\/3535"}],"wp:attachment":[{"href":"https:\/\/as-schwabe.de\/eng\/wp-json\/wp\/v2\/media?parent=13162"}],"curies":[{"name":"wp","href":"https:\/\/api.w.org\/{rel}","templated":true}]}}